{"id":344298,"date":"2020-05-13T17:16:51","date_gmt":"2020-05-13T21:16:51","guid":{"rendered":"https:\/\/www.elkasuspension.com\/support\/documentation-center\/"},"modified":"2021-03-14T22:56:07","modified_gmt":"2021-03-15T02:56:07","slug":"documentation","status":"publish","type":"page","link":"https:\/\/www.elkasuspension.com\/fr\/support\/documentation\/","title":{"rendered":"Centre de documentation"},"content":{"rendered":"<p><div class=\"fusion-fullwidth fullwidth-box fusion-builder-row-1 nonhundred-percent-fullwidth non-hundred-percent-height-scrolling\" style=\"--awb-border-radius-top-left:0px;--awb-border-radius-top-right:0px;--awb-border-radius-bottom-right:0px;--awb-border-radius-bottom-left:0px;--awb-padding-top:50px;--awb-padding-right:50px;--awb-padding-bottom:50px;--awb-padding-left:50px;--awb-flex-wrap:wrap;\" ><div class=\"fusion-builder-row fusion-row\"><div class=\"fusion-layout-column fusion_builder_column fusion-builder-column-0 fusion_builder_column_1_1 1_1 fusion-one-full fusion-column-first fusion-column-last\" style=\"--awb-bg-size:cover;--awb-margin-bottom:0px;\"><div class=\"fusion-column-wrapper fusion-flex-column-wrapper-legacy\"><div class=\"fusion-text fusion-text-1 awb-text-cols fusion-text-columns-2\" style=\"--awb-columns:2;--awb-column-spacing:2em;--awb-column-min-width:100px;\"><p>Le lien ci-dessous va vous amener \u00e0 notre Centre de Documentation qui est un site externe reli\u00e9 \u00e0 nos syst\u00e8mes (disponible en anglais seulement pour l\u2019instant). Naviguez \u00e0 travers les cat\u00e9gories ou faites une recherche afin de localiser les documents recherch\u00e9s. Une fois trouv\u00e9s, vous pouvez consulter les documents en ligne ou les t\u00e9l\u00e9charger en format PDF pour r\u00e9f\u00e9rence ult\u00e9rieure \u00e0 partir des liens au d\u00e9but de chaque document.<\/p>\n<p><em>Veuillez prendre notre que nos documents se sont pas encore tous transf\u00e9r\u00e9s vers ce nouveau syst\u00e8me. Si vous recherchez un document mais n\u2019y arrivez pas, veuillez nous contacter pour obtenir de l\u2019assistance.<\/em><\/p>\n<\/div><div class=\"fusion-clearfix\"><\/div><\/div><\/div><\/div><\/div><div class=\"fusion-fullwidth fullwidth-box fusion-builder-row-2 nonhundred-percent-fullwidth non-hundred-percent-height-scrolling\" style=\"--awb-border-radius-top-left:0px;--awb-border-radius-top-right:0px;--awb-border-radius-bottom-right:0px;--awb-border-radius-bottom-left:0px;--awb-padding-top:50px;--awb-padding-right:50px;--awb-padding-bottom:50px;--awb-padding-left:50px;--awb-flex-wrap:wrap;\" ><div class=\"fusion-builder-row fusion-row\"><div class=\"fusion-layout-column fusion_builder_column fusion-builder-column-1 fusion_builder_column_1_1 1_1 fusion-one-full fusion-column-first fusion-column-last\" style=\"--awb-bg-size:cover;--awb-margin-bottom:0px;\"><div class=\"fusion-column-wrapper fusion-flex-column-wrapper-legacy\"><div class=\"fusion-aligncenter\"><a class=\"fusion-button button-flat button-xlarge button-default fusion-button-default button-1 fusion-button-default-span fusion-button-default-type\" target=\"_blank\" rel=\"noopener noreferrer\" href=\"http:\/\/elkasuspension.dozuki.com\/c\/Installation_Procedures\"><span class=\"fusion-button-text\">ALLER AU CENTRE DE DOCUMENTATION<\/span><\/a><\/div><div class=\"fusion-clearfix\"><\/div><\/div><\/div><\/div><\/div><\/p>\n","protected":false},"excerpt":{"rendered":"","protected":false},"author":1,"featured_media":0,"parent":344292,"menu_order":0,"comment_status":"closed","ping_status":"closed","template":"","meta":{"_acf_changed":false,"footnotes":""},"class_list":["post-344298","page","type-page","status-publish","hentry"],"yoast_head":"<!-- This site is optimized with the Yoast SEO Premium plugin v27.2 (Yoast SEO v27.2) - https:\/\/yoast.com\/product\/yoast-seo-premium-wordpress\/ -->\n<title>Centre de documentation &#187; Elka Suspension Inc<\/title>\n<meta name=\"robots\" content=\"index, follow, max-snippet:-1, max-image-preview:large, max-video-preview:-1\" \/>\n<link rel=\"canonical\" href=\"https:\/\/www.elkasuspension.com\/fr\/support\/documentation\/\" \/>\n<meta property=\"og:locale\" content=\"fr_FR\" \/>\n<meta property=\"og:type\" content=\"article\" \/>\n<meta property=\"og:title\" content=\"Centre de documentation\" \/>\n<meta property=\"og:url\" content=\"https:\/\/www.elkasuspension.com\/fr\/support\/documentation\/\" \/>\n<meta property=\"og:site_name\" content=\"Elka Suspension Inc\" \/>\n<meta property=\"article:publisher\" content=\"https:\/\/www.facebook.com\/ElkaSuspension\" \/>\n<meta property=\"article:modified_time\" content=\"2021-03-15T02:56:07+00:00\" \/>\n<meta name=\"twitter:card\" content=\"summary_large_image\" \/>\n<meta name=\"twitter:site\" content=\"@ElkaSuspension\" \/>\n<meta name=\"twitter:label1\" content=\"Est. reading time\" \/>\n\t<meta name=\"twitter:data1\" content=\"2 minutes\" \/>\n<script type=\"application\/ld+json\" class=\"yoast-schema-graph\">{\"@context\":\"https:\/\/schema.org\",\"@graph\":[{\"@type\":\"WebPage\",\"@id\":\"https:\/\/www.elkasuspension.com\/fr\/support\/documentation\/\",\"url\":\"https:\/\/www.elkasuspension.com\/fr\/support\/documentation\/\",\"name\":\"Centre de documentation &#187; Elka Suspension Inc\",\"isPartOf\":{\"@id\":\"https:\/\/www.elkasuspension.com\/fr\/#website\"},\"datePublished\":\"2020-05-13T21:16:51+00:00\",\"dateModified\":\"2021-03-15T02:56:07+00:00\",\"breadcrumb\":{\"@id\":\"https:\/\/www.elkasuspension.com\/fr\/support\/documentation\/#breadcrumb\"},\"inLanguage\":\"fr-FR\",\"potentialAction\":[{\"@type\":\"ReadAction\",\"target\":[\"https:\/\/www.elkasuspension.com\/fr\/support\/documentation\/\"]}]},{\"@type\":\"BreadcrumbList\",\"@id\":\"https:\/\/www.elkasuspension.com\/fr\/support\/documentation\/#breadcrumb\",\"itemListElement\":[{\"@type\":\"ListItem\",\"position\":1,\"name\":\"Home\",\"item\":\"https:\/\/www.elkasuspension.com\/fr\/\"},{\"@type\":\"ListItem\",\"position\":2,\"name\":\"Support\",\"item\":\"https:\/\/www.elkasuspension.com\/fr\/support\/\"},{\"@type\":\"ListItem\",\"position\":3,\"name\":\"Centre de documentation\"}]},{\"@type\":\"WebSite\",\"@id\":\"https:\/\/www.elkasuspension.com\/fr\/#website\",\"url\":\"https:\/\/www.elkasuspension.com\/fr\/\",\"name\":\"Elka Suspension Inc\",\"description\":\"High Performance Aftermarket Shock Absorbers\",\"publisher\":{\"@id\":\"https:\/\/www.elkasuspension.com\/fr\/#organization\"},\"potentialAction\":[{\"@type\":\"SearchAction\",\"target\":{\"@type\":\"EntryPoint\",\"urlTemplate\":\"https:\/\/www.elkasuspension.com\/fr\/?s={search_term_string}\"},\"query-input\":{\"@type\":\"PropertyValueSpecification\",\"valueRequired\":true,\"valueName\":\"search_term_string\"}}],\"inLanguage\":\"fr-FR\"},{\"@type\":\"Organization\",\"@id\":\"https:\/\/www.elkasuspension.com\/fr\/#organization\",\"name\":\"Elka Suspension Inc.\",\"url\":\"https:\/\/www.elkasuspension.com\/fr\/\",\"logo\":{\"@type\":\"ImageObject\",\"inLanguage\":\"fr-FR\",\"@id\":\"https:\/\/www.elkasuspension.com\/fr\/#\/schema\/logo\/image\/\",\"url\":\"https:\/\/www.elkasuspension.com\/wp-content\/uploads\/2021\/02\/ELKA-LOGO-2018_450x99.jpg\",\"contentUrl\":\"https:\/\/www.elkasuspension.com\/wp-content\/uploads\/2021\/02\/ELKA-LOGO-2018_450x99.jpg\",\"width\":450,\"height\":99,\"caption\":\"Elka Suspension Inc.\"},\"image\":{\"@id\":\"https:\/\/www.elkasuspension.com\/fr\/#\/schema\/logo\/image\/\"},\"sameAs\":[\"https:\/\/www.facebook.com\/ElkaSuspension\",\"https:\/\/x.com\/ElkaSuspension\",\"https:\/\/www.instagram.com\/elkasuspension\/\",\"https:\/\/www.youtube.com\/user\/ElkaSuspensionTV\"]}]}<\/script>\n<!-- \/ Yoast SEO Premium plugin. -->","yoast_head_json":{"title":"Centre de documentation &#187; Elka Suspension Inc","robots":{"index":"index","follow":"follow","max-snippet":"max-snippet:-1","max-image-preview":"max-image-preview:large","max-video-preview":"max-video-preview:-1"},"canonical":"https:\/\/www.elkasuspension.com\/fr\/support\/documentation\/","og_locale":"fr_FR","og_type":"article","og_title":"Centre de documentation","og_url":"https:\/\/www.elkasuspension.com\/fr\/support\/documentation\/","og_site_name":"Elka Suspension Inc","article_publisher":"https:\/\/www.facebook.com\/ElkaSuspension","article_modified_time":"2021-03-15T02:56:07+00:00","twitter_card":"summary_large_image","twitter_site":"@ElkaSuspension","twitter_misc":{"Est. reading time":"2 minutes"},"schema":{"@context":"https:\/\/schema.org","@graph":[{"@type":"WebPage","@id":"https:\/\/www.elkasuspension.com\/fr\/support\/documentation\/","url":"https:\/\/www.elkasuspension.com\/fr\/support\/documentation\/","name":"Centre de documentation &#187; Elka Suspension Inc","isPartOf":{"@id":"https:\/\/www.elkasuspension.com\/fr\/#website"},"datePublished":"2020-05-13T21:16:51+00:00","dateModified":"2021-03-15T02:56:07+00:00","breadcrumb":{"@id":"https:\/\/www.elkasuspension.com\/fr\/support\/documentation\/#breadcrumb"},"inLanguage":"fr-FR","potentialAction":[{"@type":"ReadAction","target":["https:\/\/www.elkasuspension.com\/fr\/support\/documentation\/"]}]},{"@type":"BreadcrumbList","@id":"https:\/\/www.elkasuspension.com\/fr\/support\/documentation\/#breadcrumb","itemListElement":[{"@type":"ListItem","position":1,"name":"Home","item":"https:\/\/www.elkasuspension.com\/fr\/"},{"@type":"ListItem","position":2,"name":"Support","item":"https:\/\/www.elkasuspension.com\/fr\/support\/"},{"@type":"ListItem","position":3,"name":"Centre de documentation"}]},{"@type":"WebSite","@id":"https:\/\/www.elkasuspension.com\/fr\/#website","url":"https:\/\/www.elkasuspension.com\/fr\/","name":"Elka Suspension Inc","description":"High Performance Aftermarket Shock Absorbers","publisher":{"@id":"https:\/\/www.elkasuspension.com\/fr\/#organization"},"potentialAction":[{"@type":"SearchAction","target":{"@type":"EntryPoint","urlTemplate":"https:\/\/www.elkasuspension.com\/fr\/?s={search_term_string}"},"query-input":{"@type":"PropertyValueSpecification","valueRequired":true,"valueName":"search_term_string"}}],"inLanguage":"fr-FR"},{"@type":"Organization","@id":"https:\/\/www.elkasuspension.com\/fr\/#organization","name":"Elka Suspension Inc.","url":"https:\/\/www.elkasuspension.com\/fr\/","logo":{"@type":"ImageObject","inLanguage":"fr-FR","@id":"https:\/\/www.elkasuspension.com\/fr\/#\/schema\/logo\/image\/","url":"https:\/\/www.elkasuspension.com\/wp-content\/uploads\/2021\/02\/ELKA-LOGO-2018_450x99.jpg","contentUrl":"https:\/\/www.elkasuspension.com\/wp-content\/uploads\/2021\/02\/ELKA-LOGO-2018_450x99.jpg","width":450,"height":99,"caption":"Elka Suspension Inc."},"image":{"@id":"https:\/\/www.elkasuspension.com\/fr\/#\/schema\/logo\/image\/"},"sameAs":["https:\/\/www.facebook.com\/ElkaSuspension","https:\/\/x.com\/ElkaSuspension","https:\/\/www.instagram.com\/elkasuspension\/","https:\/\/www.youtube.com\/user\/ElkaSuspensionTV"]}]}},"acf":[],"_links":{"self":[{"href":"https:\/\/www.elkasuspension.com\/fr\/wp-json\/wp\/v2\/pages\/344298","targetHints":{"allow":["GET"]}}],"collection":[{"href":"https:\/\/www.elkasuspension.com\/fr\/wp-json\/wp\/v2\/pages"}],"about":[{"href":"https:\/\/www.elkasuspension.com\/fr\/wp-json\/wp\/v2\/types\/page"}],"author":[{"embeddable":true,"href":"https:\/\/www.elkasuspension.com\/fr\/wp-json\/wp\/v2\/users\/1"}],"replies":[{"embeddable":true,"href":"https:\/\/www.elkasuspension.com\/fr\/wp-json\/wp\/v2\/comments?post=344298"}],"version-history":[{"count":7,"href":"https:\/\/www.elkasuspension.com\/fr\/wp-json\/wp\/v2\/pages\/344298\/revisions"}],"predecessor-version":[{"id":7966303480,"href":"https:\/\/www.elkasuspension.com\/fr\/wp-json\/wp\/v2\/pages\/344298\/revisions\/7966303480"}],"up":[{"embeddable":true,"href":"https:\/\/www.elkasuspension.com\/fr\/wp-json\/wp\/v2\/pages\/344292"}],"wp:attachment":[{"href":"https:\/\/www.elkasuspension.com\/fr\/wp-json\/wp\/v2\/media?parent=344298"}],"curies":[{"name":"wp","href":"https:\/\/api.w.org\/{rel}","templated":true}]}}