{"id":7966295824,"date":"2020-08-07T14:38:05","date_gmt":"2020-08-07T18:38:05","guid":{"rendered":"https:\/\/www.elkasuspension.com\/support\/sponsorship\/"},"modified":"2025-09-08T15:48:33","modified_gmt":"2025-09-08T19:48:33","slug":"commandites","status":"publish","type":"page","link":"https:\/\/www.elkasuspension.com\/fr\/support\/commandites\/","title":{"rendered":"Programme de commandite &#8211; 2025\/2026"},"content":{"rendered":"<div class=\"fusion-fullwidth fullwidth-box fusion-builder-row-1 fusion-flex-container nonhundred-percent-fullwidth non-hundred-percent-height-scrolling\" style=\"--awb-border-radius-top-left:0px;--awb-border-radius-top-right:0px;--awb-border-radius-bottom-right:0px;--awb-border-radius-bottom-left:0px;--awb-padding-top:25px;--awb-padding-right:50px;--awb-padding-bottom:25px;--awb-padding-left:50px;--awb-flex-wrap:wrap;\" ><div class=\"fusion-builder-row fusion-row fusion-flex-align-items-flex-start fusion-flex-content-wrap\" style=\"max-width:104%;margin-left: calc(-4% \/ 2 );margin-right: calc(-4% \/ 2 );\"><div class=\"fusion-layout-column fusion_builder_column fusion-builder-column-0 fusion_builder_column_3_4 3_4 fusion-flex-column\" style=\"--awb-bg-size:cover;--awb-width-large:75%;--awb-margin-top-large:0px;--awb-spacing-right-large:2.56%;--awb-margin-bottom-large:20px;--awb-spacing-left-large:2.56%;--awb-width-medium:100%;--awb-order-medium:0;--awb-spacing-right-medium:1.92%;--awb-spacing-left-medium:1.92%;--awb-width-small:100%;--awb-order-small:0;--awb-spacing-right-small:1.92%;--awb-spacing-left-small:1.92%;\"><div class=\"fusion-column-wrapper fusion-column-has-shadow fusion-flex-justify-content-flex-start fusion-content-layout-column\"><div class=\"fusion-text fusion-text-1\"><div class=\"product-lines\">\n<p>Via notre Programme de Commandites, certains pilotes s\u00e9lectionn\u00e9s sont admissibles \u00e0 recevoir:<\/p>\n<ul class=\"checkmark\">\n<li>Des rabais applicables \u00e0 l\u2019achat de produits Elka Suspension<\/li>\n<li>Acc\u00e8s gratuit \u00e0 notre Support Technique de Course<\/li>\n<li>Un acc\u00e8s exclusif \u00e0 des s\u00e9minaires gratuits d\u2019ajustement donn\u00e9s par du personnel qualifi\u00e9 ayant lieu avant les pratiques de certains \u00e9v\u00e9nements s\u00e9lectionn\u00e9s<\/li>\n<li>Exposition internationale et reconnaissance via notre site web, notre page Facebook et notre r\u00e9seau de distribution mondial<\/li>\n<li>Des items promotionnels gratuits<\/li>\n<\/ul>\n<p>En retour, les coureurs s\u00e9lectionn\u00e9s doivent:<\/p>\n<ul class=\"boomerang\">\n<li>Repr\u00e9senter Elka Suspension de fa\u00e7on professionnelle en tous temps<\/li>\n<li>Fournir un rapport d\u2019appr\u00e9ciation technique (sur demande)<\/li>\n<li>Fournir des contenus vari\u00e9s tels que des photos et vid\u00e9os en action, de leur v\u00e9hicule \u00e9quip\u00e9 de nos produits et de leurs installations dans les puits, lesquelles doivent \u00eatre lib\u00e9r\u00e9s de tous droits d\u2019auteur pour un usage promotionnel soit imprim\u00e9 ou partag\u00e9 via les m\u00e9dias sociaux<\/li>\n<li>Apposer les autocollants fournis \u00e0 des endroits visibles sur tous leurs v\u00e9hicules de course, de pratique ainsi que les v\u00e9hicules d\u2019utilit\u00e9 tels que remorque ou motoris\u00e9s qui sont utilis\u00e9s aux courses et dans les puits<\/li>\n<li>Mentionner Elka Suspension en tant que commanditaire \u00e0 toutes les opportunit\u00e9s telles que interviews, podiums, posters, cartes postales et autres items similaires produits pour la promotion de l\u2019athl\u00e8te<\/li>\n<li>Promouvoir les produits Elka Suspension aupr\u00e8s de ses pairs et nous transmettre des r\u00e9f\u00e9rences de clients potentiels<\/li>\n<li>Fournir un rapport final de sa saison, incluant ses r\u00e9sultats de course complets, les probl\u00e8mes rencontr\u00e9s, etc\u2026<\/li>\n<\/ul>\n<\/div>\n<\/div><div class=\"fusion-separator fusion-full-width-sep\" style=\"align-self: center;margin-left: auto;margin-right: auto;margin-top:15px;margin-bottom:30px;width:100%;\"><div class=\"fusion-separator-border sep-single sep-solid\" style=\"--awb-height:20px;--awb-amount:20px;border-color:#3e3e3e;border-top-width:1px;\"><\/div><\/div><div class=\"fusion-text fusion-text-2\"><h2>Application en ligne<\/h2>\n<\/div><div ><a class=\"fusion-button button-flat fusion-button-default-size button-default fusion-button-default button-1 fusion-button-default-span fusion-button-default-type\" style=\"--button_margin-top:25px;--button_margin-right:0px;--button_margin-bottom:25px;--button_margin-left:0px;\" target=\"_self\" href=\"https:\/\/www.elkasuspension.com\/fr\/support\/commandites\/application-2023-commandite\/\"><span class=\"fusion-button-text\">Appliquez Ici<\/span><\/a><\/div><div class=\"fusion-text fusion-text-3\"><p><span style=\"color: var(--h3_typography-color); font-family: var(--h3_typography-font-family); font-size: var(--h3_typography-font-size); font-style: var(--h3_typography-font-style,normal); font-weight: var(--h3_typography-font-weight); letter-spacing: var(--h3_typography-letter-spacing);\">Conditions<\/span><\/p>\n<div class=\"product-lines\">\n<p><em>Un nombre limit\u00e9 d\u2019ouvertures de commandites sont disponibles pour chaque classe dans chaque s\u00e9rie de course. Tous les coureurs ont leur chance \u00e0 ces ouvertures mais seulement les candidat(e)s les plus m\u00e9ritant(e)s seront s\u00e9lectionn\u00e9(e)s.<\/em><\/p>\n<p><em>Nous acceptons les applications jusqu&#8217;au 30 Septembre 2025. Pour augmenter vos chances d\u2019obtenir du support de notre part, n\u2019attendez pas \u00e0 la derni\u00e8re minute pour appliquer si vous \u00eates sinc\u00e8rement engag\u00e9s dans votre carri\u00e8re de coureur.<\/em><\/p>\n<\/div>\n<\/div><\/div><\/div><div class=\"fusion-layout-column fusion_builder_column fusion-builder-column-1 fusion_builder_column_1_4 1_4 fusion-flex-column fusion-flex-align-self-stretch\" style=\"--awb-padding-top:20px;--awb-padding-right:20px;--awb-padding-bottom:20px;--awb-padding-left:20px;--awb-overflow:hidden;--awb-bg-image:linear-gradient(180deg, #757575 0%,#686868 100%);--awb-bg-size:cover;--awb-border-color:#000000;--awb-border-top:2px;--awb-border-right:2px;--awb-border-bottom:2px;--awb-border-left:2px;--awb-border-style:solid;--awb-border-radius:10px 10px 10px 10px;--awb-width-large:25%;--awb-margin-top-large:0px;--awb-spacing-right-large:25px;--awb-margin-bottom-large:0px;--awb-spacing-left-large:25px;--awb-width-medium:100%;--awb-order-medium:0;--awb-spacing-right-medium:1.92%;--awb-spacing-left-medium:1.92%;--awb-width-small:100%;--awb-order-small:0;--awb-spacing-right-small:1.92%;--awb-spacing-left-small:1.92%;\"><div class=\"fusion-column-wrapper fusion-column-has-shadow fusion-flex-justify-content-flex-start fusion-content-layout-column\"><div class=\"fusion-title title fusion-title-1 fusion-sep-none fusion-title-text fusion-title-size-one\"><h1 class=\"fusion-title-heading title-heading-left fusion-responsive-typography-calculated\" style=\"margin:0;--fontSize:48;line-height:1.1;\"><h3 class=\"h3-sidebar\">\u00c0 PROPOS DU PROGRAMME<\/h3><\/h1><\/div><div class=\"fusion-text fusion-text-4\"><p>Nous sommes fiers d\u2019offrir ce programme de commandite pour aider les coureurs \u00e0 se pr\u00e9senter aux courses avec une suspension ad\u00e9quate. Depuis nos d\u00e9buts, l\u2019engagement de notre entreprise envers la course nous a permit de d\u00e9velopper des produits parmi les plus \u00e9volu\u00e9s sur le march\u00e9 qui ont \u00e9t\u00e9 utilis\u00e9s pour gagner plus de courses, de titres et de championnats que toute autre marque d\u2019amortisseurs \u00e0 travers le monde dans nos disciplines.<\/p>\n<p>Nous sommes toujours \u00e0 la recherche de coureurs s\u00e9rieux qui peuvent nous fournir une exposition nationale. Toutefois, il est encore plus important pour nous d\u2019obtenir un compte-rendu sur nos produits et services afin de nous assurer de toujours rencontrer les besoins de nos clients les plus exigeants; vous les coureurs.<\/p>\n<p>Chaque ann\u00e9e, nous fournissons du support \u00e0 des centaines de coureurs m\u00e9ritants et d\u2019\u00e9v\u00e9nements importants \u00e0 travers le globe. Si vous croyez poss\u00e9der ce qu\u2019il faut pour \u00eatre un meneur, vous \u00eates bienvenu \u00e0 appliquer pour notre programme. Tous ne seront pas s\u00e9lectionn\u00e9s mais pour certains, ce petit coup de pouce peut faire la diff\u00e9rence entre manquer un course ou la gagner.<\/p>\n<\/div><\/div><\/div><\/div><\/div>\n","protected":false},"excerpt":{"rendered":"","protected":false},"author":1,"featured_media":0,"parent":344292,"menu_order":0,"comment_status":"closed","ping_status":"closed","template":"","meta":{"_acf_changed":false,"footnotes":""},"class_list":["post-7966295824","page","type-page","status-publish","hentry"],"yoast_head":"<!-- This site is optimized with the Yoast SEO Premium plugin v27.2 (Yoast SEO v27.2) - https:\/\/yoast.com\/product\/yoast-seo-premium-wordpress\/ -->\n<title>Programme de commandite - 2025\/2026 &#187; Elka Suspension Inc<\/title>\n<meta name=\"robots\" content=\"index, follow, max-snippet:-1, max-image-preview:large, max-video-preview:-1\" \/>\n<link rel=\"canonical\" href=\"https:\/\/www.elkasuspension.com\/fr\/support\/commandites\/\" \/>\n<meta property=\"og:locale\" content=\"fr_FR\" \/>\n<meta property=\"og:type\" content=\"article\" \/>\n<meta property=\"og:title\" content=\"Programme de commandite - 2025\/2026\" \/>\n<meta property=\"og:url\" content=\"https:\/\/www.elkasuspension.com\/fr\/support\/commandites\/\" \/>\n<meta property=\"og:site_name\" content=\"Elka Suspension Inc\" \/>\n<meta property=\"article:publisher\" content=\"https:\/\/www.facebook.com\/ElkaSuspension\" \/>\n<meta property=\"article:modified_time\" content=\"2025-09-08T19:48:33+00:00\" \/>\n<meta name=\"twitter:card\" content=\"summary_large_image\" \/>\n<meta name=\"twitter:site\" content=\"@ElkaSuspension\" \/>\n<meta name=\"twitter:label1\" content=\"Est. reading time\" \/>\n\t<meta name=\"twitter:data1\" content=\"5 minutes\" \/>\n<script type=\"application\/ld+json\" class=\"yoast-schema-graph\">{\"@context\":\"https:\/\/schema.org\",\"@graph\":[{\"@type\":\"WebPage\",\"@id\":\"https:\/\/www.elkasuspension.com\/fr\/support\/commandites\/\",\"url\":\"https:\/\/www.elkasuspension.com\/fr\/support\/commandites\/\",\"name\":\"Programme de commandite - 2025\/2026 &#187; Elka Suspension Inc\",\"isPartOf\":{\"@id\":\"https:\/\/www.elkasuspension.com\/fr\/#website\"},\"datePublished\":\"2020-08-07T18:38:05+00:00\",\"dateModified\":\"2025-09-08T19:48:33+00:00\",\"breadcrumb\":{\"@id\":\"https:\/\/www.elkasuspension.com\/fr\/support\/commandites\/#breadcrumb\"},\"inLanguage\":\"fr-FR\",\"potentialAction\":[{\"@type\":\"ReadAction\",\"target\":[\"https:\/\/www.elkasuspension.com\/fr\/support\/commandites\/\"]}]},{\"@type\":\"BreadcrumbList\",\"@id\":\"https:\/\/www.elkasuspension.com\/fr\/support\/commandites\/#breadcrumb\",\"itemListElement\":[{\"@type\":\"ListItem\",\"position\":1,\"name\":\"Home\",\"item\":\"https:\/\/www.elkasuspension.com\/fr\/\"},{\"@type\":\"ListItem\",\"position\":2,\"name\":\"Support\",\"item\":\"https:\/\/www.elkasuspension.com\/fr\/support\/\"},{\"@type\":\"ListItem\",\"position\":3,\"name\":\"Programme de commandite &#8211; 2025\/2026\"}]},{\"@type\":\"WebSite\",\"@id\":\"https:\/\/www.elkasuspension.com\/fr\/#website\",\"url\":\"https:\/\/www.elkasuspension.com\/fr\/\",\"name\":\"Elka Suspension Inc\",\"description\":\"High Performance Aftermarket Shock Absorbers\",\"publisher\":{\"@id\":\"https:\/\/www.elkasuspension.com\/fr\/#organization\"},\"potentialAction\":[{\"@type\":\"SearchAction\",\"target\":{\"@type\":\"EntryPoint\",\"urlTemplate\":\"https:\/\/www.elkasuspension.com\/fr\/?s={search_term_string}\"},\"query-input\":{\"@type\":\"PropertyValueSpecification\",\"valueRequired\":true,\"valueName\":\"search_term_string\"}}],\"inLanguage\":\"fr-FR\"},{\"@type\":\"Organization\",\"@id\":\"https:\/\/www.elkasuspension.com\/fr\/#organization\",\"name\":\"Elka Suspension Inc.\",\"url\":\"https:\/\/www.elkasuspension.com\/fr\/\",\"logo\":{\"@type\":\"ImageObject\",\"inLanguage\":\"fr-FR\",\"@id\":\"https:\/\/www.elkasuspension.com\/fr\/#\/schema\/logo\/image\/\",\"url\":\"https:\/\/www.elkasuspension.com\/wp-content\/uploads\/2021\/02\/ELKA-LOGO-2018_450x99.jpg\",\"contentUrl\":\"https:\/\/www.elkasuspension.com\/wp-content\/uploads\/2021\/02\/ELKA-LOGO-2018_450x99.jpg\",\"width\":450,\"height\":99,\"caption\":\"Elka Suspension Inc.\"},\"image\":{\"@id\":\"https:\/\/www.elkasuspension.com\/fr\/#\/schema\/logo\/image\/\"},\"sameAs\":[\"https:\/\/www.facebook.com\/ElkaSuspension\",\"https:\/\/x.com\/ElkaSuspension\",\"https:\/\/www.instagram.com\/elkasuspension\/\",\"https:\/\/www.youtube.com\/user\/ElkaSuspensionTV\"]}]}<\/script>\n<!-- \/ Yoast SEO Premium plugin. -->","yoast_head_json":{"title":"Programme de commandite - 2025\/2026 &#187; Elka Suspension Inc","robots":{"index":"index","follow":"follow","max-snippet":"max-snippet:-1","max-image-preview":"max-image-preview:large","max-video-preview":"max-video-preview:-1"},"canonical":"https:\/\/www.elkasuspension.com\/fr\/support\/commandites\/","og_locale":"fr_FR","og_type":"article","og_title":"Programme de commandite - 2025\/2026","og_url":"https:\/\/www.elkasuspension.com\/fr\/support\/commandites\/","og_site_name":"Elka Suspension Inc","article_publisher":"https:\/\/www.facebook.com\/ElkaSuspension","article_modified_time":"2025-09-08T19:48:33+00:00","twitter_card":"summary_large_image","twitter_site":"@ElkaSuspension","twitter_misc":{"Est. reading time":"5 minutes"},"schema":{"@context":"https:\/\/schema.org","@graph":[{"@type":"WebPage","@id":"https:\/\/www.elkasuspension.com\/fr\/support\/commandites\/","url":"https:\/\/www.elkasuspension.com\/fr\/support\/commandites\/","name":"Programme de commandite - 2025\/2026 &#187; Elka Suspension Inc","isPartOf":{"@id":"https:\/\/www.elkasuspension.com\/fr\/#website"},"datePublished":"2020-08-07T18:38:05+00:00","dateModified":"2025-09-08T19:48:33+00:00","breadcrumb":{"@id":"https:\/\/www.elkasuspension.com\/fr\/support\/commandites\/#breadcrumb"},"inLanguage":"fr-FR","potentialAction":[{"@type":"ReadAction","target":["https:\/\/www.elkasuspension.com\/fr\/support\/commandites\/"]}]},{"@type":"BreadcrumbList","@id":"https:\/\/www.elkasuspension.com\/fr\/support\/commandites\/#breadcrumb","itemListElement":[{"@type":"ListItem","position":1,"name":"Home","item":"https:\/\/www.elkasuspension.com\/fr\/"},{"@type":"ListItem","position":2,"name":"Support","item":"https:\/\/www.elkasuspension.com\/fr\/support\/"},{"@type":"ListItem","position":3,"name":"Programme de commandite &#8211; 2025\/2026"}]},{"@type":"WebSite","@id":"https:\/\/www.elkasuspension.com\/fr\/#website","url":"https:\/\/www.elkasuspension.com\/fr\/","name":"Elka Suspension Inc","description":"High Performance Aftermarket Shock Absorbers","publisher":{"@id":"https:\/\/www.elkasuspension.com\/fr\/#organization"},"potentialAction":[{"@type":"SearchAction","target":{"@type":"EntryPoint","urlTemplate":"https:\/\/www.elkasuspension.com\/fr\/?s={search_term_string}"},"query-input":{"@type":"PropertyValueSpecification","valueRequired":true,"valueName":"search_term_string"}}],"inLanguage":"fr-FR"},{"@type":"Organization","@id":"https:\/\/www.elkasuspension.com\/fr\/#organization","name":"Elka Suspension Inc.","url":"https:\/\/www.elkasuspension.com\/fr\/","logo":{"@type":"ImageObject","inLanguage":"fr-FR","@id":"https:\/\/www.elkasuspension.com\/fr\/#\/schema\/logo\/image\/","url":"https:\/\/www.elkasuspension.com\/wp-content\/uploads\/2021\/02\/ELKA-LOGO-2018_450x99.jpg","contentUrl":"https:\/\/www.elkasuspension.com\/wp-content\/uploads\/2021\/02\/ELKA-LOGO-2018_450x99.jpg","width":450,"height":99,"caption":"Elka Suspension Inc."},"image":{"@id":"https:\/\/www.elkasuspension.com\/fr\/#\/schema\/logo\/image\/"},"sameAs":["https:\/\/www.facebook.com\/ElkaSuspension","https:\/\/x.com\/ElkaSuspension","https:\/\/www.instagram.com\/elkasuspension\/","https:\/\/www.youtube.com\/user\/ElkaSuspensionTV"]}]}},"acf":[],"_links":{"self":[{"href":"https:\/\/www.elkasuspension.com\/fr\/wp-json\/wp\/v2\/pages\/7966295824","targetHints":{"allow":["GET"]}}],"collection":[{"href":"https:\/\/www.elkasuspension.com\/fr\/wp-json\/wp\/v2\/pages"}],"about":[{"href":"https:\/\/www.elkasuspension.com\/fr\/wp-json\/wp\/v2\/types\/page"}],"author":[{"embeddable":true,"href":"https:\/\/www.elkasuspension.com\/fr\/wp-json\/wp\/v2\/users\/1"}],"replies":[{"embeddable":true,"href":"https:\/\/www.elkasuspension.com\/fr\/wp-json\/wp\/v2\/comments?post=7966295824"}],"version-history":[{"count":18,"href":"https:\/\/www.elkasuspension.com\/fr\/wp-json\/wp\/v2\/pages\/7966295824\/revisions"}],"predecessor-version":[{"id":7966538692,"href":"https:\/\/www.elkasuspension.com\/fr\/wp-json\/wp\/v2\/pages\/7966295824\/revisions\/7966538692"}],"up":[{"embeddable":true,"href":"https:\/\/www.elkasuspension.com\/fr\/wp-json\/wp\/v2\/pages\/344292"}],"wp:attachment":[{"href":"https:\/\/www.elkasuspension.com\/fr\/wp-json\/wp\/v2\/media?parent=7966295824"}],"curies":[{"name":"wp","href":"https:\/\/api.w.org\/{rel}","templated":true}]}}