{"id":7966535390,"date":"2025-08-06T11:21:36","date_gmt":"2025-08-06T15:21:36","guid":{"rendered":"https:\/\/www.elkasuspension.com\/?page_id=7966535390"},"modified":"2025-08-22T14:57:37","modified_gmt":"2025-08-22T18:57:37","slug":"vente-dinventaire","status":"publish","type":"page","link":"https:\/\/www.elkasuspension.com\/fr\/vente-dinventaire\/","title":{"rendered":"Liquidation d\u2019inventaire"},"content":{"rendered":"<div class=\"fusion-fullwidth fullwidth-box fusion-builder-row-1 fusion-flex-container nonhundred-percent-fullwidth non-hundred-percent-height-scrolling\" style=\"--awb-border-radius-top-left:0px;--awb-border-radius-top-right:0px;--awb-border-radius-bottom-right:0px;--awb-border-radius-bottom-left:0px;--awb-margin-top:37px;--awb-flex-wrap:wrap;\" ><div class=\"fusion-builder-row fusion-row fusion-flex-align-items-flex-start fusion-flex-content-wrap\" style=\"max-width:104%;margin-left: calc(-4% \/ 2 );margin-right: calc(-4% \/ 2 );\"><div class=\"fusion-layout-column fusion_builder_column fusion-builder-column-0 fusion_builder_column_1_1 1_1 fusion-flex-column\" style=\"--awb-bg-size:cover;--awb-width-large:100%;--awb-margin-top-large:19px;--awb-spacing-right-large:1.92%;--awb-margin-bottom-large:0px;--awb-spacing-left-large:1.92%;--awb-width-medium:100%;--awb-spacing-right-medium:1.92%;--awb-spacing-left-medium:1.92%;--awb-width-small:100%;--awb-spacing-right-small:1.92%;--awb-spacing-left-small:1.92%;\"><div class=\"fusion-column-wrapper fusion-flex-justify-content-flex-start fusion-content-layout-column\"><div class=\"fusion-text fusion-text-1 fusion-text-no-margin\" style=\"--awb-margin-top:10px;--awb-margin-bottom:25px;\"><h3>Tous les articles de cette section sont neufs, remis \u00e0 neuf ou l\u00e9g\u00e8rement usag\u00e9s et pr\u00eats \u00e0 \u00eatre exp\u00e9di\u00e9s. Veuillez noter que tous les articles achet\u00e9s en solde sont vendus tels quels et ne peuvent faire l&#8217;objet d&#8217;un remboursement. N&#8217;h\u00e9sitez pas \u00e0 nous contacter si vous avez des questions concernant les produits vendus en solde.<\/h3>\n<\/div><div class=\"fusion-woo-product-grid fusion-product-archive fusion-woo-product-grid-1\"><ul class=\"products products-4\"><li class=\"product type-product post-7966537525 status-publish first instock product_cat-vente-inventaire product_tag-can-am-fr product_tag-cote-a-cote-utv product_tag-recreatif product_tag-stage-2-usage sale taxable shipping-taxable purchasable product-type-simple product-grid-view\">\n\t<div class=\"fusion-product-wrapper\">\n<a href=\"https:\/\/www.elkasuspension.com\/fr\/produit\/amortisseurs-arriere-stage-2-usage-pour-can-am-defender-pro-xt-hd10-2021-a-2025\/\" class=\"product-images\" aria-label=\"AMORTISSEURS ARRI\u00c8RE STAGE 2 (USAG\u00c9) pour CAN-AM DEFENDER PRO XT HD10, 2021 \u00e0 2025\">\n<div class=\"fusion-woo-badges-wrapper\">\n\n\t<span class=\"onsale\">Save!<\/span>\n\t<\/div><div class=\"featured-image\">\n\t\t<img decoding=\"async\" width=\"500\" height=\"500\" src=\"https:\/\/www.elkasuspension.com\/wp-content\/uploads\/2021\/03\/web_placeholder-54-500x500.jpg\" class=\"woocommerce-placeholder wp-post-image lazyload\" alt=\"Texte indicatif\" srcset=\"data:image\/svg+xml,%3Csvg%20xmlns%3D%27http%3A%2F%2Fwww.w3.org%2F2000%2Fsvg%27%20width%3D%271200%27%20height%3D%271200%27%20viewBox%3D%270%200%201200%201200%27%3E%3Crect%20width%3D%271200%27%20height%3D%271200%27%20fill-opacity%3D%220%22%2F%3E%3C%2Fsvg%3E\" data-orig-src=\"https:\/\/www.elkasuspension.com\/wp-content\/uploads\/2021\/03\/web_placeholder-54-500x500.jpg\" data-srcset=\"https:\/\/www.elkasuspension.com\/wp-content\/uploads\/2021\/03\/web_placeholder-54-27x27.jpg 27w, https:\/\/www.elkasuspension.com\/wp-content\/uploads\/2021\/03\/web_placeholder-54-60x60.jpg 60w, https:\/\/www.elkasuspension.com\/wp-content\/uploads\/2021\/03\/web_placeholder-54-66x66.jpg 66w, https:\/\/www.elkasuspension.com\/wp-content\/uploads\/2021\/03\/web_placeholder-54-90x90.jpg 90w, https:\/\/www.elkasuspension.com\/wp-content\/uploads\/2021\/03\/web_placeholder-54-100x100.jpg 100w, https:\/\/www.elkasuspension.com\/wp-content\/uploads\/2021\/03\/web_placeholder-54-150x150.jpg 150w, https:\/\/www.elkasuspension.com\/wp-content\/uploads\/2021\/03\/web_placeholder-54-200x200.jpg 200w, https:\/\/www.elkasuspension.com\/wp-content\/uploads\/2021\/03\/web_placeholder-54-300x300.jpg 300w, https:\/\/www.elkasuspension.com\/wp-content\/uploads\/2021\/03\/web_placeholder-54-400x400.jpg 400w, https:\/\/www.elkasuspension.com\/wp-content\/uploads\/2021\/03\/web_placeholder-54-500x500.jpg 500w, https:\/\/www.elkasuspension.com\/wp-content\/uploads\/2021\/03\/web_placeholder-54-600x600.jpg 600w, https:\/\/www.elkasuspension.com\/wp-content\/uploads\/2021\/03\/web_placeholder-54-700x700.jpg 700w, https:\/\/www.elkasuspension.com\/wp-content\/uploads\/2021\/03\/web_placeholder-54-768x768.jpg 768w, https:\/\/www.elkasuspension.com\/wp-content\/uploads\/2021\/03\/web_placeholder-54-800x800.jpg 800w, https:\/\/www.elkasuspension.com\/wp-content\/uploads\/2021\/03\/web_placeholder-54-1024x1024.jpg 1024w, https:\/\/www.elkasuspension.com\/wp-content\/uploads\/2021\/03\/web_placeholder-54.jpg 1200w\" data-sizes=\"auto\" \/>\n\t\t\t\t\t\t<div class=\"cart-loading\"><i class=\"awb-icon-spinner\" aria-hidden=\"true\"><\/i><\/div>\n\t\t\t<\/div>\n<\/a>\n<div class=\"fusion-product-content\">\n\t<div class=\"product-details\">\n\t\t<div class=\"product-details-container\">\n<h3 class=\"product-title\">\n\t<a href=\"https:\/\/www.elkasuspension.com\/fr\/produit\/amortisseurs-arriere-stage-2-usage-pour-can-am-defender-pro-xt-hd10-2021-a-2025\/\">\n\t\tAMORTISSEURS ARRI\u00c8RE STAGE 2 (USAG\u00c9) pour CAN-AM DEFENDER PRO XT HD10, 2021 \u00e0 2025\t<\/a>\n<\/h3>\n<div class=\"fusion-price-rating\">\n\n\t<span class=\"price\"><del aria-hidden=\"true\"><span class=\"woocommerce-Price-amount amount\"><bdi><span class=\"woocommerce-Price-currencySymbol\">&#36;<\/span>900.00<\/bdi><\/span><\/del> <span class=\"screen-reader-text\">Le prix initial \u00e9tait\u00a0: &#036;900.00.<\/span><ins aria-hidden=\"true\"><span class=\"woocommerce-Price-amount amount\"><bdi><span class=\"woocommerce-Price-currencySymbol\">&#36;<\/span>450.00<\/bdi><\/span><\/ins><span class=\"screen-reader-text\">Le prix actuel est\u00a0: &#036;450.00.<\/span><\/span>\n\t\t<\/div>\n\t<\/div>\n<\/div>\n\n\n\t<div class=\"product-buttons\">\n\t\t<div class=\"fusion-content-sep sep-double sep-solid\"><\/div>\n\t\t<div class=\"product-buttons-container clearfix\">\n<p id=\"learn-more\" class=\"affirm-as-low-as\" data-amount=\"45000\" data-affirm-color=\"white\" data-learnmore-show=\"true\" data-page-type=\"category\">-<\/p><a href=\"https:\/\/www.elkasuspension.com\/fr\/produit\/amortisseurs-arriere-stage-2-usage-pour-can-am-defender-pro-xt-hd10-2021-a-2025\/\" aria-describedby=\"woocommerce_loop_add_to_cart_link_describedby_7966537525\" data-quantity=\"1\" class=\"button product_type_simple add_to_cart_button\" data-product_id=\"7966537525\" data-product_sku=\"UD-UAIF46_RRBCRENX1054733_\" aria-label=\"Ajouter au panier\u00a0: &ldquo;AMORTISSEURS ARRI\u00c8RE STAGE 2 (USAG\u00c9) pour CAN-AM DEFENDER PRO XT HD10, 2021 \u00e0 2025&rdquo;\" rel=\"nofollow\">Choix des options<\/a>\t<span id=\"woocommerce_loop_add_to_cart_link_describedby_7966537525\" class=\"screen-reader-text\">\n\t\t\t<\/span>\n\n<a href=\"https:\/\/www.elkasuspension.com\/fr\/produit\/amortisseurs-arriere-stage-2-usage-pour-can-am-defender-pro-xt-hd10-2021-a-2025\/\" class=\"show_details_button\">\n\tDetails<\/a>\n\n\n\t<\/div>\n\t<\/div>\n\n\t<\/div> <\/div>\n<\/li>\n<li class=\"product type-product post-7966537497 status-publish instock product_cat-vente-inventaire sale taxable shipping-taxable purchasable product-type-simple product-grid-view\">\n\t<div class=\"fusion-product-wrapper\">\n<a href=\"https:\/\/www.elkasuspension.com\/fr\/produit\/spring-c4-5x406-2\/\" class=\"product-images\" aria-label=\"SPRING &#8211; C4.5X406\">\n<div class=\"fusion-woo-badges-wrapper\">\n\n\t<span class=\"onsale\">Save!<\/span>\n\t<\/div><div class=\"featured-image\">\n\t\t<img decoding=\"async\" width=\"500\" height=\"500\" src=\"https:\/\/www.elkasuspension.com\/wp-content\/uploads\/2021\/03\/web_placeholder-54-500x500.jpg\" class=\"woocommerce-placeholder wp-post-image lazyload\" alt=\"Texte indicatif\" srcset=\"data:image\/svg+xml,%3Csvg%20xmlns%3D%27http%3A%2F%2Fwww.w3.org%2F2000%2Fsvg%27%20width%3D%271200%27%20height%3D%271200%27%20viewBox%3D%270%200%201200%201200%27%3E%3Crect%20width%3D%271200%27%20height%3D%271200%27%20fill-opacity%3D%220%22%2F%3E%3C%2Fsvg%3E\" data-orig-src=\"https:\/\/www.elkasuspension.com\/wp-content\/uploads\/2021\/03\/web_placeholder-54-500x500.jpg\" data-srcset=\"https:\/\/www.elkasuspension.com\/wp-content\/uploads\/2021\/03\/web_placeholder-54-27x27.jpg 27w, https:\/\/www.elkasuspension.com\/wp-content\/uploads\/2021\/03\/web_placeholder-54-60x60.jpg 60w, https:\/\/www.elkasuspension.com\/wp-content\/uploads\/2021\/03\/web_placeholder-54-66x66.jpg 66w, https:\/\/www.elkasuspension.com\/wp-content\/uploads\/2021\/03\/web_placeholder-54-90x90.jpg 90w, https:\/\/www.elkasuspension.com\/wp-content\/uploads\/2021\/03\/web_placeholder-54-100x100.jpg 100w, https:\/\/www.elkasuspension.com\/wp-content\/uploads\/2021\/03\/web_placeholder-54-150x150.jpg 150w, https:\/\/www.elkasuspension.com\/wp-content\/uploads\/2021\/03\/web_placeholder-54-200x200.jpg 200w, https:\/\/www.elkasuspension.com\/wp-content\/uploads\/2021\/03\/web_placeholder-54-300x300.jpg 300w, https:\/\/www.elkasuspension.com\/wp-content\/uploads\/2021\/03\/web_placeholder-54-400x400.jpg 400w, https:\/\/www.elkasuspension.com\/wp-content\/uploads\/2021\/03\/web_placeholder-54-500x500.jpg 500w, https:\/\/www.elkasuspension.com\/wp-content\/uploads\/2021\/03\/web_placeholder-54-600x600.jpg 600w, https:\/\/www.elkasuspension.com\/wp-content\/uploads\/2021\/03\/web_placeholder-54-700x700.jpg 700w, https:\/\/www.elkasuspension.com\/wp-content\/uploads\/2021\/03\/web_placeholder-54-768x768.jpg 768w, https:\/\/www.elkasuspension.com\/wp-content\/uploads\/2021\/03\/web_placeholder-54-800x800.jpg 800w, https:\/\/www.elkasuspension.com\/wp-content\/uploads\/2021\/03\/web_placeholder-54-1024x1024.jpg 1024w, https:\/\/www.elkasuspension.com\/wp-content\/uploads\/2021\/03\/web_placeholder-54.jpg 1200w\" data-sizes=\"auto\" \/>\n\t\t\t\t\t\t<div class=\"cart-loading\"><i class=\"awb-icon-spinner\" aria-hidden=\"true\"><\/i><\/div>\n\t\t\t<\/div>\n<\/a>\n<div class=\"fusion-product-content\">\n\t<div class=\"product-details\">\n\t\t<div class=\"product-details-container\">\n<h3 class=\"product-title\">\n\t<a href=\"https:\/\/www.elkasuspension.com\/fr\/produit\/spring-c4-5x406-2\/\">\n\t\tSPRING &#8211; C4.5X406\t<\/a>\n<\/h3>\n<div class=\"fusion-price-rating\">\n\n\t<span class=\"price\"><del aria-hidden=\"true\"><span class=\"woocommerce-Price-amount amount\"><bdi><span class=\"woocommerce-Price-currencySymbol\">&#36;<\/span>75.00<\/bdi><\/span><\/del> <span class=\"screen-reader-text\">Le prix initial \u00e9tait\u00a0: &#036;75.00.<\/span><ins aria-hidden=\"true\"><span class=\"woocommerce-Price-amount amount\"><bdi><span class=\"woocommerce-Price-currencySymbol\">&#36;<\/span>27.50<\/bdi><\/span><\/ins><span class=\"screen-reader-text\">Le prix actuel est\u00a0: &#036;27.50.<\/span><\/span>\n\t\t<\/div>\n\t<\/div>\n<\/div>\n\n\n\t<div class=\"product-buttons\">\n\t\t<div class=\"fusion-content-sep sep-double sep-solid\"><\/div>\n\t\t<div class=\"product-buttons-container clearfix\">\n<p id=\"learn-more\" class=\"affirm-as-low-as\" data-amount=\"2750\" data-affirm-color=\"white\" data-learnmore-show=\"true\" data-page-type=\"category\">-<\/p><a href=\"\/fr\/wp-json\/wp\/v2\/pages\/7966535390?add-to-cart=7966537497\" aria-describedby=\"woocommerce_loop_add_to_cart_link_describedby_7966537497\" data-quantity=\"1\" class=\"button product_type_simple add_to_cart_button ajax_add_to_cart\" data-product_id=\"7966537497\" data-product_sku=\"\" aria-label=\"Ajouter au panier\u00a0: &ldquo;SPRING - C4.5X406&rdquo;\" rel=\"nofollow\">Ajouter au panier<\/a>\t<span id=\"woocommerce_loop_add_to_cart_link_describedby_7966537497\" class=\"screen-reader-text\">\n\t\t\t<\/span>\n\n<a href=\"https:\/\/www.elkasuspension.com\/fr\/produit\/spring-c4-5x406-2\/\" class=\"show_details_button\">\n\tDetails<\/a>\n\n\n\t<\/div>\n\t<\/div>\n\n\t<\/div> <\/div>\n<\/li>\n<li class=\"product type-product post-7966537495 status-publish instock product_cat-vente-inventaire sale taxable shipping-taxable purchasable product-type-simple product-grid-view\">\n\t<div class=\"fusion-product-wrapper\">\n<a href=\"https:\/\/www.elkasuspension.com\/fr\/produit\/spring-c5-4x457\/\" class=\"product-images\" aria-label=\"SPRING &#8211; C5.4X457\">\n<div class=\"fusion-woo-badges-wrapper\">\n\n\t<span class=\"onsale\">Save!<\/span>\n\t<\/div><div class=\"featured-image\">\n\t\t<img decoding=\"async\" width=\"500\" height=\"500\" src=\"https:\/\/www.elkasuspension.com\/wp-content\/uploads\/2021\/03\/web_placeholder-54-500x500.jpg\" class=\"woocommerce-placeholder wp-post-image lazyload\" alt=\"Texte indicatif\" srcset=\"data:image\/svg+xml,%3Csvg%20xmlns%3D%27http%3A%2F%2Fwww.w3.org%2F2000%2Fsvg%27%20width%3D%271200%27%20height%3D%271200%27%20viewBox%3D%270%200%201200%201200%27%3E%3Crect%20width%3D%271200%27%20height%3D%271200%27%20fill-opacity%3D%220%22%2F%3E%3C%2Fsvg%3E\" data-orig-src=\"https:\/\/www.elkasuspension.com\/wp-content\/uploads\/2021\/03\/web_placeholder-54-500x500.jpg\" data-srcset=\"https:\/\/www.elkasuspension.com\/wp-content\/uploads\/2021\/03\/web_placeholder-54-27x27.jpg 27w, https:\/\/www.elkasuspension.com\/wp-content\/uploads\/2021\/03\/web_placeholder-54-60x60.jpg 60w, https:\/\/www.elkasuspension.com\/wp-content\/uploads\/2021\/03\/web_placeholder-54-66x66.jpg 66w, https:\/\/www.elkasuspension.com\/wp-content\/uploads\/2021\/03\/web_placeholder-54-90x90.jpg 90w, https:\/\/www.elkasuspension.com\/wp-content\/uploads\/2021\/03\/web_placeholder-54-100x100.jpg 100w, https:\/\/www.elkasuspension.com\/wp-content\/uploads\/2021\/03\/web_placeholder-54-150x150.jpg 150w, https:\/\/www.elkasuspension.com\/wp-content\/uploads\/2021\/03\/web_placeholder-54-200x200.jpg 200w, https:\/\/www.elkasuspension.com\/wp-content\/uploads\/2021\/03\/web_placeholder-54-300x300.jpg 300w, https:\/\/www.elkasuspension.com\/wp-content\/uploads\/2021\/03\/web_placeholder-54-400x400.jpg 400w, https:\/\/www.elkasuspension.com\/wp-content\/uploads\/2021\/03\/web_placeholder-54-500x500.jpg 500w, https:\/\/www.elkasuspension.com\/wp-content\/uploads\/2021\/03\/web_placeholder-54-600x600.jpg 600w, https:\/\/www.elkasuspension.com\/wp-content\/uploads\/2021\/03\/web_placeholder-54-700x700.jpg 700w, https:\/\/www.elkasuspension.com\/wp-content\/uploads\/2021\/03\/web_placeholder-54-768x768.jpg 768w, https:\/\/www.elkasuspension.com\/wp-content\/uploads\/2021\/03\/web_placeholder-54-800x800.jpg 800w, https:\/\/www.elkasuspension.com\/wp-content\/uploads\/2021\/03\/web_placeholder-54-1024x1024.jpg 1024w, https:\/\/www.elkasuspension.com\/wp-content\/uploads\/2021\/03\/web_placeholder-54.jpg 1200w\" data-sizes=\"auto\" \/>\n\t\t\t\t\t\t<div class=\"cart-loading\"><i class=\"awb-icon-spinner\" aria-hidden=\"true\"><\/i><\/div>\n\t\t\t<\/div>\n<\/a>\n<div class=\"fusion-product-content\">\n\t<div class=\"product-details\">\n\t\t<div class=\"product-details-container\">\n<h3 class=\"product-title\">\n\t<a href=\"https:\/\/www.elkasuspension.com\/fr\/produit\/spring-c5-4x457\/\">\n\t\tSPRING &#8211; C5.4X457\t<\/a>\n<\/h3>\n<div class=\"fusion-price-rating\">\n\n\t<span class=\"price\"><del aria-hidden=\"true\"><span class=\"woocommerce-Price-amount amount\"><bdi><span class=\"woocommerce-Price-currencySymbol\">&#36;<\/span>90.00<\/bdi><\/span><\/del> <span class=\"screen-reader-text\">Le prix initial \u00e9tait\u00a0: &#036;90.00.<\/span><ins aria-hidden=\"true\"><span class=\"woocommerce-Price-amount amount\"><bdi><span class=\"woocommerce-Price-currencySymbol\">&#36;<\/span>35.00<\/bdi><\/span><\/ins><span class=\"screen-reader-text\">Le prix actuel est\u00a0: &#036;35.00.<\/span><\/span>\n\t\t<\/div>\n\t<\/div>\n<\/div>\n\n\n\t<div class=\"product-buttons\">\n\t\t<div class=\"fusion-content-sep sep-double sep-solid\"><\/div>\n\t\t<div class=\"product-buttons-container clearfix\">\n<p id=\"learn-more\" class=\"affirm-as-low-as\" data-amount=\"3500\" data-affirm-color=\"white\" data-learnmore-show=\"true\" data-page-type=\"category\">-<\/p><a href=\"\/fr\/wp-json\/wp\/v2\/pages\/7966535390?add-to-cart=7966537495\" aria-describedby=\"woocommerce_loop_add_to_cart_link_describedby_7966537495\" data-quantity=\"1\" class=\"button product_type_simple add_to_cart_button ajax_add_to_cart\" data-product_id=\"7966537495\" data-product_sku=\"\" aria-label=\"Ajouter au panier\u00a0: &ldquo;SPRING - C5.4X457&rdquo;\" rel=\"nofollow\">Ajouter au panier<\/a>\t<span id=\"woocommerce_loop_add_to_cart_link_describedby_7966537495\" class=\"screen-reader-text\">\n\t\t\t<\/span>\n\n<a href=\"https:\/\/www.elkasuspension.com\/fr\/produit\/spring-c5-4x457\/\" class=\"show_details_button\">\n\tDetails<\/a>\n\n\n\t<\/div>\n\t<\/div>\n\n\t<\/div> <\/div>\n<\/li>\n<\/ul><div class=\"fusion-woo-product-grid-pagination fusion-clearfix\"><nav class=\"woocommerce-pagination\"><\/nav><\/div><\/div><\/div><\/div><\/div><\/div>\n","protected":false},"excerpt":{"rendered":"","protected":false},"author":2553,"featured_media":0,"parent":0,"menu_order":0,"comment_status":"closed","ping_status":"closed","template":"","meta":{"_acf_changed":false,"footnotes":""},"class_list":["post-7966535390","page","type-page","status-publish","hentry"],"yoast_head":"<!-- This site is optimized with the Yoast SEO Premium plugin v27.2 (Yoast SEO v27.2) - https:\/\/yoast.com\/product\/yoast-seo-premium-wordpress\/ -->\n<title>Liquidation d\u2019inventaire &#187; Elka Suspension Inc<\/title>\n<meta name=\"robots\" content=\"index, follow, max-snippet:-1, max-image-preview:large, max-video-preview:-1\" \/>\n<link rel=\"canonical\" href=\"https:\/\/www.elkasuspension.com\/fr\/vente-dinventaire\/\" \/>\n<meta property=\"og:locale\" content=\"fr_FR\" \/>\n<meta property=\"og:type\" content=\"article\" \/>\n<meta property=\"og:title\" content=\"Liquidation d\u2019inventaire\" \/>\n<meta property=\"og:url\" content=\"https:\/\/www.elkasuspension.com\/fr\/vente-dinventaire\/\" \/>\n<meta property=\"og:site_name\" content=\"Elka Suspension Inc\" \/>\n<meta property=\"article:publisher\" content=\"https:\/\/www.facebook.com\/ElkaSuspension\" \/>\n<meta property=\"article:modified_time\" content=\"2025-08-22T18:57:37+00:00\" \/>\n<meta name=\"twitter:card\" content=\"summary_large_image\" \/>\n<meta name=\"twitter:site\" content=\"@ElkaSuspension\" \/>\n<meta name=\"twitter:label1\" content=\"Est. reading time\" \/>\n\t<meta name=\"twitter:data1\" content=\"1 minute\" \/>\n<script type=\"application\/ld+json\" class=\"yoast-schema-graph\">{\"@context\":\"https:\/\/schema.org\",\"@graph\":[{\"@type\":\"WebPage\",\"@id\":\"https:\/\/www.elkasuspension.com\/fr\/vente-dinventaire\/\",\"url\":\"https:\/\/www.elkasuspension.com\/fr\/vente-dinventaire\/\",\"name\":\"Liquidation d\u2019inventaire &#187; Elka Suspension Inc\",\"isPartOf\":{\"@id\":\"https:\/\/www.elkasuspension.com\/fr\/#website\"},\"datePublished\":\"2025-08-06T15:21:36+00:00\",\"dateModified\":\"2025-08-22T18:57:37+00:00\",\"breadcrumb\":{\"@id\":\"https:\/\/www.elkasuspension.com\/fr\/vente-dinventaire\/#breadcrumb\"},\"inLanguage\":\"fr-FR\",\"potentialAction\":[{\"@type\":\"ReadAction\",\"target\":[\"https:\/\/www.elkasuspension.com\/fr\/vente-dinventaire\/\"]}]},{\"@type\":\"BreadcrumbList\",\"@id\":\"https:\/\/www.elkasuspension.com\/fr\/vente-dinventaire\/#breadcrumb\",\"itemListElement\":[{\"@type\":\"ListItem\",\"position\":1,\"name\":\"Home\",\"item\":\"https:\/\/www.elkasuspension.com\/fr\/\"},{\"@type\":\"ListItem\",\"position\":2,\"name\":\"Liquidation d\u2019inventaire\"}]},{\"@type\":\"WebSite\",\"@id\":\"https:\/\/www.elkasuspension.com\/fr\/#website\",\"url\":\"https:\/\/www.elkasuspension.com\/fr\/\",\"name\":\"Elka Suspension Inc\",\"description\":\"High Performance Aftermarket Shock Absorbers\",\"publisher\":{\"@id\":\"https:\/\/www.elkasuspension.com\/fr\/#organization\"},\"potentialAction\":[{\"@type\":\"SearchAction\",\"target\":{\"@type\":\"EntryPoint\",\"urlTemplate\":\"https:\/\/www.elkasuspension.com\/fr\/?s={search_term_string}\"},\"query-input\":{\"@type\":\"PropertyValueSpecification\",\"valueRequired\":true,\"valueName\":\"search_term_string\"}}],\"inLanguage\":\"fr-FR\"},{\"@type\":\"Organization\",\"@id\":\"https:\/\/www.elkasuspension.com\/fr\/#organization\",\"name\":\"Elka Suspension Inc.\",\"url\":\"https:\/\/www.elkasuspension.com\/fr\/\",\"logo\":{\"@type\":\"ImageObject\",\"inLanguage\":\"fr-FR\",\"@id\":\"https:\/\/www.elkasuspension.com\/fr\/#\/schema\/logo\/image\/\",\"url\":\"https:\/\/www.elkasuspension.com\/wp-content\/uploads\/2021\/02\/ELKA-LOGO-2018_450x99.jpg\",\"contentUrl\":\"https:\/\/www.elkasuspension.com\/wp-content\/uploads\/2021\/02\/ELKA-LOGO-2018_450x99.jpg\",\"width\":450,\"height\":99,\"caption\":\"Elka Suspension Inc.\"},\"image\":{\"@id\":\"https:\/\/www.elkasuspension.com\/fr\/#\/schema\/logo\/image\/\"},\"sameAs\":[\"https:\/\/www.facebook.com\/ElkaSuspension\",\"https:\/\/x.com\/ElkaSuspension\",\"https:\/\/www.instagram.com\/elkasuspension\/\",\"https:\/\/www.youtube.com\/user\/ElkaSuspensionTV\"]}]}<\/script>\n<!-- \/ Yoast SEO Premium plugin. -->","yoast_head_json":{"title":"Liquidation d\u2019inventaire &#187; Elka Suspension Inc","robots":{"index":"index","follow":"follow","max-snippet":"max-snippet:-1","max-image-preview":"max-image-preview:large","max-video-preview":"max-video-preview:-1"},"canonical":"https:\/\/www.elkasuspension.com\/fr\/vente-dinventaire\/","og_locale":"fr_FR","og_type":"article","og_title":"Liquidation d\u2019inventaire","og_url":"https:\/\/www.elkasuspension.com\/fr\/vente-dinventaire\/","og_site_name":"Elka Suspension Inc","article_publisher":"https:\/\/www.facebook.com\/ElkaSuspension","article_modified_time":"2025-08-22T18:57:37+00:00","twitter_card":"summary_large_image","twitter_site":"@ElkaSuspension","twitter_misc":{"Est. reading time":"1 minute"},"schema":{"@context":"https:\/\/schema.org","@graph":[{"@type":"WebPage","@id":"https:\/\/www.elkasuspension.com\/fr\/vente-dinventaire\/","url":"https:\/\/www.elkasuspension.com\/fr\/vente-dinventaire\/","name":"Liquidation d\u2019inventaire &#187; Elka Suspension Inc","isPartOf":{"@id":"https:\/\/www.elkasuspension.com\/fr\/#website"},"datePublished":"2025-08-06T15:21:36+00:00","dateModified":"2025-08-22T18:57:37+00:00","breadcrumb":{"@id":"https:\/\/www.elkasuspension.com\/fr\/vente-dinventaire\/#breadcrumb"},"inLanguage":"fr-FR","potentialAction":[{"@type":"ReadAction","target":["https:\/\/www.elkasuspension.com\/fr\/vente-dinventaire\/"]}]},{"@type":"BreadcrumbList","@id":"https:\/\/www.elkasuspension.com\/fr\/vente-dinventaire\/#breadcrumb","itemListElement":[{"@type":"ListItem","position":1,"name":"Home","item":"https:\/\/www.elkasuspension.com\/fr\/"},{"@type":"ListItem","position":2,"name":"Liquidation d\u2019inventaire"}]},{"@type":"WebSite","@id":"https:\/\/www.elkasuspension.com\/fr\/#website","url":"https:\/\/www.elkasuspension.com\/fr\/","name":"Elka Suspension Inc","description":"High Performance Aftermarket Shock Absorbers","publisher":{"@id":"https:\/\/www.elkasuspension.com\/fr\/#organization"},"potentialAction":[{"@type":"SearchAction","target":{"@type":"EntryPoint","urlTemplate":"https:\/\/www.elkasuspension.com\/fr\/?s={search_term_string}"},"query-input":{"@type":"PropertyValueSpecification","valueRequired":true,"valueName":"search_term_string"}}],"inLanguage":"fr-FR"},{"@type":"Organization","@id":"https:\/\/www.elkasuspension.com\/fr\/#organization","name":"Elka Suspension Inc.","url":"https:\/\/www.elkasuspension.com\/fr\/","logo":{"@type":"ImageObject","inLanguage":"fr-FR","@id":"https:\/\/www.elkasuspension.com\/fr\/#\/schema\/logo\/image\/","url":"https:\/\/www.elkasuspension.com\/wp-content\/uploads\/2021\/02\/ELKA-LOGO-2018_450x99.jpg","contentUrl":"https:\/\/www.elkasuspension.com\/wp-content\/uploads\/2021\/02\/ELKA-LOGO-2018_450x99.jpg","width":450,"height":99,"caption":"Elka Suspension Inc."},"image":{"@id":"https:\/\/www.elkasuspension.com\/fr\/#\/schema\/logo\/image\/"},"sameAs":["https:\/\/www.facebook.com\/ElkaSuspension","https:\/\/x.com\/ElkaSuspension","https:\/\/www.instagram.com\/elkasuspension\/","https:\/\/www.youtube.com\/user\/ElkaSuspensionTV"]}]}},"acf":[],"_links":{"self":[{"href":"https:\/\/www.elkasuspension.com\/fr\/wp-json\/wp\/v2\/pages\/7966535390","targetHints":{"allow":["GET"]}}],"collection":[{"href":"https:\/\/www.elkasuspension.com\/fr\/wp-json\/wp\/v2\/pages"}],"about":[{"href":"https:\/\/www.elkasuspension.com\/fr\/wp-json\/wp\/v2\/types\/page"}],"author":[{"embeddable":true,"href":"https:\/\/www.elkasuspension.com\/fr\/wp-json\/wp\/v2\/users\/2553"}],"replies":[{"embeddable":true,"href":"https:\/\/www.elkasuspension.com\/fr\/wp-json\/wp\/v2\/comments?post=7966535390"}],"version-history":[{"count":4,"href":"https:\/\/www.elkasuspension.com\/fr\/wp-json\/wp\/v2\/pages\/7966535390\/revisions"}],"predecessor-version":[{"id":7966537541,"href":"https:\/\/www.elkasuspension.com\/fr\/wp-json\/wp\/v2\/pages\/7966535390\/revisions\/7966537541"}],"wp:attachment":[{"href":"https:\/\/www.elkasuspension.com\/fr\/wp-json\/wp\/v2\/media?parent=7966535390"}],"curies":[{"name":"wp","href":"https:\/\/api.w.org\/{rel}","templated":true}]}}