{"id":332187,"date":"2025-01-08T12:33:06","date_gmt":"2025-01-08T17:33:06","guid":{"rendered":"https:\/\/www.elkasuspension.com\/?post_type=product&#038;p=332187"},"modified":"2025-01-08T12:33:12","modified_gmt":"2025-01-08T17:33:12","slug":"ensemble-av-et-arr-kit-pro-pour-arctic-cat-xf-6000-cross-country-141-2015","status":"publish","type":"product","link":"https:\/\/www.elkasuspension.com\/fr\/produit\/ensemble-av-et-arr-kit-pro-pour-arctic-cat-xf-6000-cross-country-141-2015\/","title":{"rendered":"ENSEMBLE AV. ET ARR. KIT PRO pour ARCTIC CAT XF 6000 CROSS COUNTRY (141), 2015"},"content":{"rendered":"<h3>Am\u00e9liorez la suspension de votre motoneige avec l&#8217;ensemble PRO KIT comprenant nos amortisseurs Stage 5 sp\u00e9cifiques pour votre v\u00e9hicule et ma\u00eetrisez toutes les conditions de neige<\/h3>\n<p>Les amortisseurs Stage 5 pour motoneige sont con\u00e7us autour de trois facteurs-cl\u00e9s de performance: un d\u00e9bit hydraulique \u00e9lev\u00e9, un design ultra-l\u00e9ger et des composantes internes mobiles \u00e0 basse friction. La combinaison parfaitement \u00e9quilibr\u00e9e de toutes ces caract\u00e9ristiques permet une absorption plus douce et un ajustement plus pr\u00e9cis que tout autre amortisseur pr\u00e9sentement disponible sur le march\u00e9 pour les motoneiges. Les pilotes agressifs peuvent ainsi mieux contr\u00f4ler leur machine en tout confort alors que les coureurs pourront augmenter leur vitesse de fa\u00e7on significative tout en r\u00e9duisant la fatigue. Nous croyons que nos produits Stage 5 les amortisseurs de course les plus performants et les plus confortables sur le march\u00e9.<\/p>\n<p>Ce produit permet un ajustement de tous les param\u00e8tres de votre suspension et par cons\u00e9quent peut demander une p\u00e9riode d&#8217;adaptation et des tests de r\u00e9glages pour atteindre une performance maximale. Des amortisseurs tr\u00e8s ajustables viennent avec la responsabilit\u00e9 de bien les r\u00e9gler!<\/p>\n","protected":false},"excerpt":{"rendered":"<p>L&#8217;ensemble PRO KIT comprend quatre amortisseurs Stage 5 qui sont notre mod\u00e8le haut-de-gamme qui allie notre technologie \u00abHigh-Flow\u00bb, un design ultra-l\u00e9ger et des composantes internes \u00e0 basse friction. Ils sont le choix id\u00e9al pour les enthousiastes \u00e0 la recherche du maximum de performance et du contr\u00f4le total de tous les param\u00e8tres de leur suspension, sans aucun compromis.<\/p>\n<p>Ajustements:<\/p>\n<p>&#8211; Compression haute-v\u00e9locit\u00e9<br \/>\n&#8211; Compression basse-v\u00e9locit\u00e9<br \/>\n&#8211; D\u00e9tente (rebond)<br \/>\n&#8211; Pr\u00e9charge des ressort<\/p>\n","protected":false},"featured_media":7966493726,"comment_status":"closed","ping_status":"closed","template":"","meta":{"_acf_changed":false},"product_brand":[],"product_cat":[41421,41333,41683],"product_tag":[36423,36377,38588,50764],"class_list":{"0":"post-332187","1":"product","2":"type-product","3":"status-publish","4":"has-post-thumbnail","6":"product_cat-arctic-cat-motoneige","7":"product_cat-motoneige","8":"product_cat-fr-xf_6000_cross_country_141_2015","9":"product_tag-arctic-cat-fr","10":"product_tag-haute-performance-course","11":"product_tag-kit-pro","12":"product_tag-motoneige","13":"pa_body-diameter-material-36mm-aluminium-fr","14":"pa_part-number-38936","15":"pa_position-ensemble-avant-arriere-fr","16":"pa_primary-intended-use-haute-performance-course","17":"pa_product-model-kit-pro","18":"pa_reservoir-configuration-avec-reservoir-fr","19":"pa_shock-type-avec-ressort-fr","20":"pa_sku-51516","21":"pa_unit-of-sale-sold-as-kit","22":"pa_vehicle-make-arctic-cat","23":"pa_vehicle-model-year-xf-6000-cross-country-141-2015","25":"first","26":"instock","27":"sale","28":"taxable","29":"shipping-taxable","30":"purchasable","31":"product-type-simple"},"yoast_head":"<!-- This site is optimized with the Yoast SEO Premium plugin v26.7 (Yoast SEO v26.7) - https:\/\/yoast.com\/wordpress\/plugins\/seo\/ -->\n<title>ENSEMBLE AV. ET ARR. KIT PRO pour ARCTIC CAT XF 6000 CROSS COUNTRY (141), 2015 &#187; Elka Suspension Inc<\/title>\n<meta name=\"robots\" content=\"index, follow, max-snippet:-1, max-image-preview:large, max-video-preview:-1\" \/>\n<link rel=\"canonical\" href=\"https:\/\/www.elkasuspension.com\/fr\/produit\/ensemble-av-et-arr-kit-pro-pour-arctic-cat-xf-6000-cross-country-141-2015\/\" \/>\n<meta property=\"og:locale\" content=\"fr_FR\" \/>\n<meta property=\"og:type\" content=\"article\" \/>\n<meta property=\"og:title\" content=\"ENSEMBLE AV. ET ARR. KIT PRO pour ARCTIC CAT XF 6000 CROSS COUNTRY (141), 2015\" \/>\n<meta property=\"og:description\" content=\"L&#039;ensemble PRO KIT comprend quatre amortisseurs Stage 5 qui sont notre mod\u00e8le haut-de-gamme qui allie notre technologie \u00abHigh-Flow\u00bb, un design ultra-l\u00e9ger et des composantes internes \u00e0 basse friction. Ils sont le choix id\u00e9al pour les enthousiastes \u00e0 la recherche du maximum de performance et du contr\u00f4le total de tous les param\u00e8tres de leur suspension, sans aucun compromis. Ajustements: - Compression haute-v\u00e9locit\u00e9 - Compression basse-v\u00e9locit\u00e9 - D\u00e9tente (rebond) - Pr\u00e9charge des ressort\" \/>\n<meta property=\"og:url\" content=\"https:\/\/www.elkasuspension.com\/fr\/produit\/ensemble-av-et-arr-kit-pro-pour-arctic-cat-xf-6000-cross-country-141-2015\/\" \/>\n<meta property=\"og:site_name\" content=\"Elka Suspension Inc\" \/>\n<meta property=\"article:publisher\" content=\"https:\/\/www.facebook.com\/ElkaSuspension\" \/>\n<meta property=\"article:modified_time\" content=\"2025-01-08T17:33:12+00:00\" \/>\n<meta property=\"og:image\" content=\"https:\/\/www.elkasuspension.com\/wp-content\/uploads\/2021\/12\/web_snow-36-PROKIT_Main-31.jpg\" \/>\n\t<meta property=\"og:image:width\" content=\"1200\" \/>\n\t<meta property=\"og:image:height\" content=\"1200\" \/>\n\t<meta property=\"og:image:type\" content=\"image\/jpeg\" \/>\n<meta name=\"twitter:card\" content=\"summary_large_image\" \/>\n<meta name=\"twitter:site\" content=\"@ElkaSuspension\" \/>\n<meta name=\"twitter:label1\" content=\"Price\" \/>\n\t<meta name=\"twitter:data1\" content=\"&#036;4,250.00\" \/>\n\t<meta name=\"twitter:label2\" content=\"Availability\" \/>\n\t<meta name=\"twitter:data2\" content=\"In stock\" \/>\n<script type=\"application\/ld+json\" class=\"yoast-schema-graph\">{\"@context\":\"https:\/\/schema.org\",\"@graph\":[{\"@type\":\"WebPage\",\"@id\":\"https:\/\/www.elkasuspension.com\/fr\/produit\/ensemble-av-et-arr-kit-pro-pour-arctic-cat-xf-6000-cross-country-141-2015\/\",\"url\":\"https:\/\/www.elkasuspension.com\/fr\/produit\/ensemble-av-et-arr-kit-pro-pour-arctic-cat-xf-6000-cross-country-141-2015\/\",\"name\":\"ENSEMBLE AV. ET ARR. KIT PRO pour ARCTIC CAT XF 6000 CROSS COUNTRY (141), 2015 &#187; Elka Suspension Inc\",\"isPartOf\":{\"@id\":\"https:\/\/www.elkasuspension.com\/fr\/#website\"},\"primaryImageOfPage\":{\"@id\":\"https:\/\/www.elkasuspension.com\/fr\/produit\/ensemble-av-et-arr-kit-pro-pour-arctic-cat-xf-6000-cross-country-141-2015\/#primaryimage\"},\"image\":{\"@id\":\"https:\/\/www.elkasuspension.com\/fr\/produit\/ensemble-av-et-arr-kit-pro-pour-arctic-cat-xf-6000-cross-country-141-2015\/#primaryimage\"},\"thumbnailUrl\":\"https:\/\/www.elkasuspension.com\/wp-content\/uploads\/2025\/01\/web_snow-36-PROKIT_Main-31.jpg\",\"datePublished\":\"2025-01-08T17:33:06+00:00\",\"dateModified\":\"2025-01-08T17:33:12+00:00\",\"breadcrumb\":{\"@id\":\"https:\/\/www.elkasuspension.com\/fr\/produit\/ensemble-av-et-arr-kit-pro-pour-arctic-cat-xf-6000-cross-country-141-2015\/#breadcrumb\"},\"inLanguage\":\"fr-FR\",\"potentialAction\":[{\"@type\":\"ReadAction\",\"target\":[\"https:\/\/www.elkasuspension.com\/fr\/produit\/ensemble-av-et-arr-kit-pro-pour-arctic-cat-xf-6000-cross-country-141-2015\/\"]}]},{\"@type\":\"ImageObject\",\"inLanguage\":\"fr-FR\",\"@id\":\"https:\/\/www.elkasuspension.com\/fr\/produit\/ensemble-av-et-arr-kit-pro-pour-arctic-cat-xf-6000-cross-country-141-2015\/#primaryimage\",\"url\":\"https:\/\/www.elkasuspension.com\/wp-content\/uploads\/2025\/01\/web_snow-36-PROKIT_Main-31.jpg\",\"contentUrl\":\"https:\/\/www.elkasuspension.com\/wp-content\/uploads\/2025\/01\/web_snow-36-PROKIT_Main-31.jpg\",\"width\":1200,\"height\":1200},{\"@type\":\"BreadcrumbList\",\"@id\":\"https:\/\/www.elkasuspension.com\/fr\/produit\/ensemble-av-et-arr-kit-pro-pour-arctic-cat-xf-6000-cross-country-141-2015\/#breadcrumb\",\"itemListElement\":[{\"@type\":\"ListItem\",\"position\":1,\"name\":\"Home\",\"item\":\"https:\/\/www.elkasuspension.com\/fr\/\"},{\"@type\":\"ListItem\",\"position\":2,\"name\":\"Boutique\",\"item\":\"https:\/\/www.elkasuspension.com\/fr\/boutique\/\"},{\"@type\":\"ListItem\",\"position\":3,\"name\":\"ENSEMBLE AV. ET ARR. KIT PRO pour ARCTIC CAT XF 6000 CROSS COUNTRY (141), 2015\"}]},{\"@type\":\"WebSite\",\"@id\":\"https:\/\/www.elkasuspension.com\/fr\/#website\",\"url\":\"https:\/\/www.elkasuspension.com\/fr\/\",\"name\":\"Elka Suspension Inc\",\"description\":\"High Performance Aftermarket Shock Absorbers\",\"publisher\":{\"@id\":\"https:\/\/www.elkasuspension.com\/fr\/#organization\"},\"potentialAction\":[{\"@type\":\"SearchAction\",\"target\":{\"@type\":\"EntryPoint\",\"urlTemplate\":\"https:\/\/www.elkasuspension.com\/fr\/?s={search_term_string}\"},\"query-input\":{\"@type\":\"PropertyValueSpecification\",\"valueRequired\":true,\"valueName\":\"search_term_string\"}}],\"inLanguage\":\"fr-FR\"},{\"@type\":\"Organization\",\"@id\":\"https:\/\/www.elkasuspension.com\/fr\/#organization\",\"name\":\"Elka Suspension Inc.\",\"url\":\"https:\/\/www.elkasuspension.com\/fr\/\",\"logo\":{\"@type\":\"ImageObject\",\"inLanguage\":\"fr-FR\",\"@id\":\"https:\/\/www.elkasuspension.com\/fr\/#\/schema\/logo\/image\/\",\"url\":\"https:\/\/www.elkasuspension.com\/wp-content\/uploads\/2021\/02\/ELKA-LOGO-2018_450x99.jpg\",\"contentUrl\":\"https:\/\/www.elkasuspension.com\/wp-content\/uploads\/2021\/02\/ELKA-LOGO-2018_450x99.jpg\",\"width\":450,\"height\":99,\"caption\":\"Elka Suspension Inc.\"},\"image\":{\"@id\":\"https:\/\/www.elkasuspension.com\/fr\/#\/schema\/logo\/image\/\"},\"sameAs\":[\"https:\/\/www.facebook.com\/ElkaSuspension\",\"https:\/\/x.com\/ElkaSuspension\",\"https:\/\/www.instagram.com\/elkasuspension\/\",\"https:\/\/www.youtube.com\/user\/ElkaSuspensionTV\"]}]}<\/script>\n<meta property=\"product:brand\" content=\"ARCTIC CAT\" \/>\n<meta property=\"product:price:amount\" content=\"4250.00\" \/>\n<meta property=\"product:price:currency\" content=\"USD\" \/>\n<meta property=\"og:availability\" content=\"instock\" \/>\n<meta property=\"product:availability\" content=\"instock\" \/>\n<meta property=\"product:retailer_item_id\" content=\"50337\" \/>\n<meta property=\"product:condition\" content=\"new\" \/>\n<!-- \/ Yoast SEO Premium plugin. -->","yoast_head_json":{"title":"ENSEMBLE AV. ET ARR. KIT PRO pour ARCTIC CAT XF 6000 CROSS COUNTRY (141), 2015 &#187; Elka Suspension Inc","robots":{"index":"index","follow":"follow","max-snippet":"max-snippet:-1","max-image-preview":"max-image-preview:large","max-video-preview":"max-video-preview:-1"},"canonical":"https:\/\/www.elkasuspension.com\/fr\/produit\/ensemble-av-et-arr-kit-pro-pour-arctic-cat-xf-6000-cross-country-141-2015\/","og_locale":"fr_FR","og_type":"article","og_title":"ENSEMBLE AV. ET ARR. KIT PRO pour ARCTIC CAT XF 6000 CROSS COUNTRY (141), 2015","og_description":"L'ensemble PRO KIT comprend quatre amortisseurs Stage 5 qui sont notre mod\u00e8le haut-de-gamme qui allie notre technologie \u00abHigh-Flow\u00bb, un design ultra-l\u00e9ger et des composantes internes \u00e0 basse friction. Ils sont le choix id\u00e9al pour les enthousiastes \u00e0 la recherche du maximum de performance et du contr\u00f4le total de tous les param\u00e8tres de leur suspension, sans aucun compromis. Ajustements: - Compression haute-v\u00e9locit\u00e9 - Compression basse-v\u00e9locit\u00e9 - D\u00e9tente (rebond) - Pr\u00e9charge des ressort","og_url":"https:\/\/www.elkasuspension.com\/fr\/produit\/ensemble-av-et-arr-kit-pro-pour-arctic-cat-xf-6000-cross-country-141-2015\/","og_site_name":"Elka Suspension Inc","article_publisher":"https:\/\/www.facebook.com\/ElkaSuspension","article_modified_time":"2025-01-08T17:33:12+00:00","og_image":[{"width":1200,"height":1200,"url":"https:\/\/www.elkasuspension.com\/wp-content\/uploads\/2021\/12\/web_snow-36-PROKIT_Main-31.jpg","type":"image\/jpeg"}],"twitter_card":"summary_large_image","twitter_site":"@ElkaSuspension","twitter_misc":{"Price":"&#36;4,250.00","Availability":"In stock"},"schema":{"@context":"https:\/\/schema.org","@graph":[{"@type":"WebPage","@id":"https:\/\/www.elkasuspension.com\/fr\/produit\/ensemble-av-et-arr-kit-pro-pour-arctic-cat-xf-6000-cross-country-141-2015\/","url":"https:\/\/www.elkasuspension.com\/fr\/produit\/ensemble-av-et-arr-kit-pro-pour-arctic-cat-xf-6000-cross-country-141-2015\/","name":"ENSEMBLE AV. ET ARR. KIT PRO pour ARCTIC CAT XF 6000 CROSS COUNTRY (141), 2015 &#187; Elka Suspension Inc","isPartOf":{"@id":"https:\/\/www.elkasuspension.com\/fr\/#website"},"primaryImageOfPage":{"@id":"https:\/\/www.elkasuspension.com\/fr\/produit\/ensemble-av-et-arr-kit-pro-pour-arctic-cat-xf-6000-cross-country-141-2015\/#primaryimage"},"image":{"@id":"https:\/\/www.elkasuspension.com\/fr\/produit\/ensemble-av-et-arr-kit-pro-pour-arctic-cat-xf-6000-cross-country-141-2015\/#primaryimage"},"thumbnailUrl":"https:\/\/www.elkasuspension.com\/wp-content\/uploads\/2025\/01\/web_snow-36-PROKIT_Main-31.jpg","datePublished":"2025-01-08T17:33:06+00:00","dateModified":"2025-01-08T17:33:12+00:00","breadcrumb":{"@id":"https:\/\/www.elkasuspension.com\/fr\/produit\/ensemble-av-et-arr-kit-pro-pour-arctic-cat-xf-6000-cross-country-141-2015\/#breadcrumb"},"inLanguage":"fr-FR","potentialAction":[{"@type":"ReadAction","target":["https:\/\/www.elkasuspension.com\/fr\/produit\/ensemble-av-et-arr-kit-pro-pour-arctic-cat-xf-6000-cross-country-141-2015\/"]}]},{"@type":"ImageObject","inLanguage":"fr-FR","@id":"https:\/\/www.elkasuspension.com\/fr\/produit\/ensemble-av-et-arr-kit-pro-pour-arctic-cat-xf-6000-cross-country-141-2015\/#primaryimage","url":"https:\/\/www.elkasuspension.com\/wp-content\/uploads\/2025\/01\/web_snow-36-PROKIT_Main-31.jpg","contentUrl":"https:\/\/www.elkasuspension.com\/wp-content\/uploads\/2025\/01\/web_snow-36-PROKIT_Main-31.jpg","width":1200,"height":1200},{"@type":"BreadcrumbList","@id":"https:\/\/www.elkasuspension.com\/fr\/produit\/ensemble-av-et-arr-kit-pro-pour-arctic-cat-xf-6000-cross-country-141-2015\/#breadcrumb","itemListElement":[{"@type":"ListItem","position":1,"name":"Home","item":"https:\/\/www.elkasuspension.com\/fr\/"},{"@type":"ListItem","position":2,"name":"Boutique","item":"https:\/\/www.elkasuspension.com\/fr\/boutique\/"},{"@type":"ListItem","position":3,"name":"ENSEMBLE AV. ET ARR. KIT PRO pour ARCTIC CAT XF 6000 CROSS COUNTRY (141), 2015"}]},{"@type":"WebSite","@id":"https:\/\/www.elkasuspension.com\/fr\/#website","url":"https:\/\/www.elkasuspension.com\/fr\/","name":"Elka Suspension Inc","description":"High Performance Aftermarket Shock Absorbers","publisher":{"@id":"https:\/\/www.elkasuspension.com\/fr\/#organization"},"potentialAction":[{"@type":"SearchAction","target":{"@type":"EntryPoint","urlTemplate":"https:\/\/www.elkasuspension.com\/fr\/?s={search_term_string}"},"query-input":{"@type":"PropertyValueSpecification","valueRequired":true,"valueName":"search_term_string"}}],"inLanguage":"fr-FR"},{"@type":"Organization","@id":"https:\/\/www.elkasuspension.com\/fr\/#organization","name":"Elka Suspension Inc.","url":"https:\/\/www.elkasuspension.com\/fr\/","logo":{"@type":"ImageObject","inLanguage":"fr-FR","@id":"https:\/\/www.elkasuspension.com\/fr\/#\/schema\/logo\/image\/","url":"https:\/\/www.elkasuspension.com\/wp-content\/uploads\/2021\/02\/ELKA-LOGO-2018_450x99.jpg","contentUrl":"https:\/\/www.elkasuspension.com\/wp-content\/uploads\/2021\/02\/ELKA-LOGO-2018_450x99.jpg","width":450,"height":99,"caption":"Elka Suspension Inc."},"image":{"@id":"https:\/\/www.elkasuspension.com\/fr\/#\/schema\/logo\/image\/"},"sameAs":["https:\/\/www.facebook.com\/ElkaSuspension","https:\/\/x.com\/ElkaSuspension","https:\/\/www.instagram.com\/elkasuspension\/","https:\/\/www.youtube.com\/user\/ElkaSuspensionTV"]}]},"product_brand":"ARCTIC CAT","product_price_amount":"4250.00","product_price_currency":"USD","og_availability":"instock","product_availability":"instock","product_retailer_item_id":"50337","product_condition":"new"},"acf":[],"_links":{"self":[{"href":"https:\/\/www.elkasuspension.com\/fr\/wp-json\/wp\/v2\/product\/332187","targetHints":{"allow":["GET"]}}],"collection":[{"href":"https:\/\/www.elkasuspension.com\/fr\/wp-json\/wp\/v2\/product"}],"about":[{"href":"https:\/\/www.elkasuspension.com\/fr\/wp-json\/wp\/v2\/types\/product"}],"replies":[{"embeddable":true,"href":"https:\/\/www.elkasuspension.com\/fr\/wp-json\/wp\/v2\/comments?post=332187"}],"wp:featuredmedia":[{"embeddable":true,"href":"https:\/\/www.elkasuspension.com\/fr\/wp-json\/wp\/v2\/media\/7966493726"}],"wp:attachment":[{"href":"https:\/\/www.elkasuspension.com\/fr\/wp-json\/wp\/v2\/media?parent=332187"}],"wp:term":[{"taxonomy":"product_brand","embeddable":true,"href":"https:\/\/www.elkasuspension.com\/fr\/wp-json\/wp\/v2\/product_brand?post=332187"},{"taxonomy":"product_cat","embeddable":true,"href":"https:\/\/www.elkasuspension.com\/fr\/wp-json\/wp\/v2\/product_cat?post=332187"},{"taxonomy":"product_tag","embeddable":true,"href":"https:\/\/www.elkasuspension.com\/fr\/wp-json\/wp\/v2\/product_tag?post=332187"}],"curies":[{"name":"wp","href":"https:\/\/api.w.org\/{rel}","templated":true}]}}