{"id":332193,"date":"2025-01-08T12:33:29","date_gmt":"2025-01-08T17:33:29","guid":{"rendered":"https:\/\/www.elkasuspension.com\/?post_type=product&#038;p=332193"},"modified":"2025-01-08T12:33:33","modified_gmt":"2025-01-08T17:33:33","slug":"amortisseurs-avant-stage-3-pour-arctic-cat-xf-6000-cross-country-141-2015","status":"publish","type":"product","link":"https:\/\/www.elkasuspension.com\/fr\/produit\/amortisseurs-avant-stage-3-pour-arctic-cat-xf-6000-cross-country-141-2015\/","title":{"rendered":"AMORTISSEURS AVANT STAGE 3 pour ARCTIC CAT XF 6000 CROSS COUNTRY (141), 2015"},"content":{"rendered":"<h3>Le Stage 3 est notre mod\u00e8le le plus populaire, con\u00e7u pour lib\u00e9rer le plein potentiel de performance de votre motoneige<\/h3>\n<p>Le mod\u00e8le Stage 3 est d\u00e9riv\u00e9 directement de notre mod\u00e8le haut-de-gamme Stage 5 avec lequel il partage la majorit\u00e9 de ses composantes. Ce mod\u00e8le offre un ajustement en compression externe \u00e0 bouton simple qui contr\u00f4le le niveau de r\u00e9sistance en compression basse-v\u00e9locit\u00e9. Cet ajustement est combin\u00e9 \u00e0 un circuit parall\u00e8le \u00e0 haute-v\u00e9locit\u00e9 qui agit comme une soupape permettant de rel\u00e2cher la pression de pointe caus\u00e9e lors d&#8217;un impact, ce qui permet des performances \u00e9volu\u00e9es mais il est moins complexe \u00e0 ajuster et plus abordable.<\/p>\n<p>Ce produit permet un ajustement de certains param\u00e8tres-cl\u00e9s de votre suspension et par cons\u00e9quent peut demander une p\u00e9riode d&#8217;adaptation et des tests de r\u00e9glages pour atteindre une performance maximale. Des amortisseurs tr\u00e8s ajustables viennent avec la responsabilit\u00e9 de bien les r\u00e9gler!<\/p>\n","protected":false},"excerpt":{"rendered":"<p>Le Stage 3 est notre mod\u00e8le le plus populaire, offrant une combinaison \u00e9quilibr\u00e9e de performance et d&#8217;ajustabilit\u00e9 \u00e0 un prix comp\u00e9titif. Ils sont parfaits pour les pilotes \u00e0 la recherche d&#8217;une solution sens\u00e9e pour am\u00e9liorer leur suspension.<\/p>\n<p>Ajustements:<\/p>\n<p>&#8211; Compression basse-v\u00e9locit\u00e9<br \/>\n&#8211; Pr\u00e9charge des ressort<\/p>\n","protected":false},"featured_media":7966493750,"comment_status":"closed","ping_status":"closed","template":"","meta":{"_acf_changed":false},"product_brand":[],"product_cat":[41421,41333,41683],"product_tag":[36423,50764,36369,36368],"class_list":{"0":"post-332193","1":"product","2":"type-product","3":"status-publish","4":"has-post-thumbnail","6":"product_cat-arctic-cat-motoneige","7":"product_cat-motoneige","8":"product_cat-fr-xf_6000_cross_country_141_2015","9":"product_tag-arctic-cat-fr","10":"product_tag-motoneige","11":"product_tag-sport-performance-fr","12":"product_tag-stage-3-fr","13":"pa_body-diameter-material-36mm-aluminium-fr","14":"pa_part-number-38939","15":"pa_position-avant-fr","16":"pa_primary-intended-use-sport-performance-fr","17":"pa_product-model-stage-3-fr-2","18":"pa_reservoir-configuration-avec-reservoir-fr","19":"pa_shock-type-avec-ressort-fr","20":"pa_sku-51522","21":"pa_unit-of-sale-sold-as-paire-fr","22":"pa_vehicle-make-arctic-cat","23":"pa_vehicle-model-year-xf-6000-cross-country-141-2015","25":"first","26":"instock","27":"taxable","28":"shipping-taxable","29":"purchasable","30":"product-type-simple"},"yoast_head":"<!-- This site is optimized with the Yoast SEO Premium plugin v27.2 (Yoast SEO v27.2) - https:\/\/yoast.com\/product\/yoast-seo-premium-wordpress\/ -->\n<title>AMORTISSEURS AVANT STAGE 3 pour ARCTIC CAT XF 6000 CROSS COUNTRY (141), 2015 &#187; Elka Suspension Inc<\/title>\n<meta name=\"robots\" content=\"index, follow, max-snippet:-1, max-image-preview:large, max-video-preview:-1\" \/>\n<link rel=\"canonical\" href=\"https:\/\/www.elkasuspension.com\/fr\/produit\/amortisseurs-avant-stage-3-pour-arctic-cat-xf-6000-cross-country-141-2015\/\" \/>\n<meta property=\"og:locale\" content=\"fr_FR\" \/>\n<meta property=\"og:type\" content=\"article\" \/>\n<meta property=\"og:title\" content=\"AMORTISSEURS AVANT STAGE 3 pour ARCTIC CAT XF 6000 CROSS COUNTRY (141), 2015\" \/>\n<meta property=\"og:description\" content=\"Le Stage 3 est notre mod\u00e8le le plus populaire, offrant une combinaison \u00e9quilibr\u00e9e de performance et d&#039;ajustabilit\u00e9 \u00e0 un prix comp\u00e9titif. Ils sont parfaits pour les pilotes \u00e0 la recherche d&#039;une solution sens\u00e9e pour am\u00e9liorer leur suspension. Ajustements: - Compression basse-v\u00e9locit\u00e9 - Pr\u00e9charge des ressort\" \/>\n<meta property=\"og:url\" content=\"https:\/\/www.elkasuspension.com\/fr\/produit\/amortisseurs-avant-stage-3-pour-arctic-cat-xf-6000-cross-country-141-2015\/\" \/>\n<meta property=\"og:site_name\" content=\"Elka Suspension Inc\" \/>\n<meta property=\"article:publisher\" content=\"https:\/\/www.facebook.com\/ElkaSuspension\" \/>\n<meta property=\"article:modified_time\" content=\"2025-01-08T17:33:33+00:00\" \/>\n<meta property=\"og:image\" content=\"https:\/\/www.elkasuspension.com\/wp-content\/uploads\/2021\/12\/web_snow-36-stage3_main-29.jpg\" \/>\n\t<meta property=\"og:image:width\" content=\"1200\" \/>\n\t<meta property=\"og:image:height\" content=\"1200\" \/>\n\t<meta property=\"og:image:type\" content=\"image\/jpeg\" \/>\n<meta name=\"twitter:card\" content=\"summary_large_image\" \/>\n<meta name=\"twitter:site\" content=\"@ElkaSuspension\" \/>\n<meta name=\"twitter:label1\" content=\"Price\" \/>\n\t<meta name=\"twitter:data1\" content=\"&#036;1,350.00\" \/>\n\t<meta name=\"twitter:label2\" content=\"Availability\" \/>\n\t<meta name=\"twitter:data2\" content=\"In stock\" \/>\n<script type=\"application\/ld+json\" class=\"yoast-schema-graph\">{\"@context\":\"https:\/\/schema.org\",\"@graph\":[{\"@type\":\"WebPage\",\"@id\":\"https:\/\/www.elkasuspension.com\/fr\/produit\/amortisseurs-avant-stage-3-pour-arctic-cat-xf-6000-cross-country-141-2015\/\",\"url\":\"https:\/\/www.elkasuspension.com\/fr\/produit\/amortisseurs-avant-stage-3-pour-arctic-cat-xf-6000-cross-country-141-2015\/\",\"name\":\"AMORTISSEURS AVANT STAGE 3 pour ARCTIC CAT XF 6000 CROSS COUNTRY (141), 2015 &#187; Elka Suspension Inc\",\"isPartOf\":{\"@id\":\"https:\/\/www.elkasuspension.com\/fr\/#website\"},\"primaryImageOfPage\":{\"@id\":\"https:\/\/www.elkasuspension.com\/fr\/produit\/amortisseurs-avant-stage-3-pour-arctic-cat-xf-6000-cross-country-141-2015\/#primaryimage\"},\"image\":{\"@id\":\"https:\/\/www.elkasuspension.com\/fr\/produit\/amortisseurs-avant-stage-3-pour-arctic-cat-xf-6000-cross-country-141-2015\/#primaryimage\"},\"thumbnailUrl\":\"https:\/\/www.elkasuspension.com\/wp-content\/uploads\/2025\/01\/web_snow-36-stage3_main-29.jpg\",\"datePublished\":\"2025-01-08T17:33:29+00:00\",\"dateModified\":\"2025-01-08T17:33:33+00:00\",\"breadcrumb\":{\"@id\":\"https:\/\/www.elkasuspension.com\/fr\/produit\/amortisseurs-avant-stage-3-pour-arctic-cat-xf-6000-cross-country-141-2015\/#breadcrumb\"},\"inLanguage\":\"fr-FR\",\"potentialAction\":[{\"@type\":\"ReadAction\",\"target\":[\"https:\/\/www.elkasuspension.com\/fr\/produit\/amortisseurs-avant-stage-3-pour-arctic-cat-xf-6000-cross-country-141-2015\/\"]}]},{\"@type\":\"ImageObject\",\"inLanguage\":\"fr-FR\",\"@id\":\"https:\/\/www.elkasuspension.com\/fr\/produit\/amortisseurs-avant-stage-3-pour-arctic-cat-xf-6000-cross-country-141-2015\/#primaryimage\",\"url\":\"https:\/\/www.elkasuspension.com\/wp-content\/uploads\/2025\/01\/web_snow-36-stage3_main-29.jpg\",\"contentUrl\":\"https:\/\/www.elkasuspension.com\/wp-content\/uploads\/2025\/01\/web_snow-36-stage3_main-29.jpg\",\"width\":1200,\"height\":1200},{\"@type\":\"BreadcrumbList\",\"@id\":\"https:\/\/www.elkasuspension.com\/fr\/produit\/amortisseurs-avant-stage-3-pour-arctic-cat-xf-6000-cross-country-141-2015\/#breadcrumb\",\"itemListElement\":[{\"@type\":\"ListItem\",\"position\":1,\"name\":\"Home\",\"item\":\"https:\/\/www.elkasuspension.com\/fr\/\"},{\"@type\":\"ListItem\",\"position\":2,\"name\":\"Boutique\",\"item\":\"https:\/\/www.elkasuspension.com\/fr\/boutique\/\"},{\"@type\":\"ListItem\",\"position\":3,\"name\":\"AMORTISSEURS AVANT STAGE 3 pour ARCTIC CAT XF 6000 CROSS COUNTRY (141), 2015\"}]},{\"@type\":\"WebSite\",\"@id\":\"https:\/\/www.elkasuspension.com\/fr\/#website\",\"url\":\"https:\/\/www.elkasuspension.com\/fr\/\",\"name\":\"Elka Suspension Inc\",\"description\":\"High Performance Aftermarket Shock Absorbers\",\"publisher\":{\"@id\":\"https:\/\/www.elkasuspension.com\/fr\/#organization\"},\"potentialAction\":[{\"@type\":\"SearchAction\",\"target\":{\"@type\":\"EntryPoint\",\"urlTemplate\":\"https:\/\/www.elkasuspension.com\/fr\/?s={search_term_string}\"},\"query-input\":{\"@type\":\"PropertyValueSpecification\",\"valueRequired\":true,\"valueName\":\"search_term_string\"}}],\"inLanguage\":\"fr-FR\"},{\"@type\":\"Organization\",\"@id\":\"https:\/\/www.elkasuspension.com\/fr\/#organization\",\"name\":\"Elka Suspension Inc.\",\"url\":\"https:\/\/www.elkasuspension.com\/fr\/\",\"logo\":{\"@type\":\"ImageObject\",\"inLanguage\":\"fr-FR\",\"@id\":\"https:\/\/www.elkasuspension.com\/fr\/#\/schema\/logo\/image\/\",\"url\":\"https:\/\/www.elkasuspension.com\/wp-content\/uploads\/2021\/02\/ELKA-LOGO-2018_450x99.jpg\",\"contentUrl\":\"https:\/\/www.elkasuspension.com\/wp-content\/uploads\/2021\/02\/ELKA-LOGO-2018_450x99.jpg\",\"width\":450,\"height\":99,\"caption\":\"Elka Suspension Inc.\"},\"image\":{\"@id\":\"https:\/\/www.elkasuspension.com\/fr\/#\/schema\/logo\/image\/\"},\"sameAs\":[\"https:\/\/www.facebook.com\/ElkaSuspension\",\"https:\/\/x.com\/ElkaSuspension\",\"https:\/\/www.instagram.com\/elkasuspension\/\",\"https:\/\/www.youtube.com\/user\/ElkaSuspensionTV\"]}]}<\/script>\n<meta property=\"product:brand\" content=\"ARCTIC CAT\" \/>\n<meta property=\"product:price:amount\" content=\"1350.00\" \/>\n<meta property=\"product:price:currency\" content=\"USD\" \/>\n<meta property=\"og:availability\" content=\"instock\" \/>\n<meta property=\"product:availability\" content=\"instock\" \/>\n<meta property=\"product:retailer_item_id\" content=\"50340\" \/>\n<meta property=\"product:condition\" content=\"new\" \/>\n<!-- \/ Yoast SEO Premium plugin. -->","yoast_head_json":{"title":"AMORTISSEURS AVANT STAGE 3 pour ARCTIC CAT XF 6000 CROSS COUNTRY (141), 2015 &#187; Elka Suspension Inc","robots":{"index":"index","follow":"follow","max-snippet":"max-snippet:-1","max-image-preview":"max-image-preview:large","max-video-preview":"max-video-preview:-1"},"canonical":"https:\/\/www.elkasuspension.com\/fr\/produit\/amortisseurs-avant-stage-3-pour-arctic-cat-xf-6000-cross-country-141-2015\/","og_locale":"fr_FR","og_type":"article","og_title":"AMORTISSEURS AVANT STAGE 3 pour ARCTIC CAT XF 6000 CROSS COUNTRY (141), 2015","og_description":"Le Stage 3 est notre mod\u00e8le le plus populaire, offrant une combinaison \u00e9quilibr\u00e9e de performance et d'ajustabilit\u00e9 \u00e0 un prix comp\u00e9titif. Ils sont parfaits pour les pilotes \u00e0 la recherche d'une solution sens\u00e9e pour am\u00e9liorer leur suspension. Ajustements: - Compression basse-v\u00e9locit\u00e9 - Pr\u00e9charge des ressort","og_url":"https:\/\/www.elkasuspension.com\/fr\/produit\/amortisseurs-avant-stage-3-pour-arctic-cat-xf-6000-cross-country-141-2015\/","og_site_name":"Elka Suspension Inc","article_publisher":"https:\/\/www.facebook.com\/ElkaSuspension","article_modified_time":"2025-01-08T17:33:33+00:00","og_image":[{"width":1200,"height":1200,"url":"https:\/\/www.elkasuspension.com\/wp-content\/uploads\/2021\/12\/web_snow-36-stage3_main-29.jpg","type":"image\/jpeg"}],"twitter_card":"summary_large_image","twitter_site":"@ElkaSuspension","twitter_misc":{"Price":"&#36;1,350.00","Availability":"In stock"},"schema":{"@context":"https:\/\/schema.org","@graph":[{"@type":"WebPage","@id":"https:\/\/www.elkasuspension.com\/fr\/produit\/amortisseurs-avant-stage-3-pour-arctic-cat-xf-6000-cross-country-141-2015\/","url":"https:\/\/www.elkasuspension.com\/fr\/produit\/amortisseurs-avant-stage-3-pour-arctic-cat-xf-6000-cross-country-141-2015\/","name":"AMORTISSEURS AVANT STAGE 3 pour ARCTIC CAT XF 6000 CROSS COUNTRY (141), 2015 &#187; Elka Suspension Inc","isPartOf":{"@id":"https:\/\/www.elkasuspension.com\/fr\/#website"},"primaryImageOfPage":{"@id":"https:\/\/www.elkasuspension.com\/fr\/produit\/amortisseurs-avant-stage-3-pour-arctic-cat-xf-6000-cross-country-141-2015\/#primaryimage"},"image":{"@id":"https:\/\/www.elkasuspension.com\/fr\/produit\/amortisseurs-avant-stage-3-pour-arctic-cat-xf-6000-cross-country-141-2015\/#primaryimage"},"thumbnailUrl":"https:\/\/www.elkasuspension.com\/wp-content\/uploads\/2025\/01\/web_snow-36-stage3_main-29.jpg","datePublished":"2025-01-08T17:33:29+00:00","dateModified":"2025-01-08T17:33:33+00:00","breadcrumb":{"@id":"https:\/\/www.elkasuspension.com\/fr\/produit\/amortisseurs-avant-stage-3-pour-arctic-cat-xf-6000-cross-country-141-2015\/#breadcrumb"},"inLanguage":"fr-FR","potentialAction":[{"@type":"ReadAction","target":["https:\/\/www.elkasuspension.com\/fr\/produit\/amortisseurs-avant-stage-3-pour-arctic-cat-xf-6000-cross-country-141-2015\/"]}]},{"@type":"ImageObject","inLanguage":"fr-FR","@id":"https:\/\/www.elkasuspension.com\/fr\/produit\/amortisseurs-avant-stage-3-pour-arctic-cat-xf-6000-cross-country-141-2015\/#primaryimage","url":"https:\/\/www.elkasuspension.com\/wp-content\/uploads\/2025\/01\/web_snow-36-stage3_main-29.jpg","contentUrl":"https:\/\/www.elkasuspension.com\/wp-content\/uploads\/2025\/01\/web_snow-36-stage3_main-29.jpg","width":1200,"height":1200},{"@type":"BreadcrumbList","@id":"https:\/\/www.elkasuspension.com\/fr\/produit\/amortisseurs-avant-stage-3-pour-arctic-cat-xf-6000-cross-country-141-2015\/#breadcrumb","itemListElement":[{"@type":"ListItem","position":1,"name":"Home","item":"https:\/\/www.elkasuspension.com\/fr\/"},{"@type":"ListItem","position":2,"name":"Boutique","item":"https:\/\/www.elkasuspension.com\/fr\/boutique\/"},{"@type":"ListItem","position":3,"name":"AMORTISSEURS AVANT STAGE 3 pour ARCTIC CAT XF 6000 CROSS COUNTRY (141), 2015"}]},{"@type":"WebSite","@id":"https:\/\/www.elkasuspension.com\/fr\/#website","url":"https:\/\/www.elkasuspension.com\/fr\/","name":"Elka Suspension Inc","description":"High Performance Aftermarket Shock Absorbers","publisher":{"@id":"https:\/\/www.elkasuspension.com\/fr\/#organization"},"potentialAction":[{"@type":"SearchAction","target":{"@type":"EntryPoint","urlTemplate":"https:\/\/www.elkasuspension.com\/fr\/?s={search_term_string}"},"query-input":{"@type":"PropertyValueSpecification","valueRequired":true,"valueName":"search_term_string"}}],"inLanguage":"fr-FR"},{"@type":"Organization","@id":"https:\/\/www.elkasuspension.com\/fr\/#organization","name":"Elka Suspension Inc.","url":"https:\/\/www.elkasuspension.com\/fr\/","logo":{"@type":"ImageObject","inLanguage":"fr-FR","@id":"https:\/\/www.elkasuspension.com\/fr\/#\/schema\/logo\/image\/","url":"https:\/\/www.elkasuspension.com\/wp-content\/uploads\/2021\/02\/ELKA-LOGO-2018_450x99.jpg","contentUrl":"https:\/\/www.elkasuspension.com\/wp-content\/uploads\/2021\/02\/ELKA-LOGO-2018_450x99.jpg","width":450,"height":99,"caption":"Elka Suspension Inc."},"image":{"@id":"https:\/\/www.elkasuspension.com\/fr\/#\/schema\/logo\/image\/"},"sameAs":["https:\/\/www.facebook.com\/ElkaSuspension","https:\/\/x.com\/ElkaSuspension","https:\/\/www.instagram.com\/elkasuspension\/","https:\/\/www.youtube.com\/user\/ElkaSuspensionTV"]}]},"product_brand":"ARCTIC CAT","product_price_amount":"1350.00","product_price_currency":"USD","og_availability":"instock","product_availability":"instock","product_retailer_item_id":"50340","product_condition":"new"},"acf":[],"_links":{"self":[{"href":"https:\/\/www.elkasuspension.com\/fr\/wp-json\/wp\/v2\/product\/332193","targetHints":{"allow":["GET"]}}],"collection":[{"href":"https:\/\/www.elkasuspension.com\/fr\/wp-json\/wp\/v2\/product"}],"about":[{"href":"https:\/\/www.elkasuspension.com\/fr\/wp-json\/wp\/v2\/types\/product"}],"replies":[{"embeddable":true,"href":"https:\/\/www.elkasuspension.com\/fr\/wp-json\/wp\/v2\/comments?post=332193"}],"wp:featuredmedia":[{"embeddable":true,"href":"https:\/\/www.elkasuspension.com\/fr\/wp-json\/wp\/v2\/media\/7966493750"}],"wp:attachment":[{"href":"https:\/\/www.elkasuspension.com\/fr\/wp-json\/wp\/v2\/media?parent=332193"}],"wp:term":[{"taxonomy":"product_brand","embeddable":true,"href":"https:\/\/www.elkasuspension.com\/fr\/wp-json\/wp\/v2\/product_brand?post=332193"},{"taxonomy":"product_cat","embeddable":true,"href":"https:\/\/www.elkasuspension.com\/fr\/wp-json\/wp\/v2\/product_cat?post=332193"},{"taxonomy":"product_tag","embeddable":true,"href":"https:\/\/www.elkasuspension.com\/fr\/wp-json\/wp\/v2\/product_tag?post=332193"}],"curies":[{"name":"wp","href":"https:\/\/api.w.org\/{rel}","templated":true}]}}