{"id":334051,"date":"2025-01-08T14:55:21","date_gmt":"2025-01-08T19:55:21","guid":{"rendered":"https:\/\/www.elkasuspension.com\/?post_type=product&#038;p=334051"},"modified":"2025-01-08T14:55:25","modified_gmt":"2025-01-08T19:55:25","slug":"ensemble-av-et-arr-kit-recreatif-pour-ski-doo-mxz-blizzard-1200-4-tec-129-2016-a-2017","status":"publish","type":"product","link":"https:\/\/www.elkasuspension.com\/fr\/produit\/ensemble-av-et-arr-kit-recreatif-pour-ski-doo-mxz-blizzard-1200-4-tec-129-2016-a-2017\/","title":{"rendered":"ENSEMBLE AV. ET ARR. KIT R\u00c9CR\u00c9ATIF pour SKI-DOO MXZ BLIZZARD 1200 4-TEC (129), 2016 \u00e0 2017"},"content":{"rendered":"<h3>Am\u00e9liorez de fa\u00e7on significative le comportement et le confort de votre motoneige tout en maximisant le plaisir de conduire!<\/h3>\n<p>Avec des ajustements simples, vous pouvez payer moins mais obtenir tout de m\u00eame les m\u00eames composantes de qualit\u00e9 et la m\u00eame fabrication attentive qu&#8217;avec nos mod\u00e8les plus haut-de-gamme. Cet ensemble comprend des amortisseurs Stage 2 qui offrent des ajustments minimaux simples mais qui peuvent am\u00e9liorer consid\u00e9rablement le confort et la tenue de route de votre motoneige. Ne vous laissez pas m\u00e9prendre par l&#8217;apparente simplicit\u00e9 du Stage 2, ce mod\u00e8le offre un excellent rapport qualit\u00e9-prix et repr\u00e9sente un des meilleurs choix pour le remplacement des amortisseurs de votre motoneige. L&#8217;ensemble comprend aussi un amortisseur Stage 4 \u00e0 l&#8217;arri\u00e8 qui comporte un r\u00e9servoir externe afin d&#8217;assurer un amortissement constant durant toute la journ\u00e9.<\/p>\n<p>Ce produit permet un ajustement de certains param\u00e8tres de votre suspension et par cons\u00e9quent peut demander une p\u00e9riode d&#8217;adaptation et des tests de r\u00e9glages pour atteindre une performance maximale. Des amortisseurs tr\u00e8s ajustables viennent avec la responsabilit\u00e9 de bien les r\u00e9gler!<\/p>\n","protected":false},"excerpt":{"rendered":"<p>L&#8217;ensemble KIT R\u00e9CR\u00e9ATIF comprend deux amortisseurs avants Stage 2, un amortisseur central Stage 2 et un amortisseur arri\u00e8re Stage 4. Ce kit est id\u00e9al pour les applications r\u00e9cr\u00e9atives et pour les pilotes d\u00e9sirant r\u00e9duire le poids de leur machine.<\/p>\n<p>Ajustements:<\/p>\n<p>&#8211; Compression basse-vitesse (arr. seul.)<br \/>\n&#8211; D\u00e9tente (rebond)<br \/>\n&#8211; Pr\u00e9charge ressort<\/p>\n","protected":false},"featured_media":7966500329,"comment_status":"closed","ping_status":"closed","template":"","meta":{"_acf_changed":false},"product_brand":[],"product_cat":[41333,41945,41425],"product_tag":[38630,50764,36364,39801],"class_list":{"0":"post-334051","1":"product","2":"type-product","3":"status-publish","4":"has-post-thumbnail","6":"product_cat-motoneige","7":"product_cat-fr-mxz_blizzard_1200_4-tec_129_2016_a_2017","8":"product_cat-ski-doo-motoneige","9":"product_tag-kit-recreatif","10":"product_tag-motoneige","11":"product_tag-recreatif","12":"product_tag-ski-doo-fr","13":"pa_body-diameter-material-36mm-aluminium-fr","14":"pa_part-number-39878","15":"pa_position-ensemble-avant-arriere-fr","16":"pa_primary-intended-use-recreatif","17":"pa_product-model-kit-recreatif","18":"pa_reservoir-configuration-avec-reservoir-fr","19":"pa_shock-type-avec-ressort-fr","20":"pa_sku-53690","21":"pa_unit-of-sale-sold-as-kit","22":"pa_vehicle-make-ski-doo","23":"pa_vehicle-model-year-mxz-blizzard-1200-4-tec-129-2016-a-2017","25":"first","26":"instock","27":"sale","28":"taxable","29":"shipping-taxable","30":"purchasable","31":"product-type-simple"},"yoast_head":"<!-- This site is optimized with the Yoast SEO Premium plugin v26.7 (Yoast SEO v26.7) - https:\/\/yoast.com\/wordpress\/plugins\/seo\/ -->\n<title>ENSEMBLE AV. ET ARR. KIT R\u00c9CR\u00c9ATIF pour SKI-DOO MXZ BLIZZARD 1200 4-TEC (129), 2016 \u00e0 2017 &#187; Elka Suspension Inc<\/title>\n<meta name=\"robots\" content=\"index, follow, max-snippet:-1, max-image-preview:large, max-video-preview:-1\" \/>\n<link rel=\"canonical\" href=\"https:\/\/www.elkasuspension.com\/fr\/produit\/ensemble-av-et-arr-kit-recreatif-pour-ski-doo-mxz-blizzard-1200-4-tec-129-2016-a-2017\/\" \/>\n<meta property=\"og:locale\" content=\"fr_FR\" \/>\n<meta property=\"og:type\" content=\"article\" \/>\n<meta property=\"og:title\" content=\"ENSEMBLE AV. ET ARR. KIT R\u00c9CR\u00c9ATIF pour SKI-DOO MXZ BLIZZARD 1200 4-TEC (129), 2016 \u00e0 2017\" \/>\n<meta property=\"og:description\" content=\"L&#039;ensemble KIT R\u00e9CR\u00e9ATIF comprend deux amortisseurs avants Stage 2, un amortisseur central Stage 2 et un amortisseur arri\u00e8re Stage 4. Ce kit est id\u00e9al pour les applications r\u00e9cr\u00e9atives et pour les pilotes d\u00e9sirant r\u00e9duire le poids de leur machine. Ajustements: - Compression basse-vitesse (arr. seul.) - D\u00e9tente (rebond) - Pr\u00e9charge ressort\" \/>\n<meta property=\"og:url\" content=\"https:\/\/www.elkasuspension.com\/fr\/produit\/ensemble-av-et-arr-kit-recreatif-pour-ski-doo-mxz-blizzard-1200-4-tec-129-2016-a-2017\/\" \/>\n<meta property=\"og:site_name\" content=\"Elka Suspension Inc\" \/>\n<meta property=\"article:publisher\" content=\"https:\/\/www.facebook.com\/ElkaSuspension\" \/>\n<meta property=\"article:modified_time\" content=\"2025-01-08T19:55:25+00:00\" \/>\n<meta property=\"og:image\" content=\"https:\/\/www.elkasuspension.com\/wp-content\/uploads\/2021\/12\/web_snow-36-RECREATIONALKIT_Mainb-20.jpg\" \/>\n\t<meta property=\"og:image:width\" content=\"1200\" \/>\n\t<meta property=\"og:image:height\" content=\"1200\" \/>\n\t<meta property=\"og:image:type\" content=\"image\/jpeg\" \/>\n<meta name=\"twitter:card\" content=\"summary_large_image\" \/>\n<meta name=\"twitter:site\" content=\"@ElkaSuspension\" \/>\n<meta name=\"twitter:label1\" content=\"Price\" \/>\n\t<meta name=\"twitter:data1\" content=\"&#036;2,500.00\" \/>\n\t<meta name=\"twitter:label2\" content=\"Availability\" \/>\n\t<meta name=\"twitter:data2\" content=\"In stock\" \/>\n<script type=\"application\/ld+json\" class=\"yoast-schema-graph\">{\"@context\":\"https:\/\/schema.org\",\"@graph\":[{\"@type\":\"WebPage\",\"@id\":\"https:\/\/www.elkasuspension.com\/fr\/produit\/ensemble-av-et-arr-kit-recreatif-pour-ski-doo-mxz-blizzard-1200-4-tec-129-2016-a-2017\/\",\"url\":\"https:\/\/www.elkasuspension.com\/fr\/produit\/ensemble-av-et-arr-kit-recreatif-pour-ski-doo-mxz-blizzard-1200-4-tec-129-2016-a-2017\/\",\"name\":\"ENSEMBLE AV. ET ARR. KIT R\u00c9CR\u00c9ATIF pour SKI-DOO MXZ BLIZZARD 1200 4-TEC (129), 2016 \u00e0 2017 &#187; Elka Suspension Inc\",\"isPartOf\":{\"@id\":\"https:\/\/www.elkasuspension.com\/fr\/#website\"},\"primaryImageOfPage\":{\"@id\":\"https:\/\/www.elkasuspension.com\/fr\/produit\/ensemble-av-et-arr-kit-recreatif-pour-ski-doo-mxz-blizzard-1200-4-tec-129-2016-a-2017\/#primaryimage\"},\"image\":{\"@id\":\"https:\/\/www.elkasuspension.com\/fr\/produit\/ensemble-av-et-arr-kit-recreatif-pour-ski-doo-mxz-blizzard-1200-4-tec-129-2016-a-2017\/#primaryimage\"},\"thumbnailUrl\":\"https:\/\/www.elkasuspension.com\/wp-content\/uploads\/2025\/01\/web_snow-36-RECREATIONALKIT_Mainb-20.jpg\",\"datePublished\":\"2025-01-08T19:55:21+00:00\",\"dateModified\":\"2025-01-08T19:55:25+00:00\",\"breadcrumb\":{\"@id\":\"https:\/\/www.elkasuspension.com\/fr\/produit\/ensemble-av-et-arr-kit-recreatif-pour-ski-doo-mxz-blizzard-1200-4-tec-129-2016-a-2017\/#breadcrumb\"},\"inLanguage\":\"fr-FR\",\"potentialAction\":[{\"@type\":\"ReadAction\",\"target\":[\"https:\/\/www.elkasuspension.com\/fr\/produit\/ensemble-av-et-arr-kit-recreatif-pour-ski-doo-mxz-blizzard-1200-4-tec-129-2016-a-2017\/\"]}]},{\"@type\":\"ImageObject\",\"inLanguage\":\"fr-FR\",\"@id\":\"https:\/\/www.elkasuspension.com\/fr\/produit\/ensemble-av-et-arr-kit-recreatif-pour-ski-doo-mxz-blizzard-1200-4-tec-129-2016-a-2017\/#primaryimage\",\"url\":\"https:\/\/www.elkasuspension.com\/wp-content\/uploads\/2025\/01\/web_snow-36-RECREATIONALKIT_Mainb-20.jpg\",\"contentUrl\":\"https:\/\/www.elkasuspension.com\/wp-content\/uploads\/2025\/01\/web_snow-36-RECREATIONALKIT_Mainb-20.jpg\",\"width\":1200,\"height\":1200},{\"@type\":\"BreadcrumbList\",\"@id\":\"https:\/\/www.elkasuspension.com\/fr\/produit\/ensemble-av-et-arr-kit-recreatif-pour-ski-doo-mxz-blizzard-1200-4-tec-129-2016-a-2017\/#breadcrumb\",\"itemListElement\":[{\"@type\":\"ListItem\",\"position\":1,\"name\":\"Home\",\"item\":\"https:\/\/www.elkasuspension.com\/fr\/\"},{\"@type\":\"ListItem\",\"position\":2,\"name\":\"Boutique\",\"item\":\"https:\/\/www.elkasuspension.com\/fr\/boutique\/\"},{\"@type\":\"ListItem\",\"position\":3,\"name\":\"ENSEMBLE AV. ET ARR. KIT R\u00c9CR\u00c9ATIF pour SKI-DOO MXZ BLIZZARD 1200 4-TEC (129), 2016 \u00e0 2017\"}]},{\"@type\":\"WebSite\",\"@id\":\"https:\/\/www.elkasuspension.com\/fr\/#website\",\"url\":\"https:\/\/www.elkasuspension.com\/fr\/\",\"name\":\"Elka Suspension Inc\",\"description\":\"High Performance Aftermarket Shock Absorbers\",\"publisher\":{\"@id\":\"https:\/\/www.elkasuspension.com\/fr\/#organization\"},\"potentialAction\":[{\"@type\":\"SearchAction\",\"target\":{\"@type\":\"EntryPoint\",\"urlTemplate\":\"https:\/\/www.elkasuspension.com\/fr\/?s={search_term_string}\"},\"query-input\":{\"@type\":\"PropertyValueSpecification\",\"valueRequired\":true,\"valueName\":\"search_term_string\"}}],\"inLanguage\":\"fr-FR\"},{\"@type\":\"Organization\",\"@id\":\"https:\/\/www.elkasuspension.com\/fr\/#organization\",\"name\":\"Elka Suspension Inc.\",\"url\":\"https:\/\/www.elkasuspension.com\/fr\/\",\"logo\":{\"@type\":\"ImageObject\",\"inLanguage\":\"fr-FR\",\"@id\":\"https:\/\/www.elkasuspension.com\/fr\/#\/schema\/logo\/image\/\",\"url\":\"https:\/\/www.elkasuspension.com\/wp-content\/uploads\/2021\/02\/ELKA-LOGO-2018_450x99.jpg\",\"contentUrl\":\"https:\/\/www.elkasuspension.com\/wp-content\/uploads\/2021\/02\/ELKA-LOGO-2018_450x99.jpg\",\"width\":450,\"height\":99,\"caption\":\"Elka Suspension Inc.\"},\"image\":{\"@id\":\"https:\/\/www.elkasuspension.com\/fr\/#\/schema\/logo\/image\/\"},\"sameAs\":[\"https:\/\/www.facebook.com\/ElkaSuspension\",\"https:\/\/x.com\/ElkaSuspension\",\"https:\/\/www.instagram.com\/elkasuspension\/\",\"https:\/\/www.youtube.com\/user\/ElkaSuspensionTV\"]}]}<\/script>\n<meta property=\"product:brand\" content=\"MOTONEIGE\" \/>\n<meta property=\"product:price:amount\" content=\"2500.00\" \/>\n<meta property=\"product:price:currency\" content=\"USD\" \/>\n<meta property=\"og:availability\" content=\"instock\" \/>\n<meta property=\"product:availability\" content=\"instock\" \/>\n<meta property=\"product:retailer_item_id\" content=\"51254\" \/>\n<meta property=\"product:condition\" content=\"new\" \/>\n<!-- \/ Yoast SEO Premium plugin. -->","yoast_head_json":{"title":"ENSEMBLE AV. ET ARR. KIT R\u00c9CR\u00c9ATIF pour SKI-DOO MXZ BLIZZARD 1200 4-TEC (129), 2016 \u00e0 2017 &#187; Elka Suspension Inc","robots":{"index":"index","follow":"follow","max-snippet":"max-snippet:-1","max-image-preview":"max-image-preview:large","max-video-preview":"max-video-preview:-1"},"canonical":"https:\/\/www.elkasuspension.com\/fr\/produit\/ensemble-av-et-arr-kit-recreatif-pour-ski-doo-mxz-blizzard-1200-4-tec-129-2016-a-2017\/","og_locale":"fr_FR","og_type":"article","og_title":"ENSEMBLE AV. ET ARR. KIT R\u00c9CR\u00c9ATIF pour SKI-DOO MXZ BLIZZARD 1200 4-TEC (129), 2016 \u00e0 2017","og_description":"L'ensemble KIT R\u00e9CR\u00e9ATIF comprend deux amortisseurs avants Stage 2, un amortisseur central Stage 2 et un amortisseur arri\u00e8re Stage 4. Ce kit est id\u00e9al pour les applications r\u00e9cr\u00e9atives et pour les pilotes d\u00e9sirant r\u00e9duire le poids de leur machine. Ajustements: - Compression basse-vitesse (arr. seul.) - D\u00e9tente (rebond) - Pr\u00e9charge ressort","og_url":"https:\/\/www.elkasuspension.com\/fr\/produit\/ensemble-av-et-arr-kit-recreatif-pour-ski-doo-mxz-blizzard-1200-4-tec-129-2016-a-2017\/","og_site_name":"Elka Suspension Inc","article_publisher":"https:\/\/www.facebook.com\/ElkaSuspension","article_modified_time":"2025-01-08T19:55:25+00:00","og_image":[{"width":1200,"height":1200,"url":"https:\/\/www.elkasuspension.com\/wp-content\/uploads\/2021\/12\/web_snow-36-RECREATIONALKIT_Mainb-20.jpg","type":"image\/jpeg"}],"twitter_card":"summary_large_image","twitter_site":"@ElkaSuspension","twitter_misc":{"Price":"&#36;2,500.00","Availability":"In stock"},"schema":{"@context":"https:\/\/schema.org","@graph":[{"@type":"WebPage","@id":"https:\/\/www.elkasuspension.com\/fr\/produit\/ensemble-av-et-arr-kit-recreatif-pour-ski-doo-mxz-blizzard-1200-4-tec-129-2016-a-2017\/","url":"https:\/\/www.elkasuspension.com\/fr\/produit\/ensemble-av-et-arr-kit-recreatif-pour-ski-doo-mxz-blizzard-1200-4-tec-129-2016-a-2017\/","name":"ENSEMBLE AV. ET ARR. KIT R\u00c9CR\u00c9ATIF pour SKI-DOO MXZ BLIZZARD 1200 4-TEC (129), 2016 \u00e0 2017 &#187; Elka Suspension Inc","isPartOf":{"@id":"https:\/\/www.elkasuspension.com\/fr\/#website"},"primaryImageOfPage":{"@id":"https:\/\/www.elkasuspension.com\/fr\/produit\/ensemble-av-et-arr-kit-recreatif-pour-ski-doo-mxz-blizzard-1200-4-tec-129-2016-a-2017\/#primaryimage"},"image":{"@id":"https:\/\/www.elkasuspension.com\/fr\/produit\/ensemble-av-et-arr-kit-recreatif-pour-ski-doo-mxz-blizzard-1200-4-tec-129-2016-a-2017\/#primaryimage"},"thumbnailUrl":"https:\/\/www.elkasuspension.com\/wp-content\/uploads\/2025\/01\/web_snow-36-RECREATIONALKIT_Mainb-20.jpg","datePublished":"2025-01-08T19:55:21+00:00","dateModified":"2025-01-08T19:55:25+00:00","breadcrumb":{"@id":"https:\/\/www.elkasuspension.com\/fr\/produit\/ensemble-av-et-arr-kit-recreatif-pour-ski-doo-mxz-blizzard-1200-4-tec-129-2016-a-2017\/#breadcrumb"},"inLanguage":"fr-FR","potentialAction":[{"@type":"ReadAction","target":["https:\/\/www.elkasuspension.com\/fr\/produit\/ensemble-av-et-arr-kit-recreatif-pour-ski-doo-mxz-blizzard-1200-4-tec-129-2016-a-2017\/"]}]},{"@type":"ImageObject","inLanguage":"fr-FR","@id":"https:\/\/www.elkasuspension.com\/fr\/produit\/ensemble-av-et-arr-kit-recreatif-pour-ski-doo-mxz-blizzard-1200-4-tec-129-2016-a-2017\/#primaryimage","url":"https:\/\/www.elkasuspension.com\/wp-content\/uploads\/2025\/01\/web_snow-36-RECREATIONALKIT_Mainb-20.jpg","contentUrl":"https:\/\/www.elkasuspension.com\/wp-content\/uploads\/2025\/01\/web_snow-36-RECREATIONALKIT_Mainb-20.jpg","width":1200,"height":1200},{"@type":"BreadcrumbList","@id":"https:\/\/www.elkasuspension.com\/fr\/produit\/ensemble-av-et-arr-kit-recreatif-pour-ski-doo-mxz-blizzard-1200-4-tec-129-2016-a-2017\/#breadcrumb","itemListElement":[{"@type":"ListItem","position":1,"name":"Home","item":"https:\/\/www.elkasuspension.com\/fr\/"},{"@type":"ListItem","position":2,"name":"Boutique","item":"https:\/\/www.elkasuspension.com\/fr\/boutique\/"},{"@type":"ListItem","position":3,"name":"ENSEMBLE AV. ET ARR. KIT R\u00c9CR\u00c9ATIF pour SKI-DOO MXZ BLIZZARD 1200 4-TEC (129), 2016 \u00e0 2017"}]},{"@type":"WebSite","@id":"https:\/\/www.elkasuspension.com\/fr\/#website","url":"https:\/\/www.elkasuspension.com\/fr\/","name":"Elka Suspension Inc","description":"High Performance Aftermarket Shock Absorbers","publisher":{"@id":"https:\/\/www.elkasuspension.com\/fr\/#organization"},"potentialAction":[{"@type":"SearchAction","target":{"@type":"EntryPoint","urlTemplate":"https:\/\/www.elkasuspension.com\/fr\/?s={search_term_string}"},"query-input":{"@type":"PropertyValueSpecification","valueRequired":true,"valueName":"search_term_string"}}],"inLanguage":"fr-FR"},{"@type":"Organization","@id":"https:\/\/www.elkasuspension.com\/fr\/#organization","name":"Elka Suspension Inc.","url":"https:\/\/www.elkasuspension.com\/fr\/","logo":{"@type":"ImageObject","inLanguage":"fr-FR","@id":"https:\/\/www.elkasuspension.com\/fr\/#\/schema\/logo\/image\/","url":"https:\/\/www.elkasuspension.com\/wp-content\/uploads\/2021\/02\/ELKA-LOGO-2018_450x99.jpg","contentUrl":"https:\/\/www.elkasuspension.com\/wp-content\/uploads\/2021\/02\/ELKA-LOGO-2018_450x99.jpg","width":450,"height":99,"caption":"Elka Suspension Inc."},"image":{"@id":"https:\/\/www.elkasuspension.com\/fr\/#\/schema\/logo\/image\/"},"sameAs":["https:\/\/www.facebook.com\/ElkaSuspension","https:\/\/x.com\/ElkaSuspension","https:\/\/www.instagram.com\/elkasuspension\/","https:\/\/www.youtube.com\/user\/ElkaSuspensionTV"]}]},"product_brand":"MOTONEIGE","product_price_amount":"2500.00","product_price_currency":"USD","og_availability":"instock","product_availability":"instock","product_retailer_item_id":"51254","product_condition":"new"},"acf":[],"_links":{"self":[{"href":"https:\/\/www.elkasuspension.com\/fr\/wp-json\/wp\/v2\/product\/334051","targetHints":{"allow":["GET"]}}],"collection":[{"href":"https:\/\/www.elkasuspension.com\/fr\/wp-json\/wp\/v2\/product"}],"about":[{"href":"https:\/\/www.elkasuspension.com\/fr\/wp-json\/wp\/v2\/types\/product"}],"replies":[{"embeddable":true,"href":"https:\/\/www.elkasuspension.com\/fr\/wp-json\/wp\/v2\/comments?post=334051"}],"wp:featuredmedia":[{"embeddable":true,"href":"https:\/\/www.elkasuspension.com\/fr\/wp-json\/wp\/v2\/media\/7966500329"}],"wp:attachment":[{"href":"https:\/\/www.elkasuspension.com\/fr\/wp-json\/wp\/v2\/media?parent=334051"}],"wp:term":[{"taxonomy":"product_brand","embeddable":true,"href":"https:\/\/www.elkasuspension.com\/fr\/wp-json\/wp\/v2\/product_brand?post=334051"},{"taxonomy":"product_cat","embeddable":true,"href":"https:\/\/www.elkasuspension.com\/fr\/wp-json\/wp\/v2\/product_cat?post=334051"},{"taxonomy":"product_tag","embeddable":true,"href":"https:\/\/www.elkasuspension.com\/fr\/wp-json\/wp\/v2\/product_tag?post=334051"}],"curies":[{"name":"wp","href":"https:\/\/api.w.org\/{rel}","templated":true}]}}