{"id":344773,"date":"2025-01-07T15:01:57","date_gmt":"2025-01-07T20:01:57","guid":{"rendered":"https:\/\/www.elkasuspension.com\/?post_type=product&#038;p=344773"},"modified":"2025-01-07T15:02:01","modified_gmt":"2025-01-07T20:02:01","slug":"amortisseurs-avant-stage-2-pour-arctic-cat-1000xt-2013-a-2017","status":"publish","type":"product","link":"https:\/\/www.elkasuspension.com\/fr\/produit\/amortisseurs-avant-stage-2-pour-arctic-cat-1000xt-2013-a-2017\/","title":{"rendered":"AMORTISSEURS AVANT STAGE 2 pour ARCTIC CAT 1000XT, 2013 \u00e0 2017"},"content":{"rendered":"<h3>Nous travaillons fort lors de la calibration de nos amortisseurs Stage 2 pour vous en faciliter l&#8217;utilisation, vous permettant ainsi de passer plus de temps \u00e0 rouler tout simplement<\/h3>\n<p>Parfois moins c&#8217;est plus et notre mod\u00e8le Stage 2 en est un bon exemple. Avec moins d&#8217;ajustabilit\u00e9, vous pouvez payer moins mais obtenir tout de m\u00eame les m\u00eames composantes de qualit\u00e9 et la m\u00eame fabrication attentive qu&#8217;avec nos mod\u00e8les plus haut-de-gamme. N&#8217;\u00e9tant pas calibr\u00e9s pour la course, ces amortisseurs peuvent n\u00e9anmoins am\u00e9liorer consid\u00e9rablement le confort et la tenue de route de votre VTT. Ne vous laissez pas m\u00e9prendre par l&#8217;apparente simplicit\u00e9 du Stage 2, ce mod\u00e8le offre un excellent rapport qualit\u00e9-prix et repr\u00e9sente un des meilleurs choix pour le remplacement des amortisseurs de votre VTT. <\/p>\n<p>Ce produit permet un l&#8217;ajustement de certains param\u00e8tres de votre suspension et par cons\u00e9quent peut demander une p\u00e9riode d&#8217;adaptation et des tests de r\u00e9glages pour atteindre une performance maximale. Des amortisseurs tr\u00e8s ajustables viennent avec la responsabilit\u00e9 de bien les r\u00e9gler!<\/p>\n","protected":false},"excerpt":{"rendered":"<p>Le Stage 2 est notre mod\u00e8le \u00abvaleur\u00bb qui partage la majorit\u00e9 de ses composantes avec nos mod\u00e8les plus hauts-de-gamme. Ils sont calibr\u00e9s sp\u00e9cifiquement pour votre v\u00e9hicule et votre style de pilotage pour vous permettre de simplement les installer et de les appr\u00e9cier. Ils sont le choix parfait pour ceux qui recherchent un bon amortisseur \u00e0 bon prix.<\/p>\n<p>Ajustements:<\/p>\n<p>&#8211; D\u00e9tente (rebond)<br \/>\n&#8211; Pr\u00e9charge des ressort<\/p>\n","protected":false},"featured_media":7966476851,"comment_status":"closed","ping_status":"closed","template":"","meta":{"_acf_changed":false},"product_brand":[],"product_cat":[42339,41375,41329],"product_tag":[36423,44403,36364,36380],"class_list":{"0":"post-344773","1":"product","2":"type-product","3":"status-publish","4":"has-post-thumbnail","6":"product_cat-fr-1000xt_2013_a_2017","7":"product_cat-quad-arctic-cat","8":"product_cat-quad-sport-utilitaire","9":"product_tag-arctic-cat-fr","10":"product_tag-quad-sport-utilitaire","11":"product_tag-recreatif","12":"product_tag-stage-2-fr","13":"pa_body-diameter-material-36mm-aluminium-fr","14":"pa_part-number-36452","15":"pa_position-avant-fr","16":"pa_primary-intended-use-recreatif","17":"pa_product-model-stage-2-fr-2","18":"pa_reservoir-configuration-sans-reservoir","19":"pa_shock-type-avec-ressort-fr","20":"pa_sku-44461","21":"pa_unit-of-sale-sold-as-paire-fr","22":"pa_vehicle-make-arctic-cat","23":"pa_vehicle-model-year-1000xt-2013-a-2017","25":"first","26":"instock","27":"taxable","28":"shipping-taxable","29":"purchasable","30":"product-type-simple"},"yoast_head":"<!-- This site is optimized with the Yoast SEO Premium plugin v26.7 (Yoast SEO v26.7) - https:\/\/yoast.com\/wordpress\/plugins\/seo\/ -->\n<title>AMORTISSEURS AVANT STAGE 2 pour ARCTIC CAT 1000XT, 2013 \u00e0 2017 &#187; Elka Suspension Inc<\/title>\n<meta name=\"robots\" content=\"index, follow, max-snippet:-1, max-image-preview:large, max-video-preview:-1\" \/>\n<link rel=\"canonical\" href=\"https:\/\/www.elkasuspension.com\/fr\/produit\/amortisseurs-avant-stage-2-pour-arctic-cat-1000xt-2013-a-2017\/\" \/>\n<meta property=\"og:locale\" content=\"fr_FR\" \/>\n<meta property=\"og:type\" content=\"article\" \/>\n<meta property=\"og:title\" content=\"AMORTISSEURS AVANT STAGE 2 pour ARCTIC CAT 1000XT, 2013 \u00e0 2017\" \/>\n<meta property=\"og:description\" content=\"Le Stage 2 est notre mod\u00e8le \u00abvaleur\u00bb qui partage la majorit\u00e9 de ses composantes avec nos mod\u00e8les plus hauts-de-gamme. Ils sont calibr\u00e9s sp\u00e9cifiquement pour votre v\u00e9hicule et votre style de pilotage pour vous permettre de simplement les installer et de les appr\u00e9cier. Ils sont le choix parfait pour ceux qui recherchent un bon amortisseur \u00e0 bon prix. Ajustements: - D\u00e9tente (rebond) - Pr\u00e9charge des ressort\" \/>\n<meta property=\"og:url\" content=\"https:\/\/www.elkasuspension.com\/fr\/produit\/amortisseurs-avant-stage-2-pour-arctic-cat-1000xt-2013-a-2017\/\" \/>\n<meta property=\"og:site_name\" content=\"Elka Suspension Inc\" \/>\n<meta property=\"article:publisher\" content=\"https:\/\/www.facebook.com\/ElkaSuspension\" \/>\n<meta property=\"article:modified_time\" content=\"2025-01-07T20:02:01+00:00\" \/>\n<meta property=\"og:image\" content=\"https:\/\/www.elkasuspension.com\/wp-content\/uploads\/2021\/12\/web_quad-36-stage2_main-4.jpg\" \/>\n\t<meta property=\"og:image:width\" content=\"1200\" \/>\n\t<meta property=\"og:image:height\" content=\"1200\" \/>\n\t<meta property=\"og:image:type\" content=\"image\/jpeg\" \/>\n<meta name=\"twitter:card\" content=\"summary_large_image\" \/>\n<meta name=\"twitter:site\" content=\"@ElkaSuspension\" \/>\n<meta name=\"twitter:label1\" content=\"Price\" \/>\n\t<meta name=\"twitter:data1\" content=\"&#036;900.00\" \/>\n\t<meta name=\"twitter:label2\" content=\"Availability\" \/>\n\t<meta name=\"twitter:data2\" content=\"In stock\" \/>\n<script type=\"application\/ld+json\" class=\"yoast-schema-graph\">{\"@context\":\"https:\/\/schema.org\",\"@graph\":[{\"@type\":\"WebPage\",\"@id\":\"https:\/\/www.elkasuspension.com\/fr\/produit\/amortisseurs-avant-stage-2-pour-arctic-cat-1000xt-2013-a-2017\/\",\"url\":\"https:\/\/www.elkasuspension.com\/fr\/produit\/amortisseurs-avant-stage-2-pour-arctic-cat-1000xt-2013-a-2017\/\",\"name\":\"AMORTISSEURS AVANT STAGE 2 pour ARCTIC CAT 1000XT, 2013 \u00e0 2017 &#187; Elka Suspension Inc\",\"isPartOf\":{\"@id\":\"https:\/\/www.elkasuspension.com\/fr\/#website\"},\"primaryImageOfPage\":{\"@id\":\"https:\/\/www.elkasuspension.com\/fr\/produit\/amortisseurs-avant-stage-2-pour-arctic-cat-1000xt-2013-a-2017\/#primaryimage\"},\"image\":{\"@id\":\"https:\/\/www.elkasuspension.com\/fr\/produit\/amortisseurs-avant-stage-2-pour-arctic-cat-1000xt-2013-a-2017\/#primaryimage\"},\"thumbnailUrl\":\"https:\/\/www.elkasuspension.com\/wp-content\/uploads\/2025\/01\/web_quad-36-stage2_main-4.jpg\",\"datePublished\":\"2025-01-07T20:01:57+00:00\",\"dateModified\":\"2025-01-07T20:02:01+00:00\",\"breadcrumb\":{\"@id\":\"https:\/\/www.elkasuspension.com\/fr\/produit\/amortisseurs-avant-stage-2-pour-arctic-cat-1000xt-2013-a-2017\/#breadcrumb\"},\"inLanguage\":\"fr-FR\",\"potentialAction\":[{\"@type\":\"ReadAction\",\"target\":[\"https:\/\/www.elkasuspension.com\/fr\/produit\/amortisseurs-avant-stage-2-pour-arctic-cat-1000xt-2013-a-2017\/\"]}]},{\"@type\":\"ImageObject\",\"inLanguage\":\"fr-FR\",\"@id\":\"https:\/\/www.elkasuspension.com\/fr\/produit\/amortisseurs-avant-stage-2-pour-arctic-cat-1000xt-2013-a-2017\/#primaryimage\",\"url\":\"https:\/\/www.elkasuspension.com\/wp-content\/uploads\/2025\/01\/web_quad-36-stage2_main-4.jpg\",\"contentUrl\":\"https:\/\/www.elkasuspension.com\/wp-content\/uploads\/2025\/01\/web_quad-36-stage2_main-4.jpg\",\"width\":1200,\"height\":1200},{\"@type\":\"BreadcrumbList\",\"@id\":\"https:\/\/www.elkasuspension.com\/fr\/produit\/amortisseurs-avant-stage-2-pour-arctic-cat-1000xt-2013-a-2017\/#breadcrumb\",\"itemListElement\":[{\"@type\":\"ListItem\",\"position\":1,\"name\":\"Home\",\"item\":\"https:\/\/www.elkasuspension.com\/fr\/\"},{\"@type\":\"ListItem\",\"position\":2,\"name\":\"Boutique\",\"item\":\"https:\/\/www.elkasuspension.com\/fr\/boutique\/\"},{\"@type\":\"ListItem\",\"position\":3,\"name\":\"AMORTISSEURS AVANT STAGE 2 pour ARCTIC CAT 1000XT, 2013 \u00e0 2017\"}]},{\"@type\":\"WebSite\",\"@id\":\"https:\/\/www.elkasuspension.com\/fr\/#website\",\"url\":\"https:\/\/www.elkasuspension.com\/fr\/\",\"name\":\"Elka Suspension Inc\",\"description\":\"High Performance Aftermarket Shock Absorbers\",\"publisher\":{\"@id\":\"https:\/\/www.elkasuspension.com\/fr\/#organization\"},\"potentialAction\":[{\"@type\":\"SearchAction\",\"target\":{\"@type\":\"EntryPoint\",\"urlTemplate\":\"https:\/\/www.elkasuspension.com\/fr\/?s={search_term_string}\"},\"query-input\":{\"@type\":\"PropertyValueSpecification\",\"valueRequired\":true,\"valueName\":\"search_term_string\"}}],\"inLanguage\":\"fr-FR\"},{\"@type\":\"Organization\",\"@id\":\"https:\/\/www.elkasuspension.com\/fr\/#organization\",\"name\":\"Elka Suspension Inc.\",\"url\":\"https:\/\/www.elkasuspension.com\/fr\/\",\"logo\":{\"@type\":\"ImageObject\",\"inLanguage\":\"fr-FR\",\"@id\":\"https:\/\/www.elkasuspension.com\/fr\/#\/schema\/logo\/image\/\",\"url\":\"https:\/\/www.elkasuspension.com\/wp-content\/uploads\/2021\/02\/ELKA-LOGO-2018_450x99.jpg\",\"contentUrl\":\"https:\/\/www.elkasuspension.com\/wp-content\/uploads\/2021\/02\/ELKA-LOGO-2018_450x99.jpg\",\"width\":450,\"height\":99,\"caption\":\"Elka Suspension Inc.\"},\"image\":{\"@id\":\"https:\/\/www.elkasuspension.com\/fr\/#\/schema\/logo\/image\/\"},\"sameAs\":[\"https:\/\/www.facebook.com\/ElkaSuspension\",\"https:\/\/x.com\/ElkaSuspension\",\"https:\/\/www.instagram.com\/elkasuspension\/\",\"https:\/\/www.youtube.com\/user\/ElkaSuspensionTV\"]}]}<\/script>\n<meta property=\"product:brand\" content=\"1000XT, 2013 \u00e0 2017\" \/>\n<meta property=\"product:price:amount\" content=\"900.00\" \/>\n<meta property=\"product:price:currency\" content=\"USD\" \/>\n<meta property=\"og:availability\" content=\"instock\" \/>\n<meta property=\"product:availability\" content=\"instock\" \/>\n<meta property=\"product:retailer_item_id\" content=\"10062\" \/>\n<meta property=\"product:condition\" content=\"new\" \/>\n<!-- \/ Yoast SEO Premium plugin. -->","yoast_head_json":{"title":"AMORTISSEURS AVANT STAGE 2 pour ARCTIC CAT 1000XT, 2013 \u00e0 2017 &#187; Elka Suspension Inc","robots":{"index":"index","follow":"follow","max-snippet":"max-snippet:-1","max-image-preview":"max-image-preview:large","max-video-preview":"max-video-preview:-1"},"canonical":"https:\/\/www.elkasuspension.com\/fr\/produit\/amortisseurs-avant-stage-2-pour-arctic-cat-1000xt-2013-a-2017\/","og_locale":"fr_FR","og_type":"article","og_title":"AMORTISSEURS AVANT STAGE 2 pour ARCTIC CAT 1000XT, 2013 \u00e0 2017","og_description":"Le Stage 2 est notre mod\u00e8le \u00abvaleur\u00bb qui partage la majorit\u00e9 de ses composantes avec nos mod\u00e8les plus hauts-de-gamme. Ils sont calibr\u00e9s sp\u00e9cifiquement pour votre v\u00e9hicule et votre style de pilotage pour vous permettre de simplement les installer et de les appr\u00e9cier. Ils sont le choix parfait pour ceux qui recherchent un bon amortisseur \u00e0 bon prix. Ajustements: - D\u00e9tente (rebond) - Pr\u00e9charge des ressort","og_url":"https:\/\/www.elkasuspension.com\/fr\/produit\/amortisseurs-avant-stage-2-pour-arctic-cat-1000xt-2013-a-2017\/","og_site_name":"Elka Suspension Inc","article_publisher":"https:\/\/www.facebook.com\/ElkaSuspension","article_modified_time":"2025-01-07T20:02:01+00:00","og_image":[{"width":1200,"height":1200,"url":"https:\/\/www.elkasuspension.com\/wp-content\/uploads\/2021\/12\/web_quad-36-stage2_main-4.jpg","type":"image\/jpeg"}],"twitter_card":"summary_large_image","twitter_site":"@ElkaSuspension","twitter_misc":{"Price":"&#36;900.00","Availability":"In stock"},"schema":{"@context":"https:\/\/schema.org","@graph":[{"@type":"WebPage","@id":"https:\/\/www.elkasuspension.com\/fr\/produit\/amortisseurs-avant-stage-2-pour-arctic-cat-1000xt-2013-a-2017\/","url":"https:\/\/www.elkasuspension.com\/fr\/produit\/amortisseurs-avant-stage-2-pour-arctic-cat-1000xt-2013-a-2017\/","name":"AMORTISSEURS AVANT STAGE 2 pour ARCTIC CAT 1000XT, 2013 \u00e0 2017 &#187; Elka Suspension Inc","isPartOf":{"@id":"https:\/\/www.elkasuspension.com\/fr\/#website"},"primaryImageOfPage":{"@id":"https:\/\/www.elkasuspension.com\/fr\/produit\/amortisseurs-avant-stage-2-pour-arctic-cat-1000xt-2013-a-2017\/#primaryimage"},"image":{"@id":"https:\/\/www.elkasuspension.com\/fr\/produit\/amortisseurs-avant-stage-2-pour-arctic-cat-1000xt-2013-a-2017\/#primaryimage"},"thumbnailUrl":"https:\/\/www.elkasuspension.com\/wp-content\/uploads\/2025\/01\/web_quad-36-stage2_main-4.jpg","datePublished":"2025-01-07T20:01:57+00:00","dateModified":"2025-01-07T20:02:01+00:00","breadcrumb":{"@id":"https:\/\/www.elkasuspension.com\/fr\/produit\/amortisseurs-avant-stage-2-pour-arctic-cat-1000xt-2013-a-2017\/#breadcrumb"},"inLanguage":"fr-FR","potentialAction":[{"@type":"ReadAction","target":["https:\/\/www.elkasuspension.com\/fr\/produit\/amortisseurs-avant-stage-2-pour-arctic-cat-1000xt-2013-a-2017\/"]}]},{"@type":"ImageObject","inLanguage":"fr-FR","@id":"https:\/\/www.elkasuspension.com\/fr\/produit\/amortisseurs-avant-stage-2-pour-arctic-cat-1000xt-2013-a-2017\/#primaryimage","url":"https:\/\/www.elkasuspension.com\/wp-content\/uploads\/2025\/01\/web_quad-36-stage2_main-4.jpg","contentUrl":"https:\/\/www.elkasuspension.com\/wp-content\/uploads\/2025\/01\/web_quad-36-stage2_main-4.jpg","width":1200,"height":1200},{"@type":"BreadcrumbList","@id":"https:\/\/www.elkasuspension.com\/fr\/produit\/amortisseurs-avant-stage-2-pour-arctic-cat-1000xt-2013-a-2017\/#breadcrumb","itemListElement":[{"@type":"ListItem","position":1,"name":"Home","item":"https:\/\/www.elkasuspension.com\/fr\/"},{"@type":"ListItem","position":2,"name":"Boutique","item":"https:\/\/www.elkasuspension.com\/fr\/boutique\/"},{"@type":"ListItem","position":3,"name":"AMORTISSEURS AVANT STAGE 2 pour ARCTIC CAT 1000XT, 2013 \u00e0 2017"}]},{"@type":"WebSite","@id":"https:\/\/www.elkasuspension.com\/fr\/#website","url":"https:\/\/www.elkasuspension.com\/fr\/","name":"Elka Suspension Inc","description":"High Performance Aftermarket Shock Absorbers","publisher":{"@id":"https:\/\/www.elkasuspension.com\/fr\/#organization"},"potentialAction":[{"@type":"SearchAction","target":{"@type":"EntryPoint","urlTemplate":"https:\/\/www.elkasuspension.com\/fr\/?s={search_term_string}"},"query-input":{"@type":"PropertyValueSpecification","valueRequired":true,"valueName":"search_term_string"}}],"inLanguage":"fr-FR"},{"@type":"Organization","@id":"https:\/\/www.elkasuspension.com\/fr\/#organization","name":"Elka Suspension Inc.","url":"https:\/\/www.elkasuspension.com\/fr\/","logo":{"@type":"ImageObject","inLanguage":"fr-FR","@id":"https:\/\/www.elkasuspension.com\/fr\/#\/schema\/logo\/image\/","url":"https:\/\/www.elkasuspension.com\/wp-content\/uploads\/2021\/02\/ELKA-LOGO-2018_450x99.jpg","contentUrl":"https:\/\/www.elkasuspension.com\/wp-content\/uploads\/2021\/02\/ELKA-LOGO-2018_450x99.jpg","width":450,"height":99,"caption":"Elka Suspension Inc."},"image":{"@id":"https:\/\/www.elkasuspension.com\/fr\/#\/schema\/logo\/image\/"},"sameAs":["https:\/\/www.facebook.com\/ElkaSuspension","https:\/\/x.com\/ElkaSuspension","https:\/\/www.instagram.com\/elkasuspension\/","https:\/\/www.youtube.com\/user\/ElkaSuspensionTV"]}]},"product_brand":"1000XT, 2013 \u00e0 2017","product_price_amount":"900.00","product_price_currency":"USD","og_availability":"instock","product_availability":"instock","product_retailer_item_id":"10062","product_condition":"new"},"acf":[],"_links":{"self":[{"href":"https:\/\/www.elkasuspension.com\/fr\/wp-json\/wp\/v2\/product\/344773","targetHints":{"allow":["GET"]}}],"collection":[{"href":"https:\/\/www.elkasuspension.com\/fr\/wp-json\/wp\/v2\/product"}],"about":[{"href":"https:\/\/www.elkasuspension.com\/fr\/wp-json\/wp\/v2\/types\/product"}],"replies":[{"embeddable":true,"href":"https:\/\/www.elkasuspension.com\/fr\/wp-json\/wp\/v2\/comments?post=344773"}],"wp:featuredmedia":[{"embeddable":true,"href":"https:\/\/www.elkasuspension.com\/fr\/wp-json\/wp\/v2\/media\/7966476851"}],"wp:attachment":[{"href":"https:\/\/www.elkasuspension.com\/fr\/wp-json\/wp\/v2\/media?parent=344773"}],"wp:term":[{"taxonomy":"product_brand","embeddable":true,"href":"https:\/\/www.elkasuspension.com\/fr\/wp-json\/wp\/v2\/product_brand?post=344773"},{"taxonomy":"product_cat","embeddable":true,"href":"https:\/\/www.elkasuspension.com\/fr\/wp-json\/wp\/v2\/product_cat?post=344773"},{"taxonomy":"product_tag","embeddable":true,"href":"https:\/\/www.elkasuspension.com\/fr\/wp-json\/wp\/v2\/product_tag?post=344773"}],"curies":[{"name":"wp","href":"https:\/\/api.w.org\/{rel}","templated":true}]}}