{"id":345407,"date":"2026-01-21T12:14:57","date_gmt":"2026-01-21T17:14:57","guid":{"rendered":"https:\/\/www.elkasuspension.com\/?post_type=product&#038;p=345407"},"modified":"2026-01-21T12:15:14","modified_gmt":"2026-01-21T17:15:14","slug":"amortisseur-arriere-stage-5-hyd-pour-can-am-spyder-f3-f3-s-2015-a-2020","status":"publish","type":"product","link":"https:\/\/www.elkasuspension.com\/fr\/produit\/amortisseur-arriere-stage-5-hyd-pour-can-am-spyder-f3-f3-s-2015-a-2020\/","title":{"rendered":"AMORTISSEUR ARRI\u00c8RE STAGE 5 HYD pour CAN-AM SPYDER F3 \/ F3-S, 2015 \u00e0 2026"},"content":{"rendered":"<h3>Am\u00e9liorez la suspension de votre Spyder avec nos amortisseurs Stage 5 et restez coll\u00e9s \u00e0 la route<\/h3>\n<p>Les amortisseurs Stage 5 sont con\u00e7us autour de trois facteurs-cl\u00e9s de performance: un d\u00e9bit hydraulique \u00e9lev\u00e9, un design ultra-l\u00e9ger et des composantes internes mobiles \u00e0 basse friction. La combinaison parfaitement \u00e9quilibr\u00e9e de toutes ces caract\u00e9ristiques font du mod\u00e8le Stage 5 les amortisseurs les plus performants et les plus confortables sur le march\u00e9. Les propri\u00e9taires de Spyder adeptes de sensations fortes b\u00e9n\u00e9ficient d&#8217;une meilleure absorption des bosses et d&#8217;un confort accru. \u00c0 notre avis, les amortisseurs Stage 5 sont les plus confortables et performants sur le march\u00e9 aujourd&#8217;hui.<\/p>\n<p>Ce produit permet un ajustement de tous les param\u00e8tres de votre suspension et par cons\u00e9quent peut demander une p\u00e9riode d&#8217;adaptation et des tests de r\u00e9glages pour atteindre une performance maximale. Des amortisseurs tr\u00e8s ajustables viennent avec la responsabilit\u00e9 de bien les r\u00e9gler!<\/p>\n","protected":false},"excerpt":{"rendered":"<p>\u00e8le haut-de-gamme qui allie notre technologie \u00abHigh-Flow\u00bb, un design ultra-l\u00e9ger et des composantes internes \u00e0 basse friction. Ils offrent un ajustement d\u00e9port\u00e9 hydraulique de la pr\u00e9-charge ressort, rendant ainsi pratique et facile l&#8217;ajustement pour la conduite en solo ou avec passager.  Les amortisseurs Stage 5 sont le choix id\u00e9al pour les enthousiastes \u00e0 la recherche du maximum de performance et du contr\u00f4le total de tous les param\u00e8tres de leur suspension, sans aucun compromis.<\/p>\n<p>Ajustements:<\/p>\n<p>&#8211; Compression haute-v\u00e9locit\u00e9<br \/>\n&#8211; Compression basse-v\u00e9locit\u00e9<br \/>\n&#8211; D\u00e9tente (rebond)<br \/>\n&#8211; Pr\u00e9<\/p>\n","protected":false},"featured_media":7966578674,"comment_status":"closed","ping_status":"closed","template":"","meta":{"_acf_changed":false},"product_brand":[],"product_cat":[41428,41334,60897],"product_tag":[36619,40915,56019,40948],"class_list":{"0":"post-345407","1":"product","2":"type-product","3":"status-publish","4":"has-post-thumbnail","6":"product_cat-can-am-spyder-ryker","7":"product_cat-spyder-and-ryker","8":"product_cat-spyder_f3-f3-s_2015_to_2024","9":"product_tag-can-am","10":"product_tag-performance-tuning","11":"product_tag-spyder-ryker","12":"product_tag-stage-5-hyd","13":"pa_part-number-35993","14":"pa_position-rear","15":"pa_primary-intended-use-performance-tuning","16":"pa_product-model-stage-5-hyd","17":"pa_reservoir-configuration-remote-reservoir","18":"pa_shock-type-coilover","19":"pa_sku-56078","20":"pa_unit-of-sale-sold-as-unit","21":"pa_vehicle-make-can-am","22":"pa_vehicle-model-year-spyder-f3-f3-s-2015-to-2026","24":"first","25":"instock","26":"taxable","27":"shipping-taxable","28":"purchasable","29":"product-type-simple"},"yoast_head":"<!-- This site is optimized with the Yoast SEO Premium plugin v26.7 (Yoast SEO v26.7) - https:\/\/yoast.com\/wordpress\/plugins\/seo\/ -->\n<title>AMORTISSEUR ARRI\u00c8RE STAGE 5 HYD pour CAN-AM SPYDER F3 \/ F3-S, 2015 \u00e0 2026 &#187; Elka Suspension Inc<\/title>\n<meta name=\"robots\" content=\"index, follow, max-snippet:-1, max-image-preview:large, max-video-preview:-1\" \/>\n<link rel=\"canonical\" href=\"https:\/\/www.elkasuspension.com\/fr\/produit\/amortisseur-arriere-stage-5-hyd-pour-can-am-spyder-f3-f3-s-2015-a-2020\/\" \/>\n<meta property=\"og:locale\" content=\"fr_FR\" \/>\n<meta property=\"og:type\" content=\"article\" \/>\n<meta property=\"og:title\" content=\"AMORTISSEUR ARRI\u00c8RE STAGE 5 HYD pour CAN-AM SPYDER F3 \/ F3-S, 2015 \u00e0 2026\" \/>\n<meta property=\"og:description\" content=\"\u00e8le haut-de-gamme qui allie notre technologie \u00abHigh-Flow\u00bb, un design ultra-l\u00e9ger et des composantes internes \u00e0 basse friction. Ils offrent un ajustement d\u00e9port\u00e9 hydraulique de la pr\u00e9-charge ressort, rendant ainsi pratique et facile l&#039;ajustement pour la conduite en solo ou avec passager. Les amortisseurs Stage 5 sont le choix id\u00e9al pour les enthousiastes \u00e0 la recherche du maximum de performance et du contr\u00f4le total de tous les param\u00e8tres de leur suspension, sans aucun compromis. Ajustements: - Compression haute-v\u00e9locit\u00e9 - Compression basse-v\u00e9locit\u00e9 - D\u00e9tente (rebond) - Pr\u00e9\" \/>\n<meta property=\"og:url\" content=\"https:\/\/www.elkasuspension.com\/fr\/produit\/amortisseur-arriere-stage-5-hyd-pour-can-am-spyder-f3-f3-s-2015-a-2020\/\" \/>\n<meta property=\"og:site_name\" content=\"Elka Suspension Inc\" \/>\n<meta property=\"article:publisher\" content=\"https:\/\/www.facebook.com\/ElkaSuspension\" \/>\n<meta property=\"article:modified_time\" content=\"2026-01-21T17:15:14+00:00\" \/>\n<meta property=\"og:image\" content=\"https:\/\/www.elkasuspension.com\/wp-content\/uploads\/2026\/01\/web_spyder-46-stage5_main-5.jpg\" \/>\n\t<meta property=\"og:image:width\" content=\"1200\" \/>\n\t<meta property=\"og:image:height\" content=\"1200\" \/>\n\t<meta property=\"og:image:type\" content=\"image\/jpeg\" \/>\n<meta name=\"twitter:card\" content=\"summary_large_image\" \/>\n<meta name=\"twitter:site\" content=\"@ElkaSuspension\" \/>\n<meta name=\"twitter:label1\" content=\"Price\" \/>\n\t<meta name=\"twitter:data1\" content=\"&#036;1,575.00\" \/>\n\t<meta name=\"twitter:label2\" content=\"Availability\" \/>\n\t<meta name=\"twitter:data2\" content=\"In stock\" \/>\n<script type=\"application\/ld+json\" class=\"yoast-schema-graph\">{\"@context\":\"https:\/\/schema.org\",\"@graph\":[{\"@type\":\"WebPage\",\"@id\":\"https:\/\/www.elkasuspension.com\/fr\/produit\/amortisseur-arriere-stage-5-hyd-pour-can-am-spyder-f3-f3-s-2015-a-2020\/\",\"url\":\"https:\/\/www.elkasuspension.com\/fr\/produit\/amortisseur-arriere-stage-5-hyd-pour-can-am-spyder-f3-f3-s-2015-a-2020\/\",\"name\":\"AMORTISSEUR ARRI\u00c8RE STAGE 5 HYD pour CAN-AM SPYDER F3 \/ F3-S, 2015 \u00e0 2026 &#187; Elka Suspension Inc\",\"isPartOf\":{\"@id\":\"https:\/\/www.elkasuspension.com\/fr\/#website\"},\"primaryImageOfPage\":{\"@id\":\"https:\/\/www.elkasuspension.com\/fr\/produit\/amortisseur-arriere-stage-5-hyd-pour-can-am-spyder-f3-f3-s-2015-a-2020\/#primaryimage\"},\"image\":{\"@id\":\"https:\/\/www.elkasuspension.com\/fr\/produit\/amortisseur-arriere-stage-5-hyd-pour-can-am-spyder-f3-f3-s-2015-a-2020\/#primaryimage\"},\"thumbnailUrl\":\"https:\/\/www.elkasuspension.com\/wp-content\/uploads\/2026\/01\/web_spyder-46-stage5_main-5.jpg\",\"datePublished\":\"2026-01-21T17:14:57+00:00\",\"dateModified\":\"2026-01-21T17:15:14+00:00\",\"breadcrumb\":{\"@id\":\"https:\/\/www.elkasuspension.com\/fr\/produit\/amortisseur-arriere-stage-5-hyd-pour-can-am-spyder-f3-f3-s-2015-a-2020\/#breadcrumb\"},\"inLanguage\":\"fr-FR\",\"potentialAction\":[{\"@type\":\"ReadAction\",\"target\":[\"https:\/\/www.elkasuspension.com\/fr\/produit\/amortisseur-arriere-stage-5-hyd-pour-can-am-spyder-f3-f3-s-2015-a-2020\/\"]}]},{\"@type\":\"ImageObject\",\"inLanguage\":\"fr-FR\",\"@id\":\"https:\/\/www.elkasuspension.com\/fr\/produit\/amortisseur-arriere-stage-5-hyd-pour-can-am-spyder-f3-f3-s-2015-a-2020\/#primaryimage\",\"url\":\"https:\/\/www.elkasuspension.com\/wp-content\/uploads\/2026\/01\/web_spyder-46-stage5_main-5.jpg\",\"contentUrl\":\"https:\/\/www.elkasuspension.com\/wp-content\/uploads\/2026\/01\/web_spyder-46-stage5_main-5.jpg\",\"width\":1200,\"height\":1200},{\"@type\":\"BreadcrumbList\",\"@id\":\"https:\/\/www.elkasuspension.com\/fr\/produit\/amortisseur-arriere-stage-5-hyd-pour-can-am-spyder-f3-f3-s-2015-a-2020\/#breadcrumb\",\"itemListElement\":[{\"@type\":\"ListItem\",\"position\":1,\"name\":\"Home\",\"item\":\"https:\/\/www.elkasuspension.com\/fr\/\"},{\"@type\":\"ListItem\",\"position\":2,\"name\":\"Boutique\",\"item\":\"https:\/\/www.elkasuspension.com\/fr\/boutique\/\"},{\"@type\":\"ListItem\",\"position\":3,\"name\":\"AMORTISSEUR ARRI\u00c8RE STAGE 5 HYD pour CAN-AM SPYDER F3 \/ F3-S, 2015 \u00e0 2026\"}]},{\"@type\":\"WebSite\",\"@id\":\"https:\/\/www.elkasuspension.com\/fr\/#website\",\"url\":\"https:\/\/www.elkasuspension.com\/fr\/\",\"name\":\"Elka Suspension Inc\",\"description\":\"High Performance Aftermarket Shock Absorbers\",\"publisher\":{\"@id\":\"https:\/\/www.elkasuspension.com\/fr\/#organization\"},\"potentialAction\":[{\"@type\":\"SearchAction\",\"target\":{\"@type\":\"EntryPoint\",\"urlTemplate\":\"https:\/\/www.elkasuspension.com\/fr\/?s={search_term_string}\"},\"query-input\":{\"@type\":\"PropertyValueSpecification\",\"valueRequired\":true,\"valueName\":\"search_term_string\"}}],\"inLanguage\":\"fr-FR\"},{\"@type\":\"Organization\",\"@id\":\"https:\/\/www.elkasuspension.com\/fr\/#organization\",\"name\":\"Elka Suspension Inc.\",\"url\":\"https:\/\/www.elkasuspension.com\/fr\/\",\"logo\":{\"@type\":\"ImageObject\",\"inLanguage\":\"fr-FR\",\"@id\":\"https:\/\/www.elkasuspension.com\/fr\/#\/schema\/logo\/image\/\",\"url\":\"https:\/\/www.elkasuspension.com\/wp-content\/uploads\/2021\/02\/ELKA-LOGO-2018_450x99.jpg\",\"contentUrl\":\"https:\/\/www.elkasuspension.com\/wp-content\/uploads\/2021\/02\/ELKA-LOGO-2018_450x99.jpg\",\"width\":450,\"height\":99,\"caption\":\"Elka Suspension Inc.\"},\"image\":{\"@id\":\"https:\/\/www.elkasuspension.com\/fr\/#\/schema\/logo\/image\/\"},\"sameAs\":[\"https:\/\/www.facebook.com\/ElkaSuspension\",\"https:\/\/x.com\/ElkaSuspension\",\"https:\/\/www.instagram.com\/elkasuspension\/\",\"https:\/\/www.youtube.com\/user\/ElkaSuspensionTV\"]}]}<\/script>\n<meta property=\"product:brand\" content=\"CAN-AM\" \/>\n<meta property=\"product:price:amount\" content=\"1575.00\" \/>\n<meta property=\"product:price:currency\" content=\"USD\" \/>\n<meta property=\"og:availability\" content=\"instock\" \/>\n<meta property=\"product:availability\" content=\"instock\" \/>\n<meta property=\"product:retailer_item_id\" content=\"70010\" \/>\n<meta property=\"product:condition\" content=\"new\" \/>\n<!-- \/ Yoast SEO Premium plugin. -->","yoast_head_json":{"title":"AMORTISSEUR ARRI\u00c8RE STAGE 5 HYD pour CAN-AM SPYDER F3 \/ F3-S, 2015 \u00e0 2026 &#187; Elka Suspension Inc","robots":{"index":"index","follow":"follow","max-snippet":"max-snippet:-1","max-image-preview":"max-image-preview:large","max-video-preview":"max-video-preview:-1"},"canonical":"https:\/\/www.elkasuspension.com\/fr\/produit\/amortisseur-arriere-stage-5-hyd-pour-can-am-spyder-f3-f3-s-2015-a-2020\/","og_locale":"fr_FR","og_type":"article","og_title":"AMORTISSEUR ARRI\u00c8RE STAGE 5 HYD pour CAN-AM SPYDER F3 \/ F3-S, 2015 \u00e0 2026","og_description":"\u00e8le haut-de-gamme qui allie notre technologie \u00abHigh-Flow\u00bb, un design ultra-l\u00e9ger et des composantes internes \u00e0 basse friction. Ils offrent un ajustement d\u00e9port\u00e9 hydraulique de la pr\u00e9-charge ressort, rendant ainsi pratique et facile l'ajustement pour la conduite en solo ou avec passager. Les amortisseurs Stage 5 sont le choix id\u00e9al pour les enthousiastes \u00e0 la recherche du maximum de performance et du contr\u00f4le total de tous les param\u00e8tres de leur suspension, sans aucun compromis. Ajustements: - Compression haute-v\u00e9locit\u00e9 - Compression basse-v\u00e9locit\u00e9 - D\u00e9tente (rebond) - Pr\u00e9","og_url":"https:\/\/www.elkasuspension.com\/fr\/produit\/amortisseur-arriere-stage-5-hyd-pour-can-am-spyder-f3-f3-s-2015-a-2020\/","og_site_name":"Elka Suspension Inc","article_publisher":"https:\/\/www.facebook.com\/ElkaSuspension","article_modified_time":"2026-01-21T17:15:14+00:00","og_image":[{"width":1200,"height":1200,"url":"https:\/\/www.elkasuspension.com\/wp-content\/uploads\/2026\/01\/web_spyder-46-stage5_main-5.jpg","type":"image\/jpeg"}],"twitter_card":"summary_large_image","twitter_site":"@ElkaSuspension","twitter_misc":{"Price":"&#36;1,575.00","Availability":"In stock"},"schema":{"@context":"https:\/\/schema.org","@graph":[{"@type":"WebPage","@id":"https:\/\/www.elkasuspension.com\/fr\/produit\/amortisseur-arriere-stage-5-hyd-pour-can-am-spyder-f3-f3-s-2015-a-2020\/","url":"https:\/\/www.elkasuspension.com\/fr\/produit\/amortisseur-arriere-stage-5-hyd-pour-can-am-spyder-f3-f3-s-2015-a-2020\/","name":"AMORTISSEUR ARRI\u00c8RE STAGE 5 HYD pour CAN-AM SPYDER F3 \/ F3-S, 2015 \u00e0 2026 &#187; Elka Suspension Inc","isPartOf":{"@id":"https:\/\/www.elkasuspension.com\/fr\/#website"},"primaryImageOfPage":{"@id":"https:\/\/www.elkasuspension.com\/fr\/produit\/amortisseur-arriere-stage-5-hyd-pour-can-am-spyder-f3-f3-s-2015-a-2020\/#primaryimage"},"image":{"@id":"https:\/\/www.elkasuspension.com\/fr\/produit\/amortisseur-arriere-stage-5-hyd-pour-can-am-spyder-f3-f3-s-2015-a-2020\/#primaryimage"},"thumbnailUrl":"https:\/\/www.elkasuspension.com\/wp-content\/uploads\/2026\/01\/web_spyder-46-stage5_main-5.jpg","datePublished":"2026-01-21T17:14:57+00:00","dateModified":"2026-01-21T17:15:14+00:00","breadcrumb":{"@id":"https:\/\/www.elkasuspension.com\/fr\/produit\/amortisseur-arriere-stage-5-hyd-pour-can-am-spyder-f3-f3-s-2015-a-2020\/#breadcrumb"},"inLanguage":"fr-FR","potentialAction":[{"@type":"ReadAction","target":["https:\/\/www.elkasuspension.com\/fr\/produit\/amortisseur-arriere-stage-5-hyd-pour-can-am-spyder-f3-f3-s-2015-a-2020\/"]}]},{"@type":"ImageObject","inLanguage":"fr-FR","@id":"https:\/\/www.elkasuspension.com\/fr\/produit\/amortisseur-arriere-stage-5-hyd-pour-can-am-spyder-f3-f3-s-2015-a-2020\/#primaryimage","url":"https:\/\/www.elkasuspension.com\/wp-content\/uploads\/2026\/01\/web_spyder-46-stage5_main-5.jpg","contentUrl":"https:\/\/www.elkasuspension.com\/wp-content\/uploads\/2026\/01\/web_spyder-46-stage5_main-5.jpg","width":1200,"height":1200},{"@type":"BreadcrumbList","@id":"https:\/\/www.elkasuspension.com\/fr\/produit\/amortisseur-arriere-stage-5-hyd-pour-can-am-spyder-f3-f3-s-2015-a-2020\/#breadcrumb","itemListElement":[{"@type":"ListItem","position":1,"name":"Home","item":"https:\/\/www.elkasuspension.com\/fr\/"},{"@type":"ListItem","position":2,"name":"Boutique","item":"https:\/\/www.elkasuspension.com\/fr\/boutique\/"},{"@type":"ListItem","position":3,"name":"AMORTISSEUR ARRI\u00c8RE STAGE 5 HYD pour CAN-AM SPYDER F3 \/ F3-S, 2015 \u00e0 2026"}]},{"@type":"WebSite","@id":"https:\/\/www.elkasuspension.com\/fr\/#website","url":"https:\/\/www.elkasuspension.com\/fr\/","name":"Elka Suspension Inc","description":"High Performance Aftermarket Shock Absorbers","publisher":{"@id":"https:\/\/www.elkasuspension.com\/fr\/#organization"},"potentialAction":[{"@type":"SearchAction","target":{"@type":"EntryPoint","urlTemplate":"https:\/\/www.elkasuspension.com\/fr\/?s={search_term_string}"},"query-input":{"@type":"PropertyValueSpecification","valueRequired":true,"valueName":"search_term_string"}}],"inLanguage":"fr-FR"},{"@type":"Organization","@id":"https:\/\/www.elkasuspension.com\/fr\/#organization","name":"Elka Suspension Inc.","url":"https:\/\/www.elkasuspension.com\/fr\/","logo":{"@type":"ImageObject","inLanguage":"fr-FR","@id":"https:\/\/www.elkasuspension.com\/fr\/#\/schema\/logo\/image\/","url":"https:\/\/www.elkasuspension.com\/wp-content\/uploads\/2021\/02\/ELKA-LOGO-2018_450x99.jpg","contentUrl":"https:\/\/www.elkasuspension.com\/wp-content\/uploads\/2021\/02\/ELKA-LOGO-2018_450x99.jpg","width":450,"height":99,"caption":"Elka Suspension Inc."},"image":{"@id":"https:\/\/www.elkasuspension.com\/fr\/#\/schema\/logo\/image\/"},"sameAs":["https:\/\/www.facebook.com\/ElkaSuspension","https:\/\/x.com\/ElkaSuspension","https:\/\/www.instagram.com\/elkasuspension\/","https:\/\/www.youtube.com\/user\/ElkaSuspensionTV"]}]},"product_brand":"CAN-AM","product_price_amount":"1575.00","product_price_currency":"USD","og_availability":"instock","product_availability":"instock","product_retailer_item_id":"70010","product_condition":"new"},"acf":[],"_links":{"self":[{"href":"https:\/\/www.elkasuspension.com\/fr\/wp-json\/wp\/v2\/product\/345407","targetHints":{"allow":["GET"]}}],"collection":[{"href":"https:\/\/www.elkasuspension.com\/fr\/wp-json\/wp\/v2\/product"}],"about":[{"href":"https:\/\/www.elkasuspension.com\/fr\/wp-json\/wp\/v2\/types\/product"}],"replies":[{"embeddable":true,"href":"https:\/\/www.elkasuspension.com\/fr\/wp-json\/wp\/v2\/comments?post=345407"}],"wp:featuredmedia":[{"embeddable":true,"href":"https:\/\/www.elkasuspension.com\/fr\/wp-json\/wp\/v2\/media\/7966578674"}],"wp:attachment":[{"href":"https:\/\/www.elkasuspension.com\/fr\/wp-json\/wp\/v2\/media?parent=345407"}],"wp:term":[{"taxonomy":"product_brand","embeddable":true,"href":"https:\/\/www.elkasuspension.com\/fr\/wp-json\/wp\/v2\/product_brand?post=345407"},{"taxonomy":"product_cat","embeddable":true,"href":"https:\/\/www.elkasuspension.com\/fr\/wp-json\/wp\/v2\/product_cat?post=345407"},{"taxonomy":"product_tag","embeddable":true,"href":"https:\/\/www.elkasuspension.com\/fr\/wp-json\/wp\/v2\/product_tag?post=345407"}],"curies":[{"name":"wp","href":"https:\/\/api.w.org\/{rel}","templated":true}]}}