{"id":348028,"date":"2025-01-07T14:25:03","date_gmt":"2025-01-07T19:25:03","guid":{"rendered":"https:\/\/www.elkasuspension.com\/?post_type=product&#038;p=348028"},"modified":"2025-01-07T14:25:07","modified_gmt":"2025-01-07T19:25:07","slug":"amortisseurs-avant-legacy-series-pour-polaris-scrambler-90-toutes-annees","status":"publish","type":"product","link":"https:\/\/www.elkasuspension.com\/fr\/produit\/amortisseurs-avant-legacy-series-pour-polaris-scrambler-90-toutes-annees\/","title":{"rendered":"AMORTISSEURS AVANT LEGACY SERIES pour POLARIS SCRAMBLER 90, 2003"},"content":{"rendered":"<h3>Am\u00e9liorez la tenue de route, la performance et le niveau de confort de votre VTT Sport &#038; Course avec nos amortisseurs de la S\u00e9rie &#8220;Legacy&#8221;<\/h3>\n<p>Ces amortisseurs sont id\u00e9aux pour les pilotes r\u00e9cr\u00e9atifs ou occasionnels \u00e0 la recherche de meilleurs amortisseurs pour am\u00e9liorer ou remplacer leurs amortisseurs d&#8217;origine. Nos amotisseurs de la S\u00e9rie &#8220;Legacy&#8221; procurent des am\u00e9liorations importantes au niveau du confort, de la souplesse de roulement et de la tenue de route bien au-del\u00e0 de ce que peuvent vous offrir vos amortisseurs d&#8217;origine. Leur design est bas\u00e9 sur notre l\u00e9gendaire plateforme de produit pr\u00e9c\u00e9dente avec des corps en acier, des r\u00e9servoirs externes et des ajustements de base.<\/p>\n<p>Ce produit permet un contr\u00f4le sur certains param\u00e8tres de votre suspension et par cons\u00e9quent peut demander une p\u00e9riode d&#8217;adaptation et des tests de r\u00e9glages pour atteindre une performance maximale. Des amortisseurs tr\u00e8s ajustables viennent avec la responsabilit\u00e9 de bien les r\u00e9gler!<\/p>\n","protected":false},"excerpt":{"rendered":"<p>Les amortisseurs de la s\u00e9rie Legacy sont bas\u00e9s sur notre technologie pr\u00e9c\u00e9dente avec des corps en acier, des r\u00e9servoirs externes et des ajustements de base. Ils sont sp\u00e9cifiquement con\u00e7us pour votre mod\u00e8le de v\u00e9hicule. Ils sont parfaits pour remplacer des amortisseurs d&#8217;origine us\u00e9s par une solution abordable qui augmente les performances et le confort tout en respectant votre budget.<\/p>\n<p>Ajustements:<\/p>\n<p>&#8211; Compression basse-v\u00e9locit\u00e9<br \/>\n&#8211; Pr\u00e9charge des ressorts<\/p>\n","protected":false},"featured_media":7966474889,"comment_status":"closed","ping_status":"closed","template":"","meta":{"_acf_changed":false},"product_brand":[],"product_cat":[42614,58334,41327],"product_tag":[36389,37444,36364,44106],"class_list":{"0":"post-348028","1":"product","2":"type-product","3":"status-publish","4":"has-post-thumbnail","6":"product_cat-vtt-polaris","7":"product_cat-fr-scrambler_90_2003","8":"product_cat-vtt-sport-et-course","9":"product_tag-legacy-series-fr","10":"product_tag-polaris-fr","11":"product_tag-recreatif","12":"product_tag-vtt-sport-course","13":"pa_body-diameter-material-36mm-acier","14":"pa_part-number-47851","15":"pa_position-avant-fr","16":"pa_primary-intended-use-recreatif","17":"pa_product-model-legacy-series","18":"pa_reservoir-configuration-avec-reservoir-fr","19":"pa_shock-type-avec-ressort-fr","20":"pa_sku-47852","21":"pa_unit-of-sale-sold-as-paire-fr","22":"pa_vehicle-make-polaris","23":"pa_vehicle-model-year-scrambler-90-2003-fr","25":"first","26":"instock","27":"taxable","28":"shipping-taxable","29":"purchasable","30":"product-type-simple"},"yoast_head":"<!-- This site is optimized with the Yoast SEO Premium plugin v27.2 (Yoast SEO v27.2) - https:\/\/yoast.com\/product\/yoast-seo-premium-wordpress\/ -->\n<title>AMORTISSEURS AVANT LEGACY SERIES pour POLARIS SCRAMBLER 90, 2003 &#187; Elka Suspension Inc<\/title>\n<meta name=\"robots\" content=\"index, follow, max-snippet:-1, max-image-preview:large, max-video-preview:-1\" \/>\n<link rel=\"canonical\" href=\"https:\/\/www.elkasuspension.com\/fr\/produit\/amortisseurs-avant-legacy-series-pour-polaris-scrambler-90-toutes-annees\/\" \/>\n<meta property=\"og:locale\" content=\"fr_FR\" \/>\n<meta property=\"og:type\" content=\"article\" \/>\n<meta property=\"og:title\" content=\"AMORTISSEURS AVANT LEGACY SERIES pour POLARIS SCRAMBLER 90, 2003\" \/>\n<meta property=\"og:description\" content=\"Les amortisseurs de la s\u00e9rie Legacy sont bas\u00e9s sur notre technologie pr\u00e9c\u00e9dente avec des corps en acier, des r\u00e9servoirs externes et des ajustements de base. Ils sont sp\u00e9cifiquement con\u00e7us pour votre mod\u00e8le de v\u00e9hicule. Ils sont parfaits pour remplacer des amortisseurs d&#039;origine us\u00e9s par une solution abordable qui augmente les performances et le confort tout en respectant votre budget. Ajustements: - Compression basse-v\u00e9locit\u00e9 - Pr\u00e9charge des ressorts\" \/>\n<meta property=\"og:url\" content=\"https:\/\/www.elkasuspension.com\/fr\/produit\/amortisseurs-avant-legacy-series-pour-polaris-scrambler-90-toutes-annees\/\" \/>\n<meta property=\"og:site_name\" content=\"Elka Suspension Inc\" \/>\n<meta property=\"article:publisher\" content=\"https:\/\/www.facebook.com\/ElkaSuspension\" \/>\n<meta property=\"article:modified_time\" content=\"2025-01-07T19:25:07+00:00\" \/>\n<meta property=\"og:image\" content=\"https:\/\/www.elkasuspension.com\/wp-content\/uploads\/2021\/12\/web_atv-36-legacyseries_noprotectors-71.jpg\" \/>\n\t<meta property=\"og:image:width\" content=\"1200\" \/>\n\t<meta property=\"og:image:height\" content=\"1200\" \/>\n\t<meta property=\"og:image:type\" content=\"image\/jpeg\" \/>\n<meta name=\"twitter:card\" content=\"summary_large_image\" \/>\n<meta name=\"twitter:site\" content=\"@ElkaSuspension\" \/>\n<meta name=\"twitter:label1\" content=\"Price\" \/>\n\t<meta name=\"twitter:data1\" content=\"&#036;950.00\" \/>\n\t<meta name=\"twitter:label2\" content=\"Availability\" \/>\n\t<meta name=\"twitter:data2\" content=\"In stock\" \/>\n<script type=\"application\/ld+json\" class=\"yoast-schema-graph\">{\"@context\":\"https:\/\/schema.org\",\"@graph\":[{\"@type\":\"WebPage\",\"@id\":\"https:\/\/www.elkasuspension.com\/fr\/produit\/amortisseurs-avant-legacy-series-pour-polaris-scrambler-90-toutes-annees\/\",\"url\":\"https:\/\/www.elkasuspension.com\/fr\/produit\/amortisseurs-avant-legacy-series-pour-polaris-scrambler-90-toutes-annees\/\",\"name\":\"AMORTISSEURS AVANT LEGACY SERIES pour POLARIS SCRAMBLER 90, 2003 &#187; Elka Suspension Inc\",\"isPartOf\":{\"@id\":\"https:\/\/www.elkasuspension.com\/fr\/#website\"},\"primaryImageOfPage\":{\"@id\":\"https:\/\/www.elkasuspension.com\/fr\/produit\/amortisseurs-avant-legacy-series-pour-polaris-scrambler-90-toutes-annees\/#primaryimage\"},\"image\":{\"@id\":\"https:\/\/www.elkasuspension.com\/fr\/produit\/amortisseurs-avant-legacy-series-pour-polaris-scrambler-90-toutes-annees\/#primaryimage\"},\"thumbnailUrl\":\"https:\/\/www.elkasuspension.com\/wp-content\/uploads\/2025\/01\/web_atv-36-legacyseries_noprotectors-80.jpg\",\"datePublished\":\"2025-01-07T19:25:03+00:00\",\"dateModified\":\"2025-01-07T19:25:07+00:00\",\"breadcrumb\":{\"@id\":\"https:\/\/www.elkasuspension.com\/fr\/produit\/amortisseurs-avant-legacy-series-pour-polaris-scrambler-90-toutes-annees\/#breadcrumb\"},\"inLanguage\":\"fr-FR\",\"potentialAction\":[{\"@type\":\"ReadAction\",\"target\":[\"https:\/\/www.elkasuspension.com\/fr\/produit\/amortisseurs-avant-legacy-series-pour-polaris-scrambler-90-toutes-annees\/\"]}]},{\"@type\":\"ImageObject\",\"inLanguage\":\"fr-FR\",\"@id\":\"https:\/\/www.elkasuspension.com\/fr\/produit\/amortisseurs-avant-legacy-series-pour-polaris-scrambler-90-toutes-annees\/#primaryimage\",\"url\":\"https:\/\/www.elkasuspension.com\/wp-content\/uploads\/2025\/01\/web_atv-36-legacyseries_noprotectors-80.jpg\",\"contentUrl\":\"https:\/\/www.elkasuspension.com\/wp-content\/uploads\/2025\/01\/web_atv-36-legacyseries_noprotectors-80.jpg\",\"width\":1200,\"height\":1200},{\"@type\":\"BreadcrumbList\",\"@id\":\"https:\/\/www.elkasuspension.com\/fr\/produit\/amortisseurs-avant-legacy-series-pour-polaris-scrambler-90-toutes-annees\/#breadcrumb\",\"itemListElement\":[{\"@type\":\"ListItem\",\"position\":1,\"name\":\"Home\",\"item\":\"https:\/\/www.elkasuspension.com\/fr\/\"},{\"@type\":\"ListItem\",\"position\":2,\"name\":\"Boutique\",\"item\":\"https:\/\/www.elkasuspension.com\/fr\/boutique\/\"},{\"@type\":\"ListItem\",\"position\":3,\"name\":\"AMORTISSEURS AVANT LEGACY SERIES pour POLARIS SCRAMBLER 90, 2003\"}]},{\"@type\":\"WebSite\",\"@id\":\"https:\/\/www.elkasuspension.com\/fr\/#website\",\"url\":\"https:\/\/www.elkasuspension.com\/fr\/\",\"name\":\"Elka Suspension Inc\",\"description\":\"High Performance Aftermarket Shock Absorbers\",\"publisher\":{\"@id\":\"https:\/\/www.elkasuspension.com\/fr\/#organization\"},\"potentialAction\":[{\"@type\":\"SearchAction\",\"target\":{\"@type\":\"EntryPoint\",\"urlTemplate\":\"https:\/\/www.elkasuspension.com\/fr\/?s={search_term_string}\"},\"query-input\":{\"@type\":\"PropertyValueSpecification\",\"valueRequired\":true,\"valueName\":\"search_term_string\"}}],\"inLanguage\":\"fr-FR\"},{\"@type\":\"Organization\",\"@id\":\"https:\/\/www.elkasuspension.com\/fr\/#organization\",\"name\":\"Elka Suspension Inc.\",\"url\":\"https:\/\/www.elkasuspension.com\/fr\/\",\"logo\":{\"@type\":\"ImageObject\",\"inLanguage\":\"fr-FR\",\"@id\":\"https:\/\/www.elkasuspension.com\/fr\/#\/schema\/logo\/image\/\",\"url\":\"https:\/\/www.elkasuspension.com\/wp-content\/uploads\/2021\/02\/ELKA-LOGO-2018_450x99.jpg\",\"contentUrl\":\"https:\/\/www.elkasuspension.com\/wp-content\/uploads\/2021\/02\/ELKA-LOGO-2018_450x99.jpg\",\"width\":450,\"height\":99,\"caption\":\"Elka Suspension Inc.\"},\"image\":{\"@id\":\"https:\/\/www.elkasuspension.com\/fr\/#\/schema\/logo\/image\/\"},\"sameAs\":[\"https:\/\/www.facebook.com\/ElkaSuspension\",\"https:\/\/x.com\/ElkaSuspension\",\"https:\/\/www.instagram.com\/elkasuspension\/\",\"https:\/\/www.youtube.com\/user\/ElkaSuspensionTV\"]}]}<\/script>\n<meta property=\"product:brand\" content=\"POLARIS\" \/>\n<meta property=\"product:price:amount\" content=\"950.00\" \/>\n<meta property=\"product:price:currency\" content=\"USD\" \/>\n<meta property=\"og:availability\" content=\"instock\" \/>\n<meta property=\"product:availability\" content=\"instock\" \/>\n<meta property=\"product:retailer_item_id\" content=\"11028\" \/>\n<meta property=\"product:condition\" content=\"new\" \/>\n<!-- \/ Yoast SEO Premium plugin. -->","yoast_head_json":{"title":"AMORTISSEURS AVANT LEGACY SERIES pour POLARIS SCRAMBLER 90, 2003 &#187; Elka Suspension Inc","robots":{"index":"index","follow":"follow","max-snippet":"max-snippet:-1","max-image-preview":"max-image-preview:large","max-video-preview":"max-video-preview:-1"},"canonical":"https:\/\/www.elkasuspension.com\/fr\/produit\/amortisseurs-avant-legacy-series-pour-polaris-scrambler-90-toutes-annees\/","og_locale":"fr_FR","og_type":"article","og_title":"AMORTISSEURS AVANT LEGACY SERIES pour POLARIS SCRAMBLER 90, 2003","og_description":"Les amortisseurs de la s\u00e9rie Legacy sont bas\u00e9s sur notre technologie pr\u00e9c\u00e9dente avec des corps en acier, des r\u00e9servoirs externes et des ajustements de base. Ils sont sp\u00e9cifiquement con\u00e7us pour votre mod\u00e8le de v\u00e9hicule. Ils sont parfaits pour remplacer des amortisseurs d'origine us\u00e9s par une solution abordable qui augmente les performances et le confort tout en respectant votre budget. Ajustements: - Compression basse-v\u00e9locit\u00e9 - Pr\u00e9charge des ressorts","og_url":"https:\/\/www.elkasuspension.com\/fr\/produit\/amortisseurs-avant-legacy-series-pour-polaris-scrambler-90-toutes-annees\/","og_site_name":"Elka Suspension Inc","article_publisher":"https:\/\/www.facebook.com\/ElkaSuspension","article_modified_time":"2025-01-07T19:25:07+00:00","og_image":[{"width":1200,"height":1200,"url":"https:\/\/www.elkasuspension.com\/wp-content\/uploads\/2021\/12\/web_atv-36-legacyseries_noprotectors-71.jpg","type":"image\/jpeg"}],"twitter_card":"summary_large_image","twitter_site":"@ElkaSuspension","twitter_misc":{"Price":"&#36;950.00","Availability":"In stock"},"schema":{"@context":"https:\/\/schema.org","@graph":[{"@type":"WebPage","@id":"https:\/\/www.elkasuspension.com\/fr\/produit\/amortisseurs-avant-legacy-series-pour-polaris-scrambler-90-toutes-annees\/","url":"https:\/\/www.elkasuspension.com\/fr\/produit\/amortisseurs-avant-legacy-series-pour-polaris-scrambler-90-toutes-annees\/","name":"AMORTISSEURS AVANT LEGACY SERIES pour POLARIS SCRAMBLER 90, 2003 &#187; Elka Suspension Inc","isPartOf":{"@id":"https:\/\/www.elkasuspension.com\/fr\/#website"},"primaryImageOfPage":{"@id":"https:\/\/www.elkasuspension.com\/fr\/produit\/amortisseurs-avant-legacy-series-pour-polaris-scrambler-90-toutes-annees\/#primaryimage"},"image":{"@id":"https:\/\/www.elkasuspension.com\/fr\/produit\/amortisseurs-avant-legacy-series-pour-polaris-scrambler-90-toutes-annees\/#primaryimage"},"thumbnailUrl":"https:\/\/www.elkasuspension.com\/wp-content\/uploads\/2025\/01\/web_atv-36-legacyseries_noprotectors-80.jpg","datePublished":"2025-01-07T19:25:03+00:00","dateModified":"2025-01-07T19:25:07+00:00","breadcrumb":{"@id":"https:\/\/www.elkasuspension.com\/fr\/produit\/amortisseurs-avant-legacy-series-pour-polaris-scrambler-90-toutes-annees\/#breadcrumb"},"inLanguage":"fr-FR","potentialAction":[{"@type":"ReadAction","target":["https:\/\/www.elkasuspension.com\/fr\/produit\/amortisseurs-avant-legacy-series-pour-polaris-scrambler-90-toutes-annees\/"]}]},{"@type":"ImageObject","inLanguage":"fr-FR","@id":"https:\/\/www.elkasuspension.com\/fr\/produit\/amortisseurs-avant-legacy-series-pour-polaris-scrambler-90-toutes-annees\/#primaryimage","url":"https:\/\/www.elkasuspension.com\/wp-content\/uploads\/2025\/01\/web_atv-36-legacyseries_noprotectors-80.jpg","contentUrl":"https:\/\/www.elkasuspension.com\/wp-content\/uploads\/2025\/01\/web_atv-36-legacyseries_noprotectors-80.jpg","width":1200,"height":1200},{"@type":"BreadcrumbList","@id":"https:\/\/www.elkasuspension.com\/fr\/produit\/amortisseurs-avant-legacy-series-pour-polaris-scrambler-90-toutes-annees\/#breadcrumb","itemListElement":[{"@type":"ListItem","position":1,"name":"Home","item":"https:\/\/www.elkasuspension.com\/fr\/"},{"@type":"ListItem","position":2,"name":"Boutique","item":"https:\/\/www.elkasuspension.com\/fr\/boutique\/"},{"@type":"ListItem","position":3,"name":"AMORTISSEURS AVANT LEGACY SERIES pour POLARIS SCRAMBLER 90, 2003"}]},{"@type":"WebSite","@id":"https:\/\/www.elkasuspension.com\/fr\/#website","url":"https:\/\/www.elkasuspension.com\/fr\/","name":"Elka Suspension Inc","description":"High Performance Aftermarket Shock Absorbers","publisher":{"@id":"https:\/\/www.elkasuspension.com\/fr\/#organization"},"potentialAction":[{"@type":"SearchAction","target":{"@type":"EntryPoint","urlTemplate":"https:\/\/www.elkasuspension.com\/fr\/?s={search_term_string}"},"query-input":{"@type":"PropertyValueSpecification","valueRequired":true,"valueName":"search_term_string"}}],"inLanguage":"fr-FR"},{"@type":"Organization","@id":"https:\/\/www.elkasuspension.com\/fr\/#organization","name":"Elka Suspension Inc.","url":"https:\/\/www.elkasuspension.com\/fr\/","logo":{"@type":"ImageObject","inLanguage":"fr-FR","@id":"https:\/\/www.elkasuspension.com\/fr\/#\/schema\/logo\/image\/","url":"https:\/\/www.elkasuspension.com\/wp-content\/uploads\/2021\/02\/ELKA-LOGO-2018_450x99.jpg","contentUrl":"https:\/\/www.elkasuspension.com\/wp-content\/uploads\/2021\/02\/ELKA-LOGO-2018_450x99.jpg","width":450,"height":99,"caption":"Elka Suspension Inc."},"image":{"@id":"https:\/\/www.elkasuspension.com\/fr\/#\/schema\/logo\/image\/"},"sameAs":["https:\/\/www.facebook.com\/ElkaSuspension","https:\/\/x.com\/ElkaSuspension","https:\/\/www.instagram.com\/elkasuspension\/","https:\/\/www.youtube.com\/user\/ElkaSuspensionTV"]}]},"product_brand":"POLARIS","product_price_amount":"950.00","product_price_currency":"USD","og_availability":"instock","product_availability":"instock","product_retailer_item_id":"11028","product_condition":"new"},"acf":[],"_links":{"self":[{"href":"https:\/\/www.elkasuspension.com\/fr\/wp-json\/wp\/v2\/product\/348028","targetHints":{"allow":["GET"]}}],"collection":[{"href":"https:\/\/www.elkasuspension.com\/fr\/wp-json\/wp\/v2\/product"}],"about":[{"href":"https:\/\/www.elkasuspension.com\/fr\/wp-json\/wp\/v2\/types\/product"}],"replies":[{"embeddable":true,"href":"https:\/\/www.elkasuspension.com\/fr\/wp-json\/wp\/v2\/comments?post=348028"}],"wp:featuredmedia":[{"embeddable":true,"href":"https:\/\/www.elkasuspension.com\/fr\/wp-json\/wp\/v2\/media\/7966474889"}],"wp:attachment":[{"href":"https:\/\/www.elkasuspension.com\/fr\/wp-json\/wp\/v2\/media?parent=348028"}],"wp:term":[{"taxonomy":"product_brand","embeddable":true,"href":"https:\/\/www.elkasuspension.com\/fr\/wp-json\/wp\/v2\/product_brand?post=348028"},{"taxonomy":"product_cat","embeddable":true,"href":"https:\/\/www.elkasuspension.com\/fr\/wp-json\/wp\/v2\/product_cat?post=348028"},{"taxonomy":"product_tag","embeddable":true,"href":"https:\/\/www.elkasuspension.com\/fr\/wp-json\/wp\/v2\/product_tag?post=348028"}],"curies":[{"name":"wp","href":"https:\/\/api.w.org\/{rel}","templated":true}]}}