{"id":348198,"date":"2025-01-07T14:28:47","date_gmt":"2025-01-07T19:28:47","guid":{"rendered":"https:\/\/www.elkasuspension.com\/?post_type=product&#038;p=348198"},"modified":"2025-01-07T14:28:53","modified_gmt":"2025-01-07T19:28:53","slug":"amortisseur-arriere-stage-4-pour-suzuki-lt250r-1985-1990","status":"publish","type":"product","link":"https:\/\/www.elkasuspension.com\/fr\/produit\/amortisseur-arriere-stage-4-pour-suzuki-lt250r-1985-1990\/","title":{"rendered":"AMORTISSEUR ARRI\u00c8RE STAGE 4 pour SUZUKI LT250R, 1985-1990"},"content":{"rendered":"<h3>Obtenez toute la performance de notre derni\u00e8re technologie dans un produit plus accessible et plus facile \u00e0 utiliser<\/h3>\n<p>Le mod\u00e8le Stage 4 est d\u00e9riv\u00e9 directement de notre mod\u00e8le haut-de-gamme Stage 5 avec lequel il partage la majorit\u00e9 des composantes. Ce mod\u00e8le offre un ajustement en compression externe \u00e0 bouton simple qui contr\u00f4le le niveau de r\u00e9sistance en compression basse-v\u00e9locit\u00e9. Cet ajustement est combin\u00e9 \u00e0 un circuit parall\u00e8le \u00e0 haute-v\u00e9locit\u00e9 qui agit comme une soupape permettant de rel\u00e2cher la pression de pointe caus\u00e9e lors d&#8217;un impact, ce qui permet des performances de niveau course moins complexe \u00e0 ajuster et plus abordable.<\/p>\n<p>Ce produit permet un contr\u00f4le total de plusieurs param\u00e8tres de votre suspension et par cons\u00e9quent peut demander une p\u00e9riode d&#8217;adaptation et des tests de r\u00e9glages pour atteindre une performance maximale. Des amortisseurs tr\u00e8s ajustables viennent avec la responsabilit\u00e9 de bien les r\u00e9gler!<\/p>\n","protected":false},"excerpt":{"rendered":"<p>Les amortisseurs Stage 4 offrent toute la performance de notre derni\u00e8re technologie High-Flow dans un mod\u00e8le plus accessible et plus facile \u00e0 utiliser. Ils sont le choix id\u00e9al pour les coureurs amateurs et les mordus \u00e0 la recherche d&#8217;amortisseurs haute-performance avec ajustement des param\u00e8tres-cl\u00e9s.<\/p>\n<p>Ajustements:<\/p>\n<p>&#8211; Compression basse-v\u00e9locit\u00e9<br \/>\n&#8211; D\u00e9tente (rebond)<br \/>\n&#8211; Pr\u00e9charge des ressorts<\/p>\n","protected":false},"featured_media":7966475127,"comment_status":"closed","ping_status":"closed","template":"","meta":{"_acf_changed":false},"product_brand":[],"product_cat":[42301,42615,41327],"product_tag":[36369,36372,48304,44106],"class_list":{"0":"post-348198","1":"product","2":"type-product","3":"status-publish","4":"has-post-thumbnail","6":"product_cat-fr-lt250r_1985-1990","7":"product_cat-vtt-suzuki","8":"product_cat-vtt-sport-et-course","9":"product_tag-sport-performance-fr","10":"product_tag-stage-4-fr","11":"product_tag-suzuki-fr","12":"product_tag-vtt-sport-course","13":"pa_part-number-48438","14":"pa_position-arriere-fr","15":"pa_primary-intended-use-sport-performance-fr","16":"pa_product-model-stage-4-fr-2","17":"pa_reservoir-configuration-avec-reservoir-fr","18":"pa_shock-type-avec-ressort-fr","19":"pa_sku-48439","20":"pa_unit-of-sale-sold-as-unite-fr","21":"pa_vehicle-make-suzuki","22":"pa_vehicle-model-year-lt250r-1985-1990","24":"first","25":"instock","26":"taxable","27":"shipping-taxable","28":"purchasable","29":"product-type-simple"},"yoast_head":"<!-- This site is optimized with the Yoast SEO Premium plugin v27.2 (Yoast SEO v27.2) - https:\/\/yoast.com\/product\/yoast-seo-premium-wordpress\/ -->\n<title>AMORTISSEUR ARRI\u00c8RE STAGE 4 pour SUZUKI LT250R, 1985-1990 &#187; Elka Suspension Inc<\/title>\n<meta name=\"robots\" content=\"index, follow, max-snippet:-1, max-image-preview:large, max-video-preview:-1\" \/>\n<link rel=\"canonical\" href=\"https:\/\/www.elkasuspension.com\/fr\/produit\/amortisseur-arriere-stage-4-pour-suzuki-lt250r-1985-1990\/\" \/>\n<meta property=\"og:locale\" content=\"fr_FR\" \/>\n<meta property=\"og:type\" content=\"article\" \/>\n<meta property=\"og:title\" content=\"AMORTISSEUR ARRI\u00c8RE STAGE 4 pour SUZUKI LT250R, 1985-1990\" \/>\n<meta property=\"og:description\" content=\"Les amortisseurs Stage 4 offrent toute la performance de notre derni\u00e8re technologie High-Flow dans un mod\u00e8le plus accessible et plus facile \u00e0 utiliser. Ils sont le choix id\u00e9al pour les coureurs amateurs et les mordus \u00e0 la recherche d&#039;amortisseurs haute-performance avec ajustement des param\u00e8tres-cl\u00e9s. Ajustements: - Compression basse-v\u00e9locit\u00e9 - D\u00e9tente (rebond) - Pr\u00e9charge des ressorts\" \/>\n<meta property=\"og:url\" content=\"https:\/\/www.elkasuspension.com\/fr\/produit\/amortisseur-arriere-stage-4-pour-suzuki-lt250r-1985-1990\/\" \/>\n<meta property=\"og:site_name\" content=\"Elka Suspension Inc\" \/>\n<meta property=\"article:publisher\" content=\"https:\/\/www.facebook.com\/ElkaSuspension\" \/>\n<meta property=\"article:modified_time\" content=\"2025-01-07T19:28:53+00:00\" \/>\n<meta property=\"og:image\" content=\"https:\/\/www.elkasuspension.com\/wp-content\/uploads\/2021\/12\/web_atv-46-stage4_main-27.jpg\" \/>\n\t<meta property=\"og:image:width\" content=\"1200\" \/>\n\t<meta property=\"og:image:height\" content=\"1200\" \/>\n\t<meta property=\"og:image:type\" content=\"image\/jpeg\" \/>\n<meta name=\"twitter:card\" content=\"summary_large_image\" \/>\n<meta name=\"twitter:site\" content=\"@ElkaSuspension\" \/>\n<meta name=\"twitter:label1\" content=\"Price\" \/>\n\t<meta name=\"twitter:data1\" content=\"&#036;1,400.00\" \/>\n\t<meta name=\"twitter:label2\" content=\"Availability\" \/>\n\t<meta name=\"twitter:data2\" content=\"In stock\" \/>\n<script type=\"application\/ld+json\" class=\"yoast-schema-graph\">{\"@context\":\"https:\/\/schema.org\",\"@graph\":[{\"@type\":\"WebPage\",\"@id\":\"https:\/\/www.elkasuspension.com\/fr\/produit\/amortisseur-arriere-stage-4-pour-suzuki-lt250r-1985-1990\/\",\"url\":\"https:\/\/www.elkasuspension.com\/fr\/produit\/amortisseur-arriere-stage-4-pour-suzuki-lt250r-1985-1990\/\",\"name\":\"AMORTISSEUR ARRI\u00c8RE STAGE 4 pour SUZUKI LT250R, 1985-1990 &#187; Elka Suspension Inc\",\"isPartOf\":{\"@id\":\"https:\/\/www.elkasuspension.com\/fr\/#website\"},\"primaryImageOfPage\":{\"@id\":\"https:\/\/www.elkasuspension.com\/fr\/produit\/amortisseur-arriere-stage-4-pour-suzuki-lt250r-1985-1990\/#primaryimage\"},\"image\":{\"@id\":\"https:\/\/www.elkasuspension.com\/fr\/produit\/amortisseur-arriere-stage-4-pour-suzuki-lt250r-1985-1990\/#primaryimage\"},\"thumbnailUrl\":\"https:\/\/www.elkasuspension.com\/wp-content\/uploads\/2025\/01\/web_atv-46-stage4_main-28.jpg\",\"datePublished\":\"2025-01-07T19:28:47+00:00\",\"dateModified\":\"2025-01-07T19:28:53+00:00\",\"breadcrumb\":{\"@id\":\"https:\/\/www.elkasuspension.com\/fr\/produit\/amortisseur-arriere-stage-4-pour-suzuki-lt250r-1985-1990\/#breadcrumb\"},\"inLanguage\":\"fr-FR\",\"potentialAction\":[{\"@type\":\"ReadAction\",\"target\":[\"https:\/\/www.elkasuspension.com\/fr\/produit\/amortisseur-arriere-stage-4-pour-suzuki-lt250r-1985-1990\/\"]}]},{\"@type\":\"ImageObject\",\"inLanguage\":\"fr-FR\",\"@id\":\"https:\/\/www.elkasuspension.com\/fr\/produit\/amortisseur-arriere-stage-4-pour-suzuki-lt250r-1985-1990\/#primaryimage\",\"url\":\"https:\/\/www.elkasuspension.com\/wp-content\/uploads\/2025\/01\/web_atv-46-stage4_main-28.jpg\",\"contentUrl\":\"https:\/\/www.elkasuspension.com\/wp-content\/uploads\/2025\/01\/web_atv-46-stage4_main-28.jpg\",\"width\":1200,\"height\":1200},{\"@type\":\"BreadcrumbList\",\"@id\":\"https:\/\/www.elkasuspension.com\/fr\/produit\/amortisseur-arriere-stage-4-pour-suzuki-lt250r-1985-1990\/#breadcrumb\",\"itemListElement\":[{\"@type\":\"ListItem\",\"position\":1,\"name\":\"Home\",\"item\":\"https:\/\/www.elkasuspension.com\/fr\/\"},{\"@type\":\"ListItem\",\"position\":2,\"name\":\"Boutique\",\"item\":\"https:\/\/www.elkasuspension.com\/fr\/boutique\/\"},{\"@type\":\"ListItem\",\"position\":3,\"name\":\"AMORTISSEUR ARRI\u00c8RE STAGE 4 pour SUZUKI LT250R, 1985-1990\"}]},{\"@type\":\"WebSite\",\"@id\":\"https:\/\/www.elkasuspension.com\/fr\/#website\",\"url\":\"https:\/\/www.elkasuspension.com\/fr\/\",\"name\":\"Elka Suspension Inc\",\"description\":\"High Performance Aftermarket Shock Absorbers\",\"publisher\":{\"@id\":\"https:\/\/www.elkasuspension.com\/fr\/#organization\"},\"potentialAction\":[{\"@type\":\"SearchAction\",\"target\":{\"@type\":\"EntryPoint\",\"urlTemplate\":\"https:\/\/www.elkasuspension.com\/fr\/?s={search_term_string}\"},\"query-input\":{\"@type\":\"PropertyValueSpecification\",\"valueRequired\":true,\"valueName\":\"search_term_string\"}}],\"inLanguage\":\"fr-FR\"},{\"@type\":\"Organization\",\"@id\":\"https:\/\/www.elkasuspension.com\/fr\/#organization\",\"name\":\"Elka Suspension Inc.\",\"url\":\"https:\/\/www.elkasuspension.com\/fr\/\",\"logo\":{\"@type\":\"ImageObject\",\"inLanguage\":\"fr-FR\",\"@id\":\"https:\/\/www.elkasuspension.com\/fr\/#\/schema\/logo\/image\/\",\"url\":\"https:\/\/www.elkasuspension.com\/wp-content\/uploads\/2021\/02\/ELKA-LOGO-2018_450x99.jpg\",\"contentUrl\":\"https:\/\/www.elkasuspension.com\/wp-content\/uploads\/2021\/02\/ELKA-LOGO-2018_450x99.jpg\",\"width\":450,\"height\":99,\"caption\":\"Elka Suspension Inc.\"},\"image\":{\"@id\":\"https:\/\/www.elkasuspension.com\/fr\/#\/schema\/logo\/image\/\"},\"sameAs\":[\"https:\/\/www.facebook.com\/ElkaSuspension\",\"https:\/\/x.com\/ElkaSuspension\",\"https:\/\/www.instagram.com\/elkasuspension\/\",\"https:\/\/www.youtube.com\/user\/ElkaSuspensionTV\"]}]}<\/script>\n<meta property=\"product:brand\" content=\"LT250R, 1985-1990\" \/>\n<meta property=\"product:price:amount\" content=\"1400.00\" \/>\n<meta property=\"product:price:currency\" content=\"USD\" \/>\n<meta property=\"og:availability\" content=\"instock\" \/>\n<meta property=\"product:availability\" content=\"instock\" \/>\n<meta property=\"product:retailer_item_id\" content=\"11186\" \/>\n<meta property=\"product:condition\" content=\"new\" \/>\n<!-- \/ Yoast SEO Premium plugin. -->","yoast_head_json":{"title":"AMORTISSEUR ARRI\u00c8RE STAGE 4 pour SUZUKI LT250R, 1985-1990 &#187; Elka Suspension Inc","robots":{"index":"index","follow":"follow","max-snippet":"max-snippet:-1","max-image-preview":"max-image-preview:large","max-video-preview":"max-video-preview:-1"},"canonical":"https:\/\/www.elkasuspension.com\/fr\/produit\/amortisseur-arriere-stage-4-pour-suzuki-lt250r-1985-1990\/","og_locale":"fr_FR","og_type":"article","og_title":"AMORTISSEUR ARRI\u00c8RE STAGE 4 pour SUZUKI LT250R, 1985-1990","og_description":"Les amortisseurs Stage 4 offrent toute la performance de notre derni\u00e8re technologie High-Flow dans un mod\u00e8le plus accessible et plus facile \u00e0 utiliser. Ils sont le choix id\u00e9al pour les coureurs amateurs et les mordus \u00e0 la recherche d'amortisseurs haute-performance avec ajustement des param\u00e8tres-cl\u00e9s. Ajustements: - Compression basse-v\u00e9locit\u00e9 - D\u00e9tente (rebond) - Pr\u00e9charge des ressorts","og_url":"https:\/\/www.elkasuspension.com\/fr\/produit\/amortisseur-arriere-stage-4-pour-suzuki-lt250r-1985-1990\/","og_site_name":"Elka Suspension Inc","article_publisher":"https:\/\/www.facebook.com\/ElkaSuspension","article_modified_time":"2025-01-07T19:28:53+00:00","og_image":[{"width":1200,"height":1200,"url":"https:\/\/www.elkasuspension.com\/wp-content\/uploads\/2021\/12\/web_atv-46-stage4_main-27.jpg","type":"image\/jpeg"}],"twitter_card":"summary_large_image","twitter_site":"@ElkaSuspension","twitter_misc":{"Price":"&#36;1,400.00","Availability":"In stock"},"schema":{"@context":"https:\/\/schema.org","@graph":[{"@type":"WebPage","@id":"https:\/\/www.elkasuspension.com\/fr\/produit\/amortisseur-arriere-stage-4-pour-suzuki-lt250r-1985-1990\/","url":"https:\/\/www.elkasuspension.com\/fr\/produit\/amortisseur-arriere-stage-4-pour-suzuki-lt250r-1985-1990\/","name":"AMORTISSEUR ARRI\u00c8RE STAGE 4 pour SUZUKI LT250R, 1985-1990 &#187; Elka Suspension Inc","isPartOf":{"@id":"https:\/\/www.elkasuspension.com\/fr\/#website"},"primaryImageOfPage":{"@id":"https:\/\/www.elkasuspension.com\/fr\/produit\/amortisseur-arriere-stage-4-pour-suzuki-lt250r-1985-1990\/#primaryimage"},"image":{"@id":"https:\/\/www.elkasuspension.com\/fr\/produit\/amortisseur-arriere-stage-4-pour-suzuki-lt250r-1985-1990\/#primaryimage"},"thumbnailUrl":"https:\/\/www.elkasuspension.com\/wp-content\/uploads\/2025\/01\/web_atv-46-stage4_main-28.jpg","datePublished":"2025-01-07T19:28:47+00:00","dateModified":"2025-01-07T19:28:53+00:00","breadcrumb":{"@id":"https:\/\/www.elkasuspension.com\/fr\/produit\/amortisseur-arriere-stage-4-pour-suzuki-lt250r-1985-1990\/#breadcrumb"},"inLanguage":"fr-FR","potentialAction":[{"@type":"ReadAction","target":["https:\/\/www.elkasuspension.com\/fr\/produit\/amortisseur-arriere-stage-4-pour-suzuki-lt250r-1985-1990\/"]}]},{"@type":"ImageObject","inLanguage":"fr-FR","@id":"https:\/\/www.elkasuspension.com\/fr\/produit\/amortisseur-arriere-stage-4-pour-suzuki-lt250r-1985-1990\/#primaryimage","url":"https:\/\/www.elkasuspension.com\/wp-content\/uploads\/2025\/01\/web_atv-46-stage4_main-28.jpg","contentUrl":"https:\/\/www.elkasuspension.com\/wp-content\/uploads\/2025\/01\/web_atv-46-stage4_main-28.jpg","width":1200,"height":1200},{"@type":"BreadcrumbList","@id":"https:\/\/www.elkasuspension.com\/fr\/produit\/amortisseur-arriere-stage-4-pour-suzuki-lt250r-1985-1990\/#breadcrumb","itemListElement":[{"@type":"ListItem","position":1,"name":"Home","item":"https:\/\/www.elkasuspension.com\/fr\/"},{"@type":"ListItem","position":2,"name":"Boutique","item":"https:\/\/www.elkasuspension.com\/fr\/boutique\/"},{"@type":"ListItem","position":3,"name":"AMORTISSEUR ARRI\u00c8RE STAGE 4 pour SUZUKI LT250R, 1985-1990"}]},{"@type":"WebSite","@id":"https:\/\/www.elkasuspension.com\/fr\/#website","url":"https:\/\/www.elkasuspension.com\/fr\/","name":"Elka Suspension Inc","description":"High Performance Aftermarket Shock Absorbers","publisher":{"@id":"https:\/\/www.elkasuspension.com\/fr\/#organization"},"potentialAction":[{"@type":"SearchAction","target":{"@type":"EntryPoint","urlTemplate":"https:\/\/www.elkasuspension.com\/fr\/?s={search_term_string}"},"query-input":{"@type":"PropertyValueSpecification","valueRequired":true,"valueName":"search_term_string"}}],"inLanguage":"fr-FR"},{"@type":"Organization","@id":"https:\/\/www.elkasuspension.com\/fr\/#organization","name":"Elka Suspension Inc.","url":"https:\/\/www.elkasuspension.com\/fr\/","logo":{"@type":"ImageObject","inLanguage":"fr-FR","@id":"https:\/\/www.elkasuspension.com\/fr\/#\/schema\/logo\/image\/","url":"https:\/\/www.elkasuspension.com\/wp-content\/uploads\/2021\/02\/ELKA-LOGO-2018_450x99.jpg","contentUrl":"https:\/\/www.elkasuspension.com\/wp-content\/uploads\/2021\/02\/ELKA-LOGO-2018_450x99.jpg","width":450,"height":99,"caption":"Elka Suspension Inc."},"image":{"@id":"https:\/\/www.elkasuspension.com\/fr\/#\/schema\/logo\/image\/"},"sameAs":["https:\/\/www.facebook.com\/ElkaSuspension","https:\/\/x.com\/ElkaSuspension","https:\/\/www.instagram.com\/elkasuspension\/","https:\/\/www.youtube.com\/user\/ElkaSuspensionTV"]}]},"product_brand":"LT250R, 1985-1990","product_price_amount":"1400.00","product_price_currency":"USD","og_availability":"instock","product_availability":"instock","product_retailer_item_id":"11186","product_condition":"new"},"acf":[],"_links":{"self":[{"href":"https:\/\/www.elkasuspension.com\/fr\/wp-json\/wp\/v2\/product\/348198","targetHints":{"allow":["GET"]}}],"collection":[{"href":"https:\/\/www.elkasuspension.com\/fr\/wp-json\/wp\/v2\/product"}],"about":[{"href":"https:\/\/www.elkasuspension.com\/fr\/wp-json\/wp\/v2\/types\/product"}],"replies":[{"embeddable":true,"href":"https:\/\/www.elkasuspension.com\/fr\/wp-json\/wp\/v2\/comments?post=348198"}],"wp:featuredmedia":[{"embeddable":true,"href":"https:\/\/www.elkasuspension.com\/fr\/wp-json\/wp\/v2\/media\/7966475127"}],"wp:attachment":[{"href":"https:\/\/www.elkasuspension.com\/fr\/wp-json\/wp\/v2\/media?parent=348198"}],"wp:term":[{"taxonomy":"product_brand","embeddable":true,"href":"https:\/\/www.elkasuspension.com\/fr\/wp-json\/wp\/v2\/product_brand?post=348198"},{"taxonomy":"product_cat","embeddable":true,"href":"https:\/\/www.elkasuspension.com\/fr\/wp-json\/wp\/v2\/product_cat?post=348198"},{"taxonomy":"product_tag","embeddable":true,"href":"https:\/\/www.elkasuspension.com\/fr\/wp-json\/wp\/v2\/product_tag?post=348198"}],"curies":[{"name":"wp","href":"https:\/\/api.w.org\/{rel}","templated":true}]}}