{"id":349058,"date":"2025-01-07T14:44:48","date_gmt":"2025-01-07T19:44:48","guid":{"rendered":"https:\/\/www.elkasuspension.com\/?post_type=product&#038;p=349058"},"modified":"2025-01-07T14:44:52","modified_gmt":"2025-01-07T19:44:52","slug":"amortisseurs-avant-stage-5-pour-yamaha-yfz450-2004-a-2005","status":"publish","type":"product","link":"https:\/\/www.elkasuspension.com\/fr\/produit\/amortisseurs-avant-stage-5-pour-yamaha-yfz450-2004-a-2005\/","title":{"rendered":"AMORTISSEURS AVANT STAGE 5 pour YAMAHA YFZ450, 2004 \u00e0 2005"},"content":{"rendered":"<h3>Am\u00e9liorez la suspension de votre VTT avec nos amortisseurs Stage 5 sp\u00e9cifiques pour votre v\u00e9hicule et devenez un meilleur pilote<\/h3>\n<p>Les amortisseurs Stage 5 VTT sont la toute derni\u00e8re \u00e9volution de notre plateforme de course haute-performance. Ils sont con\u00e7us autour de trois facteurs-cl\u00e9s de performance: un d\u00e9bit hydraulique \u00e9lev\u00e9, un design ultra-l\u00e9ger et des composantes internes mobiles \u00e0 basse friction. Le d\u00e9bit d&#8217;huile \u00e9lev\u00e9 de notre technologie \u00abHigh Flow\u00bb permet un r\u00e9glage plus pr\u00e9cis, plus efficace et plus doux que tout autre produit disponible sur le march\u00e9 aujourd&#8217;hui pour les VTT. Les pilotes peuvent ainsi obtenir une meilleure absorption et plus de confort pour les aider \u00e0 r\u00e9duire leur temps au tour en piste de fa\u00e7on significative.<\/p>\n<p>Les b\u00e9n\u00e9fices de r\u00e9duire le poids de votre v\u00e9hicule sont \u00e9vidents. En utilisant des composants l\u00e9gers, tels que nos nouveaux ressorts redessin\u00e9s, les amortisseurs Stage 5 aident non seulement \u00e0 r\u00e9duire le poids total de votre v\u00e9hicule mais ils sont \u00e9galement plus r\u00e9actifs parce qu&#8217;ils ont moins de masse \u00e0 d\u00e9placer (moins d&#8217;inertie). Les internes basse-friction du Stage 5 r\u00e9duire de fa\u00e7on majeure la stiction, soit la r\u00e9sistance initiale caus\u00e9e par la friction des pi\u00e8ces mobiles internes contre les sceaux d&#8217;\u00e9tanch\u00e9it\u00e9. La combinaison de toutes ces caract\u00e9ristiques font du mod\u00e8le Stage 5 les amortisseurs de course les plus performants et les plus confortables sur le march\u00e9.<\/p>\n<p>Ce produit permet un contr\u00f4le total de tous les param\u00e8tres de votre suspension et par cons\u00e9quent peut demander une p\u00e9riode d&#8217;adaptation et des tests de r\u00e9glages pour atteindre une performance maximale. Des amortisseurs tr\u00e8s ajustables viennent avec la responsabilit\u00e9 de bien les r\u00e9gler!<\/p>\n","protected":false},"excerpt":{"rendered":"<p>Les amortisseurs Stage 5 sont notre mod\u00e8le haut-de-gamme qui allie notre technologie &#8220;High-Flow&#8221;, un design ultra-l\u00e9ger et des composantes internes \u00e0 basse friction. Ils sont le choix id\u00e9al pour les coureurs ou les enthousiastes \u00e0 la recherche du maximum de performance et du contr\u00f4le total de tous les param\u00e8tres de leur suspension, sans aucun compromis.<\/p>\n<p>Ajustements:<\/p>\n<p>&#8211; Compression haute-v\u00e9locit\u00e9<br \/>\n&#8211; Compression basse-v\u00e9locit\u00e9<br \/>\n&#8211; D\u00e9tente (rebond)<br \/>\n&#8211; Pr\u00e9charge des ressort<\/p>\n","protected":false},"featured_media":7966476325,"comment_status":"closed","ping_status":"closed","template":"","meta":{"_acf_changed":false},"product_brand":[],"product_cat":[41327,42616,42331],"product_tag":[36377,36376,44106,37749],"class_list":{"0":"post-349058","1":"product","2":"type-product","3":"status-publish","4":"has-post-thumbnail","6":"product_cat-vtt-sport-et-course","7":"product_cat-vtt-yamaha","8":"product_cat-fr-yfz450_2004_a_2005","9":"product_tag-haute-performance-course","10":"product_tag-stage-5-fr","11":"product_tag-vtt-sport-course","12":"product_tag-yamaha-fr","13":"pa_body-diameter-material-36mm-aluminium-fr","14":"pa_part-number-49230","15":"pa_position-avant-fr","16":"pa_primary-intended-use-haute-performance-course","17":"pa_product-model-stage-5-fr-2","18":"pa_reservoir-configuration-avec-reservoir-fr","19":"pa_shock-type-avec-ressort-fr","20":"pa_sku-49231","21":"pa_unit-of-sale-sold-as-paire-fr","22":"pa_vehicle-make-yamaha","23":"pa_vehicle-model-year-yfz450-2004-a-2005","25":"first","26":"instock","27":"taxable","28":"shipping-taxable","29":"purchasable","30":"product-type-simple"},"yoast_head":"<!-- This site is optimized with the Yoast SEO Premium plugin v27.2 (Yoast SEO v27.2) - https:\/\/yoast.com\/product\/yoast-seo-premium-wordpress\/ -->\n<title>AMORTISSEURS AVANT STAGE 5 pour YAMAHA YFZ450, 2004 \u00e0 2005 &#187; Elka Suspension Inc<\/title>\n<meta name=\"robots\" content=\"index, follow, max-snippet:-1, max-image-preview:large, max-video-preview:-1\" \/>\n<link rel=\"canonical\" href=\"https:\/\/www.elkasuspension.com\/fr\/produit\/amortisseurs-avant-stage-5-pour-yamaha-yfz450-2004-a-2005\/\" \/>\n<meta property=\"og:locale\" content=\"fr_FR\" \/>\n<meta property=\"og:type\" content=\"article\" \/>\n<meta property=\"og:title\" content=\"AMORTISSEURS AVANT STAGE 5 pour YAMAHA YFZ450, 2004 \u00e0 2005\" \/>\n<meta property=\"og:description\" content=\"Les amortisseurs Stage 5 sont notre mod\u00e8le haut-de-gamme qui allie notre technologie &quot;High-Flow&quot;, un design ultra-l\u00e9ger et des composantes internes \u00e0 basse friction. Ils sont le choix id\u00e9al pour les coureurs ou les enthousiastes \u00e0 la recherche du maximum de performance et du contr\u00f4le total de tous les param\u00e8tres de leur suspension, sans aucun compromis. Ajustements: - Compression haute-v\u00e9locit\u00e9 - Compression basse-v\u00e9locit\u00e9 - D\u00e9tente (rebond) - Pr\u00e9charge des ressort\" \/>\n<meta property=\"og:url\" content=\"https:\/\/www.elkasuspension.com\/fr\/produit\/amortisseurs-avant-stage-5-pour-yamaha-yfz450-2004-a-2005\/\" \/>\n<meta property=\"og:site_name\" content=\"Elka Suspension Inc\" \/>\n<meta property=\"article:publisher\" content=\"https:\/\/www.facebook.com\/ElkaSuspension\" \/>\n<meta property=\"article:modified_time\" content=\"2025-01-07T19:44:52+00:00\" \/>\n<meta property=\"og:image\" content=\"https:\/\/www.elkasuspension.com\/wp-content\/uploads\/2021\/12\/web_atv-36-stage5_main-33.jpg\" \/>\n\t<meta property=\"og:image:width\" content=\"1200\" \/>\n\t<meta property=\"og:image:height\" content=\"1200\" \/>\n\t<meta property=\"og:image:type\" content=\"image\/jpeg\" \/>\n<meta name=\"twitter:card\" content=\"summary_large_image\" \/>\n<meta name=\"twitter:site\" content=\"@ElkaSuspension\" \/>\n<meta name=\"twitter:label1\" content=\"Price\" \/>\n\t<meta name=\"twitter:data1\" content=\"&#036;2,300.00\" \/>\n\t<meta name=\"twitter:label2\" content=\"Availability\" \/>\n\t<meta name=\"twitter:data2\" content=\"In stock\" \/>\n<script type=\"application\/ld+json\" class=\"yoast-schema-graph\">{\"@context\":\"https:\/\/schema.org\",\"@graph\":[{\"@type\":\"WebPage\",\"@id\":\"https:\/\/www.elkasuspension.com\/fr\/produit\/amortisseurs-avant-stage-5-pour-yamaha-yfz450-2004-a-2005\/\",\"url\":\"https:\/\/www.elkasuspension.com\/fr\/produit\/amortisseurs-avant-stage-5-pour-yamaha-yfz450-2004-a-2005\/\",\"name\":\"AMORTISSEURS AVANT STAGE 5 pour YAMAHA YFZ450, 2004 \u00e0 2005 &#187; Elka Suspension Inc\",\"isPartOf\":{\"@id\":\"https:\/\/www.elkasuspension.com\/fr\/#website\"},\"primaryImageOfPage\":{\"@id\":\"https:\/\/www.elkasuspension.com\/fr\/produit\/amortisseurs-avant-stage-5-pour-yamaha-yfz450-2004-a-2005\/#primaryimage\"},\"image\":{\"@id\":\"https:\/\/www.elkasuspension.com\/fr\/produit\/amortisseurs-avant-stage-5-pour-yamaha-yfz450-2004-a-2005\/#primaryimage\"},\"thumbnailUrl\":\"https:\/\/www.elkasuspension.com\/wp-content\/uploads\/2025\/01\/web_atv-36-stage5_main-32.jpg\",\"datePublished\":\"2025-01-07T19:44:48+00:00\",\"dateModified\":\"2025-01-07T19:44:52+00:00\",\"breadcrumb\":{\"@id\":\"https:\/\/www.elkasuspension.com\/fr\/produit\/amortisseurs-avant-stage-5-pour-yamaha-yfz450-2004-a-2005\/#breadcrumb\"},\"inLanguage\":\"fr-FR\",\"potentialAction\":[{\"@type\":\"ReadAction\",\"target\":[\"https:\/\/www.elkasuspension.com\/fr\/produit\/amortisseurs-avant-stage-5-pour-yamaha-yfz450-2004-a-2005\/\"]}]},{\"@type\":\"ImageObject\",\"inLanguage\":\"fr-FR\",\"@id\":\"https:\/\/www.elkasuspension.com\/fr\/produit\/amortisseurs-avant-stage-5-pour-yamaha-yfz450-2004-a-2005\/#primaryimage\",\"url\":\"https:\/\/www.elkasuspension.com\/wp-content\/uploads\/2025\/01\/web_atv-36-stage5_main-32.jpg\",\"contentUrl\":\"https:\/\/www.elkasuspension.com\/wp-content\/uploads\/2025\/01\/web_atv-36-stage5_main-32.jpg\",\"width\":1200,\"height\":1200},{\"@type\":\"BreadcrumbList\",\"@id\":\"https:\/\/www.elkasuspension.com\/fr\/produit\/amortisseurs-avant-stage-5-pour-yamaha-yfz450-2004-a-2005\/#breadcrumb\",\"itemListElement\":[{\"@type\":\"ListItem\",\"position\":1,\"name\":\"Home\",\"item\":\"https:\/\/www.elkasuspension.com\/fr\/\"},{\"@type\":\"ListItem\",\"position\":2,\"name\":\"Boutique\",\"item\":\"https:\/\/www.elkasuspension.com\/fr\/boutique\/\"},{\"@type\":\"ListItem\",\"position\":3,\"name\":\"AMORTISSEURS AVANT STAGE 5 pour YAMAHA YFZ450, 2004 \u00e0 2005\"}]},{\"@type\":\"WebSite\",\"@id\":\"https:\/\/www.elkasuspension.com\/fr\/#website\",\"url\":\"https:\/\/www.elkasuspension.com\/fr\/\",\"name\":\"Elka Suspension Inc\",\"description\":\"High Performance Aftermarket Shock Absorbers\",\"publisher\":{\"@id\":\"https:\/\/www.elkasuspension.com\/fr\/#organization\"},\"potentialAction\":[{\"@type\":\"SearchAction\",\"target\":{\"@type\":\"EntryPoint\",\"urlTemplate\":\"https:\/\/www.elkasuspension.com\/fr\/?s={search_term_string}\"},\"query-input\":{\"@type\":\"PropertyValueSpecification\",\"valueRequired\":true,\"valueName\":\"search_term_string\"}}],\"inLanguage\":\"fr-FR\"},{\"@type\":\"Organization\",\"@id\":\"https:\/\/www.elkasuspension.com\/fr\/#organization\",\"name\":\"Elka Suspension Inc.\",\"url\":\"https:\/\/www.elkasuspension.com\/fr\/\",\"logo\":{\"@type\":\"ImageObject\",\"inLanguage\":\"fr-FR\",\"@id\":\"https:\/\/www.elkasuspension.com\/fr\/#\/schema\/logo\/image\/\",\"url\":\"https:\/\/www.elkasuspension.com\/wp-content\/uploads\/2021\/02\/ELKA-LOGO-2018_450x99.jpg\",\"contentUrl\":\"https:\/\/www.elkasuspension.com\/wp-content\/uploads\/2021\/02\/ELKA-LOGO-2018_450x99.jpg\",\"width\":450,\"height\":99,\"caption\":\"Elka Suspension Inc.\"},\"image\":{\"@id\":\"https:\/\/www.elkasuspension.com\/fr\/#\/schema\/logo\/image\/\"},\"sameAs\":[\"https:\/\/www.facebook.com\/ElkaSuspension\",\"https:\/\/x.com\/ElkaSuspension\",\"https:\/\/www.instagram.com\/elkasuspension\/\",\"https:\/\/www.youtube.com\/user\/ElkaSuspensionTV\"]}]}<\/script>\n<meta property=\"product:brand\" content=\"VTT SPORT &amp; COURSE\" \/>\n<meta property=\"product:price:amount\" content=\"2300.00\" \/>\n<meta property=\"product:price:currency\" content=\"USD\" \/>\n<meta property=\"og:availability\" content=\"instock\" \/>\n<meta property=\"product:availability\" content=\"instock\" \/>\n<meta property=\"product:retailer_item_id\" content=\"11432\" \/>\n<meta property=\"product:condition\" content=\"new\" \/>\n<!-- \/ Yoast SEO Premium plugin. -->","yoast_head_json":{"title":"AMORTISSEURS AVANT STAGE 5 pour YAMAHA YFZ450, 2004 \u00e0 2005 &#187; Elka Suspension Inc","robots":{"index":"index","follow":"follow","max-snippet":"max-snippet:-1","max-image-preview":"max-image-preview:large","max-video-preview":"max-video-preview:-1"},"canonical":"https:\/\/www.elkasuspension.com\/fr\/produit\/amortisseurs-avant-stage-5-pour-yamaha-yfz450-2004-a-2005\/","og_locale":"fr_FR","og_type":"article","og_title":"AMORTISSEURS AVANT STAGE 5 pour YAMAHA YFZ450, 2004 \u00e0 2005","og_description":"Les amortisseurs Stage 5 sont notre mod\u00e8le haut-de-gamme qui allie notre technologie \"High-Flow\", un design ultra-l\u00e9ger et des composantes internes \u00e0 basse friction. Ils sont le choix id\u00e9al pour les coureurs ou les enthousiastes \u00e0 la recherche du maximum de performance et du contr\u00f4le total de tous les param\u00e8tres de leur suspension, sans aucun compromis. Ajustements: - Compression haute-v\u00e9locit\u00e9 - Compression basse-v\u00e9locit\u00e9 - D\u00e9tente (rebond) - Pr\u00e9charge des ressort","og_url":"https:\/\/www.elkasuspension.com\/fr\/produit\/amortisseurs-avant-stage-5-pour-yamaha-yfz450-2004-a-2005\/","og_site_name":"Elka Suspension Inc","article_publisher":"https:\/\/www.facebook.com\/ElkaSuspension","article_modified_time":"2025-01-07T19:44:52+00:00","og_image":[{"width":1200,"height":1200,"url":"https:\/\/www.elkasuspension.com\/wp-content\/uploads\/2021\/12\/web_atv-36-stage5_main-33.jpg","type":"image\/jpeg"}],"twitter_card":"summary_large_image","twitter_site":"@ElkaSuspension","twitter_misc":{"Price":"&#36;2,300.00","Availability":"In stock"},"schema":{"@context":"https:\/\/schema.org","@graph":[{"@type":"WebPage","@id":"https:\/\/www.elkasuspension.com\/fr\/produit\/amortisseurs-avant-stage-5-pour-yamaha-yfz450-2004-a-2005\/","url":"https:\/\/www.elkasuspension.com\/fr\/produit\/amortisseurs-avant-stage-5-pour-yamaha-yfz450-2004-a-2005\/","name":"AMORTISSEURS AVANT STAGE 5 pour YAMAHA YFZ450, 2004 \u00e0 2005 &#187; Elka Suspension Inc","isPartOf":{"@id":"https:\/\/www.elkasuspension.com\/fr\/#website"},"primaryImageOfPage":{"@id":"https:\/\/www.elkasuspension.com\/fr\/produit\/amortisseurs-avant-stage-5-pour-yamaha-yfz450-2004-a-2005\/#primaryimage"},"image":{"@id":"https:\/\/www.elkasuspension.com\/fr\/produit\/amortisseurs-avant-stage-5-pour-yamaha-yfz450-2004-a-2005\/#primaryimage"},"thumbnailUrl":"https:\/\/www.elkasuspension.com\/wp-content\/uploads\/2025\/01\/web_atv-36-stage5_main-32.jpg","datePublished":"2025-01-07T19:44:48+00:00","dateModified":"2025-01-07T19:44:52+00:00","breadcrumb":{"@id":"https:\/\/www.elkasuspension.com\/fr\/produit\/amortisseurs-avant-stage-5-pour-yamaha-yfz450-2004-a-2005\/#breadcrumb"},"inLanguage":"fr-FR","potentialAction":[{"@type":"ReadAction","target":["https:\/\/www.elkasuspension.com\/fr\/produit\/amortisseurs-avant-stage-5-pour-yamaha-yfz450-2004-a-2005\/"]}]},{"@type":"ImageObject","inLanguage":"fr-FR","@id":"https:\/\/www.elkasuspension.com\/fr\/produit\/amortisseurs-avant-stage-5-pour-yamaha-yfz450-2004-a-2005\/#primaryimage","url":"https:\/\/www.elkasuspension.com\/wp-content\/uploads\/2025\/01\/web_atv-36-stage5_main-32.jpg","contentUrl":"https:\/\/www.elkasuspension.com\/wp-content\/uploads\/2025\/01\/web_atv-36-stage5_main-32.jpg","width":1200,"height":1200},{"@type":"BreadcrumbList","@id":"https:\/\/www.elkasuspension.com\/fr\/produit\/amortisseurs-avant-stage-5-pour-yamaha-yfz450-2004-a-2005\/#breadcrumb","itemListElement":[{"@type":"ListItem","position":1,"name":"Home","item":"https:\/\/www.elkasuspension.com\/fr\/"},{"@type":"ListItem","position":2,"name":"Boutique","item":"https:\/\/www.elkasuspension.com\/fr\/boutique\/"},{"@type":"ListItem","position":3,"name":"AMORTISSEURS AVANT STAGE 5 pour YAMAHA YFZ450, 2004 \u00e0 2005"}]},{"@type":"WebSite","@id":"https:\/\/www.elkasuspension.com\/fr\/#website","url":"https:\/\/www.elkasuspension.com\/fr\/","name":"Elka Suspension Inc","description":"High Performance Aftermarket Shock Absorbers","publisher":{"@id":"https:\/\/www.elkasuspension.com\/fr\/#organization"},"potentialAction":[{"@type":"SearchAction","target":{"@type":"EntryPoint","urlTemplate":"https:\/\/www.elkasuspension.com\/fr\/?s={search_term_string}"},"query-input":{"@type":"PropertyValueSpecification","valueRequired":true,"valueName":"search_term_string"}}],"inLanguage":"fr-FR"},{"@type":"Organization","@id":"https:\/\/www.elkasuspension.com\/fr\/#organization","name":"Elka Suspension Inc.","url":"https:\/\/www.elkasuspension.com\/fr\/","logo":{"@type":"ImageObject","inLanguage":"fr-FR","@id":"https:\/\/www.elkasuspension.com\/fr\/#\/schema\/logo\/image\/","url":"https:\/\/www.elkasuspension.com\/wp-content\/uploads\/2021\/02\/ELKA-LOGO-2018_450x99.jpg","contentUrl":"https:\/\/www.elkasuspension.com\/wp-content\/uploads\/2021\/02\/ELKA-LOGO-2018_450x99.jpg","width":450,"height":99,"caption":"Elka Suspension Inc."},"image":{"@id":"https:\/\/www.elkasuspension.com\/fr\/#\/schema\/logo\/image\/"},"sameAs":["https:\/\/www.facebook.com\/ElkaSuspension","https:\/\/x.com\/ElkaSuspension","https:\/\/www.instagram.com\/elkasuspension\/","https:\/\/www.youtube.com\/user\/ElkaSuspensionTV"]}]},"product_brand":"VTT SPORT &amp; COURSE","product_price_amount":"2300.00","product_price_currency":"USD","og_availability":"instock","product_availability":"instock","product_retailer_item_id":"11432","product_condition":"new"},"acf":[],"_links":{"self":[{"href":"https:\/\/www.elkasuspension.com\/fr\/wp-json\/wp\/v2\/product\/349058","targetHints":{"allow":["GET"]}}],"collection":[{"href":"https:\/\/www.elkasuspension.com\/fr\/wp-json\/wp\/v2\/product"}],"about":[{"href":"https:\/\/www.elkasuspension.com\/fr\/wp-json\/wp\/v2\/types\/product"}],"replies":[{"embeddable":true,"href":"https:\/\/www.elkasuspension.com\/fr\/wp-json\/wp\/v2\/comments?post=349058"}],"wp:featuredmedia":[{"embeddable":true,"href":"https:\/\/www.elkasuspension.com\/fr\/wp-json\/wp\/v2\/media\/7966476325"}],"wp:attachment":[{"href":"https:\/\/www.elkasuspension.com\/fr\/wp-json\/wp\/v2\/media?parent=349058"}],"wp:term":[{"taxonomy":"product_brand","embeddable":true,"href":"https:\/\/www.elkasuspension.com\/fr\/wp-json\/wp\/v2\/product_brand?post=349058"},{"taxonomy":"product_cat","embeddable":true,"href":"https:\/\/www.elkasuspension.com\/fr\/wp-json\/wp\/v2\/product_cat?post=349058"},{"taxonomy":"product_tag","embeddable":true,"href":"https:\/\/www.elkasuspension.com\/fr\/wp-json\/wp\/v2\/product_tag?post=349058"}],"curies":[{"name":"wp","href":"https:\/\/api.w.org\/{rel}","templated":true}]}}