{"id":349146,"date":"2025-01-07T14:47:18","date_gmt":"2025-01-07T19:47:18","guid":{"rendered":"https:\/\/www.elkasuspension.com\/?post_type=product&#038;p=349146"},"modified":"2025-01-07T14:47:20","modified_gmt":"2025-01-07T19:47:20","slug":"biellette-simp-arrire-pour-yamaha-yfz450-2006-2012","status":"publish","type":"product","link":"https:\/\/www.elkasuspension.com\/fr\/produit\/biellette-simp-arrire-pour-yamaha-yfz450-2006-2012\/","title":{"rendered":"BIELLETTE pour YAMAHA YFZ450, 2006 \u00e0 2012"},"content":{"rendered":"<h3>Augmentez et am\u00e9liorez encore plus la qualit\u00e9 et la quantit\u00e9 de d\u00e9battement de votre VTT avec nos biellettes sp\u00e9cifiquement d\u00e9velopp\u00e9es pour votre v\u00e9hicule<\/h3>\n<p>Nos biellettes sont un parfait compl\u00e9ment \u00e0 votre amortisseur arri\u00e8re Elka pour tirer le plein potentiel de votre quad en vous offrant encore plus de d\u00e9battement aux roues arri\u00e8res avec une progression plus douce \u00e0 travers tout le d\u00e9battement, en plus d&#8217;optimiser la g\u00e9om\u00e9trie de votre suspension arri\u00e8re pour un maximum de performance et de confort. Nos biellettes sont usin\u00e9es avec pr\u00e9cision \u00e0 partir de blocs d&#8217;aluminium de grade a\u00e9ronautique pour obtenir un \u00e9quilibre parfait entre r\u00e9sistance, poids l\u00e9ger et d\u00e9gagement une fois install\u00e9e. Ces produits sont anodis\u00e9s pour un fini attrayant et durable et comprennent des roulements \u00e0 aiguille de premi\u00e8re qualit\u00e9 pour vous assurer un fonctionnement optimal pendant tr\u00e8s longtemps.<\/p>\n<p>Ces biellettes sont sp\u00e9cifiquement d\u00e9velopp\u00e9es pour chaque mod\u00e8le de v\u00e9hicule et sont compatibles avec le bras oscillant d&#8217;origine ainsi que la plupart des bras oscillants d&#8217;apr\u00e8s-march\u00e9 populaires. Nous recommandons fortement nos biellettes en combinaison avec nos amortisseurs arri\u00e8res Elka \u00e0 tous les pilotes qui veulent repousser les limites de leur machine en termes de performances et de confort.<\/p>\n","protected":false},"excerpt":{"rendered":"<p>Notre biellette pour le YFZ450 est le parfait compl\u00e9ment \u00e0 votre amortisseur arri\u00e8re Elka pour tirer le plein potentiel de votre quad. Cet ensemble vous procure 13&#8243; de d\u00e9battement aux roues arri\u00e8res avec une progression plus douce \u00e0 travers tout le d\u00e9battement, en plus d&#8217;optimiser la g\u00e9om\u00e9trie de votre suspension arri\u00e8re pour un maximum de performance et de confort.<\/p>\n","protected":false},"featured_media":7966476447,"comment_status":"closed","ping_status":"closed","template":"","meta":{"_acf_changed":false},"product_brand":[],"product_cat":[41327,42616,42333],"product_tag":[49279,36377,44106,37749],"class_list":{"0":"post-349146","1":"product","2":"type-product","3":"status-publish","4":"has-post-thumbnail","6":"product_cat-vtt-sport-et-course","7":"product_cat-vtt-yamaha","8":"product_cat-fr-yfz450_2006_a_2012","9":"product_tag-biellette","10":"product_tag-haute-performance-course","11":"product_tag-vtt-sport-course","12":"product_tag-yamaha-fr","13":"pa_body-diameter-material-n-a","14":"pa_part-number-49277","15":"pa_position-biellette","16":"pa_primary-intended-use-haute-performance-course","17":"pa_product-model-biellette","18":"pa_reservoir-configuration-n-a","19":"pa_shock-type-avec-ressort-fr","20":"pa_sku-49278","21":"pa_unit-of-sale-sold-as-unite-fr","22":"pa_vehicle-make-yamaha","23":"pa_vehicle-model-year-yfz450-2006-a-2012","25":"first","26":"instock","27":"taxable","28":"shipping-taxable","29":"purchasable","30":"product-type-simple"},"yoast_head":"<!-- This site is optimized with the Yoast SEO Premium plugin v27.2 (Yoast SEO v27.2) - https:\/\/yoast.com\/product\/yoast-seo-premium-wordpress\/ -->\n<title>BIELLETTE pour YAMAHA YFZ450, 2006 \u00e0 2012 &#187; Elka Suspension Inc<\/title>\n<meta name=\"robots\" content=\"index, follow, max-snippet:-1, max-image-preview:large, max-video-preview:-1\" \/>\n<link rel=\"canonical\" href=\"https:\/\/www.elkasuspension.com\/fr\/produit\/biellette-simp-arrire-pour-yamaha-yfz450-2006-2012\/\" \/>\n<meta property=\"og:locale\" content=\"fr_FR\" \/>\n<meta property=\"og:type\" content=\"article\" \/>\n<meta property=\"og:title\" content=\"BIELLETTE pour YAMAHA YFZ450, 2006 \u00e0 2012\" \/>\n<meta property=\"og:description\" content=\"Notre biellette pour le YFZ450 est le parfait compl\u00e9ment \u00e0 votre amortisseur arri\u00e8re Elka pour tirer le plein potentiel de votre quad. Cet ensemble vous procure 13&quot; de d\u00e9battement aux roues arri\u00e8res avec une progression plus douce \u00e0 travers tout le d\u00e9battement, en plus d&#039;optimiser la g\u00e9om\u00e9trie de votre suspension arri\u00e8re pour un maximum de performance et de confort.\" \/>\n<meta property=\"og:url\" content=\"https:\/\/www.elkasuspension.com\/fr\/produit\/biellette-simp-arrire-pour-yamaha-yfz450-2006-2012\/\" \/>\n<meta property=\"og:site_name\" content=\"Elka Suspension Inc\" \/>\n<meta property=\"article:publisher\" content=\"https:\/\/www.facebook.com\/ElkaSuspension\" \/>\n<meta property=\"article:modified_time\" content=\"2025-01-07T19:47:20+00:00\" \/>\n<meta property=\"og:image\" content=\"https:\/\/www.elkasuspension.com\/wp-content\/uploads\/2025\/01\/web_atv-linkage_yfz450.jpg\" \/>\n\t<meta property=\"og:image:width\" content=\"1200\" \/>\n\t<meta property=\"og:image:height\" content=\"1200\" \/>\n\t<meta property=\"og:image:type\" content=\"image\/jpeg\" \/>\n<meta name=\"twitter:card\" content=\"summary_large_image\" \/>\n<meta name=\"twitter:site\" content=\"@ElkaSuspension\" \/>\n<meta name=\"twitter:label1\" content=\"Price\" \/>\n\t<meta name=\"twitter:data1\" content=\"&#036;450.00\" \/>\n\t<meta name=\"twitter:label2\" content=\"Availability\" \/>\n\t<meta name=\"twitter:data2\" content=\"In stock\" \/>\n<script type=\"application\/ld+json\" class=\"yoast-schema-graph\">{\"@context\":\"https:\/\/schema.org\",\"@graph\":[{\"@type\":\"WebPage\",\"@id\":\"https:\/\/www.elkasuspension.com\/fr\/produit\/biellette-simp-arrire-pour-yamaha-yfz450-2006-2012\/\",\"url\":\"https:\/\/www.elkasuspension.com\/fr\/produit\/biellette-simp-arrire-pour-yamaha-yfz450-2006-2012\/\",\"name\":\"BIELLETTE pour YAMAHA YFZ450, 2006 \u00e0 2012 &#187; Elka Suspension Inc\",\"isPartOf\":{\"@id\":\"https:\/\/www.elkasuspension.com\/fr\/#website\"},\"primaryImageOfPage\":{\"@id\":\"https:\/\/www.elkasuspension.com\/fr\/produit\/biellette-simp-arrire-pour-yamaha-yfz450-2006-2012\/#primaryimage\"},\"image\":{\"@id\":\"https:\/\/www.elkasuspension.com\/fr\/produit\/biellette-simp-arrire-pour-yamaha-yfz450-2006-2012\/#primaryimage\"},\"thumbnailUrl\":\"https:\/\/www.elkasuspension.com\/wp-content\/uploads\/2025\/01\/web_atv-linkage_yfz450.jpg\",\"datePublished\":\"2025-01-07T19:47:18+00:00\",\"dateModified\":\"2025-01-07T19:47:20+00:00\",\"breadcrumb\":{\"@id\":\"https:\/\/www.elkasuspension.com\/fr\/produit\/biellette-simp-arrire-pour-yamaha-yfz450-2006-2012\/#breadcrumb\"},\"inLanguage\":\"fr-FR\",\"potentialAction\":[{\"@type\":\"ReadAction\",\"target\":[\"https:\/\/www.elkasuspension.com\/fr\/produit\/biellette-simp-arrire-pour-yamaha-yfz450-2006-2012\/\"]}]},{\"@type\":\"ImageObject\",\"inLanguage\":\"fr-FR\",\"@id\":\"https:\/\/www.elkasuspension.com\/fr\/produit\/biellette-simp-arrire-pour-yamaha-yfz450-2006-2012\/#primaryimage\",\"url\":\"https:\/\/www.elkasuspension.com\/wp-content\/uploads\/2025\/01\/web_atv-linkage_yfz450.jpg\",\"contentUrl\":\"https:\/\/www.elkasuspension.com\/wp-content\/uploads\/2025\/01\/web_atv-linkage_yfz450.jpg\",\"width\":1200,\"height\":1200},{\"@type\":\"BreadcrumbList\",\"@id\":\"https:\/\/www.elkasuspension.com\/fr\/produit\/biellette-simp-arrire-pour-yamaha-yfz450-2006-2012\/#breadcrumb\",\"itemListElement\":[{\"@type\":\"ListItem\",\"position\":1,\"name\":\"Home\",\"item\":\"https:\/\/www.elkasuspension.com\/fr\/\"},{\"@type\":\"ListItem\",\"position\":2,\"name\":\"Boutique\",\"item\":\"https:\/\/www.elkasuspension.com\/fr\/boutique\/\"},{\"@type\":\"ListItem\",\"position\":3,\"name\":\"BIELLETTE pour YAMAHA YFZ450, 2006 \u00e0 2012\"}]},{\"@type\":\"WebSite\",\"@id\":\"https:\/\/www.elkasuspension.com\/fr\/#website\",\"url\":\"https:\/\/www.elkasuspension.com\/fr\/\",\"name\":\"Elka Suspension Inc\",\"description\":\"High Performance Aftermarket Shock Absorbers\",\"publisher\":{\"@id\":\"https:\/\/www.elkasuspension.com\/fr\/#organization\"},\"potentialAction\":[{\"@type\":\"SearchAction\",\"target\":{\"@type\":\"EntryPoint\",\"urlTemplate\":\"https:\/\/www.elkasuspension.com\/fr\/?s={search_term_string}\"},\"query-input\":{\"@type\":\"PropertyValueSpecification\",\"valueRequired\":true,\"valueName\":\"search_term_string\"}}],\"inLanguage\":\"fr-FR\"},{\"@type\":\"Organization\",\"@id\":\"https:\/\/www.elkasuspension.com\/fr\/#organization\",\"name\":\"Elka Suspension Inc.\",\"url\":\"https:\/\/www.elkasuspension.com\/fr\/\",\"logo\":{\"@type\":\"ImageObject\",\"inLanguage\":\"fr-FR\",\"@id\":\"https:\/\/www.elkasuspension.com\/fr\/#\/schema\/logo\/image\/\",\"url\":\"https:\/\/www.elkasuspension.com\/wp-content\/uploads\/2021\/02\/ELKA-LOGO-2018_450x99.jpg\",\"contentUrl\":\"https:\/\/www.elkasuspension.com\/wp-content\/uploads\/2021\/02\/ELKA-LOGO-2018_450x99.jpg\",\"width\":450,\"height\":99,\"caption\":\"Elka Suspension Inc.\"},\"image\":{\"@id\":\"https:\/\/www.elkasuspension.com\/fr\/#\/schema\/logo\/image\/\"},\"sameAs\":[\"https:\/\/www.facebook.com\/ElkaSuspension\",\"https:\/\/x.com\/ElkaSuspension\",\"https:\/\/www.instagram.com\/elkasuspension\/\",\"https:\/\/www.youtube.com\/user\/ElkaSuspensionTV\"]}]}<\/script>\n<meta property=\"product:brand\" content=\"VTT SPORT &amp; COURSE\" \/>\n<meta property=\"product:price:amount\" content=\"450.00\" \/>\n<meta property=\"product:price:currency\" content=\"USD\" \/>\n<meta property=\"og:availability\" content=\"instock\" \/>\n<meta property=\"product:availability\" content=\"instock\" \/>\n<meta property=\"product:retailer_item_id\" content=\"11447\" \/>\n<meta property=\"product:condition\" content=\"new\" \/>\n<!-- \/ Yoast SEO Premium plugin. -->","yoast_head_json":{"title":"BIELLETTE pour YAMAHA YFZ450, 2006 \u00e0 2012 &#187; Elka Suspension Inc","robots":{"index":"index","follow":"follow","max-snippet":"max-snippet:-1","max-image-preview":"max-image-preview:large","max-video-preview":"max-video-preview:-1"},"canonical":"https:\/\/www.elkasuspension.com\/fr\/produit\/biellette-simp-arrire-pour-yamaha-yfz450-2006-2012\/","og_locale":"fr_FR","og_type":"article","og_title":"BIELLETTE pour YAMAHA YFZ450, 2006 \u00e0 2012","og_description":"Notre biellette pour le YFZ450 est le parfait compl\u00e9ment \u00e0 votre amortisseur arri\u00e8re Elka pour tirer le plein potentiel de votre quad. Cet ensemble vous procure 13\" de d\u00e9battement aux roues arri\u00e8res avec une progression plus douce \u00e0 travers tout le d\u00e9battement, en plus d'optimiser la g\u00e9om\u00e9trie de votre suspension arri\u00e8re pour un maximum de performance et de confort.","og_url":"https:\/\/www.elkasuspension.com\/fr\/produit\/biellette-simp-arrire-pour-yamaha-yfz450-2006-2012\/","og_site_name":"Elka Suspension Inc","article_publisher":"https:\/\/www.facebook.com\/ElkaSuspension","article_modified_time":"2025-01-07T19:47:20+00:00","og_image":[{"width":1200,"height":1200,"url":"https:\/\/www.elkasuspension.com\/wp-content\/uploads\/2025\/01\/web_atv-linkage_yfz450.jpg","type":"image\/jpeg"}],"twitter_card":"summary_large_image","twitter_site":"@ElkaSuspension","twitter_misc":{"Price":"&#36;450.00","Availability":"In stock"},"schema":{"@context":"https:\/\/schema.org","@graph":[{"@type":"WebPage","@id":"https:\/\/www.elkasuspension.com\/fr\/produit\/biellette-simp-arrire-pour-yamaha-yfz450-2006-2012\/","url":"https:\/\/www.elkasuspension.com\/fr\/produit\/biellette-simp-arrire-pour-yamaha-yfz450-2006-2012\/","name":"BIELLETTE pour YAMAHA YFZ450, 2006 \u00e0 2012 &#187; Elka Suspension Inc","isPartOf":{"@id":"https:\/\/www.elkasuspension.com\/fr\/#website"},"primaryImageOfPage":{"@id":"https:\/\/www.elkasuspension.com\/fr\/produit\/biellette-simp-arrire-pour-yamaha-yfz450-2006-2012\/#primaryimage"},"image":{"@id":"https:\/\/www.elkasuspension.com\/fr\/produit\/biellette-simp-arrire-pour-yamaha-yfz450-2006-2012\/#primaryimage"},"thumbnailUrl":"https:\/\/www.elkasuspension.com\/wp-content\/uploads\/2025\/01\/web_atv-linkage_yfz450.jpg","datePublished":"2025-01-07T19:47:18+00:00","dateModified":"2025-01-07T19:47:20+00:00","breadcrumb":{"@id":"https:\/\/www.elkasuspension.com\/fr\/produit\/biellette-simp-arrire-pour-yamaha-yfz450-2006-2012\/#breadcrumb"},"inLanguage":"fr-FR","potentialAction":[{"@type":"ReadAction","target":["https:\/\/www.elkasuspension.com\/fr\/produit\/biellette-simp-arrire-pour-yamaha-yfz450-2006-2012\/"]}]},{"@type":"ImageObject","inLanguage":"fr-FR","@id":"https:\/\/www.elkasuspension.com\/fr\/produit\/biellette-simp-arrire-pour-yamaha-yfz450-2006-2012\/#primaryimage","url":"https:\/\/www.elkasuspension.com\/wp-content\/uploads\/2025\/01\/web_atv-linkage_yfz450.jpg","contentUrl":"https:\/\/www.elkasuspension.com\/wp-content\/uploads\/2025\/01\/web_atv-linkage_yfz450.jpg","width":1200,"height":1200},{"@type":"BreadcrumbList","@id":"https:\/\/www.elkasuspension.com\/fr\/produit\/biellette-simp-arrire-pour-yamaha-yfz450-2006-2012\/#breadcrumb","itemListElement":[{"@type":"ListItem","position":1,"name":"Home","item":"https:\/\/www.elkasuspension.com\/fr\/"},{"@type":"ListItem","position":2,"name":"Boutique","item":"https:\/\/www.elkasuspension.com\/fr\/boutique\/"},{"@type":"ListItem","position":3,"name":"BIELLETTE pour YAMAHA YFZ450, 2006 \u00e0 2012"}]},{"@type":"WebSite","@id":"https:\/\/www.elkasuspension.com\/fr\/#website","url":"https:\/\/www.elkasuspension.com\/fr\/","name":"Elka Suspension Inc","description":"High Performance Aftermarket Shock Absorbers","publisher":{"@id":"https:\/\/www.elkasuspension.com\/fr\/#organization"},"potentialAction":[{"@type":"SearchAction","target":{"@type":"EntryPoint","urlTemplate":"https:\/\/www.elkasuspension.com\/fr\/?s={search_term_string}"},"query-input":{"@type":"PropertyValueSpecification","valueRequired":true,"valueName":"search_term_string"}}],"inLanguage":"fr-FR"},{"@type":"Organization","@id":"https:\/\/www.elkasuspension.com\/fr\/#organization","name":"Elka Suspension Inc.","url":"https:\/\/www.elkasuspension.com\/fr\/","logo":{"@type":"ImageObject","inLanguage":"fr-FR","@id":"https:\/\/www.elkasuspension.com\/fr\/#\/schema\/logo\/image\/","url":"https:\/\/www.elkasuspension.com\/wp-content\/uploads\/2021\/02\/ELKA-LOGO-2018_450x99.jpg","contentUrl":"https:\/\/www.elkasuspension.com\/wp-content\/uploads\/2021\/02\/ELKA-LOGO-2018_450x99.jpg","width":450,"height":99,"caption":"Elka Suspension Inc."},"image":{"@id":"https:\/\/www.elkasuspension.com\/fr\/#\/schema\/logo\/image\/"},"sameAs":["https:\/\/www.facebook.com\/ElkaSuspension","https:\/\/x.com\/ElkaSuspension","https:\/\/www.instagram.com\/elkasuspension\/","https:\/\/www.youtube.com\/user\/ElkaSuspensionTV"]}]},"product_brand":"VTT SPORT &amp; COURSE","product_price_amount":"450.00","product_price_currency":"USD","og_availability":"instock","product_availability":"instock","product_retailer_item_id":"11447","product_condition":"new"},"acf":[],"_links":{"self":[{"href":"https:\/\/www.elkasuspension.com\/fr\/wp-json\/wp\/v2\/product\/349146","targetHints":{"allow":["GET"]}}],"collection":[{"href":"https:\/\/www.elkasuspension.com\/fr\/wp-json\/wp\/v2\/product"}],"about":[{"href":"https:\/\/www.elkasuspension.com\/fr\/wp-json\/wp\/v2\/types\/product"}],"replies":[{"embeddable":true,"href":"https:\/\/www.elkasuspension.com\/fr\/wp-json\/wp\/v2\/comments?post=349146"}],"wp:featuredmedia":[{"embeddable":true,"href":"https:\/\/www.elkasuspension.com\/fr\/wp-json\/wp\/v2\/media\/7966476447"}],"wp:attachment":[{"href":"https:\/\/www.elkasuspension.com\/fr\/wp-json\/wp\/v2\/media?parent=349146"}],"wp:term":[{"taxonomy":"product_brand","embeddable":true,"href":"https:\/\/www.elkasuspension.com\/fr\/wp-json\/wp\/v2\/product_brand?post=349146"},{"taxonomy":"product_cat","embeddable":true,"href":"https:\/\/www.elkasuspension.com\/fr\/wp-json\/wp\/v2\/product_cat?post=349146"},{"taxonomy":"product_tag","embeddable":true,"href":"https:\/\/www.elkasuspension.com\/fr\/wp-json\/wp\/v2\/product_tag?post=349146"}],"curies":[{"name":"wp","href":"https:\/\/api.w.org\/{rel}","templated":true}]}}