{"id":349936,"date":"2025-12-10T12:24:42","date_gmt":"2025-12-10T17:24:42","guid":{"rendered":"https:\/\/www.elkasuspension.com\/?post_type=product&#038;p=349936"},"modified":"2025-12-10T12:25:03","modified_gmt":"2025-12-10T17:25:03","slug":"amortisseurs-arriere-3-0-sand-edition-pour-can-am-maverick-x3-x-rs-2016-a-2020","status":"publish","type":"product","link":"https:\/\/www.elkasuspension.com\/fr\/produit\/amortisseurs-arriere-3-0-sand-edition-pour-can-am-maverick-x3-x-rs-2016-a-2020\/","title":{"rendered":"AMORTISSEURS ARRI\u00c8RE 3.0 SAND EDITION pour CAN-AM MAVERICK X3 X-RS, 2016 \u00e0 2026"},"content":{"rendered":"<h3>Calibr\u00e9s et optimis\u00e9s sp\u00e9cifiquement pour la conduite r\u00e9cr\u00e9ative dans les dunes et le d\u00e9sert<\/h3>\n<p>Procurent une absorption souple des ondulations dans le sable, des bosses et des obstacles tout en am\u00e9liorant la tenue de route, le contr\u00f4le et le confort. Les amortisseurs avants sont offerts en configuration avec r\u00e9servoir accoll\u00e9 de 2.5&#8243; (56mm) de diam\u00e8tre, les amortisseurs arri\u00e8res sont offerts en configuration avec r\u00e9servoir attach\u00e9 de 3.0&#8243; (66mm) de diam\u00e8tre<\/p>\n","protected":false},"excerpt":{"rendered":"<p>Les amortisseurs Sand Edition sont calibr\u00e9s et optimis\u00e9s sp\u00e9cifiquement pour la conduite r\u00e9cr\u00e9ative dans les dunes et le d\u00e9sert. Faciles \u00e0 utiliser, ils sont id\u00e9aux pour am\u00e9liorer la suspension de votre v\u00e9hicule pour la conduite dans le sable.<\/p>\n<p>Ajustement:<\/p>\n<p>&#8211; Pr\u00e9-charge ressort<\/p>\n","protected":false},"featured_media":7966551744,"comment_status":"closed","ping_status":"closed","template":"","meta":{"_acf_changed":false},"product_brand":[],"product_cat":[41395,41331,63370],"product_tag":[38131,44925,49360,36364],"class_list":{"0":"post-349936","1":"product","2":"type-product","3":"status-publish","4":"has-post-thumbnail","6":"product_cat-utv-can-am","7":"product_cat-cote-a-cote-utv","8":"product_cat-fr-maverick_r_2024_a_2026","9":"product_tag-3-0-sand-edition-fr","10":"product_tag-can-am-fr","11":"product_tag-cote-a-cote-utv","12":"product_tag-recreatif","13":"pa_body-diameter-material-66mm-aluminium","14":"pa_part-number-38130","15":"pa_position-arriere-fr","16":"pa_primary-intended-use-recreatif","17":"pa_product-model-3-0-sand-edition-fr-2","18":"pa_reservoir-configuration-avec-reservoir-fr","19":"pa_shock-type-avec-ressort-fr","20":"pa_sku-49699","21":"pa_unit-of-sale-sold-as-paire-fr","22":"pa_vehicle-make-can-am","23":"pa_vehicle-model-year-maverick-x3-x-rs-2016-a-2026","25":"first","26":"instock","27":"taxable","28":"shipping-taxable","29":"purchasable","30":"product-type-simple"},"yoast_head":"<!-- This site is optimized with the Yoast SEO Premium plugin v27.2 (Yoast SEO v27.2) - https:\/\/yoast.com\/product\/yoast-seo-premium-wordpress\/ -->\n<title>AMORTISSEURS ARRI\u00c8RE 3.0 SAND EDITION pour CAN-AM MAVERICK X3 X-RS, 2016 \u00e0 2026 &#187; Elka Suspension Inc<\/title>\n<meta name=\"robots\" content=\"index, follow, max-snippet:-1, max-image-preview:large, max-video-preview:-1\" \/>\n<link rel=\"canonical\" href=\"https:\/\/www.elkasuspension.com\/fr\/produit\/amortisseurs-arriere-3-0-sand-edition-pour-can-am-maverick-x3-x-rs-2016-a-2020\/\" \/>\n<meta property=\"og:locale\" content=\"fr_FR\" \/>\n<meta property=\"og:type\" content=\"article\" \/>\n<meta property=\"og:title\" content=\"AMORTISSEURS ARRI\u00c8RE 3.0 SAND EDITION pour CAN-AM MAVERICK X3 X-RS, 2016 \u00e0 2026\" \/>\n<meta property=\"og:description\" content=\"Les amortisseurs Sand Edition sont calibr\u00e9s et optimis\u00e9s sp\u00e9cifiquement pour la conduite r\u00e9cr\u00e9ative dans les dunes et le d\u00e9sert. Faciles \u00e0 utiliser, ils sont id\u00e9aux pour am\u00e9liorer la suspension de votre v\u00e9hicule pour la conduite dans le sable. Ajustement: - Pr\u00e9-charge ressort\" \/>\n<meta property=\"og:url\" content=\"https:\/\/www.elkasuspension.com\/fr\/produit\/amortisseurs-arriere-3-0-sand-edition-pour-can-am-maverick-x3-x-rs-2016-a-2020\/\" \/>\n<meta property=\"og:site_name\" content=\"Elka Suspension Inc\" \/>\n<meta property=\"article:publisher\" content=\"https:\/\/www.facebook.com\/ElkaSuspension\" \/>\n<meta property=\"article:modified_time\" content=\"2025-12-10T17:25:03+00:00\" \/>\n<meta property=\"og:image\" content=\"https:\/\/www.elkasuspension.com\/wp-content\/uploads\/2025\/12\/web_utv-sandedition-rear_main.jpg\" \/>\n\t<meta property=\"og:image:width\" content=\"1200\" \/>\n\t<meta property=\"og:image:height\" content=\"1200\" \/>\n\t<meta property=\"og:image:type\" content=\"image\/jpeg\" \/>\n<meta name=\"twitter:card\" content=\"summary_large_image\" \/>\n<meta name=\"twitter:site\" content=\"@ElkaSuspension\" \/>\n<meta name=\"twitter:label1\" content=\"Price\" \/>\n\t<meta name=\"twitter:data1\" content=\"&#036;2,300.00\" \/>\n\t<meta name=\"twitter:label2\" content=\"Availability\" \/>\n\t<meta name=\"twitter:data2\" content=\"In stock\" \/>\n<script type=\"application\/ld+json\" class=\"yoast-schema-graph\">{\"@context\":\"https:\/\/schema.org\",\"@graph\":[{\"@type\":\"WebPage\",\"@id\":\"https:\/\/www.elkasuspension.com\/fr\/produit\/amortisseurs-arriere-3-0-sand-edition-pour-can-am-maverick-x3-x-rs-2016-a-2020\/\",\"url\":\"https:\/\/www.elkasuspension.com\/fr\/produit\/amortisseurs-arriere-3-0-sand-edition-pour-can-am-maverick-x3-x-rs-2016-a-2020\/\",\"name\":\"AMORTISSEURS ARRI\u00c8RE 3.0 SAND EDITION pour CAN-AM MAVERICK X3 X-RS, 2016 \u00e0 2026 &#187; Elka Suspension Inc\",\"isPartOf\":{\"@id\":\"https:\/\/www.elkasuspension.com\/fr\/#website\"},\"primaryImageOfPage\":{\"@id\":\"https:\/\/www.elkasuspension.com\/fr\/produit\/amortisseurs-arriere-3-0-sand-edition-pour-can-am-maverick-x3-x-rs-2016-a-2020\/#primaryimage\"},\"image\":{\"@id\":\"https:\/\/www.elkasuspension.com\/fr\/produit\/amortisseurs-arriere-3-0-sand-edition-pour-can-am-maverick-x3-x-rs-2016-a-2020\/#primaryimage\"},\"thumbnailUrl\":\"https:\/\/www.elkasuspension.com\/wp-content\/uploads\/2025\/12\/web_utv-sandedition-rear_main.jpg\",\"datePublished\":\"2025-12-10T17:24:42+00:00\",\"dateModified\":\"2025-12-10T17:25:03+00:00\",\"breadcrumb\":{\"@id\":\"https:\/\/www.elkasuspension.com\/fr\/produit\/amortisseurs-arriere-3-0-sand-edition-pour-can-am-maverick-x3-x-rs-2016-a-2020\/#breadcrumb\"},\"inLanguage\":\"fr-FR\",\"potentialAction\":[{\"@type\":\"ReadAction\",\"target\":[\"https:\/\/www.elkasuspension.com\/fr\/produit\/amortisseurs-arriere-3-0-sand-edition-pour-can-am-maverick-x3-x-rs-2016-a-2020\/\"]}]},{\"@type\":\"ImageObject\",\"inLanguage\":\"fr-FR\",\"@id\":\"https:\/\/www.elkasuspension.com\/fr\/produit\/amortisseurs-arriere-3-0-sand-edition-pour-can-am-maverick-x3-x-rs-2016-a-2020\/#primaryimage\",\"url\":\"https:\/\/www.elkasuspension.com\/wp-content\/uploads\/2025\/12\/web_utv-sandedition-rear_main.jpg\",\"contentUrl\":\"https:\/\/www.elkasuspension.com\/wp-content\/uploads\/2025\/12\/web_utv-sandedition-rear_main.jpg\",\"width\":1200,\"height\":1200},{\"@type\":\"BreadcrumbList\",\"@id\":\"https:\/\/www.elkasuspension.com\/fr\/produit\/amortisseurs-arriere-3-0-sand-edition-pour-can-am-maverick-x3-x-rs-2016-a-2020\/#breadcrumb\",\"itemListElement\":[{\"@type\":\"ListItem\",\"position\":1,\"name\":\"Home\",\"item\":\"https:\/\/www.elkasuspension.com\/fr\/\"},{\"@type\":\"ListItem\",\"position\":2,\"name\":\"Boutique\",\"item\":\"https:\/\/www.elkasuspension.com\/fr\/boutique\/\"},{\"@type\":\"ListItem\",\"position\":3,\"name\":\"AMORTISSEURS ARRI\u00c8RE 3.0 SAND EDITION pour CAN-AM MAVERICK X3 X-RS, 2016 \u00e0 2026\"}]},{\"@type\":\"WebSite\",\"@id\":\"https:\/\/www.elkasuspension.com\/fr\/#website\",\"url\":\"https:\/\/www.elkasuspension.com\/fr\/\",\"name\":\"Elka Suspension Inc\",\"description\":\"High Performance Aftermarket Shock Absorbers\",\"publisher\":{\"@id\":\"https:\/\/www.elkasuspension.com\/fr\/#organization\"},\"potentialAction\":[{\"@type\":\"SearchAction\",\"target\":{\"@type\":\"EntryPoint\",\"urlTemplate\":\"https:\/\/www.elkasuspension.com\/fr\/?s={search_term_string}\"},\"query-input\":{\"@type\":\"PropertyValueSpecification\",\"valueRequired\":true,\"valueName\":\"search_term_string\"}}],\"inLanguage\":\"fr-FR\"},{\"@type\":\"Organization\",\"@id\":\"https:\/\/www.elkasuspension.com\/fr\/#organization\",\"name\":\"Elka Suspension Inc.\",\"url\":\"https:\/\/www.elkasuspension.com\/fr\/\",\"logo\":{\"@type\":\"ImageObject\",\"inLanguage\":\"fr-FR\",\"@id\":\"https:\/\/www.elkasuspension.com\/fr\/#\/schema\/logo\/image\/\",\"url\":\"https:\/\/www.elkasuspension.com\/wp-content\/uploads\/2021\/02\/ELKA-LOGO-2018_450x99.jpg\",\"contentUrl\":\"https:\/\/www.elkasuspension.com\/wp-content\/uploads\/2021\/02\/ELKA-LOGO-2018_450x99.jpg\",\"width\":450,\"height\":99,\"caption\":\"Elka Suspension Inc.\"},\"image\":{\"@id\":\"https:\/\/www.elkasuspension.com\/fr\/#\/schema\/logo\/image\/\"},\"sameAs\":[\"https:\/\/www.facebook.com\/ElkaSuspension\",\"https:\/\/x.com\/ElkaSuspension\",\"https:\/\/www.instagram.com\/elkasuspension\/\",\"https:\/\/www.youtube.com\/user\/ElkaSuspensionTV\"]}]}<\/script>\n<meta property=\"product:brand\" content=\"CAN-AM\" \/>\n<meta property=\"product:price:amount\" content=\"2300.00\" \/>\n<meta property=\"product:price:currency\" content=\"USD\" \/>\n<meta property=\"og:availability\" content=\"instock\" \/>\n<meta property=\"product:availability\" content=\"instock\" \/>\n<meta property=\"product:retailer_item_id\" content=\"30549\" \/>\n<meta property=\"product:condition\" content=\"new\" \/>\n<!-- \/ Yoast SEO Premium plugin. -->","yoast_head_json":{"title":"AMORTISSEURS ARRI\u00c8RE 3.0 SAND EDITION pour CAN-AM MAVERICK X3 X-RS, 2016 \u00e0 2026 &#187; Elka Suspension Inc","robots":{"index":"index","follow":"follow","max-snippet":"max-snippet:-1","max-image-preview":"max-image-preview:large","max-video-preview":"max-video-preview:-1"},"canonical":"https:\/\/www.elkasuspension.com\/fr\/produit\/amortisseurs-arriere-3-0-sand-edition-pour-can-am-maverick-x3-x-rs-2016-a-2020\/","og_locale":"fr_FR","og_type":"article","og_title":"AMORTISSEURS ARRI\u00c8RE 3.0 SAND EDITION pour CAN-AM MAVERICK X3 X-RS, 2016 \u00e0 2026","og_description":"Les amortisseurs Sand Edition sont calibr\u00e9s et optimis\u00e9s sp\u00e9cifiquement pour la conduite r\u00e9cr\u00e9ative dans les dunes et le d\u00e9sert. Faciles \u00e0 utiliser, ils sont id\u00e9aux pour am\u00e9liorer la suspension de votre v\u00e9hicule pour la conduite dans le sable. Ajustement: - Pr\u00e9-charge ressort","og_url":"https:\/\/www.elkasuspension.com\/fr\/produit\/amortisseurs-arriere-3-0-sand-edition-pour-can-am-maverick-x3-x-rs-2016-a-2020\/","og_site_name":"Elka Suspension Inc","article_publisher":"https:\/\/www.facebook.com\/ElkaSuspension","article_modified_time":"2025-12-10T17:25:03+00:00","og_image":[{"width":1200,"height":1200,"url":"https:\/\/www.elkasuspension.com\/wp-content\/uploads\/2025\/12\/web_utv-sandedition-rear_main.jpg","type":"image\/jpeg"}],"twitter_card":"summary_large_image","twitter_site":"@ElkaSuspension","twitter_misc":{"Price":"&#36;2,300.00","Availability":"In stock"},"schema":{"@context":"https:\/\/schema.org","@graph":[{"@type":"WebPage","@id":"https:\/\/www.elkasuspension.com\/fr\/produit\/amortisseurs-arriere-3-0-sand-edition-pour-can-am-maverick-x3-x-rs-2016-a-2020\/","url":"https:\/\/www.elkasuspension.com\/fr\/produit\/amortisseurs-arriere-3-0-sand-edition-pour-can-am-maverick-x3-x-rs-2016-a-2020\/","name":"AMORTISSEURS ARRI\u00c8RE 3.0 SAND EDITION pour CAN-AM MAVERICK X3 X-RS, 2016 \u00e0 2026 &#187; Elka Suspension Inc","isPartOf":{"@id":"https:\/\/www.elkasuspension.com\/fr\/#website"},"primaryImageOfPage":{"@id":"https:\/\/www.elkasuspension.com\/fr\/produit\/amortisseurs-arriere-3-0-sand-edition-pour-can-am-maverick-x3-x-rs-2016-a-2020\/#primaryimage"},"image":{"@id":"https:\/\/www.elkasuspension.com\/fr\/produit\/amortisseurs-arriere-3-0-sand-edition-pour-can-am-maverick-x3-x-rs-2016-a-2020\/#primaryimage"},"thumbnailUrl":"https:\/\/www.elkasuspension.com\/wp-content\/uploads\/2025\/12\/web_utv-sandedition-rear_main.jpg","datePublished":"2025-12-10T17:24:42+00:00","dateModified":"2025-12-10T17:25:03+00:00","breadcrumb":{"@id":"https:\/\/www.elkasuspension.com\/fr\/produit\/amortisseurs-arriere-3-0-sand-edition-pour-can-am-maverick-x3-x-rs-2016-a-2020\/#breadcrumb"},"inLanguage":"fr-FR","potentialAction":[{"@type":"ReadAction","target":["https:\/\/www.elkasuspension.com\/fr\/produit\/amortisseurs-arriere-3-0-sand-edition-pour-can-am-maverick-x3-x-rs-2016-a-2020\/"]}]},{"@type":"ImageObject","inLanguage":"fr-FR","@id":"https:\/\/www.elkasuspension.com\/fr\/produit\/amortisseurs-arriere-3-0-sand-edition-pour-can-am-maverick-x3-x-rs-2016-a-2020\/#primaryimage","url":"https:\/\/www.elkasuspension.com\/wp-content\/uploads\/2025\/12\/web_utv-sandedition-rear_main.jpg","contentUrl":"https:\/\/www.elkasuspension.com\/wp-content\/uploads\/2025\/12\/web_utv-sandedition-rear_main.jpg","width":1200,"height":1200},{"@type":"BreadcrumbList","@id":"https:\/\/www.elkasuspension.com\/fr\/produit\/amortisseurs-arriere-3-0-sand-edition-pour-can-am-maverick-x3-x-rs-2016-a-2020\/#breadcrumb","itemListElement":[{"@type":"ListItem","position":1,"name":"Home","item":"https:\/\/www.elkasuspension.com\/fr\/"},{"@type":"ListItem","position":2,"name":"Boutique","item":"https:\/\/www.elkasuspension.com\/fr\/boutique\/"},{"@type":"ListItem","position":3,"name":"AMORTISSEURS ARRI\u00c8RE 3.0 SAND EDITION pour CAN-AM MAVERICK X3 X-RS, 2016 \u00e0 2026"}]},{"@type":"WebSite","@id":"https:\/\/www.elkasuspension.com\/fr\/#website","url":"https:\/\/www.elkasuspension.com\/fr\/","name":"Elka Suspension Inc","description":"High Performance Aftermarket Shock Absorbers","publisher":{"@id":"https:\/\/www.elkasuspension.com\/fr\/#organization"},"potentialAction":[{"@type":"SearchAction","target":{"@type":"EntryPoint","urlTemplate":"https:\/\/www.elkasuspension.com\/fr\/?s={search_term_string}"},"query-input":{"@type":"PropertyValueSpecification","valueRequired":true,"valueName":"search_term_string"}}],"inLanguage":"fr-FR"},{"@type":"Organization","@id":"https:\/\/www.elkasuspension.com\/fr\/#organization","name":"Elka Suspension Inc.","url":"https:\/\/www.elkasuspension.com\/fr\/","logo":{"@type":"ImageObject","inLanguage":"fr-FR","@id":"https:\/\/www.elkasuspension.com\/fr\/#\/schema\/logo\/image\/","url":"https:\/\/www.elkasuspension.com\/wp-content\/uploads\/2021\/02\/ELKA-LOGO-2018_450x99.jpg","contentUrl":"https:\/\/www.elkasuspension.com\/wp-content\/uploads\/2021\/02\/ELKA-LOGO-2018_450x99.jpg","width":450,"height":99,"caption":"Elka Suspension Inc."},"image":{"@id":"https:\/\/www.elkasuspension.com\/fr\/#\/schema\/logo\/image\/"},"sameAs":["https:\/\/www.facebook.com\/ElkaSuspension","https:\/\/x.com\/ElkaSuspension","https:\/\/www.instagram.com\/elkasuspension\/","https:\/\/www.youtube.com\/user\/ElkaSuspensionTV"]}]},"product_brand":"CAN-AM","product_price_amount":"2300.00","product_price_currency":"USD","og_availability":"instock","product_availability":"instock","product_retailer_item_id":"30549","product_condition":"new"},"acf":[],"_links":{"self":[{"href":"https:\/\/www.elkasuspension.com\/fr\/wp-json\/wp\/v2\/product\/349936","targetHints":{"allow":["GET"]}}],"collection":[{"href":"https:\/\/www.elkasuspension.com\/fr\/wp-json\/wp\/v2\/product"}],"about":[{"href":"https:\/\/www.elkasuspension.com\/fr\/wp-json\/wp\/v2\/types\/product"}],"replies":[{"embeddable":true,"href":"https:\/\/www.elkasuspension.com\/fr\/wp-json\/wp\/v2\/comments?post=349936"}],"wp:featuredmedia":[{"embeddable":true,"href":"https:\/\/www.elkasuspension.com\/fr\/wp-json\/wp\/v2\/media\/7966551744"}],"wp:attachment":[{"href":"https:\/\/www.elkasuspension.com\/fr\/wp-json\/wp\/v2\/media?parent=349936"}],"wp:term":[{"taxonomy":"product_brand","embeddable":true,"href":"https:\/\/www.elkasuspension.com\/fr\/wp-json\/wp\/v2\/product_brand?post=349936"},{"taxonomy":"product_cat","embeddable":true,"href":"https:\/\/www.elkasuspension.com\/fr\/wp-json\/wp\/v2\/product_cat?post=349936"},{"taxonomy":"product_tag","embeddable":true,"href":"https:\/\/www.elkasuspension.com\/fr\/wp-json\/wp\/v2\/product_tag?post=349936"}],"curies":[{"name":"wp","href":"https:\/\/api.w.org\/{rel}","templated":true}]}}