{"id":351271,"date":"2025-01-07T18:27:00","date_gmt":"2025-01-07T23:27:00","guid":{"rendered":"https:\/\/www.elkasuspension.com\/?post_type=product&#038;p=351271"},"modified":"2025-01-07T18:27:05","modified_gmt":"2025-01-07T23:27:05","slug":"amortisseurs-arriere-3-0-stage-5-pour-polaris-rzr-xp-4-turbo-s-2018-a-2020","status":"publish","type":"product","link":"https:\/\/www.elkasuspension.com\/fr\/produit\/amortisseurs-arriere-3-0-stage-5-pour-polaris-rzr-xp-4-turbo-s-2018-a-2020\/","title":{"rendered":"AMORTISSEURS ARRI\u00c8RE 3.0 STAGE 5 pour POLARIS RZR XP 4 TURBO S, 2018 \u00e0 2020"},"content":{"rendered":"<h3>Les amortisseurs ultimes pour les pilotes recherchant la performance ultime pour leur v\u00e9hicule<\/h3>\n<p>Les amortisseurs Stage 5 sont con\u00e7us autour de trois facteurs-cl\u00e9s de performance: un d\u00e9bit hydraulique \u00e9lev\u00e9, un design ultra-l\u00e9ger et des composantes internes mobiles \u00e0 basse friction. La combinaison parfaitement \u00e9quilibr\u00e9e de toutes ces caract\u00e9ristiques font du mod\u00e8le Stage 5 les amortisseurs les plus performants et les plus confortables sur le march\u00e9 pour votre UTV. Les pilotes adeptes de sensations fortes b\u00e9n\u00e9ficient d&#8217;une meilleure absorption des bosses et d&#8217;un confort accru alors que les coureurs pourront r\u00e9duire leurs temps en piste tout en diminuant la fatigue. \u00c0 notre avis, les amortisseurs Stage 5 sont les plus confortables et performants sur le march\u00e9 aujourd&#8217;hui.<\/p>\n<p>Ce produit permet un ajustement de tous les param\u00e8tres de votre suspension et par cons\u00e9quent peut demander une p\u00e9riode d&#8217;adaptation et des tests de r\u00e9glages pour atteindre une performance maximale. Des amortisseurs tr\u00e8s ajustables viennent avec la responsabilit\u00e9 de bien les r\u00e9gler!<\/p>\n","protected":false},"excerpt":{"rendered":"<p>Les amortisseurs Stage 5 sont notre mod\u00e8le haut-de-gamme qui allie notre technologie \u00abHigh-Flow\u00bb, un design ultra-l\u00e9ger et des composantes internes \u00e0 basse friction. Ils sont le choix id\u00e9al pour les enthousiastes \u00e0 la recherche du maximum de performance et du contr\u00f4le total de tous les param\u00e8tres de leur suspension, sans aucun compromis.<\/p>\n<p>Ajustements:<\/p>\n<p>&#8211; Compression haute-v\u00e9locit\u00e9<br \/>\n&#8211; Compression basse-v\u00e9locit\u00e9<br \/>\n&#8211; D\u00e9tente (rebond)<br \/>\n&#8211; Pr\u00e9charge des ressort<\/p>\n","protected":false},"featured_media":7966488568,"comment_status":"closed","ping_status":"closed","template":"","meta":{"_acf_changed":false},"product_brand":[],"product_cat":[41331,41409,58372],"product_tag":[37989,49360,36377,37444],"class_list":{"0":"post-351271","1":"product","2":"type-product","3":"status-publish","4":"has-post-thumbnail","6":"product_cat-cote-a-cote-utv","7":"product_cat-utv-polaris","8":"product_cat-fr-rzr_xp_4_turbo_s_2018_a_2020","9":"product_tag-3-0-stage-5-fr","10":"product_tag-cote-a-cote-utv","11":"product_tag-haute-performance-course","12":"product_tag-polaris-fr","13":"pa_body-diameter-material-66mm-aluminium","14":"pa_part-number-38413","15":"pa_position-arriere-fr","16":"pa_primary-intended-use-haute-performance-course","17":"pa_product-model-3-0-stage-5-fr-2","18":"pa_reservoir-configuration-avec-reservoir-fr","19":"pa_shock-type-avec-ressort-fr","20":"pa_sku-50382","21":"pa_unit-of-sale-sold-as-paire-fr","22":"pa_vehicle-make-polaris","23":"pa_vehicle-model-year-rzr-xp-4-turbo-s-2018-a-2020","25":"first","26":"instock","27":"taxable","28":"shipping-taxable","29":"purchasable","30":"product-type-simple"},"yoast_head":"<!-- This site is optimized with the Yoast SEO Premium plugin v27.2 (Yoast SEO v27.2) - https:\/\/yoast.com\/product\/yoast-seo-premium-wordpress\/ -->\n<title>AMORTISSEURS ARRI\u00c8RE 3.0 STAGE 5 pour POLARIS RZR XP 4 TURBO S, 2018 \u00e0 2020 &#187; Elka Suspension Inc<\/title>\n<meta name=\"robots\" content=\"index, follow, max-snippet:-1, max-image-preview:large, max-video-preview:-1\" \/>\n<link rel=\"canonical\" href=\"https:\/\/www.elkasuspension.com\/fr\/produit\/amortisseurs-arriere-3-0-stage-5-pour-polaris-rzr-xp-4-turbo-s-2018-a-2020\/\" \/>\n<meta property=\"og:locale\" content=\"fr_FR\" \/>\n<meta property=\"og:type\" content=\"article\" \/>\n<meta property=\"og:title\" content=\"AMORTISSEURS ARRI\u00c8RE 3.0 STAGE 5 pour POLARIS RZR XP 4 TURBO S, 2018 \u00e0 2020\" \/>\n<meta property=\"og:description\" content=\"Les amortisseurs Stage 5 sont notre mod\u00e8le haut-de-gamme qui allie notre technologie \u00abHigh-Flow\u00bb, un design ultra-l\u00e9ger et des composantes internes \u00e0 basse friction. Ils sont le choix id\u00e9al pour les enthousiastes \u00e0 la recherche du maximum de performance et du contr\u00f4le total de tous les param\u00e8tres de leur suspension, sans aucun compromis. Ajustements: - Compression haute-v\u00e9locit\u00e9 - Compression basse-v\u00e9locit\u00e9 - D\u00e9tente (rebond) - Pr\u00e9charge des ressort\" \/>\n<meta property=\"og:url\" content=\"https:\/\/www.elkasuspension.com\/fr\/produit\/amortisseurs-arriere-3-0-stage-5-pour-polaris-rzr-xp-4-turbo-s-2018-a-2020\/\" \/>\n<meta property=\"og:site_name\" content=\"Elka Suspension Inc\" \/>\n<meta property=\"article:publisher\" content=\"https:\/\/www.facebook.com\/ElkaSuspension\" \/>\n<meta property=\"article:modified_time\" content=\"2025-01-07T23:27:05+00:00\" \/>\n<meta property=\"og:image\" content=\"https:\/\/www.elkasuspension.com\/wp-content\/uploads\/2021\/12\/web_utv-66-stage5_main-7.jpg\" \/>\n\t<meta property=\"og:image:width\" content=\"1200\" \/>\n\t<meta property=\"og:image:height\" content=\"1200\" \/>\n\t<meta property=\"og:image:type\" content=\"image\/jpeg\" \/>\n<meta name=\"twitter:card\" content=\"summary_large_image\" \/>\n<meta name=\"twitter:site\" content=\"@ElkaSuspension\" \/>\n<meta name=\"twitter:label1\" content=\"Price\" \/>\n\t<meta name=\"twitter:data1\" content=\"&#036;3,700.00\" \/>\n\t<meta name=\"twitter:label2\" content=\"Availability\" \/>\n\t<meta name=\"twitter:data2\" content=\"In stock\" \/>\n<script type=\"application\/ld+json\" class=\"yoast-schema-graph\">{\"@context\":\"https:\/\/schema.org\",\"@graph\":[{\"@type\":\"WebPage\",\"@id\":\"https:\/\/www.elkasuspension.com\/fr\/produit\/amortisseurs-arriere-3-0-stage-5-pour-polaris-rzr-xp-4-turbo-s-2018-a-2020\/\",\"url\":\"https:\/\/www.elkasuspension.com\/fr\/produit\/amortisseurs-arriere-3-0-stage-5-pour-polaris-rzr-xp-4-turbo-s-2018-a-2020\/\",\"name\":\"AMORTISSEURS ARRI\u00c8RE 3.0 STAGE 5 pour POLARIS RZR XP 4 TURBO S, 2018 \u00e0 2020 &#187; Elka Suspension Inc\",\"isPartOf\":{\"@id\":\"https:\/\/www.elkasuspension.com\/fr\/#website\"},\"primaryImageOfPage\":{\"@id\":\"https:\/\/www.elkasuspension.com\/fr\/produit\/amortisseurs-arriere-3-0-stage-5-pour-polaris-rzr-xp-4-turbo-s-2018-a-2020\/#primaryimage\"},\"image\":{\"@id\":\"https:\/\/www.elkasuspension.com\/fr\/produit\/amortisseurs-arriere-3-0-stage-5-pour-polaris-rzr-xp-4-turbo-s-2018-a-2020\/#primaryimage\"},\"thumbnailUrl\":\"https:\/\/www.elkasuspension.com\/wp-content\/uploads\/2025\/01\/web_utv-66-stage5_main-7.jpg\",\"datePublished\":\"2025-01-07T23:27:00+00:00\",\"dateModified\":\"2025-01-07T23:27:05+00:00\",\"breadcrumb\":{\"@id\":\"https:\/\/www.elkasuspension.com\/fr\/produit\/amortisseurs-arriere-3-0-stage-5-pour-polaris-rzr-xp-4-turbo-s-2018-a-2020\/#breadcrumb\"},\"inLanguage\":\"fr-FR\",\"potentialAction\":[{\"@type\":\"ReadAction\",\"target\":[\"https:\/\/www.elkasuspension.com\/fr\/produit\/amortisseurs-arriere-3-0-stage-5-pour-polaris-rzr-xp-4-turbo-s-2018-a-2020\/\"]}]},{\"@type\":\"ImageObject\",\"inLanguage\":\"fr-FR\",\"@id\":\"https:\/\/www.elkasuspension.com\/fr\/produit\/amortisseurs-arriere-3-0-stage-5-pour-polaris-rzr-xp-4-turbo-s-2018-a-2020\/#primaryimage\",\"url\":\"https:\/\/www.elkasuspension.com\/wp-content\/uploads\/2025\/01\/web_utv-66-stage5_main-7.jpg\",\"contentUrl\":\"https:\/\/www.elkasuspension.com\/wp-content\/uploads\/2025\/01\/web_utv-66-stage5_main-7.jpg\",\"width\":1200,\"height\":1200},{\"@type\":\"BreadcrumbList\",\"@id\":\"https:\/\/www.elkasuspension.com\/fr\/produit\/amortisseurs-arriere-3-0-stage-5-pour-polaris-rzr-xp-4-turbo-s-2018-a-2020\/#breadcrumb\",\"itemListElement\":[{\"@type\":\"ListItem\",\"position\":1,\"name\":\"Home\",\"item\":\"https:\/\/www.elkasuspension.com\/fr\/\"},{\"@type\":\"ListItem\",\"position\":2,\"name\":\"Boutique\",\"item\":\"https:\/\/www.elkasuspension.com\/fr\/boutique\/\"},{\"@type\":\"ListItem\",\"position\":3,\"name\":\"AMORTISSEURS ARRI\u00c8RE 3.0 STAGE 5 pour POLARIS RZR XP 4 TURBO S, 2018 \u00e0 2020\"}]},{\"@type\":\"WebSite\",\"@id\":\"https:\/\/www.elkasuspension.com\/fr\/#website\",\"url\":\"https:\/\/www.elkasuspension.com\/fr\/\",\"name\":\"Elka Suspension Inc\",\"description\":\"High Performance Aftermarket Shock Absorbers\",\"publisher\":{\"@id\":\"https:\/\/www.elkasuspension.com\/fr\/#organization\"},\"potentialAction\":[{\"@type\":\"SearchAction\",\"target\":{\"@type\":\"EntryPoint\",\"urlTemplate\":\"https:\/\/www.elkasuspension.com\/fr\/?s={search_term_string}\"},\"query-input\":{\"@type\":\"PropertyValueSpecification\",\"valueRequired\":true,\"valueName\":\"search_term_string\"}}],\"inLanguage\":\"fr-FR\"},{\"@type\":\"Organization\",\"@id\":\"https:\/\/www.elkasuspension.com\/fr\/#organization\",\"name\":\"Elka Suspension Inc.\",\"url\":\"https:\/\/www.elkasuspension.com\/fr\/\",\"logo\":{\"@type\":\"ImageObject\",\"inLanguage\":\"fr-FR\",\"@id\":\"https:\/\/www.elkasuspension.com\/fr\/#\/schema\/logo\/image\/\",\"url\":\"https:\/\/www.elkasuspension.com\/wp-content\/uploads\/2021\/02\/ELKA-LOGO-2018_450x99.jpg\",\"contentUrl\":\"https:\/\/www.elkasuspension.com\/wp-content\/uploads\/2021\/02\/ELKA-LOGO-2018_450x99.jpg\",\"width\":450,\"height\":99,\"caption\":\"Elka Suspension Inc.\"},\"image\":{\"@id\":\"https:\/\/www.elkasuspension.com\/fr\/#\/schema\/logo\/image\/\"},\"sameAs\":[\"https:\/\/www.facebook.com\/ElkaSuspension\",\"https:\/\/x.com\/ElkaSuspension\",\"https:\/\/www.instagram.com\/elkasuspension\/\",\"https:\/\/www.youtube.com\/user\/ElkaSuspensionTV\"]}]}<\/script>\n<meta property=\"product:brand\" content=\"C\u00d4TE-\u00c0-C\u00d4TE (UTV)\" \/>\n<meta property=\"product:price:amount\" content=\"3700.00\" \/>\n<meta property=\"product:price:currency\" content=\"USD\" \/>\n<meta property=\"og:availability\" content=\"instock\" \/>\n<meta property=\"product:availability\" content=\"instock\" \/>\n<meta property=\"product:retailer_item_id\" content=\"30559\" \/>\n<meta property=\"product:condition\" content=\"new\" \/>\n<!-- \/ Yoast SEO Premium plugin. -->","yoast_head_json":{"title":"AMORTISSEURS ARRI\u00c8RE 3.0 STAGE 5 pour POLARIS RZR XP 4 TURBO S, 2018 \u00e0 2020 &#187; Elka Suspension Inc","robots":{"index":"index","follow":"follow","max-snippet":"max-snippet:-1","max-image-preview":"max-image-preview:large","max-video-preview":"max-video-preview:-1"},"canonical":"https:\/\/www.elkasuspension.com\/fr\/produit\/amortisseurs-arriere-3-0-stage-5-pour-polaris-rzr-xp-4-turbo-s-2018-a-2020\/","og_locale":"fr_FR","og_type":"article","og_title":"AMORTISSEURS ARRI\u00c8RE 3.0 STAGE 5 pour POLARIS RZR XP 4 TURBO S, 2018 \u00e0 2020","og_description":"Les amortisseurs Stage 5 sont notre mod\u00e8le haut-de-gamme qui allie notre technologie \u00abHigh-Flow\u00bb, un design ultra-l\u00e9ger et des composantes internes \u00e0 basse friction. Ils sont le choix id\u00e9al pour les enthousiastes \u00e0 la recherche du maximum de performance et du contr\u00f4le total de tous les param\u00e8tres de leur suspension, sans aucun compromis. Ajustements: - Compression haute-v\u00e9locit\u00e9 - Compression basse-v\u00e9locit\u00e9 - D\u00e9tente (rebond) - Pr\u00e9charge des ressort","og_url":"https:\/\/www.elkasuspension.com\/fr\/produit\/amortisseurs-arriere-3-0-stage-5-pour-polaris-rzr-xp-4-turbo-s-2018-a-2020\/","og_site_name":"Elka Suspension Inc","article_publisher":"https:\/\/www.facebook.com\/ElkaSuspension","article_modified_time":"2025-01-07T23:27:05+00:00","og_image":[{"width":1200,"height":1200,"url":"https:\/\/www.elkasuspension.com\/wp-content\/uploads\/2021\/12\/web_utv-66-stage5_main-7.jpg","type":"image\/jpeg"}],"twitter_card":"summary_large_image","twitter_site":"@ElkaSuspension","twitter_misc":{"Price":"&#36;3,700.00","Availability":"In stock"},"schema":{"@context":"https:\/\/schema.org","@graph":[{"@type":"WebPage","@id":"https:\/\/www.elkasuspension.com\/fr\/produit\/amortisseurs-arriere-3-0-stage-5-pour-polaris-rzr-xp-4-turbo-s-2018-a-2020\/","url":"https:\/\/www.elkasuspension.com\/fr\/produit\/amortisseurs-arriere-3-0-stage-5-pour-polaris-rzr-xp-4-turbo-s-2018-a-2020\/","name":"AMORTISSEURS ARRI\u00c8RE 3.0 STAGE 5 pour POLARIS RZR XP 4 TURBO S, 2018 \u00e0 2020 &#187; Elka Suspension Inc","isPartOf":{"@id":"https:\/\/www.elkasuspension.com\/fr\/#website"},"primaryImageOfPage":{"@id":"https:\/\/www.elkasuspension.com\/fr\/produit\/amortisseurs-arriere-3-0-stage-5-pour-polaris-rzr-xp-4-turbo-s-2018-a-2020\/#primaryimage"},"image":{"@id":"https:\/\/www.elkasuspension.com\/fr\/produit\/amortisseurs-arriere-3-0-stage-5-pour-polaris-rzr-xp-4-turbo-s-2018-a-2020\/#primaryimage"},"thumbnailUrl":"https:\/\/www.elkasuspension.com\/wp-content\/uploads\/2025\/01\/web_utv-66-stage5_main-7.jpg","datePublished":"2025-01-07T23:27:00+00:00","dateModified":"2025-01-07T23:27:05+00:00","breadcrumb":{"@id":"https:\/\/www.elkasuspension.com\/fr\/produit\/amortisseurs-arriere-3-0-stage-5-pour-polaris-rzr-xp-4-turbo-s-2018-a-2020\/#breadcrumb"},"inLanguage":"fr-FR","potentialAction":[{"@type":"ReadAction","target":["https:\/\/www.elkasuspension.com\/fr\/produit\/amortisseurs-arriere-3-0-stage-5-pour-polaris-rzr-xp-4-turbo-s-2018-a-2020\/"]}]},{"@type":"ImageObject","inLanguage":"fr-FR","@id":"https:\/\/www.elkasuspension.com\/fr\/produit\/amortisseurs-arriere-3-0-stage-5-pour-polaris-rzr-xp-4-turbo-s-2018-a-2020\/#primaryimage","url":"https:\/\/www.elkasuspension.com\/wp-content\/uploads\/2025\/01\/web_utv-66-stage5_main-7.jpg","contentUrl":"https:\/\/www.elkasuspension.com\/wp-content\/uploads\/2025\/01\/web_utv-66-stage5_main-7.jpg","width":1200,"height":1200},{"@type":"BreadcrumbList","@id":"https:\/\/www.elkasuspension.com\/fr\/produit\/amortisseurs-arriere-3-0-stage-5-pour-polaris-rzr-xp-4-turbo-s-2018-a-2020\/#breadcrumb","itemListElement":[{"@type":"ListItem","position":1,"name":"Home","item":"https:\/\/www.elkasuspension.com\/fr\/"},{"@type":"ListItem","position":2,"name":"Boutique","item":"https:\/\/www.elkasuspension.com\/fr\/boutique\/"},{"@type":"ListItem","position":3,"name":"AMORTISSEURS ARRI\u00c8RE 3.0 STAGE 5 pour POLARIS RZR XP 4 TURBO S, 2018 \u00e0 2020"}]},{"@type":"WebSite","@id":"https:\/\/www.elkasuspension.com\/fr\/#website","url":"https:\/\/www.elkasuspension.com\/fr\/","name":"Elka Suspension Inc","description":"High Performance Aftermarket Shock Absorbers","publisher":{"@id":"https:\/\/www.elkasuspension.com\/fr\/#organization"},"potentialAction":[{"@type":"SearchAction","target":{"@type":"EntryPoint","urlTemplate":"https:\/\/www.elkasuspension.com\/fr\/?s={search_term_string}"},"query-input":{"@type":"PropertyValueSpecification","valueRequired":true,"valueName":"search_term_string"}}],"inLanguage":"fr-FR"},{"@type":"Organization","@id":"https:\/\/www.elkasuspension.com\/fr\/#organization","name":"Elka Suspension Inc.","url":"https:\/\/www.elkasuspension.com\/fr\/","logo":{"@type":"ImageObject","inLanguage":"fr-FR","@id":"https:\/\/www.elkasuspension.com\/fr\/#\/schema\/logo\/image\/","url":"https:\/\/www.elkasuspension.com\/wp-content\/uploads\/2021\/02\/ELKA-LOGO-2018_450x99.jpg","contentUrl":"https:\/\/www.elkasuspension.com\/wp-content\/uploads\/2021\/02\/ELKA-LOGO-2018_450x99.jpg","width":450,"height":99,"caption":"Elka Suspension Inc."},"image":{"@id":"https:\/\/www.elkasuspension.com\/fr\/#\/schema\/logo\/image\/"},"sameAs":["https:\/\/www.facebook.com\/ElkaSuspension","https:\/\/x.com\/ElkaSuspension","https:\/\/www.instagram.com\/elkasuspension\/","https:\/\/www.youtube.com\/user\/ElkaSuspensionTV"]}]},"product_brand":"C\u00d4TE-\u00c0-C\u00d4TE (UTV)","product_price_amount":"3700.00","product_price_currency":"USD","og_availability":"instock","product_availability":"instock","product_retailer_item_id":"30559","product_condition":"new"},"acf":[],"_links":{"self":[{"href":"https:\/\/www.elkasuspension.com\/fr\/wp-json\/wp\/v2\/product\/351271","targetHints":{"allow":["GET"]}}],"collection":[{"href":"https:\/\/www.elkasuspension.com\/fr\/wp-json\/wp\/v2\/product"}],"about":[{"href":"https:\/\/www.elkasuspension.com\/fr\/wp-json\/wp\/v2\/types\/product"}],"replies":[{"embeddable":true,"href":"https:\/\/www.elkasuspension.com\/fr\/wp-json\/wp\/v2\/comments?post=351271"}],"wp:featuredmedia":[{"embeddable":true,"href":"https:\/\/www.elkasuspension.com\/fr\/wp-json\/wp\/v2\/media\/7966488568"}],"wp:attachment":[{"href":"https:\/\/www.elkasuspension.com\/fr\/wp-json\/wp\/v2\/media?parent=351271"}],"wp:term":[{"taxonomy":"product_brand","embeddable":true,"href":"https:\/\/www.elkasuspension.com\/fr\/wp-json\/wp\/v2\/product_brand?post=351271"},{"taxonomy":"product_cat","embeddable":true,"href":"https:\/\/www.elkasuspension.com\/fr\/wp-json\/wp\/v2\/product_cat?post=351271"},{"taxonomy":"product_tag","embeddable":true,"href":"https:\/\/www.elkasuspension.com\/fr\/wp-json\/wp\/v2\/product_tag?post=351271"}],"curies":[{"name":"wp","href":"https:\/\/api.w.org\/{rel}","templated":true}]}}