{"id":357361,"date":"2025-11-07T13:44:53","date_gmt":"2025-11-07T18:44:53","guid":{"rendered":"https:\/\/www.elkasuspension.com\/?post_type=product&#038;p=357361"},"modified":"2025-11-07T13:45:06","modified_gmt":"2025-11-07T18:45:06","slug":"amortisseurs-arriere-2-5-piggyback-pour-chevrolet-silverado-2500-2014-a-2018","status":"publish","type":"product","link":"https:\/\/www.elkasuspension.com\/fr\/produit\/amortisseurs-arriere-2-5-piggyback-pour-chevrolet-silverado-2500-2014-a-2018\/","title":{"rendered":"AMORTISSEURS ARRI\u00c8RE 2.5 PIGGYBACK pour CHEVROLET \/ GMC 1500, 2019 \u00e0 2025 (0 po. \u00e0 2 po. LIFT)"},"content":{"rendered":"<h3>Augmentez les capacit\u00e9s hors-route de votre camion tout en am\u00e9liorant le confort et la tenue de route<\/h3>\n<p>Les amortisseurs 2.5 R\u00e9servoir procurent la combinaison optimale de:<\/p>\n<ul>\n<li style=\"list-style-type: disc;\">Tenue de route ferme et stable pour la conduite sur routes de d\u00e9sert et chemin d&#8217;acc\u00e8s;<\/li>\n<li style=\"list-style-type: disc;\">Amortissement souple et r\u00e9actif pour la conduite hors-route et planche-\u00e0-laver;<\/li>\n<li style=\"list-style-type: disc;\">Effet prononc\u00e9 de r\u00e9sistance progressive pour plus de protection en fin de course;<\/li>\n<li style=\"list-style-type: disc;\">Articulation et traction maximale pour la grimpe sur surfaces rocheuses.<\/li>\n<\/ul>\n<p><strong>B\u00e9N\u00e9FICES<\/strong><\/p>\n<ul>\n<li style=\"list-style-type: disc;\">Capacit\u00e9s hors-route haute-performance<\/li>\n<li style=\"list-style-type: disc;\">Tenue de route am\u00e9lior\u00e9e et confort accru pour la conduite au quotidien<\/li>\n<li style=\"list-style-type: disc;\">Meilleure adh\u00e9rence<\/li>\n<li style=\"list-style-type: disc;\">Agit comme kit de mise au niveau pour une meilleure distribution du poids<\/li>\n<li style=\"list-style-type: disc;\">Protection accrue contre le tamponnage en fin de course<\/li>\n<\/ul>\n<p><strong>AM\u00e9LIORATIONS DE CONDUITE<\/strong><\/p>\n<ul>\n<li style=\"list-style-type: disc;\">S\u00e9lection de ressort optimis\u00e9e pour chaque v\u00e9hicule<\/li>\n<li style=\"list-style-type: disc;\">Moins de vibration pour un niveau sonore r\u00e9duit dans la cabine<\/li>\n<li style=\"list-style-type: disc;\">Absorption optimis\u00e9e pour une conduite plus souple et confortable<\/li>\n<li style=\"list-style-type: disc;\">Confort am\u00e9lior\u00e9 sur et hors route, en particulier sur des impacts soudains et planche-\u00e0-laver<\/li>\n<li style=\"list-style-type: disc;\">Maniabilit\u00e9 plus stable et pr\u00e9visible<\/li>\n<li style=\"list-style-type: disc;\">R\u00e9duction de l&#8217;effet de plong\u00e9e au freinage ou en courbe<\/li>\n<li style=\"list-style-type: disc;\">R\u00e9duction du sautillement arri\u00e8re<\/li>\n<li style=\"list-style-type: disc;\">Meilleure configuration pour une bonne maniabilit\u00e9 lorsque charg\u00e9 ou avec remorque<\/li>\n<\/ul>\n<p><strong>CARACT\u00c9RISTIQUES TECHNIQUES<\/strong><\/p>\n<ul>\n<li style=\"list-style-type: disc;\">Corps sur-dimensionn\u00e9 de 2.5&#8243; (56mm) trait\u00e9 \u00e0 l&#8217;anodisation dure pour r\u00e9duire la temp\u00e9rature d&#8217;op\u00e9ration<\/li>\n<li style=\"list-style-type: disc;\">Design de gros calibre pour un d\u00e9bit d&#8217;huile sans restriction qui am\u00e9liore la r\u00e9ponse et r\u00e9duit la perte d&#8217;amortissement<\/li>\n<li style=\"list-style-type: disc;\">Calibration hydraulique interne optimis\u00e9e pour chaque plateforme de v\u00e9hicule<\/li>\n<li style=\"list-style-type: disc;\">Fabriqu\u00e9 \u00e0 partir de pi\u00e8ces d&#8217;aluminium usin\u00e9es et forg\u00e9es, de corps en aluminium et de composantes internes de premi\u00e8re qualit\u00e9<\/li>\n<li style=\"list-style-type: disc;\">R\u00e9servoir externes avec pistons flottants \u00e0 basse friction (ratio 1:1 vs. piston principal) aidant au refroidissement<\/li>\n<li style=\"list-style-type: disc;\">Tige ultra-robuste de 3\/4\u00bb (19mm) en acier dur\u00e7i par induction<\/li>\n<li style=\"list-style-type: disc;\">Syst\u00e8me d&#8217;\u00e9tanch\u00e9it\u00e9 \u00e0 triple-sceaux comprenant un pare-poussi\u00e8re, un step-seal haute pression et des joints toriques de premi\u00e8re qualit\u00e9<\/li>\n<li style=\"list-style-type: disc;\">Pr\u00eats \u00e0 installer, remplacement direct des amortisseurs d&#8217;origine<\/li>\n<li style=\"list-style-type: disc;\">M\u00e9lange exclusif d&#8217;huile semi-synth\u00e9tique ultra-basse friction, basse viscosit\u00e9 et \u00e0 haute r\u00e9sistance aux temp\u00e9rature d&#8221;op\u00e9ration \u00e9lev\u00e9es<\/li>\n<li style=\"list-style-type: disc;\">Les mod\u00e8les \u00e0 ressorts utilisent des ressorts Elka durables en alliage &#8220;high-tensile&#8221; ou de marque Eibach (selon la configuration sp\u00e9cifique au mod\u00e8le)<\/li>\n<li style=\"list-style-type: disc;\">Produit enti\u00e8rement reconstructible \u00e0 partir de pi\u00e8ces et ressorts abordables, avec plusieurs calibrations de clapetterie disponibles<\/li>\n<\/ul>\n","protected":false},"excerpt":{"rendered":"<p>Le mod\u00e8le 2.5 PIGGYBACK offre un r\u00e9servoir externe avec piston flottant \u00e0 basse friction aidant au refroidissement, procurant une meilleure performance.<\/p>\n<p><strong>Compatible avec un lift arri\u00e8re allant jusqu&#8217;\u00e0 2 pouces<\/strong>  <\/p>\n<p>La hauteur finale peut varier selon la dimension des pneus et le lift kit install\u00e9 sur le v\u00e9hicule.<\/p>\n<p><strong>L&#8217;ensemble comprend deux (2) amortisseurs (position sp\u00e9cifique):<\/strong><\/p>\n<ul>\n<li style=\"list-style-type: disc;\">Deux (2) amortisseurs arri\u00e8res 2.5 PIGGYBACK<\/li>\n<\/ul>\n<p>&nbsp;<\/p>\n<p><strong>AJUSTEMENTS<\/strong><\/p>\n<ul>\n<li style=\"list-style-type: disc;\">Aucun<\/li>\n<\/ul>\n","protected":false},"featured_media":7966546164,"comment_status":"closed","ping_status":"closed","template":"","meta":{"_acf_changed":false},"product_brand":[],"product_cat":[41337,41431],"product_tag":[41007,44139,58876,40998],"class_list":{"0":"post-357361","1":"product","2":"type-product","3":"status-publish","4":"has-post-thumbnail","6":"product_cat-camions","7":"product_cat-camions-chevrolet-gmc","8":"product_tag-2-5-piggyback-fr","9":"product_tag-camions","10":"product_tag-chevrolet-gmc-fr","11":"product_tag-double-usage-trails-route","12":"pa_body-diameter-material-56mm-alum-fr","13":"pa_factory-preset-lift-vs-stock-n-a","14":"pa_lift-range-vs-stock-0-po-a-2-po-lift","15":"pa_part-number-41019","16":"pa_position-arriere-fr","17":"pa_primary-intended-use-double-usage-trails-et-route","18":"pa_product-model-2-5-piggyback","19":"pa_reservoir-configuration-reservoir-accole","20":"pa_shock-type-sans-ressort-fr-3","21":"pa_sku-56230","22":"pa_spring-inner-diameter-id-n-a","23":"pa_spring-outer-diameter-od-n-a","24":"pa_unit-of-sale-sold-as-paire-fr","25":"pa_vehicle-geometry-geometrie-dorigine","26":"pa_vehicle-make-chevrolet-gmc-fr","27":"pa_vehicle-model-year-1500-2019-a-2021","29":"first","30":"instock","31":"taxable","32":"shipping-taxable","33":"purchasable","34":"product-type-simple"},"yoast_head":"<!-- This site is optimized with the Yoast SEO Premium plugin v27.2 (Yoast SEO v27.2) - https:\/\/yoast.com\/product\/yoast-seo-premium-wordpress\/ -->\n<title>AMORTISSEURS ARRI\u00c8RE 2.5 PIGGYBACK pour CHEVROLET \/ GMC 1500, 2019 \u00e0 2025 (0 po. \u00e0 2 po. LIFT) &#187; Elka Suspension Inc<\/title>\n<meta name=\"robots\" content=\"index, follow, max-snippet:-1, max-image-preview:large, max-video-preview:-1\" \/>\n<link rel=\"canonical\" href=\"https:\/\/www.elkasuspension.com\/fr\/produit\/amortisseurs-arriere-2-5-piggyback-pour-chevrolet-silverado-2500-2014-a-2018\/\" \/>\n<meta property=\"og:locale\" content=\"fr_FR\" \/>\n<meta property=\"og:type\" content=\"article\" \/>\n<meta property=\"og:title\" content=\"AMORTISSEURS ARRI\u00c8RE 2.5 PIGGYBACK pour CHEVROLET \/ GMC 1500, 2019 \u00e0 2025 (0 po. \u00e0 2 po. LIFT)\" \/>\n<meta property=\"og:description\" content=\"Le mod\u00e8le 2.5 PIGGYBACK offre un r\u00e9servoir externe avec piston flottant \u00e0 basse friction aidant au refroidissement, procurant une meilleure performance. Compatible avec un lift arri\u00e8re allant jusqu&#039;\u00e0 2 pouces  La hauteur finale peut varier selon la dimension des pneus et le lift kit install\u00e9 sur le v\u00e9hicule. L&#039;ensemble comprend deux (2) amortisseurs (position sp\u00e9cifique):    Deux (2) amortisseurs arri\u00e8res 2.5 PIGGYBACK &nbsp; AJUSTEMENTS  Aucun\" \/>\n<meta property=\"og:url\" content=\"https:\/\/www.elkasuspension.com\/fr\/produit\/amortisseurs-arriere-2-5-piggyback-pour-chevrolet-silverado-2500-2014-a-2018\/\" \/>\n<meta property=\"og:site_name\" content=\"Elka Suspension Inc\" \/>\n<meta property=\"article:publisher\" content=\"https:\/\/www.facebook.com\/ElkaSuspension\" \/>\n<meta property=\"article:modified_time\" content=\"2025-11-07T18:45:06+00:00\" \/>\n<meta property=\"og:image\" content=\"https:\/\/www.elkasuspension.com\/wp-content\/uploads\/2025\/11\/web_gm1500_piggyback_main.jpg\" \/>\n\t<meta property=\"og:image:width\" content=\"1200\" \/>\n\t<meta property=\"og:image:height\" content=\"1200\" \/>\n\t<meta property=\"og:image:type\" content=\"image\/jpeg\" \/>\n<meta name=\"twitter:card\" content=\"summary_large_image\" \/>\n<meta name=\"twitter:site\" content=\"@ElkaSuspension\" \/>\n<meta name=\"twitter:label1\" content=\"Price\" \/>\n\t<meta name=\"twitter:data1\" content=\"&#036;1,600.00\" \/>\n\t<meta name=\"twitter:label2\" content=\"Availability\" \/>\n\t<meta name=\"twitter:data2\" content=\"In stock\" \/>\n<script type=\"application\/ld+json\" class=\"yoast-schema-graph\">{\"@context\":\"https:\/\/schema.org\",\"@graph\":[{\"@type\":\"WebPage\",\"@id\":\"https:\/\/www.elkasuspension.com\/fr\/produit\/amortisseurs-arriere-2-5-piggyback-pour-chevrolet-silverado-2500-2014-a-2018\/\",\"url\":\"https:\/\/www.elkasuspension.com\/fr\/produit\/amortisseurs-arriere-2-5-piggyback-pour-chevrolet-silverado-2500-2014-a-2018\/\",\"name\":\"AMORTISSEURS ARRI\u00c8RE 2.5 PIGGYBACK pour CHEVROLET \/ GMC 1500, 2019 \u00e0 2025 (0 po. \u00e0 2 po. LIFT) &#187; Elka Suspension Inc\",\"isPartOf\":{\"@id\":\"https:\/\/www.elkasuspension.com\/fr\/#website\"},\"primaryImageOfPage\":{\"@id\":\"https:\/\/www.elkasuspension.com\/fr\/produit\/amortisseurs-arriere-2-5-piggyback-pour-chevrolet-silverado-2500-2014-a-2018\/#primaryimage\"},\"image\":{\"@id\":\"https:\/\/www.elkasuspension.com\/fr\/produit\/amortisseurs-arriere-2-5-piggyback-pour-chevrolet-silverado-2500-2014-a-2018\/#primaryimage\"},\"thumbnailUrl\":\"https:\/\/www.elkasuspension.com\/wp-content\/uploads\/2025\/11\/web_gm1500_piggyback_main.jpg\",\"datePublished\":\"2025-11-07T18:44:53+00:00\",\"dateModified\":\"2025-11-07T18:45:06+00:00\",\"breadcrumb\":{\"@id\":\"https:\/\/www.elkasuspension.com\/fr\/produit\/amortisseurs-arriere-2-5-piggyback-pour-chevrolet-silverado-2500-2014-a-2018\/#breadcrumb\"},\"inLanguage\":\"fr-FR\",\"potentialAction\":[{\"@type\":\"ReadAction\",\"target\":[\"https:\/\/www.elkasuspension.com\/fr\/produit\/amortisseurs-arriere-2-5-piggyback-pour-chevrolet-silverado-2500-2014-a-2018\/\"]}]},{\"@type\":\"ImageObject\",\"inLanguage\":\"fr-FR\",\"@id\":\"https:\/\/www.elkasuspension.com\/fr\/produit\/amortisseurs-arriere-2-5-piggyback-pour-chevrolet-silverado-2500-2014-a-2018\/#primaryimage\",\"url\":\"https:\/\/www.elkasuspension.com\/wp-content\/uploads\/2025\/11\/web_gm1500_piggyback_main.jpg\",\"contentUrl\":\"https:\/\/www.elkasuspension.com\/wp-content\/uploads\/2025\/11\/web_gm1500_piggyback_main.jpg\",\"width\":1200,\"height\":1200},{\"@type\":\"BreadcrumbList\",\"@id\":\"https:\/\/www.elkasuspension.com\/fr\/produit\/amortisseurs-arriere-2-5-piggyback-pour-chevrolet-silverado-2500-2014-a-2018\/#breadcrumb\",\"itemListElement\":[{\"@type\":\"ListItem\",\"position\":1,\"name\":\"Home\",\"item\":\"https:\/\/www.elkasuspension.com\/fr\/\"},{\"@type\":\"ListItem\",\"position\":2,\"name\":\"Boutique\",\"item\":\"https:\/\/www.elkasuspension.com\/fr\/boutique\/\"},{\"@type\":\"ListItem\",\"position\":3,\"name\":\"AMORTISSEURS ARRI\u00c8RE 2.5 PIGGYBACK pour CHEVROLET \/ GMC 1500, 2019 \u00e0 2025 (0 po. \u00e0 2 po. LIFT)\"}]},{\"@type\":\"WebSite\",\"@id\":\"https:\/\/www.elkasuspension.com\/fr\/#website\",\"url\":\"https:\/\/www.elkasuspension.com\/fr\/\",\"name\":\"Elka Suspension Inc\",\"description\":\"High Performance Aftermarket Shock Absorbers\",\"publisher\":{\"@id\":\"https:\/\/www.elkasuspension.com\/fr\/#organization\"},\"potentialAction\":[{\"@type\":\"SearchAction\",\"target\":{\"@type\":\"EntryPoint\",\"urlTemplate\":\"https:\/\/www.elkasuspension.com\/fr\/?s={search_term_string}\"},\"query-input\":{\"@type\":\"PropertyValueSpecification\",\"valueRequired\":true,\"valueName\":\"search_term_string\"}}],\"inLanguage\":\"fr-FR\"},{\"@type\":\"Organization\",\"@id\":\"https:\/\/www.elkasuspension.com\/fr\/#organization\",\"name\":\"Elka Suspension Inc.\",\"url\":\"https:\/\/www.elkasuspension.com\/fr\/\",\"logo\":{\"@type\":\"ImageObject\",\"inLanguage\":\"fr-FR\",\"@id\":\"https:\/\/www.elkasuspension.com\/fr\/#\/schema\/logo\/image\/\",\"url\":\"https:\/\/www.elkasuspension.com\/wp-content\/uploads\/2021\/02\/ELKA-LOGO-2018_450x99.jpg\",\"contentUrl\":\"https:\/\/www.elkasuspension.com\/wp-content\/uploads\/2021\/02\/ELKA-LOGO-2018_450x99.jpg\",\"width\":450,\"height\":99,\"caption\":\"Elka Suspension Inc.\"},\"image\":{\"@id\":\"https:\/\/www.elkasuspension.com\/fr\/#\/schema\/logo\/image\/\"},\"sameAs\":[\"https:\/\/www.facebook.com\/ElkaSuspension\",\"https:\/\/x.com\/ElkaSuspension\",\"https:\/\/www.instagram.com\/elkasuspension\/\",\"https:\/\/www.youtube.com\/user\/ElkaSuspensionTV\"]}]}<\/script>\n<meta property=\"product:brand\" content=\"CAMIONS\" \/>\n<meta property=\"product:price:amount\" content=\"1600.00\" \/>\n<meta property=\"product:price:currency\" content=\"USD\" \/>\n<meta property=\"og:availability\" content=\"instock\" \/>\n<meta property=\"product:availability\" content=\"instock\" \/>\n<meta property=\"product:retailer_item_id\" content=\"90241\" \/>\n<meta property=\"product:condition\" content=\"new\" \/>\n<!-- \/ Yoast SEO Premium plugin. -->","yoast_head_json":{"title":"AMORTISSEURS ARRI\u00c8RE 2.5 PIGGYBACK pour CHEVROLET \/ GMC 1500, 2019 \u00e0 2025 (0 po. \u00e0 2 po. LIFT) &#187; Elka Suspension Inc","robots":{"index":"index","follow":"follow","max-snippet":"max-snippet:-1","max-image-preview":"max-image-preview:large","max-video-preview":"max-video-preview:-1"},"canonical":"https:\/\/www.elkasuspension.com\/fr\/produit\/amortisseurs-arriere-2-5-piggyback-pour-chevrolet-silverado-2500-2014-a-2018\/","og_locale":"fr_FR","og_type":"article","og_title":"AMORTISSEURS ARRI\u00c8RE 2.5 PIGGYBACK pour CHEVROLET \/ GMC 1500, 2019 \u00e0 2025 (0 po. \u00e0 2 po. LIFT)","og_description":"Le mod\u00e8le 2.5 PIGGYBACK offre un r\u00e9servoir externe avec piston flottant \u00e0 basse friction aidant au refroidissement, procurant une meilleure performance. Compatible avec un lift arri\u00e8re allant jusqu'\u00e0 2 pouces  La hauteur finale peut varier selon la dimension des pneus et le lift kit install\u00e9 sur le v\u00e9hicule. L'ensemble comprend deux (2) amortisseurs (position sp\u00e9cifique):    Deux (2) amortisseurs arri\u00e8res 2.5 PIGGYBACK &nbsp; AJUSTEMENTS  Aucun","og_url":"https:\/\/www.elkasuspension.com\/fr\/produit\/amortisseurs-arriere-2-5-piggyback-pour-chevrolet-silverado-2500-2014-a-2018\/","og_site_name":"Elka Suspension Inc","article_publisher":"https:\/\/www.facebook.com\/ElkaSuspension","article_modified_time":"2025-11-07T18:45:06+00:00","og_image":[{"width":1200,"height":1200,"url":"https:\/\/www.elkasuspension.com\/wp-content\/uploads\/2025\/11\/web_gm1500_piggyback_main.jpg","type":"image\/jpeg"}],"twitter_card":"summary_large_image","twitter_site":"@ElkaSuspension","twitter_misc":{"Price":"&#36;1,600.00","Availability":"In stock"},"schema":{"@context":"https:\/\/schema.org","@graph":[{"@type":"WebPage","@id":"https:\/\/www.elkasuspension.com\/fr\/produit\/amortisseurs-arriere-2-5-piggyback-pour-chevrolet-silverado-2500-2014-a-2018\/","url":"https:\/\/www.elkasuspension.com\/fr\/produit\/amortisseurs-arriere-2-5-piggyback-pour-chevrolet-silverado-2500-2014-a-2018\/","name":"AMORTISSEURS ARRI\u00c8RE 2.5 PIGGYBACK pour CHEVROLET \/ GMC 1500, 2019 \u00e0 2025 (0 po. \u00e0 2 po. LIFT) &#187; Elka Suspension Inc","isPartOf":{"@id":"https:\/\/www.elkasuspension.com\/fr\/#website"},"primaryImageOfPage":{"@id":"https:\/\/www.elkasuspension.com\/fr\/produit\/amortisseurs-arriere-2-5-piggyback-pour-chevrolet-silverado-2500-2014-a-2018\/#primaryimage"},"image":{"@id":"https:\/\/www.elkasuspension.com\/fr\/produit\/amortisseurs-arriere-2-5-piggyback-pour-chevrolet-silverado-2500-2014-a-2018\/#primaryimage"},"thumbnailUrl":"https:\/\/www.elkasuspension.com\/wp-content\/uploads\/2025\/11\/web_gm1500_piggyback_main.jpg","datePublished":"2025-11-07T18:44:53+00:00","dateModified":"2025-11-07T18:45:06+00:00","breadcrumb":{"@id":"https:\/\/www.elkasuspension.com\/fr\/produit\/amortisseurs-arriere-2-5-piggyback-pour-chevrolet-silverado-2500-2014-a-2018\/#breadcrumb"},"inLanguage":"fr-FR","potentialAction":[{"@type":"ReadAction","target":["https:\/\/www.elkasuspension.com\/fr\/produit\/amortisseurs-arriere-2-5-piggyback-pour-chevrolet-silverado-2500-2014-a-2018\/"]}]},{"@type":"ImageObject","inLanguage":"fr-FR","@id":"https:\/\/www.elkasuspension.com\/fr\/produit\/amortisseurs-arriere-2-5-piggyback-pour-chevrolet-silverado-2500-2014-a-2018\/#primaryimage","url":"https:\/\/www.elkasuspension.com\/wp-content\/uploads\/2025\/11\/web_gm1500_piggyback_main.jpg","contentUrl":"https:\/\/www.elkasuspension.com\/wp-content\/uploads\/2025\/11\/web_gm1500_piggyback_main.jpg","width":1200,"height":1200},{"@type":"BreadcrumbList","@id":"https:\/\/www.elkasuspension.com\/fr\/produit\/amortisseurs-arriere-2-5-piggyback-pour-chevrolet-silverado-2500-2014-a-2018\/#breadcrumb","itemListElement":[{"@type":"ListItem","position":1,"name":"Home","item":"https:\/\/www.elkasuspension.com\/fr\/"},{"@type":"ListItem","position":2,"name":"Boutique","item":"https:\/\/www.elkasuspension.com\/fr\/boutique\/"},{"@type":"ListItem","position":3,"name":"AMORTISSEURS ARRI\u00c8RE 2.5 PIGGYBACK pour CHEVROLET \/ GMC 1500, 2019 \u00e0 2025 (0 po. \u00e0 2 po. LIFT)"}]},{"@type":"WebSite","@id":"https:\/\/www.elkasuspension.com\/fr\/#website","url":"https:\/\/www.elkasuspension.com\/fr\/","name":"Elka Suspension Inc","description":"High Performance Aftermarket Shock Absorbers","publisher":{"@id":"https:\/\/www.elkasuspension.com\/fr\/#organization"},"potentialAction":[{"@type":"SearchAction","target":{"@type":"EntryPoint","urlTemplate":"https:\/\/www.elkasuspension.com\/fr\/?s={search_term_string}"},"query-input":{"@type":"PropertyValueSpecification","valueRequired":true,"valueName":"search_term_string"}}],"inLanguage":"fr-FR"},{"@type":"Organization","@id":"https:\/\/www.elkasuspension.com\/fr\/#organization","name":"Elka Suspension Inc.","url":"https:\/\/www.elkasuspension.com\/fr\/","logo":{"@type":"ImageObject","inLanguage":"fr-FR","@id":"https:\/\/www.elkasuspension.com\/fr\/#\/schema\/logo\/image\/","url":"https:\/\/www.elkasuspension.com\/wp-content\/uploads\/2021\/02\/ELKA-LOGO-2018_450x99.jpg","contentUrl":"https:\/\/www.elkasuspension.com\/wp-content\/uploads\/2021\/02\/ELKA-LOGO-2018_450x99.jpg","width":450,"height":99,"caption":"Elka Suspension Inc."},"image":{"@id":"https:\/\/www.elkasuspension.com\/fr\/#\/schema\/logo\/image\/"},"sameAs":["https:\/\/www.facebook.com\/ElkaSuspension","https:\/\/x.com\/ElkaSuspension","https:\/\/www.instagram.com\/elkasuspension\/","https:\/\/www.youtube.com\/user\/ElkaSuspensionTV"]}]},"product_brand":"CAMIONS","product_price_amount":"1600.00","product_price_currency":"USD","og_availability":"instock","product_availability":"instock","product_retailer_item_id":"90241","product_condition":"new"},"acf":[],"_links":{"self":[{"href":"https:\/\/www.elkasuspension.com\/fr\/wp-json\/wp\/v2\/product\/357361","targetHints":{"allow":["GET"]}}],"collection":[{"href":"https:\/\/www.elkasuspension.com\/fr\/wp-json\/wp\/v2\/product"}],"about":[{"href":"https:\/\/www.elkasuspension.com\/fr\/wp-json\/wp\/v2\/types\/product"}],"replies":[{"embeddable":true,"href":"https:\/\/www.elkasuspension.com\/fr\/wp-json\/wp\/v2\/comments?post=357361"}],"wp:featuredmedia":[{"embeddable":true,"href":"https:\/\/www.elkasuspension.com\/fr\/wp-json\/wp\/v2\/media\/7966546164"}],"wp:attachment":[{"href":"https:\/\/www.elkasuspension.com\/fr\/wp-json\/wp\/v2\/media?parent=357361"}],"wp:term":[{"taxonomy":"product_brand","embeddable":true,"href":"https:\/\/www.elkasuspension.com\/fr\/wp-json\/wp\/v2\/product_brand?post=357361"},{"taxonomy":"product_cat","embeddable":true,"href":"https:\/\/www.elkasuspension.com\/fr\/wp-json\/wp\/v2\/product_cat?post=357361"},{"taxonomy":"product_tag","embeddable":true,"href":"https:\/\/www.elkasuspension.com\/fr\/wp-json\/wp\/v2\/product_tag?post=357361"}],"curies":[{"name":"wp","href":"https:\/\/api.w.org\/{rel}","templated":true}]}}