{"id":358370,"date":"2025-01-09T15:29:17","date_gmt":"2025-01-09T20:29:17","guid":{"rendered":"https:\/\/www.elkasuspension.com\/?post_type=product&#038;p=358370"},"modified":"2025-01-09T15:29:21","modified_gmt":"2025-01-09T20:29:21","slug":"amortisseurs-avant-2-0-ifp-pour-toyota-tacoma-4x4-2005-a-2019-0-po-a-2-po-lift","status":"publish","type":"product","link":"https:\/\/www.elkasuspension.com\/fr\/produit\/amortisseurs-avant-2-0-ifp-pour-toyota-tacoma-4x4-2005-a-2019-0-po-a-2-po-lift\/","title":{"rendered":"AMORTISSEURS AVANT 2.0 IFP pour TOYOTA TACOMA 4&#215;4, 2005 \u00e0 2023 (0 po. \u00e0 2 po. LIFT)"},"content":{"rendered":"<h3>Augmentez les capacit\u00e9s hors-route de votre TACOMA tout en am\u00e9liorant le confort et la tenue de route<\/h3>\n<p>Les amortisseurs 2.0 IFP procurent la combinaison optimale de:<\/p>\n<ul>\n<li style=\"list-style-type: disc;\">Tenue de route ferme et stable pour la conduite sur routes de d\u00e9sert et chemin d&#8217;acc\u00e8s;<\/li>\n<li style=\"list-style-type: disc;\">Amortissement souple et r\u00e9actif pour la conduite hors-route et planche-\u00e0-laver;<\/li>\n<li style=\"list-style-type: disc;\">Effet prononc\u00e9 de r\u00e9sistance progressive pour plus de protection en fin de course;<\/li>\n<li style=\"list-style-type: disc;\">Articulation et traction maximale pour la grimpe sur surfaces rocheuses.<\/li>\n<\/ul>\n<p><strong>B\u00e9N\u00e9FICES<\/strong><\/p>\n<ul>\n<li style=\"list-style-type: disc;\">Capacit\u00e9s hors-route haute-performance<\/li>\n<li style=\"list-style-type: disc;\">Tenue de route am\u00e9lior\u00e9e et confort accru pour la conduite au quotidien<\/li>\n<li style=\"list-style-type: disc;\">Meilleure adh\u00e9rence<\/li>\n<li style=\"list-style-type: disc;\">Agit comme kit de mise au niveau pour une meilleure distribution du poids<\/li>\n<li style=\"list-style-type: disc;\">Protection accrue contre le tamponnage en fin de course<\/li>\n<\/ul>\n<p><strong>AM\u00e9LIORATIONS DE CONDUITE<\/strong><\/p>\n<ul>\n<li style=\"list-style-type: disc;\">S\u00e9lection de ressort optimis\u00e9e pour chaque v\u00e9hicule<\/li>\n<li style=\"list-style-type: disc;\">Moins de vibration pour un niveau sonore r\u00e9duit dans la cabine<\/li>\n<li style=\"list-style-type: disc;\">Absorption optimis\u00e9e pour une conduite plus souple et confortable<\/li>\n<li style=\"list-style-type: disc;\">Confort am\u00e9lior\u00e9 sur et hors route, en particulier sur des impacts soudains et planche-\u00e0-laver<\/li>\n<li style=\"list-style-type: disc;\">Maniabilit\u00e9 plus stable et pr\u00e9visible<\/li>\n<li style=\"list-style-type: disc;\">R\u00e9duction de l&#8217;effet de plong\u00e9e au freinage ou en courbe<\/li>\n<li style=\"list-style-type: disc;\">R\u00e9duction du sautillement arri\u00e8re<\/li>\n<li style=\"list-style-type: disc;\">Meilleure configuration pour une bonne maniabilit\u00e9 lorsque charg\u00e9 ou avec remorque<\/li>\n<\/ul>\n<p><strong>CARACT\u00c9RISTIQUES TECHNIQUES<\/strong><\/p>\n<ul>\n<li style=\"list-style-type: disc;\">Corps sur-dimensionn\u00e9 de 2.0&#8243; (46mm) trait\u00e9 \u00e0 l&#8217;anodisation dure pour r\u00e9duire la temp\u00e9rature d&#8217;op\u00e9ration<\/li>\n<li style=\"list-style-type: disc;\">Design avec piston interne flottant pour pr\u00e9venir la cavitation et la perte d&#8217;amortissement<\/li>\n<li style=\"list-style-type: disc;\">Calibration hydraulique interne optimis\u00e9e pour chaque plateforme de v\u00e9hicule<\/li>\n<li style=\"list-style-type: disc;\">Fabriqu\u00e9 \u00e0 partir de pi\u00e8ces d&#8217;aluminium usin\u00e9es et forg\u00e9es, de corps en aluminium et de composantes internes de premi\u00e8re qualit\u00e9<\/li>\n<li style=\"list-style-type: disc;\">Tige ultra-robuste de 5\/8&#8243; (16mm) en acier dur\u00e7i par induction<\/li>\n<li style=\"list-style-type: disc;\">Syst\u00e8me d&#8217;\u00e9tanch\u00e9it\u00e9 \u00e0 triple-sceaux comprenant un pare-poussi\u00e8re, un step-seal haute pression et des joints toriques de premi\u00e8re qualit\u00e9<\/li>\n<li style=\"list-style-type: disc;\">Pr\u00eats \u00e0 installer, remplacement direct des amortisseurs d&#8217;origine<\/li>\n<li style=\"list-style-type: disc;\">M\u00e9lange exclusif d&#8217;huile semi-synth\u00e9tique ultra-basse friction, basse viscosit\u00e9 et \u00e0 haute r\u00e9sistance aux temp\u00e9rature d&#8221;op\u00e9ration \u00e9lev\u00e9es<\/li>\n<li style=\"list-style-type: disc;\">Les mod\u00e8les \u00e0 ressorts utilisent des ressorts Elka durables en alliage &#8220;high-tensile&#8221; ou de marque Eibach (selon la configuration sp\u00e9cifique au mod\u00e8le)<\/li>\n<li style=\"list-style-type: disc;\">Produit enti\u00e8rement reconstructible \u00e0 partir de pi\u00e8ces et ressorts abordables, avec plusieurs calibrations de clapetterie disponibles<\/li>\n<\/ul>\n","protected":false},"excerpt":{"rendered":"<p>Les amortisseurs 2.0 IFP repr\u00e9sentent une am\u00e9lioration simple et effiace pour remplacer les amortisseurs originaux. Ils offrent un design avec piston interne flottant pour pr\u00e9venir la cavitation et la perte d&#8217;amortissement<\/p>\n<p><strong>0-2 pouces de sur\u00e9l\u00e9vation pour \u00eatre install\u00e9s sur g\u00e9om\u00e9trie d\u2019origine ou avec des bras de contr\u00f4les sup\u00e9rieurs (upper control arms ou UCA) d\u2019apr\u00e8s-march\u00e9. Assembl\u00e9s d\u2019origine avec un lift de 1.5 pouce pour une mise au niveau de l&#8217;avant et l&#8217;arri\u00e8re du camion (leveling kit).<\/strong> <\/p>\n<p>La hauteur finale peut varier selon la dimension des pneus et le lift kit install\u00e9 sur le v\u00e9hicule.<\/p>\n<p><strong>L&#8217;ensemble comprend deux (2) amortisseurs (position sp\u00e9cifique):<\/strong><\/p>\n<ul>\n<li style=\"list-style-type: disc;\">Deux (2) amortisseurs avants \u00e0 ressort 2.0 IFP<\/li>\n<p>&nbsp;<\/p>\n<p><strong>ADJUSTMENT<\/strong><\/p>\n<ul>\n<li style=\"list-style-type: disc;\">Pr\u00e9charge-ressort<\/li>\n<\/ul>\n","protected":false},"featured_media":7966508224,"comment_status":"closed","ping_status":"closed","template":"","meta":{"_acf_changed":false},"product_brand":[],"product_cat":[41337,60847,41437],"product_tag":[41030,44139,41027,41134],"class_list":{"0":"post-358370","1":"product","2":"type-product","3":"status-publish","4":"has-post-thumbnail","6":"product_cat-camions","7":"product_cat-fr-tacoma_4x4_2005_a_2023","8":"product_cat-camions-toyota","9":"product_tag-2-0-ifp-fr","10":"product_tag-camions","11":"product_tag-conduite-quotidienne-remplacement-dorigine","12":"product_tag-toyota-fr","13":"pa_body-diameter-material-46mm-alum-fr","14":"pa_factory-preset-lift-vs-stock-1-5-po-38mm","15":"pa_lift-range-vs-stock-0-po-a-2-po-lift","16":"pa_part-number-41250","17":"pa_position-avant-fr","18":"pa_primary-intended-use-conduite-quotidienne-remplacement-origine","19":"pa_product-model-2-0-ifp-fr-2","20":"pa_reservoir-configuration-piston-flottant-int-fr","21":"pa_shock-type-avec-ressort-fr","22":"pa_sku-56791","23":"pa_spring-inner-diameter-id-3-00-po-76-2mm","24":"pa_spring-outer-diameter-od-4-56-po-116mm","25":"pa_unit-of-sale-sold-as-paire-fr","26":"pa_vehicle-geometry-geometrie-dorigine","27":"pa_vehicle-model-year-tacoma-4x4-2005-a-2023","29":"first","30":"instock","31":"taxable","32":"shipping-taxable","33":"purchasable","34":"product-type-simple"},"yoast_head":"<!-- This site is optimized with the Yoast SEO Premium plugin v27.2 (Yoast SEO v27.2) - https:\/\/yoast.com\/product\/yoast-seo-premium-wordpress\/ -->\n<title>AMORTISSEURS AVANT 2.0 IFP pour TOYOTA TACOMA 4x4, 2005 \u00e0 2023 (0 po. \u00e0 2 po. LIFT) &#187; Elka Suspension Inc<\/title>\n<meta name=\"robots\" content=\"index, follow, max-snippet:-1, max-image-preview:large, max-video-preview:-1\" \/>\n<link rel=\"canonical\" href=\"https:\/\/www.elkasuspension.com\/fr\/produit\/amortisseurs-avant-2-0-ifp-pour-toyota-tacoma-4x4-2005-a-2019-0-po-a-2-po-lift\/\" \/>\n<meta property=\"og:locale\" content=\"fr_FR\" \/>\n<meta property=\"og:type\" content=\"article\" \/>\n<meta property=\"og:title\" content=\"AMORTISSEURS AVANT 2.0 IFP pour TOYOTA TACOMA 4x4, 2005 \u00e0 2023 (0 po. \u00e0 2 po. LIFT)\" \/>\n<meta property=\"og:description\" content=\"Les amortisseurs 2.0 IFP repr\u00e9sentent une am\u00e9lioration simple et effiace pour remplacer les amortisseurs originaux. Ils offrent un design avec piston interne flottant pour pr\u00e9venir la cavitation et la perte d&#039;amortissement 0-2 pouces de sur\u00e9l\u00e9vation pour \u00eatre install\u00e9s sur g\u00e9om\u00e9trie d\u2019origine ou avec des bras de contr\u00f4les sup\u00e9rieurs (upper control arms ou UCA) d\u2019apr\u00e8s-march\u00e9. Assembl\u00e9s d\u2019origine avec un lift de 1.5 pouce pour une mise au niveau de l&#039;avant et l&#039;arri\u00e8re du camion (leveling kit).  La hauteur finale peut varier selon la dimension des pneus et le lift kit install\u00e9 sur le v\u00e9hicule. L&#039;ensemble comprend deux (2) amortisseurs (position sp\u00e9cifique):  Deux (2) amortisseurs avants \u00e0 ressort 2.0 IFP  &nbsp; ADJUSTMENT  Pr\u00e9charge-ressort\" \/>\n<meta property=\"og:url\" content=\"https:\/\/www.elkasuspension.com\/fr\/produit\/amortisseurs-avant-2-0-ifp-pour-toyota-tacoma-4x4-2005-a-2019-0-po-a-2-po-lift\/\" \/>\n<meta property=\"og:site_name\" content=\"Elka Suspension Inc\" \/>\n<meta property=\"article:publisher\" content=\"https:\/\/www.facebook.com\/ElkaSuspension\" \/>\n<meta property=\"article:modified_time\" content=\"2025-01-09T20:29:21+00:00\" \/>\n<meta property=\"og:image\" content=\"https:\/\/www.elkasuspension.com\/wp-content\/uploads\/2025\/01\/web_tacoma_46-ifp_coilover_main-3.jpg\" \/>\n\t<meta property=\"og:image:width\" content=\"1200\" \/>\n\t<meta property=\"og:image:height\" content=\"1200\" \/>\n\t<meta property=\"og:image:type\" content=\"image\/jpeg\" \/>\n<meta name=\"twitter:card\" content=\"summary_large_image\" \/>\n<meta name=\"twitter:site\" content=\"@ElkaSuspension\" \/>\n<meta name=\"twitter:label1\" content=\"Price\" \/>\n\t<meta name=\"twitter:data1\" content=\"&#036;1,400.00\" \/>\n\t<meta name=\"twitter:label2\" content=\"Availability\" \/>\n\t<meta name=\"twitter:data2\" content=\"In stock\" \/>\n<script type=\"application\/ld+json\" class=\"yoast-schema-graph\">{\"@context\":\"https:\/\/schema.org\",\"@graph\":[{\"@type\":\"WebPage\",\"@id\":\"https:\/\/www.elkasuspension.com\/fr\/produit\/amortisseurs-avant-2-0-ifp-pour-toyota-tacoma-4x4-2005-a-2019-0-po-a-2-po-lift\/\",\"url\":\"https:\/\/www.elkasuspension.com\/fr\/produit\/amortisseurs-avant-2-0-ifp-pour-toyota-tacoma-4x4-2005-a-2019-0-po-a-2-po-lift\/\",\"name\":\"AMORTISSEURS AVANT 2.0 IFP pour TOYOTA TACOMA 4x4, 2005 \u00e0 2023 (0 po. \u00e0 2 po. LIFT) &#187; Elka Suspension Inc\",\"isPartOf\":{\"@id\":\"https:\/\/www.elkasuspension.com\/fr\/#website\"},\"primaryImageOfPage\":{\"@id\":\"https:\/\/www.elkasuspension.com\/fr\/produit\/amortisseurs-avant-2-0-ifp-pour-toyota-tacoma-4x4-2005-a-2019-0-po-a-2-po-lift\/#primaryimage\"},\"image\":{\"@id\":\"https:\/\/www.elkasuspension.com\/fr\/produit\/amortisseurs-avant-2-0-ifp-pour-toyota-tacoma-4x4-2005-a-2019-0-po-a-2-po-lift\/#primaryimage\"},\"thumbnailUrl\":\"https:\/\/www.elkasuspension.com\/wp-content\/uploads\/2025\/01\/web_tacoma_46-ifp_coilover_main-3.jpg\",\"datePublished\":\"2025-01-09T20:29:17+00:00\",\"dateModified\":\"2025-01-09T20:29:21+00:00\",\"breadcrumb\":{\"@id\":\"https:\/\/www.elkasuspension.com\/fr\/produit\/amortisseurs-avant-2-0-ifp-pour-toyota-tacoma-4x4-2005-a-2019-0-po-a-2-po-lift\/#breadcrumb\"},\"inLanguage\":\"fr-FR\",\"potentialAction\":[{\"@type\":\"ReadAction\",\"target\":[\"https:\/\/www.elkasuspension.com\/fr\/produit\/amortisseurs-avant-2-0-ifp-pour-toyota-tacoma-4x4-2005-a-2019-0-po-a-2-po-lift\/\"]}]},{\"@type\":\"ImageObject\",\"inLanguage\":\"fr-FR\",\"@id\":\"https:\/\/www.elkasuspension.com\/fr\/produit\/amortisseurs-avant-2-0-ifp-pour-toyota-tacoma-4x4-2005-a-2019-0-po-a-2-po-lift\/#primaryimage\",\"url\":\"https:\/\/www.elkasuspension.com\/wp-content\/uploads\/2025\/01\/web_tacoma_46-ifp_coilover_main-3.jpg\",\"contentUrl\":\"https:\/\/www.elkasuspension.com\/wp-content\/uploads\/2025\/01\/web_tacoma_46-ifp_coilover_main-3.jpg\",\"width\":1200,\"height\":1200},{\"@type\":\"BreadcrumbList\",\"@id\":\"https:\/\/www.elkasuspension.com\/fr\/produit\/amortisseurs-avant-2-0-ifp-pour-toyota-tacoma-4x4-2005-a-2019-0-po-a-2-po-lift\/#breadcrumb\",\"itemListElement\":[{\"@type\":\"ListItem\",\"position\":1,\"name\":\"Home\",\"item\":\"https:\/\/www.elkasuspension.com\/fr\/\"},{\"@type\":\"ListItem\",\"position\":2,\"name\":\"Boutique\",\"item\":\"https:\/\/www.elkasuspension.com\/fr\/boutique\/\"},{\"@type\":\"ListItem\",\"position\":3,\"name\":\"AMORTISSEURS AVANT 2.0 IFP pour TOYOTA TACOMA 4&#215;4, 2005 \u00e0 2023 (0 po. \u00e0 2 po. LIFT)\"}]},{\"@type\":\"WebSite\",\"@id\":\"https:\/\/www.elkasuspension.com\/fr\/#website\",\"url\":\"https:\/\/www.elkasuspension.com\/fr\/\",\"name\":\"Elka Suspension Inc\",\"description\":\"High Performance Aftermarket Shock Absorbers\",\"publisher\":{\"@id\":\"https:\/\/www.elkasuspension.com\/fr\/#organization\"},\"potentialAction\":[{\"@type\":\"SearchAction\",\"target\":{\"@type\":\"EntryPoint\",\"urlTemplate\":\"https:\/\/www.elkasuspension.com\/fr\/?s={search_term_string}\"},\"query-input\":{\"@type\":\"PropertyValueSpecification\",\"valueRequired\":true,\"valueName\":\"search_term_string\"}}],\"inLanguage\":\"fr-FR\"},{\"@type\":\"Organization\",\"@id\":\"https:\/\/www.elkasuspension.com\/fr\/#organization\",\"name\":\"Elka Suspension Inc.\",\"url\":\"https:\/\/www.elkasuspension.com\/fr\/\",\"logo\":{\"@type\":\"ImageObject\",\"inLanguage\":\"fr-FR\",\"@id\":\"https:\/\/www.elkasuspension.com\/fr\/#\/schema\/logo\/image\/\",\"url\":\"https:\/\/www.elkasuspension.com\/wp-content\/uploads\/2021\/02\/ELKA-LOGO-2018_450x99.jpg\",\"contentUrl\":\"https:\/\/www.elkasuspension.com\/wp-content\/uploads\/2021\/02\/ELKA-LOGO-2018_450x99.jpg\",\"width\":450,\"height\":99,\"caption\":\"Elka Suspension Inc.\"},\"image\":{\"@id\":\"https:\/\/www.elkasuspension.com\/fr\/#\/schema\/logo\/image\/\"},\"sameAs\":[\"https:\/\/www.facebook.com\/ElkaSuspension\",\"https:\/\/x.com\/ElkaSuspension\",\"https:\/\/www.instagram.com\/elkasuspension\/\",\"https:\/\/www.youtube.com\/user\/ElkaSuspensionTV\"]}]}<\/script>\n<meta property=\"product:brand\" content=\"CAMIONS\" \/>\n<meta property=\"product:price:amount\" content=\"1400.00\" \/>\n<meta property=\"product:price:currency\" content=\"USD\" \/>\n<meta property=\"og:availability\" content=\"instock\" \/>\n<meta property=\"product:availability\" content=\"instock\" \/>\n<meta property=\"product:retailer_item_id\" content=\"90227\" \/>\n<meta property=\"product:condition\" content=\"new\" \/>\n<!-- \/ Yoast SEO Premium plugin. -->","yoast_head_json":{"title":"AMORTISSEURS AVANT 2.0 IFP pour TOYOTA TACOMA 4x4, 2005 \u00e0 2023 (0 po. \u00e0 2 po. LIFT) &#187; Elka Suspension Inc","robots":{"index":"index","follow":"follow","max-snippet":"max-snippet:-1","max-image-preview":"max-image-preview:large","max-video-preview":"max-video-preview:-1"},"canonical":"https:\/\/www.elkasuspension.com\/fr\/produit\/amortisseurs-avant-2-0-ifp-pour-toyota-tacoma-4x4-2005-a-2019-0-po-a-2-po-lift\/","og_locale":"fr_FR","og_type":"article","og_title":"AMORTISSEURS AVANT 2.0 IFP pour TOYOTA TACOMA 4x4, 2005 \u00e0 2023 (0 po. \u00e0 2 po. LIFT)","og_description":"Les amortisseurs 2.0 IFP repr\u00e9sentent une am\u00e9lioration simple et effiace pour remplacer les amortisseurs originaux. Ils offrent un design avec piston interne flottant pour pr\u00e9venir la cavitation et la perte d'amortissement 0-2 pouces de sur\u00e9l\u00e9vation pour \u00eatre install\u00e9s sur g\u00e9om\u00e9trie d\u2019origine ou avec des bras de contr\u00f4les sup\u00e9rieurs (upper control arms ou UCA) d\u2019apr\u00e8s-march\u00e9. Assembl\u00e9s d\u2019origine avec un lift de 1.5 pouce pour une mise au niveau de l'avant et l'arri\u00e8re du camion (leveling kit).  La hauteur finale peut varier selon la dimension des pneus et le lift kit install\u00e9 sur le v\u00e9hicule. L'ensemble comprend deux (2) amortisseurs (position sp\u00e9cifique):  Deux (2) amortisseurs avants \u00e0 ressort 2.0 IFP  &nbsp; ADJUSTMENT  Pr\u00e9charge-ressort","og_url":"https:\/\/www.elkasuspension.com\/fr\/produit\/amortisseurs-avant-2-0-ifp-pour-toyota-tacoma-4x4-2005-a-2019-0-po-a-2-po-lift\/","og_site_name":"Elka Suspension Inc","article_publisher":"https:\/\/www.facebook.com\/ElkaSuspension","article_modified_time":"2025-01-09T20:29:21+00:00","og_image":[{"width":1200,"height":1200,"url":"https:\/\/www.elkasuspension.com\/wp-content\/uploads\/2025\/01\/web_tacoma_46-ifp_coilover_main-3.jpg","type":"image\/jpeg"}],"twitter_card":"summary_large_image","twitter_site":"@ElkaSuspension","twitter_misc":{"Price":"&#36;1,400.00","Availability":"In stock"},"schema":{"@context":"https:\/\/schema.org","@graph":[{"@type":"WebPage","@id":"https:\/\/www.elkasuspension.com\/fr\/produit\/amortisseurs-avant-2-0-ifp-pour-toyota-tacoma-4x4-2005-a-2019-0-po-a-2-po-lift\/","url":"https:\/\/www.elkasuspension.com\/fr\/produit\/amortisseurs-avant-2-0-ifp-pour-toyota-tacoma-4x4-2005-a-2019-0-po-a-2-po-lift\/","name":"AMORTISSEURS AVANT 2.0 IFP pour TOYOTA TACOMA 4x4, 2005 \u00e0 2023 (0 po. \u00e0 2 po. LIFT) &#187; Elka Suspension Inc","isPartOf":{"@id":"https:\/\/www.elkasuspension.com\/fr\/#website"},"primaryImageOfPage":{"@id":"https:\/\/www.elkasuspension.com\/fr\/produit\/amortisseurs-avant-2-0-ifp-pour-toyota-tacoma-4x4-2005-a-2019-0-po-a-2-po-lift\/#primaryimage"},"image":{"@id":"https:\/\/www.elkasuspension.com\/fr\/produit\/amortisseurs-avant-2-0-ifp-pour-toyota-tacoma-4x4-2005-a-2019-0-po-a-2-po-lift\/#primaryimage"},"thumbnailUrl":"https:\/\/www.elkasuspension.com\/wp-content\/uploads\/2025\/01\/web_tacoma_46-ifp_coilover_main-3.jpg","datePublished":"2025-01-09T20:29:17+00:00","dateModified":"2025-01-09T20:29:21+00:00","breadcrumb":{"@id":"https:\/\/www.elkasuspension.com\/fr\/produit\/amortisseurs-avant-2-0-ifp-pour-toyota-tacoma-4x4-2005-a-2019-0-po-a-2-po-lift\/#breadcrumb"},"inLanguage":"fr-FR","potentialAction":[{"@type":"ReadAction","target":["https:\/\/www.elkasuspension.com\/fr\/produit\/amortisseurs-avant-2-0-ifp-pour-toyota-tacoma-4x4-2005-a-2019-0-po-a-2-po-lift\/"]}]},{"@type":"ImageObject","inLanguage":"fr-FR","@id":"https:\/\/www.elkasuspension.com\/fr\/produit\/amortisseurs-avant-2-0-ifp-pour-toyota-tacoma-4x4-2005-a-2019-0-po-a-2-po-lift\/#primaryimage","url":"https:\/\/www.elkasuspension.com\/wp-content\/uploads\/2025\/01\/web_tacoma_46-ifp_coilover_main-3.jpg","contentUrl":"https:\/\/www.elkasuspension.com\/wp-content\/uploads\/2025\/01\/web_tacoma_46-ifp_coilover_main-3.jpg","width":1200,"height":1200},{"@type":"BreadcrumbList","@id":"https:\/\/www.elkasuspension.com\/fr\/produit\/amortisseurs-avant-2-0-ifp-pour-toyota-tacoma-4x4-2005-a-2019-0-po-a-2-po-lift\/#breadcrumb","itemListElement":[{"@type":"ListItem","position":1,"name":"Home","item":"https:\/\/www.elkasuspension.com\/fr\/"},{"@type":"ListItem","position":2,"name":"Boutique","item":"https:\/\/www.elkasuspension.com\/fr\/boutique\/"},{"@type":"ListItem","position":3,"name":"AMORTISSEURS AVANT 2.0 IFP pour TOYOTA TACOMA 4&#215;4, 2005 \u00e0 2023 (0 po. \u00e0 2 po. LIFT)"}]},{"@type":"WebSite","@id":"https:\/\/www.elkasuspension.com\/fr\/#website","url":"https:\/\/www.elkasuspension.com\/fr\/","name":"Elka Suspension Inc","description":"High Performance Aftermarket Shock Absorbers","publisher":{"@id":"https:\/\/www.elkasuspension.com\/fr\/#organization"},"potentialAction":[{"@type":"SearchAction","target":{"@type":"EntryPoint","urlTemplate":"https:\/\/www.elkasuspension.com\/fr\/?s={search_term_string}"},"query-input":{"@type":"PropertyValueSpecification","valueRequired":true,"valueName":"search_term_string"}}],"inLanguage":"fr-FR"},{"@type":"Organization","@id":"https:\/\/www.elkasuspension.com\/fr\/#organization","name":"Elka Suspension Inc.","url":"https:\/\/www.elkasuspension.com\/fr\/","logo":{"@type":"ImageObject","inLanguage":"fr-FR","@id":"https:\/\/www.elkasuspension.com\/fr\/#\/schema\/logo\/image\/","url":"https:\/\/www.elkasuspension.com\/wp-content\/uploads\/2021\/02\/ELKA-LOGO-2018_450x99.jpg","contentUrl":"https:\/\/www.elkasuspension.com\/wp-content\/uploads\/2021\/02\/ELKA-LOGO-2018_450x99.jpg","width":450,"height":99,"caption":"Elka Suspension Inc."},"image":{"@id":"https:\/\/www.elkasuspension.com\/fr\/#\/schema\/logo\/image\/"},"sameAs":["https:\/\/www.facebook.com\/ElkaSuspension","https:\/\/x.com\/ElkaSuspension","https:\/\/www.instagram.com\/elkasuspension\/","https:\/\/www.youtube.com\/user\/ElkaSuspensionTV"]}]},"product_brand":"CAMIONS","product_price_amount":"1400.00","product_price_currency":"USD","og_availability":"instock","product_availability":"instock","product_retailer_item_id":"90227","product_condition":"new"},"acf":[],"_links":{"self":[{"href":"https:\/\/www.elkasuspension.com\/fr\/wp-json\/wp\/v2\/product\/358370","targetHints":{"allow":["GET"]}}],"collection":[{"href":"https:\/\/www.elkasuspension.com\/fr\/wp-json\/wp\/v2\/product"}],"about":[{"href":"https:\/\/www.elkasuspension.com\/fr\/wp-json\/wp\/v2\/types\/product"}],"replies":[{"embeddable":true,"href":"https:\/\/www.elkasuspension.com\/fr\/wp-json\/wp\/v2\/comments?post=358370"}],"wp:featuredmedia":[{"embeddable":true,"href":"https:\/\/www.elkasuspension.com\/fr\/wp-json\/wp\/v2\/media\/7966508224"}],"wp:attachment":[{"href":"https:\/\/www.elkasuspension.com\/fr\/wp-json\/wp\/v2\/media?parent=358370"}],"wp:term":[{"taxonomy":"product_brand","embeddable":true,"href":"https:\/\/www.elkasuspension.com\/fr\/wp-json\/wp\/v2\/product_brand?post=358370"},{"taxonomy":"product_cat","embeddable":true,"href":"https:\/\/www.elkasuspension.com\/fr\/wp-json\/wp\/v2\/product_cat?post=358370"},{"taxonomy":"product_tag","embeddable":true,"href":"https:\/\/www.elkasuspension.com\/fr\/wp-json\/wp\/v2\/product_tag?post=358370"}],"curies":[{"name":"wp","href":"https:\/\/api.w.org\/{rel}","templated":true}]}}