{"id":7966299583,"date":"2021-03-12T08:56:58","date_gmt":"2021-03-12T13:56:58","guid":{"rendered":"https:\/\/www.elkasuspension.com\/product\/racing-quality-high-performance-suspension-fluid-pack-of-12\/"},"modified":"2021-03-12T10:31:23","modified_gmt":"2021-03-12T15:31:23","slug":"liquide-suspension-haute-performance-qualite-racing-paquet-de-12","status":"publish","type":"product","link":"https:\/\/www.elkasuspension.com\/fr\/produit\/liquide-suspension-haute-performance-qualite-racing-paquet-de-12\/","title":{"rendered":"LIQUIDE DE SUSPENSION HAUTE PERFORMANCE DE QUALIT\u00c9 RACING (Paquet de 12)"},"content":{"rendered":"<ul>\n<li>Indice de viscosit\u00e9 et temp\u00e9rature au point d&#8217;\u00e9clair tr\u00e8s \u00e9lev\u00e9s<\/li>\n<li>Formulation \u00e0 faible frottement et r\u00e9sistante \u00e0 la d\u00e9coloration<\/li>\n<li>Conserve le changement de viscosit\u00e9 malgr\u00e9 les variations de temp\u00e9rature<\/li>\n<li>Pour une utilisation dans les amortisseurs ATV, Quads, UTV, Spyder et suspensions Elka des camions (pas pour les amortisseurs de motoneige)<\/li>\n<\/ul>\n<p>Un amortisseur Elka typique contient 0,5 l \u00e0 2 l d&#8217;huile, en fonction de la taille du corps et de la longueur totale de l&#8217;amortisseur. Une bonne connaissance de l&#8217;entretien des amortisseurs est fortement recommand\u00e9e pour effectuer une vidange d&#8217;huile dans un amortisseur Elka.<\/p>\n<p><a href=\"https:\/\/www.elkasuspension.com\/wp-content\/uploads\/sites\/5\/2018\/11\/ELKA-Oil_MSDS.pdf\">Elka Shock Fluid Specs Sheet<\/a><\/p>\n","protected":false},"excerpt":{"rendered":"<p>M\u00e9lange synth\u00e9tique de qualit\u00e9 l\u00e9g\u00e8re, 2,5Wt. Formulation d&#8217;usine authentique utilis\u00e9e dans les amortisseurs de suspension Elka. Paquet de douze (12) bouteilles de 1 litre.<\/p>\n","protected":false},"featured_media":7966299581,"comment_status":"open","ping_status":"closed","template":"","meta":{"_acf_changed":false},"product_brand":[],"product_cat":[57388,43341],"product_tag":[],"class_list":{"0":"post-7966299583","1":"product","2":"type-product","3":"status-publish","4":"has-post-thumbnail","6":"product_cat-huile","7":"product_cat-pieces-huile-accessoires-elka","9":"first","10":"instock","11":"taxable","12":"shipping-taxable","13":"purchasable","14":"product-type-simple"},"yoast_head":"<!-- This site is optimized with the Yoast SEO Premium plugin v26.7 (Yoast SEO v26.7) - https:\/\/yoast.com\/wordpress\/plugins\/seo\/ -->\n<title>LIQUIDE DE SUSPENSION HAUTE PERFORMANCE DE QUALIT\u00c9 RACING (Paquet de 12) &#187; Elka Suspension Inc<\/title>\n<meta name=\"robots\" content=\"index, follow, max-snippet:-1, max-image-preview:large, max-video-preview:-1\" \/>\n<link rel=\"canonical\" href=\"https:\/\/www.elkasuspension.com\/fr\/produit\/liquide-suspension-haute-performance-qualite-racing-paquet-de-12\/\" \/>\n<meta property=\"og:locale\" content=\"fr_FR\" \/>\n<meta property=\"og:type\" content=\"article\" \/>\n<meta property=\"og:title\" content=\"LIQUIDE DE SUSPENSION HAUTE PERFORMANCE DE QUALIT\u00c9 RACING (Paquet de 12)\" \/>\n<meta property=\"og:description\" content=\"M\u00e9lange synth\u00e9tique de qualit\u00e9 l\u00e9g\u00e8re, 2,5Wt. Formulation d&#039;usine authentique utilis\u00e9e dans les amortisseurs de suspension Elka. Paquet de douze (12) bouteilles de 1 litre.\" \/>\n<meta property=\"og:url\" content=\"https:\/\/www.elkasuspension.com\/fr\/produit\/liquide-suspension-haute-performance-qualite-racing-paquet-de-12\/\" \/>\n<meta property=\"og:site_name\" content=\"Elka Suspension Inc\" \/>\n<meta property=\"article:publisher\" content=\"https:\/\/www.facebook.com\/ElkaSuspension\" \/>\n<meta property=\"article:modified_time\" content=\"2021-03-12T15:31:23+00:00\" \/>\n<meta property=\"og:image\" content=\"https:\/\/www.elkasuspension.com\/wp-content\/uploads\/2021\/03\/HuileElka_12_L_main.jpg\" \/>\n\t<meta property=\"og:image:width\" content=\"920\" \/>\n\t<meta property=\"og:image:height\" content=\"800\" \/>\n\t<meta property=\"og:image:type\" content=\"image\/jpeg\" \/>\n<meta name=\"twitter:card\" content=\"summary_large_image\" \/>\n<meta name=\"twitter:site\" content=\"@ElkaSuspension\" \/>\n<meta name=\"twitter:label1\" content=\"Price\" \/>\n\t<meta name=\"twitter:data1\" content=\"&#036;254.99\" \/>\n\t<meta name=\"twitter:label2\" content=\"Availability\" \/>\n\t<meta name=\"twitter:data2\" content=\"In stock\" \/>\n<script type=\"application\/ld+json\" class=\"yoast-schema-graph\">{\"@context\":\"https:\/\/schema.org\",\"@graph\":[{\"@type\":\"WebPage\",\"@id\":\"https:\/\/www.elkasuspension.com\/fr\/produit\/liquide-suspension-haute-performance-qualite-racing-paquet-de-12\/\",\"url\":\"https:\/\/www.elkasuspension.com\/fr\/produit\/liquide-suspension-haute-performance-qualite-racing-paquet-de-12\/\",\"name\":\"LIQUIDE DE SUSPENSION HAUTE PERFORMANCE DE QUALIT\u00c9 RACING (Paquet de 12) &#187; Elka Suspension Inc\",\"isPartOf\":{\"@id\":\"https:\/\/www.elkasuspension.com\/fr\/#website\"},\"primaryImageOfPage\":{\"@id\":\"https:\/\/www.elkasuspension.com\/fr\/produit\/liquide-suspension-haute-performance-qualite-racing-paquet-de-12\/#primaryimage\"},\"image\":{\"@id\":\"https:\/\/www.elkasuspension.com\/fr\/produit\/liquide-suspension-haute-performance-qualite-racing-paquet-de-12\/#primaryimage\"},\"thumbnailUrl\":\"https:\/\/www.elkasuspension.com\/wp-content\/uploads\/2021\/03\/HuileElka_12_L_main.jpg\",\"datePublished\":\"2021-03-12T13:56:58+00:00\",\"dateModified\":\"2021-03-12T15:31:23+00:00\",\"breadcrumb\":{\"@id\":\"https:\/\/www.elkasuspension.com\/fr\/produit\/liquide-suspension-haute-performance-qualite-racing-paquet-de-12\/#breadcrumb\"},\"inLanguage\":\"fr-FR\",\"potentialAction\":[{\"@type\":\"ReadAction\",\"target\":[\"https:\/\/www.elkasuspension.com\/fr\/produit\/liquide-suspension-haute-performance-qualite-racing-paquet-de-12\/\"]}]},{\"@type\":\"ImageObject\",\"inLanguage\":\"fr-FR\",\"@id\":\"https:\/\/www.elkasuspension.com\/fr\/produit\/liquide-suspension-haute-performance-qualite-racing-paquet-de-12\/#primaryimage\",\"url\":\"https:\/\/www.elkasuspension.com\/wp-content\/uploads\/2021\/03\/HuileElka_12_L_main.jpg\",\"contentUrl\":\"https:\/\/www.elkasuspension.com\/wp-content\/uploads\/2021\/03\/HuileElka_12_L_main.jpg\",\"width\":920,\"height\":800},{\"@type\":\"BreadcrumbList\",\"@id\":\"https:\/\/www.elkasuspension.com\/fr\/produit\/liquide-suspension-haute-performance-qualite-racing-paquet-de-12\/#breadcrumb\",\"itemListElement\":[{\"@type\":\"ListItem\",\"position\":1,\"name\":\"Home\",\"item\":\"https:\/\/www.elkasuspension.com\/fr\/\"},{\"@type\":\"ListItem\",\"position\":2,\"name\":\"Boutique\",\"item\":\"https:\/\/www.elkasuspension.com\/fr\/boutique\/\"},{\"@type\":\"ListItem\",\"position\":3,\"name\":\"LIQUIDE DE SUSPENSION HAUTE PERFORMANCE DE QUALIT\u00c9 RACING (Paquet de 12)\"}]},{\"@type\":\"WebSite\",\"@id\":\"https:\/\/www.elkasuspension.com\/fr\/#website\",\"url\":\"https:\/\/www.elkasuspension.com\/fr\/\",\"name\":\"Elka Suspension Inc\",\"description\":\"High Performance Aftermarket Shock Absorbers\",\"publisher\":{\"@id\":\"https:\/\/www.elkasuspension.com\/fr\/#organization\"},\"potentialAction\":[{\"@type\":\"SearchAction\",\"target\":{\"@type\":\"EntryPoint\",\"urlTemplate\":\"https:\/\/www.elkasuspension.com\/fr\/?s={search_term_string}\"},\"query-input\":{\"@type\":\"PropertyValueSpecification\",\"valueRequired\":true,\"valueName\":\"search_term_string\"}}],\"inLanguage\":\"fr-FR\"},{\"@type\":\"Organization\",\"@id\":\"https:\/\/www.elkasuspension.com\/fr\/#organization\",\"name\":\"Elka Suspension Inc.\",\"url\":\"https:\/\/www.elkasuspension.com\/fr\/\",\"logo\":{\"@type\":\"ImageObject\",\"inLanguage\":\"fr-FR\",\"@id\":\"https:\/\/www.elkasuspension.com\/fr\/#\/schema\/logo\/image\/\",\"url\":\"https:\/\/www.elkasuspension.com\/wp-content\/uploads\/2021\/02\/ELKA-LOGO-2018_450x99.jpg\",\"contentUrl\":\"https:\/\/www.elkasuspension.com\/wp-content\/uploads\/2021\/02\/ELKA-LOGO-2018_450x99.jpg\",\"width\":450,\"height\":99,\"caption\":\"Elka Suspension Inc.\"},\"image\":{\"@id\":\"https:\/\/www.elkasuspension.com\/fr\/#\/schema\/logo\/image\/\"},\"sameAs\":[\"https:\/\/www.facebook.com\/ElkaSuspension\",\"https:\/\/x.com\/ElkaSuspension\",\"https:\/\/www.instagram.com\/elkasuspension\/\",\"https:\/\/www.youtube.com\/user\/ElkaSuspensionTV\"]}]}<\/script>\n<meta property=\"product:brand\" content=\"Huile Elka\" \/>\n<meta property=\"product:price:amount\" content=\"254.99\" \/>\n<meta property=\"product:price:currency\" content=\"USD\" \/>\n<meta property=\"og:availability\" content=\"instock\" \/>\n<meta property=\"product:availability\" content=\"instock\" \/>\n<meta property=\"product:retailer_item_id\" content=\"OIL-12L\" \/>\n<meta property=\"product:condition\" content=\"new\" \/>\n<!-- \/ Yoast SEO Premium plugin. -->","yoast_head_json":{"title":"LIQUIDE DE SUSPENSION HAUTE PERFORMANCE DE QUALIT\u00c9 RACING (Paquet de 12) &#187; Elka Suspension Inc","robots":{"index":"index","follow":"follow","max-snippet":"max-snippet:-1","max-image-preview":"max-image-preview:large","max-video-preview":"max-video-preview:-1"},"canonical":"https:\/\/www.elkasuspension.com\/fr\/produit\/liquide-suspension-haute-performance-qualite-racing-paquet-de-12\/","og_locale":"fr_FR","og_type":"article","og_title":"LIQUIDE DE SUSPENSION HAUTE PERFORMANCE DE QUALIT\u00c9 RACING (Paquet de 12)","og_description":"M\u00e9lange synth\u00e9tique de qualit\u00e9 l\u00e9g\u00e8re, 2,5Wt. Formulation d'usine authentique utilis\u00e9e dans les amortisseurs de suspension Elka. Paquet de douze (12) bouteilles de 1 litre.","og_url":"https:\/\/www.elkasuspension.com\/fr\/produit\/liquide-suspension-haute-performance-qualite-racing-paquet-de-12\/","og_site_name":"Elka Suspension Inc","article_publisher":"https:\/\/www.facebook.com\/ElkaSuspension","article_modified_time":"2021-03-12T15:31:23+00:00","og_image":[{"width":920,"height":800,"url":"https:\/\/www.elkasuspension.com\/wp-content\/uploads\/2021\/03\/HuileElka_12_L_main.jpg","type":"image\/jpeg"}],"twitter_card":"summary_large_image","twitter_site":"@ElkaSuspension","twitter_misc":{"Price":"&#36;254.99","Availability":"In stock"},"schema":{"@context":"https:\/\/schema.org","@graph":[{"@type":"WebPage","@id":"https:\/\/www.elkasuspension.com\/fr\/produit\/liquide-suspension-haute-performance-qualite-racing-paquet-de-12\/","url":"https:\/\/www.elkasuspension.com\/fr\/produit\/liquide-suspension-haute-performance-qualite-racing-paquet-de-12\/","name":"LIQUIDE DE SUSPENSION HAUTE PERFORMANCE DE QUALIT\u00c9 RACING (Paquet de 12) &#187; Elka Suspension Inc","isPartOf":{"@id":"https:\/\/www.elkasuspension.com\/fr\/#website"},"primaryImageOfPage":{"@id":"https:\/\/www.elkasuspension.com\/fr\/produit\/liquide-suspension-haute-performance-qualite-racing-paquet-de-12\/#primaryimage"},"image":{"@id":"https:\/\/www.elkasuspension.com\/fr\/produit\/liquide-suspension-haute-performance-qualite-racing-paquet-de-12\/#primaryimage"},"thumbnailUrl":"https:\/\/www.elkasuspension.com\/wp-content\/uploads\/2021\/03\/HuileElka_12_L_main.jpg","datePublished":"2021-03-12T13:56:58+00:00","dateModified":"2021-03-12T15:31:23+00:00","breadcrumb":{"@id":"https:\/\/www.elkasuspension.com\/fr\/produit\/liquide-suspension-haute-performance-qualite-racing-paquet-de-12\/#breadcrumb"},"inLanguage":"fr-FR","potentialAction":[{"@type":"ReadAction","target":["https:\/\/www.elkasuspension.com\/fr\/produit\/liquide-suspension-haute-performance-qualite-racing-paquet-de-12\/"]}]},{"@type":"ImageObject","inLanguage":"fr-FR","@id":"https:\/\/www.elkasuspension.com\/fr\/produit\/liquide-suspension-haute-performance-qualite-racing-paquet-de-12\/#primaryimage","url":"https:\/\/www.elkasuspension.com\/wp-content\/uploads\/2021\/03\/HuileElka_12_L_main.jpg","contentUrl":"https:\/\/www.elkasuspension.com\/wp-content\/uploads\/2021\/03\/HuileElka_12_L_main.jpg","width":920,"height":800},{"@type":"BreadcrumbList","@id":"https:\/\/www.elkasuspension.com\/fr\/produit\/liquide-suspension-haute-performance-qualite-racing-paquet-de-12\/#breadcrumb","itemListElement":[{"@type":"ListItem","position":1,"name":"Home","item":"https:\/\/www.elkasuspension.com\/fr\/"},{"@type":"ListItem","position":2,"name":"Boutique","item":"https:\/\/www.elkasuspension.com\/fr\/boutique\/"},{"@type":"ListItem","position":3,"name":"LIQUIDE DE SUSPENSION HAUTE PERFORMANCE DE QUALIT\u00c9 RACING (Paquet de 12)"}]},{"@type":"WebSite","@id":"https:\/\/www.elkasuspension.com\/fr\/#website","url":"https:\/\/www.elkasuspension.com\/fr\/","name":"Elka Suspension Inc","description":"High Performance Aftermarket Shock Absorbers","publisher":{"@id":"https:\/\/www.elkasuspension.com\/fr\/#organization"},"potentialAction":[{"@type":"SearchAction","target":{"@type":"EntryPoint","urlTemplate":"https:\/\/www.elkasuspension.com\/fr\/?s={search_term_string}"},"query-input":{"@type":"PropertyValueSpecification","valueRequired":true,"valueName":"search_term_string"}}],"inLanguage":"fr-FR"},{"@type":"Organization","@id":"https:\/\/www.elkasuspension.com\/fr\/#organization","name":"Elka Suspension Inc.","url":"https:\/\/www.elkasuspension.com\/fr\/","logo":{"@type":"ImageObject","inLanguage":"fr-FR","@id":"https:\/\/www.elkasuspension.com\/fr\/#\/schema\/logo\/image\/","url":"https:\/\/www.elkasuspension.com\/wp-content\/uploads\/2021\/02\/ELKA-LOGO-2018_450x99.jpg","contentUrl":"https:\/\/www.elkasuspension.com\/wp-content\/uploads\/2021\/02\/ELKA-LOGO-2018_450x99.jpg","width":450,"height":99,"caption":"Elka Suspension Inc."},"image":{"@id":"https:\/\/www.elkasuspension.com\/fr\/#\/schema\/logo\/image\/"},"sameAs":["https:\/\/www.facebook.com\/ElkaSuspension","https:\/\/x.com\/ElkaSuspension","https:\/\/www.instagram.com\/elkasuspension\/","https:\/\/www.youtube.com\/user\/ElkaSuspensionTV"]}]},"product_brand":"Huile Elka","product_price_amount":"254.99","product_price_currency":"USD","og_availability":"instock","product_availability":"instock","product_retailer_item_id":"OIL-12L","product_condition":"new"},"acf":[],"_links":{"self":[{"href":"https:\/\/www.elkasuspension.com\/fr\/wp-json\/wp\/v2\/product\/7966299583","targetHints":{"allow":["GET"]}}],"collection":[{"href":"https:\/\/www.elkasuspension.com\/fr\/wp-json\/wp\/v2\/product"}],"about":[{"href":"https:\/\/www.elkasuspension.com\/fr\/wp-json\/wp\/v2\/types\/product"}],"replies":[{"embeddable":true,"href":"https:\/\/www.elkasuspension.com\/fr\/wp-json\/wp\/v2\/comments?post=7966299583"}],"wp:featuredmedia":[{"embeddable":true,"href":"https:\/\/www.elkasuspension.com\/fr\/wp-json\/wp\/v2\/media\/7966299581"}],"wp:attachment":[{"href":"https:\/\/www.elkasuspension.com\/fr\/wp-json\/wp\/v2\/media?parent=7966299583"}],"wp:term":[{"taxonomy":"product_brand","embeddable":true,"href":"https:\/\/www.elkasuspension.com\/fr\/wp-json\/wp\/v2\/product_brand?post=7966299583"},{"taxonomy":"product_cat","embeddable":true,"href":"https:\/\/www.elkasuspension.com\/fr\/wp-json\/wp\/v2\/product_cat?post=7966299583"},{"taxonomy":"product_tag","embeddable":true,"href":"https:\/\/www.elkasuspension.com\/fr\/wp-json\/wp\/v2\/product_tag?post=7966299583"}],"curies":[{"name":"wp","href":"https:\/\/api.w.org\/{rel}","templated":true}]}}