{"id":7966300636,"date":"2021-03-12T11:14:25","date_gmt":"2021-03-12T16:14:25","guid":{"rendered":"https:\/\/www.elkasuspension.com\/product\/shock-protectors-pair\/"},"modified":"2021-03-12T11:23:58","modified_gmt":"2021-03-12T16:23:58","slug":"protecteurs","status":"publish","type":"product","link":"https:\/\/www.elkasuspension.com\/fr\/produit\/protecteurs\/","title":{"rendered":"Protecteurs d&#8217;amortisseurs (paire)"},"content":{"rendered":"<p><strong>NOTE: La compatibilit\u00e9 de ce produits n&#8217;a pas \u00e9t\u00e9 confirm\u00e9e \u00e0 100% pour les plus vieux mod\u00e8les de v\u00e9hicules et n&#8217;est pas compatible avec les v\u00e9hicules c\u00f4te-\u00e0-c\u00f4te (UTV). Ils sont offerts pour les mod\u00e8les les plus populaires de VTT Sport de 450cc ainsi que certains Quads Sport-Utilitaires tels que le Can-Am Outlander. Recommand\u00e9 pour usage \u00e0 l&#8217;avant seulement sur ces v\u00e9hicules. Ce produits est \u00e9galement compatible avec tous les mod\u00e8les de Can-Am Spyder \u00e0 l&#8217;exception de la s\u00e9rie F3. <\/strong><\/p>\n<p><strong>COMPATIBLE EXCLUSIVEMENT AVEC LES AMORTISSEURS ELKA.<\/strong><\/p>\n","protected":false},"excerpt":{"rendered":"<p>Prot\u00e9gez votre investissement avec nos protecteurs ultra-l\u00e9gers en composite. Ils aident \u00e0 prot\u00e9ger les tiges de vos amortisseurs 36mm contre les d\u00e9bris et les projections afin de prolonger leur dur\u00e9e de vie et repousser l&#8217;intervalle entre les services. Vendus en paire qui inclut les bagues de r\u00e9tention des ressorts qui sont usin\u00e9es puis anodis\u00e9es ainsi que la quincaillerie de montage.<\/p>\n<p>COMPATIBLE EXCLUSIVEMENT AVEC LES AMORTISSEURS ELKA.<\/p>\n","protected":false},"featured_media":7966300635,"comment_status":"open","ping_status":"closed","template":"","meta":{"_acf_changed":false},"product_brand":[],"product_cat":[57389,43341],"product_tag":[],"class_list":{"0":"post-7966300636","1":"product","2":"type-product","3":"status-publish","4":"has-post-thumbnail","6":"product_cat-accessoires","7":"product_cat-pieces-huile-accessoires-elka","9":"first","10":"instock","11":"taxable","12":"shipping-taxable","13":"purchasable","14":"product-type-simple"},"yoast_head":"<!-- This site is optimized with the Yoast SEO Premium plugin v27.4 (Yoast SEO v27.4) - https:\/\/yoast.com\/product\/yoast-seo-premium-wordpress\/ -->\n<title>Protecteurs d&#039;amortisseurs (paire) &#187; Elka Suspension Inc<\/title>\n<meta name=\"robots\" content=\"index, follow, max-snippet:-1, max-image-preview:large, max-video-preview:-1\" \/>\n<link rel=\"canonical\" href=\"https:\/\/www.elkasuspension.com\/fr\/produit\/protecteurs\/\" \/>\n<meta property=\"og:locale\" content=\"fr_FR\" \/>\n<meta property=\"og:type\" content=\"article\" \/>\n<meta property=\"og:title\" content=\"Protecteurs d&#039;amortisseurs (paire)\" \/>\n<meta property=\"og:description\" content=\"Prot\u00e9gez votre investissement avec nos protecteurs ultra-l\u00e9gers en composite. Ils aident \u00e0 prot\u00e9ger les tiges de vos amortisseurs 36mm contre les d\u00e9bris et les projections afin de prolonger leur dur\u00e9e de vie et repousser l&#039;intervalle entre les services. Vendus en paire qui inclut les bagues de r\u00e9tention des ressorts qui sont usin\u00e9es puis anodis\u00e9es ainsi que la quincaillerie de montage.  COMPATIBLE EXCLUSIVEMENT AVEC LES AMORTISSEURS ELKA.\" \/>\n<meta property=\"og:url\" content=\"https:\/\/www.elkasuspension.com\/fr\/produit\/protecteurs\/\" \/>\n<meta property=\"og:site_name\" content=\"Elka Suspension Inc\" \/>\n<meta property=\"article:publisher\" content=\"https:\/\/www.facebook.com\/ElkaSuspension\" \/>\n<meta property=\"article:modified_time\" content=\"2021-03-12T16:23:58+00:00\" \/>\n<meta property=\"og:image\" content=\"https:\/\/www.elkasuspension.com\/wp-content\/uploads\/2021\/03\/WEB_ShockProtectors_v3_Main.jpg\" \/>\n\t<meta property=\"og:image:width\" content=\"800\" \/>\n\t<meta property=\"og:image:height\" content=\"1200\" \/>\n\t<meta property=\"og:image:type\" content=\"image\/jpeg\" \/>\n<meta name=\"twitter:card\" content=\"summary_large_image\" \/>\n<meta name=\"twitter:site\" content=\"@ElkaSuspension\" \/>\n<meta name=\"twitter:label1\" content=\"Price\" \/>\n\t<meta name=\"twitter:data1\" content=\"&#036;79.99\" \/>\n\t<meta name=\"twitter:label2\" content=\"Availability\" \/>\n\t<meta name=\"twitter:data2\" content=\"In stock\" \/>\n<script type=\"application\/ld+json\" class=\"yoast-schema-graph\">{\"@context\":\"https:\\\/\\\/schema.org\",\"@graph\":[{\"@type\":\"WebPage\",\"@id\":\"https:\\\/\\\/www.elkasuspension.com\\\/fr\\\/produit\\\/protecteurs\\\/\",\"url\":\"https:\\\/\\\/www.elkasuspension.com\\\/fr\\\/produit\\\/protecteurs\\\/\",\"name\":\"Protecteurs d'amortisseurs (paire) &#187; Elka Suspension Inc\",\"isPartOf\":{\"@id\":\"https:\\\/\\\/www.elkasuspension.com\\\/fr\\\/#website\"},\"primaryImageOfPage\":{\"@id\":\"https:\\\/\\\/www.elkasuspension.com\\\/fr\\\/produit\\\/protecteurs\\\/#primaryimage\"},\"image\":{\"@id\":\"https:\\\/\\\/www.elkasuspension.com\\\/fr\\\/produit\\\/protecteurs\\\/#primaryimage\"},\"thumbnailUrl\":\"https:\\\/\\\/www.elkasuspension.com\\\/wp-content\\\/uploads\\\/2021\\\/03\\\/WEB_ShockProtectors_v3_Main.jpg\",\"datePublished\":\"2021-03-12T16:14:25+00:00\",\"dateModified\":\"2021-03-12T16:23:58+00:00\",\"breadcrumb\":{\"@id\":\"https:\\\/\\\/www.elkasuspension.com\\\/fr\\\/produit\\\/protecteurs\\\/#breadcrumb\"},\"inLanguage\":\"fr-FR\",\"potentialAction\":[{\"@type\":\"ReadAction\",\"target\":[\"https:\\\/\\\/www.elkasuspension.com\\\/fr\\\/produit\\\/protecteurs\\\/\"]}]},{\"@type\":\"ImageObject\",\"inLanguage\":\"fr-FR\",\"@id\":\"https:\\\/\\\/www.elkasuspension.com\\\/fr\\\/produit\\\/protecteurs\\\/#primaryimage\",\"url\":\"https:\\\/\\\/www.elkasuspension.com\\\/wp-content\\\/uploads\\\/2021\\\/03\\\/WEB_ShockProtectors_v3_Main.jpg\",\"contentUrl\":\"https:\\\/\\\/www.elkasuspension.com\\\/wp-content\\\/uploads\\\/2021\\\/03\\\/WEB_ShockProtectors_v3_Main.jpg\",\"width\":800,\"height\":1200},{\"@type\":\"BreadcrumbList\",\"@id\":\"https:\\\/\\\/www.elkasuspension.com\\\/fr\\\/produit\\\/protecteurs\\\/#breadcrumb\",\"itemListElement\":[{\"@type\":\"ListItem\",\"position\":1,\"name\":\"Home\",\"item\":\"https:\\\/\\\/www.elkasuspension.com\\\/fr\\\/\"},{\"@type\":\"ListItem\",\"position\":2,\"name\":\"Boutique\",\"item\":\"https:\\\/\\\/www.elkasuspension.com\\\/fr\\\/boutique\\\/\"},{\"@type\":\"ListItem\",\"position\":3,\"name\":\"Protecteurs d&#8217;amortisseurs (paire)\"}]},{\"@type\":\"WebSite\",\"@id\":\"https:\\\/\\\/www.elkasuspension.com\\\/fr\\\/#website\",\"url\":\"https:\\\/\\\/www.elkasuspension.com\\\/fr\\\/\",\"name\":\"Elka Suspension Inc\",\"description\":\"High Performance Aftermarket Shock Absorbers\",\"publisher\":{\"@id\":\"https:\\\/\\\/www.elkasuspension.com\\\/fr\\\/#organization\"},\"potentialAction\":[{\"@type\":\"SearchAction\",\"target\":{\"@type\":\"EntryPoint\",\"urlTemplate\":\"https:\\\/\\\/www.elkasuspension.com\\\/fr\\\/?s={search_term_string}\"},\"query-input\":{\"@type\":\"PropertyValueSpecification\",\"valueRequired\":true,\"valueName\":\"search_term_string\"}}],\"inLanguage\":\"fr-FR\"},{\"@type\":\"Organization\",\"@id\":\"https:\\\/\\\/www.elkasuspension.com\\\/fr\\\/#organization\",\"name\":\"Elka Suspension Inc.\",\"url\":\"https:\\\/\\\/www.elkasuspension.com\\\/fr\\\/\",\"logo\":{\"@type\":\"ImageObject\",\"inLanguage\":\"fr-FR\",\"@id\":\"https:\\\/\\\/www.elkasuspension.com\\\/fr\\\/#\\\/schema\\\/logo\\\/image\\\/\",\"url\":\"https:\\\/\\\/www.elkasuspension.com\\\/wp-content\\\/uploads\\\/2021\\\/02\\\/ELKA-LOGO-2018_450x99.jpg\",\"contentUrl\":\"https:\\\/\\\/www.elkasuspension.com\\\/wp-content\\\/uploads\\\/2021\\\/02\\\/ELKA-LOGO-2018_450x99.jpg\",\"width\":450,\"height\":99,\"caption\":\"Elka Suspension Inc.\"},\"image\":{\"@id\":\"https:\\\/\\\/www.elkasuspension.com\\\/fr\\\/#\\\/schema\\\/logo\\\/image\\\/\"},\"sameAs\":[\"https:\\\/\\\/www.facebook.com\\\/ElkaSuspension\",\"https:\\\/\\\/x.com\\\/ElkaSuspension\",\"https:\\\/\\\/www.instagram.com\\\/elkasuspension\\\/\",\"https:\\\/\\\/www.youtube.com\\\/user\\\/ElkaSuspensionTV\"]}]}<\/script>\n<meta property=\"product:brand\" content=\"Accessoires\" \/>\n<meta property=\"product:price:amount\" content=\"79.99\" \/>\n<meta property=\"product:price:currency\" content=\"USD\" \/>\n<meta property=\"og:availability\" content=\"instock\" \/>\n<meta property=\"product:availability\" content=\"instock\" \/>\n<meta property=\"product:retailer_item_id\" content=\"ASS-GD-0590\" \/>\n<meta property=\"product:condition\" content=\"new\" \/>\n<!-- \/ Yoast SEO Premium plugin. -->","yoast_head_json":{"title":"Protecteurs d'amortisseurs (paire) &#187; Elka Suspension Inc","robots":{"index":"index","follow":"follow","max-snippet":"max-snippet:-1","max-image-preview":"max-image-preview:large","max-video-preview":"max-video-preview:-1"},"canonical":"https:\/\/www.elkasuspension.com\/fr\/produit\/protecteurs\/","og_locale":"fr_FR","og_type":"article","og_title":"Protecteurs d'amortisseurs (paire)","og_description":"Prot\u00e9gez votre investissement avec nos protecteurs ultra-l\u00e9gers en composite. Ils aident \u00e0 prot\u00e9ger les tiges de vos amortisseurs 36mm contre les d\u00e9bris et les projections afin de prolonger leur dur\u00e9e de vie et repousser l'intervalle entre les services. Vendus en paire qui inclut les bagues de r\u00e9tention des ressorts qui sont usin\u00e9es puis anodis\u00e9es ainsi que la quincaillerie de montage.  COMPATIBLE EXCLUSIVEMENT AVEC LES AMORTISSEURS ELKA.","og_url":"https:\/\/www.elkasuspension.com\/fr\/produit\/protecteurs\/","og_site_name":"Elka Suspension Inc","article_publisher":"https:\/\/www.facebook.com\/ElkaSuspension","article_modified_time":"2021-03-12T16:23:58+00:00","og_image":[{"width":800,"height":1200,"url":"https:\/\/www.elkasuspension.com\/wp-content\/uploads\/2021\/03\/WEB_ShockProtectors_v3_Main.jpg","type":"image\/jpeg"}],"twitter_card":"summary_large_image","twitter_site":"@ElkaSuspension","twitter_misc":{"Price":"&#36;79.99","Availability":"In stock"},"schema":{"@context":"https:\/\/schema.org","@graph":[{"@type":"WebPage","@id":"https:\/\/www.elkasuspension.com\/fr\/produit\/protecteurs\/","url":"https:\/\/www.elkasuspension.com\/fr\/produit\/protecteurs\/","name":"Protecteurs d'amortisseurs (paire) &#187; Elka Suspension Inc","isPartOf":{"@id":"https:\/\/www.elkasuspension.com\/fr\/#website"},"primaryImageOfPage":{"@id":"https:\/\/www.elkasuspension.com\/fr\/produit\/protecteurs\/#primaryimage"},"image":{"@id":"https:\/\/www.elkasuspension.com\/fr\/produit\/protecteurs\/#primaryimage"},"thumbnailUrl":"https:\/\/www.elkasuspension.com\/wp-content\/uploads\/2021\/03\/WEB_ShockProtectors_v3_Main.jpg","datePublished":"2021-03-12T16:14:25+00:00","dateModified":"2021-03-12T16:23:58+00:00","breadcrumb":{"@id":"https:\/\/www.elkasuspension.com\/fr\/produit\/protecteurs\/#breadcrumb"},"inLanguage":"fr-FR","potentialAction":[{"@type":"ReadAction","target":["https:\/\/www.elkasuspension.com\/fr\/produit\/protecteurs\/"]}]},{"@type":"ImageObject","inLanguage":"fr-FR","@id":"https:\/\/www.elkasuspension.com\/fr\/produit\/protecteurs\/#primaryimage","url":"https:\/\/www.elkasuspension.com\/wp-content\/uploads\/2021\/03\/WEB_ShockProtectors_v3_Main.jpg","contentUrl":"https:\/\/www.elkasuspension.com\/wp-content\/uploads\/2021\/03\/WEB_ShockProtectors_v3_Main.jpg","width":800,"height":1200},{"@type":"BreadcrumbList","@id":"https:\/\/www.elkasuspension.com\/fr\/produit\/protecteurs\/#breadcrumb","itemListElement":[{"@type":"ListItem","position":1,"name":"Home","item":"https:\/\/www.elkasuspension.com\/fr\/"},{"@type":"ListItem","position":2,"name":"Boutique","item":"https:\/\/www.elkasuspension.com\/fr\/boutique\/"},{"@type":"ListItem","position":3,"name":"Protecteurs d&#8217;amortisseurs (paire)"}]},{"@type":"WebSite","@id":"https:\/\/www.elkasuspension.com\/fr\/#website","url":"https:\/\/www.elkasuspension.com\/fr\/","name":"Elka Suspension Inc","description":"High Performance Aftermarket Shock Absorbers","publisher":{"@id":"https:\/\/www.elkasuspension.com\/fr\/#organization"},"potentialAction":[{"@type":"SearchAction","target":{"@type":"EntryPoint","urlTemplate":"https:\/\/www.elkasuspension.com\/fr\/?s={search_term_string}"},"query-input":{"@type":"PropertyValueSpecification","valueRequired":true,"valueName":"search_term_string"}}],"inLanguage":"fr-FR"},{"@type":"Organization","@id":"https:\/\/www.elkasuspension.com\/fr\/#organization","name":"Elka Suspension Inc.","url":"https:\/\/www.elkasuspension.com\/fr\/","logo":{"@type":"ImageObject","inLanguage":"fr-FR","@id":"https:\/\/www.elkasuspension.com\/fr\/#\/schema\/logo\/image\/","url":"https:\/\/www.elkasuspension.com\/wp-content\/uploads\/2021\/02\/ELKA-LOGO-2018_450x99.jpg","contentUrl":"https:\/\/www.elkasuspension.com\/wp-content\/uploads\/2021\/02\/ELKA-LOGO-2018_450x99.jpg","width":450,"height":99,"caption":"Elka Suspension Inc."},"image":{"@id":"https:\/\/www.elkasuspension.com\/fr\/#\/schema\/logo\/image\/"},"sameAs":["https:\/\/www.facebook.com\/ElkaSuspension","https:\/\/x.com\/ElkaSuspension","https:\/\/www.instagram.com\/elkasuspension\/","https:\/\/www.youtube.com\/user\/ElkaSuspensionTV"]}]},"product_brand":"Accessoires","product_price_amount":"79.99","product_price_currency":"USD","og_availability":"instock","product_availability":"instock","product_retailer_item_id":"ASS-GD-0590","product_condition":"new"},"acf":[],"_links":{"self":[{"href":"https:\/\/www.elkasuspension.com\/fr\/wp-json\/wp\/v2\/product\/7966300636","targetHints":{"allow":["GET"]}}],"collection":[{"href":"https:\/\/www.elkasuspension.com\/fr\/wp-json\/wp\/v2\/product"}],"about":[{"href":"https:\/\/www.elkasuspension.com\/fr\/wp-json\/wp\/v2\/types\/product"}],"replies":[{"embeddable":true,"href":"https:\/\/www.elkasuspension.com\/fr\/wp-json\/wp\/v2\/comments?post=7966300636"}],"wp:featuredmedia":[{"embeddable":true,"href":"https:\/\/www.elkasuspension.com\/fr\/wp-json\/wp\/v2\/media\/7966300635"}],"wp:attachment":[{"href":"https:\/\/www.elkasuspension.com\/fr\/wp-json\/wp\/v2\/media?parent=7966300636"}],"wp:term":[{"taxonomy":"product_brand","embeddable":true,"href":"https:\/\/www.elkasuspension.com\/fr\/wp-json\/wp\/v2\/product_brand?post=7966300636"},{"taxonomy":"product_cat","embeddable":true,"href":"https:\/\/www.elkasuspension.com\/fr\/wp-json\/wp\/v2\/product_cat?post=7966300636"},{"taxonomy":"product_tag","embeddable":true,"href":"https:\/\/www.elkasuspension.com\/fr\/wp-json\/wp\/v2\/product_tag?post=7966300636"}],"curies":[{"name":"wp","href":"https:\/\/api.w.org\/{rel}","templated":true}]}}