{"id":7966439586,"date":"2025-01-07T12:00:00","date_gmt":"2025-01-07T17:00:00","guid":{"rendered":"https:\/\/www.elkasuspension.com\/?post_type=product&#038;p=7966439586"},"modified":"2025-01-07T12:00:05","modified_gmt":"2025-01-07T17:00:05","slug":"amortisseur-de-direction-extra-degagement-pour-jeep-wrangler-jl-2018-a-2024-sauf-modeles-hybrides","status":"publish","type":"product","link":"https:\/\/www.elkasuspension.com\/fr\/produit\/amortisseur-de-direction-extra-degagement-pour-jeep-wrangler-jl-2018-a-2024-sauf-modeles-hybrides\/","title":{"rendered":"AMORTISSEUR DE DIRECTION EXTRA D\u00c9GAGEMENT pour JEEP WRANGLER (JL), 2018 \u00e0 2024 (sauf mod\u00e8les hybrides)"},"content":{"rendered":"","protected":false},"excerpt":{"rendered":"","protected":false},"featured_media":7966468510,"comment_status":"closed","ping_status":"closed","template":"","meta":{"_acf_changed":false},"product_brand":[],"product_cat":[59421,42885,59716],"product_tag":[40998,58960,42922],"class_list":{"0":"post-7966439586","1":"product","2":"type-product","3":"status-publish","4":"has-post-thumbnail","6":"product_cat-jl-amortisseur-direction","7":"product_cat-fr-jeep","8":"product_cat-fr-wrangler_jl_2018_a_2024","9":"product_tag-double-usage-trails-route","10":"product_tag-extra-degagement","11":"product_tag-jeep-fr","12":"pa_body-diameter-material-46mm-alum-fr","13":"pa_factory-preset-lift-vs-stock-n-a","14":"pa_lift-range-vs-stock-amortisseur-de-direction-jl","15":"pa_part-number-60157-fr","16":"pa_position-amortisseur-de-direction","17":"pa_primary-intended-use-double-usage-trails-et-route","18":"pa_product-model-extra-degagement","19":"pa_reservoir-configuration-sans-reservoir","20":"pa_shock-type-sans-ressort-fr-3","21":"pa_sku-60157-fr","22":"pa_spring-inner-diameter-id-n-a","23":"pa_spring-outer-diameter-od-n-a","24":"pa_unit-of-sale-sold-as-unite-fr","25":"pa_vehicle-geometry-installation-par-dessus-la-barre-de-diretion","26":"pa_vehicle-make-jeep","27":"pa_vehicle-model-year-wrangler-jl-2018-a-2024-sauf-modeles-hybrides","29":"first","30":"instock","31":"taxable","32":"shipping-taxable","33":"purchasable","34":"product-type-simple"},"yoast_head":"<!-- This site is optimized with the Yoast SEO Premium plugin v26.7 (Yoast SEO v26.7) - https:\/\/yoast.com\/wordpress\/plugins\/seo\/ -->\n<title>AMORTISSEUR DE DIRECTION EXTRA D\u00c9GAGEMENT pour JEEP WRANGLER (JL), 2018 \u00e0 2024 (sauf mod\u00e8les hybrides) &#187; Elka Suspension Inc<\/title>\n<meta name=\"robots\" content=\"index, follow, max-snippet:-1, max-image-preview:large, max-video-preview:-1\" \/>\n<link rel=\"canonical\" href=\"https:\/\/www.elkasuspension.com\/fr\/produit\/amortisseur-de-direction-extra-degagement-pour-jeep-wrangler-jl-2018-a-2024-sauf-modeles-hybrides\/\" \/>\n<meta property=\"og:locale\" content=\"fr_FR\" \/>\n<meta property=\"og:type\" content=\"article\" \/>\n<meta property=\"og:title\" content=\"AMORTISSEUR DE DIRECTION EXTRA D\u00c9GAGEMENT pour JEEP WRANGLER (JL), 2018 \u00e0 2024 (sauf mod\u00e8les hybrides)\" \/>\n<meta property=\"og:url\" content=\"https:\/\/www.elkasuspension.com\/fr\/produit\/amortisseur-de-direction-extra-degagement-pour-jeep-wrangler-jl-2018-a-2024-sauf-modeles-hybrides\/\" \/>\n<meta property=\"og:site_name\" content=\"Elka Suspension Inc\" \/>\n<meta property=\"article:publisher\" content=\"https:\/\/www.facebook.com\/ElkaSuspension\" \/>\n<meta property=\"article:modified_time\" content=\"2025-01-07T17:00:05+00:00\" \/>\n<meta property=\"og:image\" content=\"https:\/\/www.elkasuspension.com\/wp-content\/uploads\/2024\/05\/DAMPER_JL-JT_HighClearance_Main.jpg\" \/>\n\t<meta property=\"og:image:width\" content=\"1200\" \/>\n\t<meta property=\"og:image:height\" content=\"1200\" \/>\n\t<meta property=\"og:image:type\" content=\"image\/jpeg\" \/>\n<meta name=\"twitter:card\" content=\"summary_large_image\" \/>\n<meta name=\"twitter:site\" content=\"@ElkaSuspension\" \/>\n<meta name=\"twitter:label1\" content=\"Price\" \/>\n\t<meta name=\"twitter:data1\" content=\"&#036;350.00\" \/>\n\t<meta name=\"twitter:label2\" content=\"Availability\" \/>\n\t<meta name=\"twitter:data2\" content=\"In stock\" \/>\n<script type=\"application\/ld+json\" class=\"yoast-schema-graph\">{\"@context\":\"https:\/\/schema.org\",\"@graph\":[{\"@type\":\"WebPage\",\"@id\":\"https:\/\/www.elkasuspension.com\/fr\/produit\/amortisseur-de-direction-extra-degagement-pour-jeep-wrangler-jl-2018-a-2024-sauf-modeles-hybrides\/\",\"url\":\"https:\/\/www.elkasuspension.com\/fr\/produit\/amortisseur-de-direction-extra-degagement-pour-jeep-wrangler-jl-2018-a-2024-sauf-modeles-hybrides\/\",\"name\":\"AMORTISSEUR DE DIRECTION EXTRA D\u00c9GAGEMENT pour JEEP WRANGLER (JL), 2018 \u00e0 2024 (sauf mod\u00e8les hybrides) &#187; Elka Suspension Inc\",\"isPartOf\":{\"@id\":\"https:\/\/www.elkasuspension.com\/fr\/#website\"},\"primaryImageOfPage\":{\"@id\":\"https:\/\/www.elkasuspension.com\/fr\/produit\/amortisseur-de-direction-extra-degagement-pour-jeep-wrangler-jl-2018-a-2024-sauf-modeles-hybrides\/#primaryimage\"},\"image\":{\"@id\":\"https:\/\/www.elkasuspension.com\/fr\/produit\/amortisseur-de-direction-extra-degagement-pour-jeep-wrangler-jl-2018-a-2024-sauf-modeles-hybrides\/#primaryimage\"},\"thumbnailUrl\":\"https:\/\/www.elkasuspension.com\/wp-content\/uploads\/2025\/01\/DAMPER_JL-JT_HighClearance_Main-1.jpg\",\"datePublished\":\"2025-01-07T17:00:00+00:00\",\"dateModified\":\"2025-01-07T17:00:05+00:00\",\"breadcrumb\":{\"@id\":\"https:\/\/www.elkasuspension.com\/fr\/produit\/amortisseur-de-direction-extra-degagement-pour-jeep-wrangler-jl-2018-a-2024-sauf-modeles-hybrides\/#breadcrumb\"},\"inLanguage\":\"fr-FR\",\"potentialAction\":[{\"@type\":\"ReadAction\",\"target\":[\"https:\/\/www.elkasuspension.com\/fr\/produit\/amortisseur-de-direction-extra-degagement-pour-jeep-wrangler-jl-2018-a-2024-sauf-modeles-hybrides\/\"]}]},{\"@type\":\"ImageObject\",\"inLanguage\":\"fr-FR\",\"@id\":\"https:\/\/www.elkasuspension.com\/fr\/produit\/amortisseur-de-direction-extra-degagement-pour-jeep-wrangler-jl-2018-a-2024-sauf-modeles-hybrides\/#primaryimage\",\"url\":\"https:\/\/www.elkasuspension.com\/wp-content\/uploads\/2025\/01\/DAMPER_JL-JT_HighClearance_Main-1.jpg\",\"contentUrl\":\"https:\/\/www.elkasuspension.com\/wp-content\/uploads\/2025\/01\/DAMPER_JL-JT_HighClearance_Main-1.jpg\",\"width\":1200,\"height\":1200},{\"@type\":\"BreadcrumbList\",\"@id\":\"https:\/\/www.elkasuspension.com\/fr\/produit\/amortisseur-de-direction-extra-degagement-pour-jeep-wrangler-jl-2018-a-2024-sauf-modeles-hybrides\/#breadcrumb\",\"itemListElement\":[{\"@type\":\"ListItem\",\"position\":1,\"name\":\"Home\",\"item\":\"https:\/\/www.elkasuspension.com\/fr\/\"},{\"@type\":\"ListItem\",\"position\":2,\"name\":\"Boutique\",\"item\":\"https:\/\/www.elkasuspension.com\/fr\/boutique\/\"},{\"@type\":\"ListItem\",\"position\":3,\"name\":\"AMORTISSEUR DE DIRECTION EXTRA D\u00c9GAGEMENT pour JEEP WRANGLER (JL), 2018 \u00e0 2024 (sauf mod\u00e8les hybrides)\"}]},{\"@type\":\"WebSite\",\"@id\":\"https:\/\/www.elkasuspension.com\/fr\/#website\",\"url\":\"https:\/\/www.elkasuspension.com\/fr\/\",\"name\":\"Elka Suspension Inc\",\"description\":\"High Performance Aftermarket Shock Absorbers\",\"publisher\":{\"@id\":\"https:\/\/www.elkasuspension.com\/fr\/#organization\"},\"potentialAction\":[{\"@type\":\"SearchAction\",\"target\":{\"@type\":\"EntryPoint\",\"urlTemplate\":\"https:\/\/www.elkasuspension.com\/fr\/?s={search_term_string}\"},\"query-input\":{\"@type\":\"PropertyValueSpecification\",\"valueRequired\":true,\"valueName\":\"search_term_string\"}}],\"inLanguage\":\"fr-FR\"},{\"@type\":\"Organization\",\"@id\":\"https:\/\/www.elkasuspension.com\/fr\/#organization\",\"name\":\"Elka Suspension Inc.\",\"url\":\"https:\/\/www.elkasuspension.com\/fr\/\",\"logo\":{\"@type\":\"ImageObject\",\"inLanguage\":\"fr-FR\",\"@id\":\"https:\/\/www.elkasuspension.com\/fr\/#\/schema\/logo\/image\/\",\"url\":\"https:\/\/www.elkasuspension.com\/wp-content\/uploads\/2021\/02\/ELKA-LOGO-2018_450x99.jpg\",\"contentUrl\":\"https:\/\/www.elkasuspension.com\/wp-content\/uploads\/2021\/02\/ELKA-LOGO-2018_450x99.jpg\",\"width\":450,\"height\":99,\"caption\":\"Elka Suspension Inc.\"},\"image\":{\"@id\":\"https:\/\/www.elkasuspension.com\/fr\/#\/schema\/logo\/image\/\"},\"sameAs\":[\"https:\/\/www.facebook.com\/ElkaSuspension\",\"https:\/\/x.com\/ElkaSuspension\",\"https:\/\/www.instagram.com\/elkasuspension\/\",\"https:\/\/www.youtube.com\/user\/ElkaSuspensionTV\"]}]}<\/script>\n<meta property=\"product:brand\" content=\"Amortisseur de direction (JL)\" \/>\n<meta property=\"product:price:amount\" content=\"350.00\" \/>\n<meta property=\"product:price:currency\" content=\"USD\" \/>\n<meta property=\"og:availability\" content=\"instock\" \/>\n<meta property=\"product:availability\" content=\"instock\" \/>\n<meta property=\"product:retailer_item_id\" content=\"60157\" \/>\n<meta property=\"product:condition\" content=\"new\" \/>\n<!-- \/ Yoast SEO Premium plugin. -->","yoast_head_json":{"title":"AMORTISSEUR DE DIRECTION EXTRA D\u00c9GAGEMENT pour JEEP WRANGLER (JL), 2018 \u00e0 2024 (sauf mod\u00e8les hybrides) &#187; Elka Suspension Inc","robots":{"index":"index","follow":"follow","max-snippet":"max-snippet:-1","max-image-preview":"max-image-preview:large","max-video-preview":"max-video-preview:-1"},"canonical":"https:\/\/www.elkasuspension.com\/fr\/produit\/amortisseur-de-direction-extra-degagement-pour-jeep-wrangler-jl-2018-a-2024-sauf-modeles-hybrides\/","og_locale":"fr_FR","og_type":"article","og_title":"AMORTISSEUR DE DIRECTION EXTRA D\u00c9GAGEMENT pour JEEP WRANGLER (JL), 2018 \u00e0 2024 (sauf mod\u00e8les hybrides)","og_url":"https:\/\/www.elkasuspension.com\/fr\/produit\/amortisseur-de-direction-extra-degagement-pour-jeep-wrangler-jl-2018-a-2024-sauf-modeles-hybrides\/","og_site_name":"Elka Suspension Inc","article_publisher":"https:\/\/www.facebook.com\/ElkaSuspension","article_modified_time":"2025-01-07T17:00:05+00:00","og_image":[{"width":1200,"height":1200,"url":"https:\/\/www.elkasuspension.com\/wp-content\/uploads\/2024\/05\/DAMPER_JL-JT_HighClearance_Main.jpg","type":"image\/jpeg"}],"twitter_card":"summary_large_image","twitter_site":"@ElkaSuspension","twitter_misc":{"Price":"&#36;350.00","Availability":"In stock"},"schema":{"@context":"https:\/\/schema.org","@graph":[{"@type":"WebPage","@id":"https:\/\/www.elkasuspension.com\/fr\/produit\/amortisseur-de-direction-extra-degagement-pour-jeep-wrangler-jl-2018-a-2024-sauf-modeles-hybrides\/","url":"https:\/\/www.elkasuspension.com\/fr\/produit\/amortisseur-de-direction-extra-degagement-pour-jeep-wrangler-jl-2018-a-2024-sauf-modeles-hybrides\/","name":"AMORTISSEUR DE DIRECTION EXTRA D\u00c9GAGEMENT pour JEEP WRANGLER (JL), 2018 \u00e0 2024 (sauf mod\u00e8les hybrides) &#187; Elka Suspension Inc","isPartOf":{"@id":"https:\/\/www.elkasuspension.com\/fr\/#website"},"primaryImageOfPage":{"@id":"https:\/\/www.elkasuspension.com\/fr\/produit\/amortisseur-de-direction-extra-degagement-pour-jeep-wrangler-jl-2018-a-2024-sauf-modeles-hybrides\/#primaryimage"},"image":{"@id":"https:\/\/www.elkasuspension.com\/fr\/produit\/amortisseur-de-direction-extra-degagement-pour-jeep-wrangler-jl-2018-a-2024-sauf-modeles-hybrides\/#primaryimage"},"thumbnailUrl":"https:\/\/www.elkasuspension.com\/wp-content\/uploads\/2025\/01\/DAMPER_JL-JT_HighClearance_Main-1.jpg","datePublished":"2025-01-07T17:00:00+00:00","dateModified":"2025-01-07T17:00:05+00:00","breadcrumb":{"@id":"https:\/\/www.elkasuspension.com\/fr\/produit\/amortisseur-de-direction-extra-degagement-pour-jeep-wrangler-jl-2018-a-2024-sauf-modeles-hybrides\/#breadcrumb"},"inLanguage":"fr-FR","potentialAction":[{"@type":"ReadAction","target":["https:\/\/www.elkasuspension.com\/fr\/produit\/amortisseur-de-direction-extra-degagement-pour-jeep-wrangler-jl-2018-a-2024-sauf-modeles-hybrides\/"]}]},{"@type":"ImageObject","inLanguage":"fr-FR","@id":"https:\/\/www.elkasuspension.com\/fr\/produit\/amortisseur-de-direction-extra-degagement-pour-jeep-wrangler-jl-2018-a-2024-sauf-modeles-hybrides\/#primaryimage","url":"https:\/\/www.elkasuspension.com\/wp-content\/uploads\/2025\/01\/DAMPER_JL-JT_HighClearance_Main-1.jpg","contentUrl":"https:\/\/www.elkasuspension.com\/wp-content\/uploads\/2025\/01\/DAMPER_JL-JT_HighClearance_Main-1.jpg","width":1200,"height":1200},{"@type":"BreadcrumbList","@id":"https:\/\/www.elkasuspension.com\/fr\/produit\/amortisseur-de-direction-extra-degagement-pour-jeep-wrangler-jl-2018-a-2024-sauf-modeles-hybrides\/#breadcrumb","itemListElement":[{"@type":"ListItem","position":1,"name":"Home","item":"https:\/\/www.elkasuspension.com\/fr\/"},{"@type":"ListItem","position":2,"name":"Boutique","item":"https:\/\/www.elkasuspension.com\/fr\/boutique\/"},{"@type":"ListItem","position":3,"name":"AMORTISSEUR DE DIRECTION EXTRA D\u00c9GAGEMENT pour JEEP WRANGLER (JL), 2018 \u00e0 2024 (sauf mod\u00e8les hybrides)"}]},{"@type":"WebSite","@id":"https:\/\/www.elkasuspension.com\/fr\/#website","url":"https:\/\/www.elkasuspension.com\/fr\/","name":"Elka Suspension Inc","description":"High Performance Aftermarket Shock Absorbers","publisher":{"@id":"https:\/\/www.elkasuspension.com\/fr\/#organization"},"potentialAction":[{"@type":"SearchAction","target":{"@type":"EntryPoint","urlTemplate":"https:\/\/www.elkasuspension.com\/fr\/?s={search_term_string}"},"query-input":{"@type":"PropertyValueSpecification","valueRequired":true,"valueName":"search_term_string"}}],"inLanguage":"fr-FR"},{"@type":"Organization","@id":"https:\/\/www.elkasuspension.com\/fr\/#organization","name":"Elka Suspension Inc.","url":"https:\/\/www.elkasuspension.com\/fr\/","logo":{"@type":"ImageObject","inLanguage":"fr-FR","@id":"https:\/\/www.elkasuspension.com\/fr\/#\/schema\/logo\/image\/","url":"https:\/\/www.elkasuspension.com\/wp-content\/uploads\/2021\/02\/ELKA-LOGO-2018_450x99.jpg","contentUrl":"https:\/\/www.elkasuspension.com\/wp-content\/uploads\/2021\/02\/ELKA-LOGO-2018_450x99.jpg","width":450,"height":99,"caption":"Elka Suspension Inc."},"image":{"@id":"https:\/\/www.elkasuspension.com\/fr\/#\/schema\/logo\/image\/"},"sameAs":["https:\/\/www.facebook.com\/ElkaSuspension","https:\/\/x.com\/ElkaSuspension","https:\/\/www.instagram.com\/elkasuspension\/","https:\/\/www.youtube.com\/user\/ElkaSuspensionTV"]}]},"product_brand":"Amortisseur de direction (JL)","product_price_amount":"350.00","product_price_currency":"USD","og_availability":"instock","product_availability":"instock","product_retailer_item_id":"60157","product_condition":"new"},"acf":[],"_links":{"self":[{"href":"https:\/\/www.elkasuspension.com\/fr\/wp-json\/wp\/v2\/product\/7966439586","targetHints":{"allow":["GET"]}}],"collection":[{"href":"https:\/\/www.elkasuspension.com\/fr\/wp-json\/wp\/v2\/product"}],"about":[{"href":"https:\/\/www.elkasuspension.com\/fr\/wp-json\/wp\/v2\/types\/product"}],"replies":[{"embeddable":true,"href":"https:\/\/www.elkasuspension.com\/fr\/wp-json\/wp\/v2\/comments?post=7966439586"}],"wp:featuredmedia":[{"embeddable":true,"href":"https:\/\/www.elkasuspension.com\/fr\/wp-json\/wp\/v2\/media\/7966468510"}],"wp:attachment":[{"href":"https:\/\/www.elkasuspension.com\/fr\/wp-json\/wp\/v2\/media?parent=7966439586"}],"wp:term":[{"taxonomy":"product_brand","embeddable":true,"href":"https:\/\/www.elkasuspension.com\/fr\/wp-json\/wp\/v2\/product_brand?post=7966439586"},{"taxonomy":"product_cat","embeddable":true,"href":"https:\/\/www.elkasuspension.com\/fr\/wp-json\/wp\/v2\/product_cat?post=7966439586"},{"taxonomy":"product_tag","embeddable":true,"href":"https:\/\/www.elkasuspension.com\/fr\/wp-json\/wp\/v2\/product_tag?post=7966439586"}],"curies":[{"name":"wp","href":"https:\/\/api.w.org\/{rel}","templated":true}]}}