{"id":7966445771,"date":"2025-12-10T12:33:02","date_gmt":"2025-12-10T17:33:02","guid":{"rendered":"https:\/\/www.elkasuspension.com\/?post_type=product&#038;p=7966445771"},"modified":"2025-12-10T12:33:08","modified_gmt":"2025-12-10T17:33:08","slug":"amortisseurs-arriere-stage-1-pour-polaris-ranger-1500xd-northstar-2024","status":"publish","type":"product","link":"https:\/\/www.elkasuspension.com\/fr\/produit\/amortisseurs-arriere-stage-1-pour-polaris-ranger-1500xd-northstar-2024\/","title":{"rendered":"AMORTISSEURS ARRI\u00c8RE STAGE 1 pour POLARIS RANGER 1500XD NORTHSTAR, 2024 \u00e0 2026"},"content":{"rendered":"<h3>Le Stage 1 est notre mod\u00e8le d&#8217;entr\u00e9e de gamme le plus abordable, con\u00e7u pour am\u00e9liorer la suspension de votre v\u00e9hicule au-del\u00e0 des capacit\u00e9s des amortisseurs d&#8217;origine<\/h3>\n<p>Si vous croyez que vos amortisseurs d&#8217;origine sont \u00absuffisamment bons\u00bb pour vous, c&#8217;est que vous n&#8217;avez jamais essay\u00e9 un ensemble de suspension sp\u00e9cifiquement calibr\u00e9s pour vous et votre v\u00e9hicule. Que ce soit pour le travail ou pour le plaisir, nos amortisseurs Stage 1 apporte des diff\u00e9rences incroyables \u00e0 votre UTV vous permettant de rester en plein contr\u00f4le pendant que vous roulez confortablement malgr\u00e9 les bosses, les obstacles et les vibrations.<\/p>\n<p>Ce produit permet un ajustement de certains param\u00e8tres de votre suspension et par cons\u00e9quent peut demander une p\u00e9riode d&#8217;adaptation et des tests de r\u00e9glages pour atteindre une performance maximale. Des amortisseurs tr\u00e8s ajustables viennent avec la responsabilit\u00e9 de bien les r\u00e9gler!<\/p>\n","protected":false},"excerpt":{"rendered":"<p>Le Stage 1 est notre mod\u00e8le d&#8217;entr\u00e9e de gamme, sp\u00e9cialement con\u00e7u pour am\u00e9liorer les performances de votre v\u00e9hicule UTV au-del\u00e0 des capacit\u00e9s des amortisseurs d&#8217;origine. Ils sont id\u00e9aux pour remplacer vos amortisseurs d&#8217;origine trop us\u00e9s pour am\u00e9liorer le confort et la performance en toute simplicit\u00e9.<\/p>\n<p>Ajustements:<\/p>\n<p>&#8211; Pr\u00e9charge des ressorts<\/p>\n","protected":false},"featured_media":7966551890,"comment_status":"closed","ping_status":"closed","template":"","meta":{"_acf_changed":false},"product_brand":[],"product_cat":[41331,41409,63391],"product_tag":[49360,37444,36364,36362],"class_list":{"0":"post-7966445771","1":"product","2":"type-product","3":"status-publish","4":"has-post-thumbnail","6":"product_cat-cote-a-cote-utv","7":"product_cat-utv-polaris","8":"product_cat-fr-ranger_1500xd_northstar_2024_a_2026","9":"product_tag-cote-a-cote-utv","10":"product_tag-polaris-fr","11":"product_tag-recreatif","12":"product_tag-stage-1-fr","13":"pa_part-number-36414","14":"pa_position-arriere-fr","15":"pa_primary-intended-use-recreatif","16":"pa_product-model-stage-1-fr-2","17":"pa_reservoir-configuration-sans-reservoir","18":"pa_shock-type-avec-ressort-fr","19":"pa_unit-of-sale-sold-as-paire-fr","20":"pa_vehicle-make-polaris","21":"pa_vehicle-model-year-ranger-1500xd-northstar-2024-a-2026","23":"first","24":"instock","25":"taxable","26":"shipping-taxable","27":"purchasable","28":"product-type-simple"},"yoast_head":"<!-- This site is optimized with the Yoast SEO Premium plugin v27.2 (Yoast SEO v27.2) - https:\/\/yoast.com\/product\/yoast-seo-premium-wordpress\/ -->\n<title>AMORTISSEURS ARRI\u00c8RE STAGE 1 pour POLARIS RANGER 1500XD NORTHSTAR, 2024 \u00e0 2026 &#187; Elka Suspension Inc<\/title>\n<meta name=\"robots\" content=\"index, follow, max-snippet:-1, max-image-preview:large, max-video-preview:-1\" \/>\n<link rel=\"canonical\" href=\"https:\/\/www.elkasuspension.com\/fr\/produit\/amortisseurs-arriere-stage-1-pour-polaris-ranger-1500xd-northstar-2024\/\" \/>\n<meta property=\"og:locale\" content=\"fr_FR\" \/>\n<meta property=\"og:type\" content=\"article\" \/>\n<meta property=\"og:title\" content=\"AMORTISSEURS ARRI\u00c8RE STAGE 1 pour POLARIS RANGER 1500XD NORTHSTAR, 2024 \u00e0 2026\" \/>\n<meta property=\"og:description\" content=\"Le Stage 1 est notre mod\u00e8le d&#039;entr\u00e9e de gamme, sp\u00e9cialement con\u00e7u pour am\u00e9liorer les performances de votre v\u00e9hicule UTV au-del\u00e0 des capacit\u00e9s des amortisseurs d&#039;origine. Ils sont id\u00e9aux pour remplacer vos amortisseurs d&#039;origine trop us\u00e9s pour am\u00e9liorer le confort et la performance en toute simplicit\u00e9. Ajustements: - Pr\u00e9charge des ressorts\" \/>\n<meta property=\"og:url\" content=\"https:\/\/www.elkasuspension.com\/fr\/produit\/amortisseurs-arriere-stage-1-pour-polaris-ranger-1500xd-northstar-2024\/\" \/>\n<meta property=\"og:site_name\" content=\"Elka Suspension Inc\" \/>\n<meta property=\"article:publisher\" content=\"https:\/\/www.facebook.com\/ElkaSuspension\" \/>\n<meta property=\"article:modified_time\" content=\"2025-12-10T17:33:08+00:00\" \/>\n<meta property=\"og:image\" content=\"https:\/\/www.elkasuspension.com\/wp-content\/uploads\/2025\/12\/web_utv-46-stage1_main-17.jpg\" \/>\n\t<meta property=\"og:image:width\" content=\"1200\" \/>\n\t<meta property=\"og:image:height\" content=\"1200\" \/>\n\t<meta property=\"og:image:type\" content=\"image\/jpeg\" \/>\n<meta name=\"twitter:card\" content=\"summary_large_image\" \/>\n<meta name=\"twitter:site\" content=\"@ElkaSuspension\" \/>\n<meta name=\"twitter:label1\" content=\"Price\" \/>\n\t<meta name=\"twitter:data1\" content=\"&#036;800.00\" \/>\n\t<meta name=\"twitter:label2\" content=\"Availability\" \/>\n\t<meta name=\"twitter:data2\" content=\"In stock\" \/>\n<script type=\"application\/ld+json\" class=\"yoast-schema-graph\">{\"@context\":\"https:\/\/schema.org\",\"@graph\":[{\"@type\":\"WebPage\",\"@id\":\"https:\/\/www.elkasuspension.com\/fr\/produit\/amortisseurs-arriere-stage-1-pour-polaris-ranger-1500xd-northstar-2024\/\",\"url\":\"https:\/\/www.elkasuspension.com\/fr\/produit\/amortisseurs-arriere-stage-1-pour-polaris-ranger-1500xd-northstar-2024\/\",\"name\":\"AMORTISSEURS ARRI\u00c8RE STAGE 1 pour POLARIS RANGER 1500XD NORTHSTAR, 2024 \u00e0 2026 &#187; Elka Suspension Inc\",\"isPartOf\":{\"@id\":\"https:\/\/www.elkasuspension.com\/fr\/#website\"},\"primaryImageOfPage\":{\"@id\":\"https:\/\/www.elkasuspension.com\/fr\/produit\/amortisseurs-arriere-stage-1-pour-polaris-ranger-1500xd-northstar-2024\/#primaryimage\"},\"image\":{\"@id\":\"https:\/\/www.elkasuspension.com\/fr\/produit\/amortisseurs-arriere-stage-1-pour-polaris-ranger-1500xd-northstar-2024\/#primaryimage\"},\"thumbnailUrl\":\"https:\/\/www.elkasuspension.com\/wp-content\/uploads\/2025\/12\/web_utv-46-stage1_main-17.jpg\",\"datePublished\":\"2025-12-10T17:33:02+00:00\",\"dateModified\":\"2025-12-10T17:33:08+00:00\",\"breadcrumb\":{\"@id\":\"https:\/\/www.elkasuspension.com\/fr\/produit\/amortisseurs-arriere-stage-1-pour-polaris-ranger-1500xd-northstar-2024\/#breadcrumb\"},\"inLanguage\":\"fr-FR\",\"potentialAction\":[{\"@type\":\"ReadAction\",\"target\":[\"https:\/\/www.elkasuspension.com\/fr\/produit\/amortisseurs-arriere-stage-1-pour-polaris-ranger-1500xd-northstar-2024\/\"]}]},{\"@type\":\"ImageObject\",\"inLanguage\":\"fr-FR\",\"@id\":\"https:\/\/www.elkasuspension.com\/fr\/produit\/amortisseurs-arriere-stage-1-pour-polaris-ranger-1500xd-northstar-2024\/#primaryimage\",\"url\":\"https:\/\/www.elkasuspension.com\/wp-content\/uploads\/2025\/12\/web_utv-46-stage1_main-17.jpg\",\"contentUrl\":\"https:\/\/www.elkasuspension.com\/wp-content\/uploads\/2025\/12\/web_utv-46-stage1_main-17.jpg\",\"width\":1200,\"height\":1200},{\"@type\":\"BreadcrumbList\",\"@id\":\"https:\/\/www.elkasuspension.com\/fr\/produit\/amortisseurs-arriere-stage-1-pour-polaris-ranger-1500xd-northstar-2024\/#breadcrumb\",\"itemListElement\":[{\"@type\":\"ListItem\",\"position\":1,\"name\":\"Home\",\"item\":\"https:\/\/www.elkasuspension.com\/fr\/\"},{\"@type\":\"ListItem\",\"position\":2,\"name\":\"Boutique\",\"item\":\"https:\/\/www.elkasuspension.com\/fr\/boutique\/\"},{\"@type\":\"ListItem\",\"position\":3,\"name\":\"AMORTISSEURS ARRI\u00c8RE STAGE 1 pour POLARIS RANGER 1500XD NORTHSTAR, 2024 \u00e0 2026\"}]},{\"@type\":\"WebSite\",\"@id\":\"https:\/\/www.elkasuspension.com\/fr\/#website\",\"url\":\"https:\/\/www.elkasuspension.com\/fr\/\",\"name\":\"Elka Suspension Inc\",\"description\":\"High Performance Aftermarket Shock Absorbers\",\"publisher\":{\"@id\":\"https:\/\/www.elkasuspension.com\/fr\/#organization\"},\"potentialAction\":[{\"@type\":\"SearchAction\",\"target\":{\"@type\":\"EntryPoint\",\"urlTemplate\":\"https:\/\/www.elkasuspension.com\/fr\/?s={search_term_string}\"},\"query-input\":{\"@type\":\"PropertyValueSpecification\",\"valueRequired\":true,\"valueName\":\"search_term_string\"}}],\"inLanguage\":\"fr-FR\"},{\"@type\":\"Organization\",\"@id\":\"https:\/\/www.elkasuspension.com\/fr\/#organization\",\"name\":\"Elka Suspension Inc.\",\"url\":\"https:\/\/www.elkasuspension.com\/fr\/\",\"logo\":{\"@type\":\"ImageObject\",\"inLanguage\":\"fr-FR\",\"@id\":\"https:\/\/www.elkasuspension.com\/fr\/#\/schema\/logo\/image\/\",\"url\":\"https:\/\/www.elkasuspension.com\/wp-content\/uploads\/2021\/02\/ELKA-LOGO-2018_450x99.jpg\",\"contentUrl\":\"https:\/\/www.elkasuspension.com\/wp-content\/uploads\/2021\/02\/ELKA-LOGO-2018_450x99.jpg\",\"width\":450,\"height\":99,\"caption\":\"Elka Suspension Inc.\"},\"image\":{\"@id\":\"https:\/\/www.elkasuspension.com\/fr\/#\/schema\/logo\/image\/\"},\"sameAs\":[\"https:\/\/www.facebook.com\/ElkaSuspension\",\"https:\/\/x.com\/ElkaSuspension\",\"https:\/\/www.instagram.com\/elkasuspension\/\",\"https:\/\/www.youtube.com\/user\/ElkaSuspensionTV\"]}]}<\/script>\n<meta property=\"product:brand\" content=\"C\u00d4TE-\u00c0-C\u00d4TE (UTV)\" \/>\n<meta property=\"product:price:amount\" content=\"800.00\" \/>\n<meta property=\"product:price:currency\" content=\"USD\" \/>\n<meta property=\"og:availability\" content=\"instock\" \/>\n<meta property=\"product:availability\" content=\"instock\" \/>\n<meta property=\"product:retailer_item_id\" content=\"31009\" \/>\n<meta property=\"product:condition\" content=\"new\" \/>\n<!-- \/ Yoast SEO Premium plugin. -->","yoast_head_json":{"title":"AMORTISSEURS ARRI\u00c8RE STAGE 1 pour POLARIS RANGER 1500XD NORTHSTAR, 2024 \u00e0 2026 &#187; Elka Suspension Inc","robots":{"index":"index","follow":"follow","max-snippet":"max-snippet:-1","max-image-preview":"max-image-preview:large","max-video-preview":"max-video-preview:-1"},"canonical":"https:\/\/www.elkasuspension.com\/fr\/produit\/amortisseurs-arriere-stage-1-pour-polaris-ranger-1500xd-northstar-2024\/","og_locale":"fr_FR","og_type":"article","og_title":"AMORTISSEURS ARRI\u00c8RE STAGE 1 pour POLARIS RANGER 1500XD NORTHSTAR, 2024 \u00e0 2026","og_description":"Le Stage 1 est notre mod\u00e8le d'entr\u00e9e de gamme, sp\u00e9cialement con\u00e7u pour am\u00e9liorer les performances de votre v\u00e9hicule UTV au-del\u00e0 des capacit\u00e9s des amortisseurs d'origine. Ils sont id\u00e9aux pour remplacer vos amortisseurs d'origine trop us\u00e9s pour am\u00e9liorer le confort et la performance en toute simplicit\u00e9. Ajustements: - Pr\u00e9charge des ressorts","og_url":"https:\/\/www.elkasuspension.com\/fr\/produit\/amortisseurs-arriere-stage-1-pour-polaris-ranger-1500xd-northstar-2024\/","og_site_name":"Elka Suspension Inc","article_publisher":"https:\/\/www.facebook.com\/ElkaSuspension","article_modified_time":"2025-12-10T17:33:08+00:00","og_image":[{"width":1200,"height":1200,"url":"https:\/\/www.elkasuspension.com\/wp-content\/uploads\/2025\/12\/web_utv-46-stage1_main-17.jpg","type":"image\/jpeg"}],"twitter_card":"summary_large_image","twitter_site":"@ElkaSuspension","twitter_misc":{"Price":"&#36;800.00","Availability":"In stock"},"schema":{"@context":"https:\/\/schema.org","@graph":[{"@type":"WebPage","@id":"https:\/\/www.elkasuspension.com\/fr\/produit\/amortisseurs-arriere-stage-1-pour-polaris-ranger-1500xd-northstar-2024\/","url":"https:\/\/www.elkasuspension.com\/fr\/produit\/amortisseurs-arriere-stage-1-pour-polaris-ranger-1500xd-northstar-2024\/","name":"AMORTISSEURS ARRI\u00c8RE STAGE 1 pour POLARIS RANGER 1500XD NORTHSTAR, 2024 \u00e0 2026 &#187; Elka Suspension Inc","isPartOf":{"@id":"https:\/\/www.elkasuspension.com\/fr\/#website"},"primaryImageOfPage":{"@id":"https:\/\/www.elkasuspension.com\/fr\/produit\/amortisseurs-arriere-stage-1-pour-polaris-ranger-1500xd-northstar-2024\/#primaryimage"},"image":{"@id":"https:\/\/www.elkasuspension.com\/fr\/produit\/amortisseurs-arriere-stage-1-pour-polaris-ranger-1500xd-northstar-2024\/#primaryimage"},"thumbnailUrl":"https:\/\/www.elkasuspension.com\/wp-content\/uploads\/2025\/12\/web_utv-46-stage1_main-17.jpg","datePublished":"2025-12-10T17:33:02+00:00","dateModified":"2025-12-10T17:33:08+00:00","breadcrumb":{"@id":"https:\/\/www.elkasuspension.com\/fr\/produit\/amortisseurs-arriere-stage-1-pour-polaris-ranger-1500xd-northstar-2024\/#breadcrumb"},"inLanguage":"fr-FR","potentialAction":[{"@type":"ReadAction","target":["https:\/\/www.elkasuspension.com\/fr\/produit\/amortisseurs-arriere-stage-1-pour-polaris-ranger-1500xd-northstar-2024\/"]}]},{"@type":"ImageObject","inLanguage":"fr-FR","@id":"https:\/\/www.elkasuspension.com\/fr\/produit\/amortisseurs-arriere-stage-1-pour-polaris-ranger-1500xd-northstar-2024\/#primaryimage","url":"https:\/\/www.elkasuspension.com\/wp-content\/uploads\/2025\/12\/web_utv-46-stage1_main-17.jpg","contentUrl":"https:\/\/www.elkasuspension.com\/wp-content\/uploads\/2025\/12\/web_utv-46-stage1_main-17.jpg","width":1200,"height":1200},{"@type":"BreadcrumbList","@id":"https:\/\/www.elkasuspension.com\/fr\/produit\/amortisseurs-arriere-stage-1-pour-polaris-ranger-1500xd-northstar-2024\/#breadcrumb","itemListElement":[{"@type":"ListItem","position":1,"name":"Home","item":"https:\/\/www.elkasuspension.com\/fr\/"},{"@type":"ListItem","position":2,"name":"Boutique","item":"https:\/\/www.elkasuspension.com\/fr\/boutique\/"},{"@type":"ListItem","position":3,"name":"AMORTISSEURS ARRI\u00c8RE STAGE 1 pour POLARIS RANGER 1500XD NORTHSTAR, 2024 \u00e0 2026"}]},{"@type":"WebSite","@id":"https:\/\/www.elkasuspension.com\/fr\/#website","url":"https:\/\/www.elkasuspension.com\/fr\/","name":"Elka Suspension Inc","description":"High Performance Aftermarket Shock Absorbers","publisher":{"@id":"https:\/\/www.elkasuspension.com\/fr\/#organization"},"potentialAction":[{"@type":"SearchAction","target":{"@type":"EntryPoint","urlTemplate":"https:\/\/www.elkasuspension.com\/fr\/?s={search_term_string}"},"query-input":{"@type":"PropertyValueSpecification","valueRequired":true,"valueName":"search_term_string"}}],"inLanguage":"fr-FR"},{"@type":"Organization","@id":"https:\/\/www.elkasuspension.com\/fr\/#organization","name":"Elka Suspension Inc.","url":"https:\/\/www.elkasuspension.com\/fr\/","logo":{"@type":"ImageObject","inLanguage":"fr-FR","@id":"https:\/\/www.elkasuspension.com\/fr\/#\/schema\/logo\/image\/","url":"https:\/\/www.elkasuspension.com\/wp-content\/uploads\/2021\/02\/ELKA-LOGO-2018_450x99.jpg","contentUrl":"https:\/\/www.elkasuspension.com\/wp-content\/uploads\/2021\/02\/ELKA-LOGO-2018_450x99.jpg","width":450,"height":99,"caption":"Elka Suspension Inc."},"image":{"@id":"https:\/\/www.elkasuspension.com\/fr\/#\/schema\/logo\/image\/"},"sameAs":["https:\/\/www.facebook.com\/ElkaSuspension","https:\/\/x.com\/ElkaSuspension","https:\/\/www.instagram.com\/elkasuspension\/","https:\/\/www.youtube.com\/user\/ElkaSuspensionTV"]}]},"product_brand":"C\u00d4TE-\u00c0-C\u00d4TE (UTV)","product_price_amount":"800.00","product_price_currency":"USD","og_availability":"instock","product_availability":"instock","product_retailer_item_id":"31009","product_condition":"new"},"acf":[],"_links":{"self":[{"href":"https:\/\/www.elkasuspension.com\/fr\/wp-json\/wp\/v2\/product\/7966445771","targetHints":{"allow":["GET"]}}],"collection":[{"href":"https:\/\/www.elkasuspension.com\/fr\/wp-json\/wp\/v2\/product"}],"about":[{"href":"https:\/\/www.elkasuspension.com\/fr\/wp-json\/wp\/v2\/types\/product"}],"replies":[{"embeddable":true,"href":"https:\/\/www.elkasuspension.com\/fr\/wp-json\/wp\/v2\/comments?post=7966445771"}],"wp:featuredmedia":[{"embeddable":true,"href":"https:\/\/www.elkasuspension.com\/fr\/wp-json\/wp\/v2\/media\/7966551890"}],"wp:attachment":[{"href":"https:\/\/www.elkasuspension.com\/fr\/wp-json\/wp\/v2\/media?parent=7966445771"}],"wp:term":[{"taxonomy":"product_brand","embeddable":true,"href":"https:\/\/www.elkasuspension.com\/fr\/wp-json\/wp\/v2\/product_brand?post=7966445771"},{"taxonomy":"product_cat","embeddable":true,"href":"https:\/\/www.elkasuspension.com\/fr\/wp-json\/wp\/v2\/product_cat?post=7966445771"},{"taxonomy":"product_tag","embeddable":true,"href":"https:\/\/www.elkasuspension.com\/fr\/wp-json\/wp\/v2\/product_tag?post=7966445771"}],"curies":[{"name":"wp","href":"https:\/\/api.w.org\/{rel}","templated":true}]}}