{"id":7966468201,"date":"2025-07-22T12:47:15","date_gmt":"2025-07-22T16:47:15","guid":{"rendered":"https:\/\/www.elkasuspension.com\/?post_type=product&#038;p=7966468201"},"modified":"2025-07-22T12:47:20","modified_gmt":"2025-07-22T16:47:20","slug":"amortisseur-arriere-stage-2-pour-honda-crf110f-2019-a-2020","status":"publish","type":"product","link":"https:\/\/www.elkasuspension.com\/fr\/produit\/amortisseur-arriere-stage-2-pour-honda-crf110f-2019-a-2020\/","title":{"rendered":"AMORTISSEUR ARRIERE STAGE 2 pour HONDA CRF110F, 2019 \u00e0 2025"},"content":{"rendered":"<h3>Am\u00e9liorez la tenue de route, la performance et le niveau de confort de votre moto avec notre amortisseur arri\u00e8re<\/h3>\n<p>Id\u00e9al pour les pilotes r\u00e9cr\u00e9atifs ou occasionnels \u00e0 la recherche de meilleurs amortisseurs pour am\u00e9liorer ou remplacer leurs amortisseurs d\u2019origine. Notre amortisseur arri\u00e8re procure des am\u00e9liorations importantes au niveau du confort, de la souplesse de roulement et de la tenue de route bien au-del\u00e0 de ce que peuvent vous offrir un amortisseur d\u2019origine. Son design est bas\u00e9 sur notre l\u00e9gendaire plateforme de produit pr\u00e9c\u00e9dente avec des corps en acier et des ajustements de base.<\/p>\n","protected":false},"excerpt":{"rendered":"<p>L\u2019amortisseur arri\u00e8re Elka Stage 2 Acier est bas\u00e9 sur notre technologie pr\u00e9c\u00e9dente avec des corps en acier et des ajustements de base. Il est sp\u00e9cifiquement con\u00e7u pour votre mod\u00e8le de v\u00e9hicule. Il est parfait pour remplacer un amortisseur d\u2019origine us\u00e9 par une solution abordable qui augmente les performances et le confort tout en respectant votre budget.<\/p>\n<p>Ajustements:<\/p>\n<p>\u2013 D\u00e9tente (rebond)<br \/>\n\u2013 Pr\u00e9charge des ressorts<\/p>\n","protected":false},"featured_media":7966527714,"comment_status":"closed","ping_status":"closed","template":"","meta":{"_acf_changed":false},"product_brand":[],"product_cat":[61858,59447,57185],"product_tag":[46654,61893,59269,36380],"class_list":{"0":"post-7966468201","1":"product","2":"type-product","3":"status-publish","4":"has-post-thumbnail","6":"product_cat-fr-crf110_2019-a-2025","7":"product_cat-fr-honda-mx","8":"product_cat-minimoto-mx","9":"product_tag-honda-fr","10":"product_tag-honda-crf110f-2019-a-2025","11":"product_tag-mini-motos-mx","12":"product_tag-stage-2-fr","13":"pa_body-diameter-material-36mm-aluminium-fr","14":"pa_position-arriere-fr","15":"pa_primary-intended-use-sport-performance-course","16":"pa_product-model-stage-2-fr-2","17":"pa_reservoir-configuration-sans-reservoir","18":"pa_shock-type-avec-ressort-fr","19":"pa_unit-of-sale-sold-as-unite-fr","20":"pa_vehicle-geometry-geometrie-dorigine","21":"pa_vehicle-make-honda","22":"pa_vehicle-model-year-crf110f-2019-a-2025","24":"first","25":"instock","26":"taxable","27":"shipping-taxable","28":"purchasable","29":"product-type-simple"},"yoast_head":"<!-- This site is optimized with the Yoast SEO Premium plugin v27.2 (Yoast SEO v27.2) - https:\/\/yoast.com\/product\/yoast-seo-premium-wordpress\/ -->\n<title>AMORTISSEUR ARRIERE STAGE 2 pour HONDA CRF110F, 2019 \u00e0 2025 &#187; Elka Suspension Inc<\/title>\n<meta name=\"robots\" content=\"index, follow, max-snippet:-1, max-image-preview:large, max-video-preview:-1\" \/>\n<link rel=\"canonical\" href=\"https:\/\/www.elkasuspension.com\/fr\/produit\/amortisseur-arriere-stage-2-pour-honda-crf110f-2019-a-2020\/\" \/>\n<meta property=\"og:locale\" content=\"fr_FR\" \/>\n<meta property=\"og:type\" content=\"article\" \/>\n<meta property=\"og:title\" content=\"AMORTISSEUR ARRIERE STAGE 2 pour HONDA CRF110F, 2019 \u00e0 2025\" \/>\n<meta property=\"og:description\" content=\"L\u2019amortisseur arri\u00e8re Elka Stage 2 Acier est bas\u00e9 sur notre technologie pr\u00e9c\u00e9dente avec des corps en acier et des ajustements de base. Il est sp\u00e9cifiquement con\u00e7u pour votre mod\u00e8le de v\u00e9hicule. Il est parfait pour remplacer un amortisseur d\u2019origine us\u00e9 par une solution abordable qui augmente les performances et le confort tout en respectant votre budget. Ajustements: \u2013 D\u00e9tente (rebond) \u2013 Pr\u00e9charge des ressorts\" \/>\n<meta property=\"og:url\" content=\"https:\/\/www.elkasuspension.com\/fr\/produit\/amortisseur-arriere-stage-2-pour-honda-crf110f-2019-a-2020\/\" \/>\n<meta property=\"og:site_name\" content=\"Elka Suspension Inc\" \/>\n<meta property=\"article:publisher\" content=\"https:\/\/www.facebook.com\/ElkaSuspension\" \/>\n<meta property=\"article:modified_time\" content=\"2025-07-22T16:47:20+00:00\" \/>\n<meta property=\"og:image\" content=\"https:\/\/www.elkasuspension.com\/wp-content\/uploads\/2025\/07\/web_placeholder.jpg\" \/>\n\t<meta property=\"og:image:width\" content=\"1200\" \/>\n\t<meta property=\"og:image:height\" content=\"1200\" \/>\n\t<meta property=\"og:image:type\" content=\"image\/jpeg\" \/>\n<meta name=\"twitter:card\" content=\"summary_large_image\" \/>\n<meta name=\"twitter:site\" content=\"@ElkaSuspension\" \/>\n<meta name=\"twitter:label1\" content=\"Price\" \/>\n\t<meta name=\"twitter:data1\" content=\"&#036;575.00\" \/>\n\t<meta name=\"twitter:label2\" content=\"Availability\" \/>\n\t<meta name=\"twitter:data2\" content=\"In stock\" \/>\n<script type=\"application\/ld+json\" class=\"yoast-schema-graph\">{\"@context\":\"https:\/\/schema.org\",\"@graph\":[{\"@type\":\"WebPage\",\"@id\":\"https:\/\/www.elkasuspension.com\/fr\/produit\/amortisseur-arriere-stage-2-pour-honda-crf110f-2019-a-2020\/\",\"url\":\"https:\/\/www.elkasuspension.com\/fr\/produit\/amortisseur-arriere-stage-2-pour-honda-crf110f-2019-a-2020\/\",\"name\":\"AMORTISSEUR ARRIERE STAGE 2 pour HONDA CRF110F, 2019 \u00e0 2025 &#187; Elka Suspension Inc\",\"isPartOf\":{\"@id\":\"https:\/\/www.elkasuspension.com\/fr\/#website\"},\"primaryImageOfPage\":{\"@id\":\"https:\/\/www.elkasuspension.com\/fr\/produit\/amortisseur-arriere-stage-2-pour-honda-crf110f-2019-a-2020\/#primaryimage\"},\"image\":{\"@id\":\"https:\/\/www.elkasuspension.com\/fr\/produit\/amortisseur-arriere-stage-2-pour-honda-crf110f-2019-a-2020\/#primaryimage\"},\"thumbnailUrl\":\"https:\/\/www.elkasuspension.com\/wp-content\/uploads\/2025\/07\/web_placeholder.jpg\",\"datePublished\":\"2025-07-22T16:47:15+00:00\",\"dateModified\":\"2025-07-22T16:47:20+00:00\",\"breadcrumb\":{\"@id\":\"https:\/\/www.elkasuspension.com\/fr\/produit\/amortisseur-arriere-stage-2-pour-honda-crf110f-2019-a-2020\/#breadcrumb\"},\"inLanguage\":\"fr-FR\",\"potentialAction\":[{\"@type\":\"ReadAction\",\"target\":[\"https:\/\/www.elkasuspension.com\/fr\/produit\/amortisseur-arriere-stage-2-pour-honda-crf110f-2019-a-2020\/\"]}]},{\"@type\":\"ImageObject\",\"inLanguage\":\"fr-FR\",\"@id\":\"https:\/\/www.elkasuspension.com\/fr\/produit\/amortisseur-arriere-stage-2-pour-honda-crf110f-2019-a-2020\/#primaryimage\",\"url\":\"https:\/\/www.elkasuspension.com\/wp-content\/uploads\/2025\/07\/web_placeholder.jpg\",\"contentUrl\":\"https:\/\/www.elkasuspension.com\/wp-content\/uploads\/2025\/07\/web_placeholder.jpg\",\"width\":1200,\"height\":1200},{\"@type\":\"BreadcrumbList\",\"@id\":\"https:\/\/www.elkasuspension.com\/fr\/produit\/amortisseur-arriere-stage-2-pour-honda-crf110f-2019-a-2020\/#breadcrumb\",\"itemListElement\":[{\"@type\":\"ListItem\",\"position\":1,\"name\":\"Home\",\"item\":\"https:\/\/www.elkasuspension.com\/fr\/\"},{\"@type\":\"ListItem\",\"position\":2,\"name\":\"Boutique\",\"item\":\"https:\/\/www.elkasuspension.com\/fr\/boutique\/\"},{\"@type\":\"ListItem\",\"position\":3,\"name\":\"AMORTISSEUR ARRIERE STAGE 2 pour HONDA CRF110F, 2019 \u00e0 2025\"}]},{\"@type\":\"WebSite\",\"@id\":\"https:\/\/www.elkasuspension.com\/fr\/#website\",\"url\":\"https:\/\/www.elkasuspension.com\/fr\/\",\"name\":\"Elka Suspension Inc\",\"description\":\"High Performance Aftermarket Shock Absorbers\",\"publisher\":{\"@id\":\"https:\/\/www.elkasuspension.com\/fr\/#organization\"},\"potentialAction\":[{\"@type\":\"SearchAction\",\"target\":{\"@type\":\"EntryPoint\",\"urlTemplate\":\"https:\/\/www.elkasuspension.com\/fr\/?s={search_term_string}\"},\"query-input\":{\"@type\":\"PropertyValueSpecification\",\"valueRequired\":true,\"valueName\":\"search_term_string\"}}],\"inLanguage\":\"fr-FR\"},{\"@type\":\"Organization\",\"@id\":\"https:\/\/www.elkasuspension.com\/fr\/#organization\",\"name\":\"Elka Suspension Inc.\",\"url\":\"https:\/\/www.elkasuspension.com\/fr\/\",\"logo\":{\"@type\":\"ImageObject\",\"inLanguage\":\"fr-FR\",\"@id\":\"https:\/\/www.elkasuspension.com\/fr\/#\/schema\/logo\/image\/\",\"url\":\"https:\/\/www.elkasuspension.com\/wp-content\/uploads\/2021\/02\/ELKA-LOGO-2018_450x99.jpg\",\"contentUrl\":\"https:\/\/www.elkasuspension.com\/wp-content\/uploads\/2021\/02\/ELKA-LOGO-2018_450x99.jpg\",\"width\":450,\"height\":99,\"caption\":\"Elka Suspension Inc.\"},\"image\":{\"@id\":\"https:\/\/www.elkasuspension.com\/fr\/#\/schema\/logo\/image\/\"},\"sameAs\":[\"https:\/\/www.facebook.com\/ElkaSuspension\",\"https:\/\/x.com\/ElkaSuspension\",\"https:\/\/www.instagram.com\/elkasuspension\/\",\"https:\/\/www.youtube.com\/user\/ElkaSuspensionTV\"]}]}<\/script>\n<meta property=\"product:brand\" content=\"CRF110F, 2019 \u00e0 2025\" \/>\n<meta property=\"product:price:amount\" content=\"575.00\" \/>\n<meta property=\"product:price:currency\" content=\"USD\" \/>\n<meta property=\"og:availability\" content=\"instock\" \/>\n<meta property=\"product:availability\" content=\"instock\" \/>\n<meta property=\"product:retailer_item_id\" content=\"80016\" \/>\n<meta property=\"product:condition\" content=\"new\" \/>\n<!-- \/ Yoast SEO Premium plugin. -->","yoast_head_json":{"title":"AMORTISSEUR ARRIERE STAGE 2 pour HONDA CRF110F, 2019 \u00e0 2025 &#187; Elka Suspension Inc","robots":{"index":"index","follow":"follow","max-snippet":"max-snippet:-1","max-image-preview":"max-image-preview:large","max-video-preview":"max-video-preview:-1"},"canonical":"https:\/\/www.elkasuspension.com\/fr\/produit\/amortisseur-arriere-stage-2-pour-honda-crf110f-2019-a-2020\/","og_locale":"fr_FR","og_type":"article","og_title":"AMORTISSEUR ARRIERE STAGE 2 pour HONDA CRF110F, 2019 \u00e0 2025","og_description":"L\u2019amortisseur arri\u00e8re Elka Stage 2 Acier est bas\u00e9 sur notre technologie pr\u00e9c\u00e9dente avec des corps en acier et des ajustements de base. Il est sp\u00e9cifiquement con\u00e7u pour votre mod\u00e8le de v\u00e9hicule. Il est parfait pour remplacer un amortisseur d\u2019origine us\u00e9 par une solution abordable qui augmente les performances et le confort tout en respectant votre budget. Ajustements: \u2013 D\u00e9tente (rebond) \u2013 Pr\u00e9charge des ressorts","og_url":"https:\/\/www.elkasuspension.com\/fr\/produit\/amortisseur-arriere-stage-2-pour-honda-crf110f-2019-a-2020\/","og_site_name":"Elka Suspension Inc","article_publisher":"https:\/\/www.facebook.com\/ElkaSuspension","article_modified_time":"2025-07-22T16:47:20+00:00","og_image":[{"width":1200,"height":1200,"url":"https:\/\/www.elkasuspension.com\/wp-content\/uploads\/2025\/07\/web_placeholder.jpg","type":"image\/jpeg"}],"twitter_card":"summary_large_image","twitter_site":"@ElkaSuspension","twitter_misc":{"Price":"&#36;575.00","Availability":"In stock"},"schema":{"@context":"https:\/\/schema.org","@graph":[{"@type":"WebPage","@id":"https:\/\/www.elkasuspension.com\/fr\/produit\/amortisseur-arriere-stage-2-pour-honda-crf110f-2019-a-2020\/","url":"https:\/\/www.elkasuspension.com\/fr\/produit\/amortisseur-arriere-stage-2-pour-honda-crf110f-2019-a-2020\/","name":"AMORTISSEUR ARRIERE STAGE 2 pour HONDA CRF110F, 2019 \u00e0 2025 &#187; Elka Suspension Inc","isPartOf":{"@id":"https:\/\/www.elkasuspension.com\/fr\/#website"},"primaryImageOfPage":{"@id":"https:\/\/www.elkasuspension.com\/fr\/produit\/amortisseur-arriere-stage-2-pour-honda-crf110f-2019-a-2020\/#primaryimage"},"image":{"@id":"https:\/\/www.elkasuspension.com\/fr\/produit\/amortisseur-arriere-stage-2-pour-honda-crf110f-2019-a-2020\/#primaryimage"},"thumbnailUrl":"https:\/\/www.elkasuspension.com\/wp-content\/uploads\/2025\/07\/web_placeholder.jpg","datePublished":"2025-07-22T16:47:15+00:00","dateModified":"2025-07-22T16:47:20+00:00","breadcrumb":{"@id":"https:\/\/www.elkasuspension.com\/fr\/produit\/amortisseur-arriere-stage-2-pour-honda-crf110f-2019-a-2020\/#breadcrumb"},"inLanguage":"fr-FR","potentialAction":[{"@type":"ReadAction","target":["https:\/\/www.elkasuspension.com\/fr\/produit\/amortisseur-arriere-stage-2-pour-honda-crf110f-2019-a-2020\/"]}]},{"@type":"ImageObject","inLanguage":"fr-FR","@id":"https:\/\/www.elkasuspension.com\/fr\/produit\/amortisseur-arriere-stage-2-pour-honda-crf110f-2019-a-2020\/#primaryimage","url":"https:\/\/www.elkasuspension.com\/wp-content\/uploads\/2025\/07\/web_placeholder.jpg","contentUrl":"https:\/\/www.elkasuspension.com\/wp-content\/uploads\/2025\/07\/web_placeholder.jpg","width":1200,"height":1200},{"@type":"BreadcrumbList","@id":"https:\/\/www.elkasuspension.com\/fr\/produit\/amortisseur-arriere-stage-2-pour-honda-crf110f-2019-a-2020\/#breadcrumb","itemListElement":[{"@type":"ListItem","position":1,"name":"Home","item":"https:\/\/www.elkasuspension.com\/fr\/"},{"@type":"ListItem","position":2,"name":"Boutique","item":"https:\/\/www.elkasuspension.com\/fr\/boutique\/"},{"@type":"ListItem","position":3,"name":"AMORTISSEUR ARRIERE STAGE 2 pour HONDA CRF110F, 2019 \u00e0 2025"}]},{"@type":"WebSite","@id":"https:\/\/www.elkasuspension.com\/fr\/#website","url":"https:\/\/www.elkasuspension.com\/fr\/","name":"Elka Suspension Inc","description":"High Performance Aftermarket Shock Absorbers","publisher":{"@id":"https:\/\/www.elkasuspension.com\/fr\/#organization"},"potentialAction":[{"@type":"SearchAction","target":{"@type":"EntryPoint","urlTemplate":"https:\/\/www.elkasuspension.com\/fr\/?s={search_term_string}"},"query-input":{"@type":"PropertyValueSpecification","valueRequired":true,"valueName":"search_term_string"}}],"inLanguage":"fr-FR"},{"@type":"Organization","@id":"https:\/\/www.elkasuspension.com\/fr\/#organization","name":"Elka Suspension Inc.","url":"https:\/\/www.elkasuspension.com\/fr\/","logo":{"@type":"ImageObject","inLanguage":"fr-FR","@id":"https:\/\/www.elkasuspension.com\/fr\/#\/schema\/logo\/image\/","url":"https:\/\/www.elkasuspension.com\/wp-content\/uploads\/2021\/02\/ELKA-LOGO-2018_450x99.jpg","contentUrl":"https:\/\/www.elkasuspension.com\/wp-content\/uploads\/2021\/02\/ELKA-LOGO-2018_450x99.jpg","width":450,"height":99,"caption":"Elka Suspension Inc."},"image":{"@id":"https:\/\/www.elkasuspension.com\/fr\/#\/schema\/logo\/image\/"},"sameAs":["https:\/\/www.facebook.com\/ElkaSuspension","https:\/\/x.com\/ElkaSuspension","https:\/\/www.instagram.com\/elkasuspension\/","https:\/\/www.youtube.com\/user\/ElkaSuspensionTV"]}]},"product_brand":"CRF110F, 2019 \u00e0 2025","product_price_amount":"575.00","product_price_currency":"USD","og_availability":"instock","product_availability":"instock","product_retailer_item_id":"80016","product_condition":"new"},"acf":[],"_links":{"self":[{"href":"https:\/\/www.elkasuspension.com\/fr\/wp-json\/wp\/v2\/product\/7966468201","targetHints":{"allow":["GET"]}}],"collection":[{"href":"https:\/\/www.elkasuspension.com\/fr\/wp-json\/wp\/v2\/product"}],"about":[{"href":"https:\/\/www.elkasuspension.com\/fr\/wp-json\/wp\/v2\/types\/product"}],"replies":[{"embeddable":true,"href":"https:\/\/www.elkasuspension.com\/fr\/wp-json\/wp\/v2\/comments?post=7966468201"}],"wp:featuredmedia":[{"embeddable":true,"href":"https:\/\/www.elkasuspension.com\/fr\/wp-json\/wp\/v2\/media\/7966527714"}],"wp:attachment":[{"href":"https:\/\/www.elkasuspension.com\/fr\/wp-json\/wp\/v2\/media?parent=7966468201"}],"wp:term":[{"taxonomy":"product_brand","embeddable":true,"href":"https:\/\/www.elkasuspension.com\/fr\/wp-json\/wp\/v2\/product_brand?post=7966468201"},{"taxonomy":"product_cat","embeddable":true,"href":"https:\/\/www.elkasuspension.com\/fr\/wp-json\/wp\/v2\/product_cat?post=7966468201"},{"taxonomy":"product_tag","embeddable":true,"href":"https:\/\/www.elkasuspension.com\/fr\/wp-json\/wp\/v2\/product_tag?post=7966468201"}],"curies":[{"name":"wp","href":"https:\/\/api.w.org\/{rel}","templated":true}]}}