{"id":7966504650,"date":"2025-01-08T16:10:52","date_gmt":"2025-01-08T21:10:52","guid":{"rendered":"https:\/\/www.elkasuspension.com\/?post_type=product&#038;p=7966504650"},"modified":"2025-01-08T16:10:55","modified_gmt":"2025-01-08T21:10:55","slug":"kit-de-conversion-t-motion-arriere-pour-ski-doo-summit-sp-850-e-tec-154165-2017-a-2018","status":"publish","type":"product","link":"https:\/\/www.elkasuspension.com\/fr\/produit\/kit-de-conversion-t-motion-arriere-pour-ski-doo-summit-sp-850-e-tec-154165-2017-a-2018\/","title":{"rendered":"KIT DE CONVERSION T-MOTION ARRI\u00c8RE pour SKI-DOO SUMMIT SP 850 E-TEC (154,165), 2017 \u00e0 2018"},"content":{"rendered":"<h3>Am\u00e9liorez la suspension de votre motoneige avec notre adaptateur pour amortisseur \u00e0 ressort et ma\u00eetrisez toutes les conditions de neige<\/h3>\n<p>\u00e9liminez les ressorts de torsion T-Motion et remplacez l&#8217;amortisseur arri\u00e0re par un  amortisseur \u00e0 ressort construit sur mesure pour votre poids et votre style de conduite. En \u00e9liminant les ressorts de torsion et en installant un amortisseur Elka Stage 4 ou Stage 5, vous profiterez pleinement du mouvement lat\u00e9ral du tra&icir;neau pour une meilleure traction et une performance am\u00e9lior\u00e9e en conduite hors-piste!<\/p>\n","protected":false},"excerpt":{"rendered":"<p>Parfait pour compl\u00e9ter votre ensemble d&#8217;amortisseurs Elka, notre adaptateur pour amortisseur \u00e0 ressort permet d&#8217;exploiter le plein potentiel de votre machine!<\/p>\n<p>Install\u00e9 avec un amortisseur Elka, notre adaptateur pour amortisseur \u00e0 ressort $eacute;limine les ressort de torsion d&#8217;origine pour profiter pleinement du mouvement lat\u00e9ral du tra&icir;neau, offrant ainsi une meilleure traction et une meilleure performance en conduite hors-piste.<\/p>\n<p>Inclus:<\/p>\n<p>&#8211; Adaptateur<br \/>\n&#8211; Quincaillerie d&#8217;installation<\/p>\n","protected":false},"featured_media":7966504645,"comment_status":"closed","ping_status":"closed","template":"","meta":{"_acf_changed":false},"product_brand":[],"product_cat":[41333,41425,42111],"product_tag":[36377,39824,50764,39801],"class_list":{"0":"post-7966504650","1":"product","2":"type-product","3":"status-publish","4":"has-post-thumbnail","6":"product_cat-motoneige","7":"product_cat-ski-doo-motoneige","8":"product_cat-fr-summit_sp_850_e-tec_154_165_2017_a_2018","9":"product_tag-haute-performance-course","10":"product_tag-kit-de-conversion-t-motion","11":"product_tag-motoneige","12":"product_tag-ski-doo-fr","13":"pa_body-diameter-material-n-a","14":"pa_part-number-40502","15":"pa_position-arriere-fr","16":"pa_primary-intended-use-haute-performance-course","17":"pa_product-model-kit-de-conversion-t-motion","18":"pa_reservoir-configuration-n-a","19":"pa_shock-type-n-a","20":"pa_sku-55096","21":"pa_unit-of-sale-sold-as-unite-fr","22":"pa_vehicle-make-ski-doo","23":"pa_vehicle-model-year-summit-sp-850-e-tec-154165-2017-a-2018","25":"first","26":"instock","27":"taxable","28":"shipping-taxable","29":"purchasable","30":"product-type-simple"},"yoast_head":"<!-- This site is optimized with the Yoast SEO Premium plugin v27.2 (Yoast SEO v27.2) - https:\/\/yoast.com\/product\/yoast-seo-premium-wordpress\/ -->\n<title>KIT DE CONVERSION T-MOTION ARRI\u00c8RE pour SKI-DOO SUMMIT SP 850 E-TEC (154,165), 2017 \u00e0 2018 &#187; Elka Suspension Inc<\/title>\n<meta name=\"robots\" content=\"index, follow, max-snippet:-1, max-image-preview:large, max-video-preview:-1\" \/>\n<link rel=\"canonical\" href=\"https:\/\/www.elkasuspension.com\/fr\/produit\/kit-de-conversion-t-motion-arriere-pour-ski-doo-summit-sp-850-e-tec-154165-2017-a-2018\/\" \/>\n<meta property=\"og:locale\" content=\"fr_FR\" \/>\n<meta property=\"og:type\" content=\"article\" \/>\n<meta property=\"og:title\" content=\"KIT DE CONVERSION T-MOTION ARRI\u00c8RE pour SKI-DOO SUMMIT SP 850 E-TEC (154,165), 2017 \u00e0 2018\" \/>\n<meta property=\"og:description\" content=\"Parfait pour compl\u00e9ter votre ensemble d&#039;amortisseurs Elka, notre adaptateur pour amortisseur \u00e0 ressort permet d&#039;exploiter le plein potentiel de votre machine! Install\u00e9 avec un amortisseur Elka, notre adaptateur pour amortisseur \u00e0 ressort $eacute;limine les ressort de torsion d&#039;origine pour profiter pleinement du mouvement lat\u00e9ral du tra&amp;icir;neau, offrant ainsi une meilleure traction et une meilleure performance en conduite hors-piste. Inclus: - Adaptateur - Quincaillerie d&#039;installation\" \/>\n<meta property=\"og:url\" content=\"https:\/\/www.elkasuspension.com\/fr\/produit\/kit-de-conversion-t-motion-arriere-pour-ski-doo-summit-sp-850-e-tec-154165-2017-a-2018\/\" \/>\n<meta property=\"og:site_name\" content=\"Elka Suspension Inc\" \/>\n<meta property=\"article:publisher\" content=\"https:\/\/www.facebook.com\/ElkaSuspension\" \/>\n<meta property=\"article:modified_time\" content=\"2025-01-08T21:10:55+00:00\" \/>\n<meta property=\"og:image\" content=\"https:\/\/www.elkasuspension.com\/wp-content\/uploads\/2025\/01\/web_snow_coiloverconversionkit_main-11.jpg\" \/>\n\t<meta property=\"og:image:width\" content=\"1200\" \/>\n\t<meta property=\"og:image:height\" content=\"1200\" \/>\n\t<meta property=\"og:image:type\" content=\"image\/jpeg\" \/>\n<meta name=\"twitter:card\" content=\"summary_large_image\" \/>\n<meta name=\"twitter:site\" content=\"@ElkaSuspension\" \/>\n<meta name=\"twitter:label1\" content=\"Price\" \/>\n\t<meta name=\"twitter:data1\" content=\"&#036;375.00\" \/>\n\t<meta name=\"twitter:label2\" content=\"Availability\" \/>\n\t<meta name=\"twitter:data2\" content=\"In stock\" \/>\n<script type=\"application\/ld+json\" class=\"yoast-schema-graph\">{\"@context\":\"https:\/\/schema.org\",\"@graph\":[{\"@type\":\"WebPage\",\"@id\":\"https:\/\/www.elkasuspension.com\/fr\/produit\/kit-de-conversion-t-motion-arriere-pour-ski-doo-summit-sp-850-e-tec-154165-2017-a-2018\/\",\"url\":\"https:\/\/www.elkasuspension.com\/fr\/produit\/kit-de-conversion-t-motion-arriere-pour-ski-doo-summit-sp-850-e-tec-154165-2017-a-2018\/\",\"name\":\"KIT DE CONVERSION T-MOTION ARRI\u00c8RE pour SKI-DOO SUMMIT SP 850 E-TEC (154,165), 2017 \u00e0 2018 &#187; Elka Suspension Inc\",\"isPartOf\":{\"@id\":\"https:\/\/www.elkasuspension.com\/fr\/#website\"},\"primaryImageOfPage\":{\"@id\":\"https:\/\/www.elkasuspension.com\/fr\/produit\/kit-de-conversion-t-motion-arriere-pour-ski-doo-summit-sp-850-e-tec-154165-2017-a-2018\/#primaryimage\"},\"image\":{\"@id\":\"https:\/\/www.elkasuspension.com\/fr\/produit\/kit-de-conversion-t-motion-arriere-pour-ski-doo-summit-sp-850-e-tec-154165-2017-a-2018\/#primaryimage\"},\"thumbnailUrl\":\"https:\/\/www.elkasuspension.com\/wp-content\/uploads\/2025\/01\/web_snow_coiloverconversionkit_main-11.jpg\",\"datePublished\":\"2025-01-08T21:10:52+00:00\",\"dateModified\":\"2025-01-08T21:10:55+00:00\",\"breadcrumb\":{\"@id\":\"https:\/\/www.elkasuspension.com\/fr\/produit\/kit-de-conversion-t-motion-arriere-pour-ski-doo-summit-sp-850-e-tec-154165-2017-a-2018\/#breadcrumb\"},\"inLanguage\":\"fr-FR\",\"potentialAction\":[{\"@type\":\"ReadAction\",\"target\":[\"https:\/\/www.elkasuspension.com\/fr\/produit\/kit-de-conversion-t-motion-arriere-pour-ski-doo-summit-sp-850-e-tec-154165-2017-a-2018\/\"]}]},{\"@type\":\"ImageObject\",\"inLanguage\":\"fr-FR\",\"@id\":\"https:\/\/www.elkasuspension.com\/fr\/produit\/kit-de-conversion-t-motion-arriere-pour-ski-doo-summit-sp-850-e-tec-154165-2017-a-2018\/#primaryimage\",\"url\":\"https:\/\/www.elkasuspension.com\/wp-content\/uploads\/2025\/01\/web_snow_coiloverconversionkit_main-11.jpg\",\"contentUrl\":\"https:\/\/www.elkasuspension.com\/wp-content\/uploads\/2025\/01\/web_snow_coiloverconversionkit_main-11.jpg\",\"width\":1200,\"height\":1200},{\"@type\":\"BreadcrumbList\",\"@id\":\"https:\/\/www.elkasuspension.com\/fr\/produit\/kit-de-conversion-t-motion-arriere-pour-ski-doo-summit-sp-850-e-tec-154165-2017-a-2018\/#breadcrumb\",\"itemListElement\":[{\"@type\":\"ListItem\",\"position\":1,\"name\":\"Home\",\"item\":\"https:\/\/www.elkasuspension.com\/fr\/\"},{\"@type\":\"ListItem\",\"position\":2,\"name\":\"Boutique\",\"item\":\"https:\/\/www.elkasuspension.com\/fr\/boutique\/\"},{\"@type\":\"ListItem\",\"position\":3,\"name\":\"KIT DE CONVERSION T-MOTION ARRI\u00c8RE pour SKI-DOO SUMMIT SP 850 E-TEC (154,165), 2017 \u00e0 2018\"}]},{\"@type\":\"WebSite\",\"@id\":\"https:\/\/www.elkasuspension.com\/fr\/#website\",\"url\":\"https:\/\/www.elkasuspension.com\/fr\/\",\"name\":\"Elka Suspension Inc\",\"description\":\"High Performance Aftermarket Shock Absorbers\",\"publisher\":{\"@id\":\"https:\/\/www.elkasuspension.com\/fr\/#organization\"},\"potentialAction\":[{\"@type\":\"SearchAction\",\"target\":{\"@type\":\"EntryPoint\",\"urlTemplate\":\"https:\/\/www.elkasuspension.com\/fr\/?s={search_term_string}\"},\"query-input\":{\"@type\":\"PropertyValueSpecification\",\"valueRequired\":true,\"valueName\":\"search_term_string\"}}],\"inLanguage\":\"fr-FR\"},{\"@type\":\"Organization\",\"@id\":\"https:\/\/www.elkasuspension.com\/fr\/#organization\",\"name\":\"Elka Suspension Inc.\",\"url\":\"https:\/\/www.elkasuspension.com\/fr\/\",\"logo\":{\"@type\":\"ImageObject\",\"inLanguage\":\"fr-FR\",\"@id\":\"https:\/\/www.elkasuspension.com\/fr\/#\/schema\/logo\/image\/\",\"url\":\"https:\/\/www.elkasuspension.com\/wp-content\/uploads\/2021\/02\/ELKA-LOGO-2018_450x99.jpg\",\"contentUrl\":\"https:\/\/www.elkasuspension.com\/wp-content\/uploads\/2021\/02\/ELKA-LOGO-2018_450x99.jpg\",\"width\":450,\"height\":99,\"caption\":\"Elka Suspension Inc.\"},\"image\":{\"@id\":\"https:\/\/www.elkasuspension.com\/fr\/#\/schema\/logo\/image\/\"},\"sameAs\":[\"https:\/\/www.facebook.com\/ElkaSuspension\",\"https:\/\/x.com\/ElkaSuspension\",\"https:\/\/www.instagram.com\/elkasuspension\/\",\"https:\/\/www.youtube.com\/user\/ElkaSuspensionTV\"]}]}<\/script>\n<meta property=\"product:brand\" content=\"MOTONEIGE\" \/>\n<meta property=\"product:price:amount\" content=\"375.00\" \/>\n<meta property=\"product:price:currency\" content=\"USD\" \/>\n<meta property=\"og:availability\" content=\"instock\" \/>\n<meta property=\"product:availability\" content=\"instock\" \/>\n<meta property=\"product:retailer_item_id\" content=\"51853\" \/>\n<meta property=\"product:condition\" content=\"new\" \/>\n<!-- \/ Yoast SEO Premium plugin. -->","yoast_head_json":{"title":"KIT DE CONVERSION T-MOTION ARRI\u00c8RE pour SKI-DOO SUMMIT SP 850 E-TEC (154,165), 2017 \u00e0 2018 &#187; Elka Suspension Inc","robots":{"index":"index","follow":"follow","max-snippet":"max-snippet:-1","max-image-preview":"max-image-preview:large","max-video-preview":"max-video-preview:-1"},"canonical":"https:\/\/www.elkasuspension.com\/fr\/produit\/kit-de-conversion-t-motion-arriere-pour-ski-doo-summit-sp-850-e-tec-154165-2017-a-2018\/","og_locale":"fr_FR","og_type":"article","og_title":"KIT DE CONVERSION T-MOTION ARRI\u00c8RE pour SKI-DOO SUMMIT SP 850 E-TEC (154,165), 2017 \u00e0 2018","og_description":"Parfait pour compl\u00e9ter votre ensemble d'amortisseurs Elka, notre adaptateur pour amortisseur \u00e0 ressort permet d'exploiter le plein potentiel de votre machine! Install\u00e9 avec un amortisseur Elka, notre adaptateur pour amortisseur \u00e0 ressort $eacute;limine les ressort de torsion d'origine pour profiter pleinement du mouvement lat\u00e9ral du tra&icir;neau, offrant ainsi une meilleure traction et une meilleure performance en conduite hors-piste. Inclus: - Adaptateur - Quincaillerie d'installation","og_url":"https:\/\/www.elkasuspension.com\/fr\/produit\/kit-de-conversion-t-motion-arriere-pour-ski-doo-summit-sp-850-e-tec-154165-2017-a-2018\/","og_site_name":"Elka Suspension Inc","article_publisher":"https:\/\/www.facebook.com\/ElkaSuspension","article_modified_time":"2025-01-08T21:10:55+00:00","og_image":[{"width":1200,"height":1200,"url":"https:\/\/www.elkasuspension.com\/wp-content\/uploads\/2025\/01\/web_snow_coiloverconversionkit_main-11.jpg","type":"image\/jpeg"}],"twitter_card":"summary_large_image","twitter_site":"@ElkaSuspension","twitter_misc":{"Price":"&#36;375.00","Availability":"In stock"},"schema":{"@context":"https:\/\/schema.org","@graph":[{"@type":"WebPage","@id":"https:\/\/www.elkasuspension.com\/fr\/produit\/kit-de-conversion-t-motion-arriere-pour-ski-doo-summit-sp-850-e-tec-154165-2017-a-2018\/","url":"https:\/\/www.elkasuspension.com\/fr\/produit\/kit-de-conversion-t-motion-arriere-pour-ski-doo-summit-sp-850-e-tec-154165-2017-a-2018\/","name":"KIT DE CONVERSION T-MOTION ARRI\u00c8RE pour SKI-DOO SUMMIT SP 850 E-TEC (154,165), 2017 \u00e0 2018 &#187; Elka Suspension Inc","isPartOf":{"@id":"https:\/\/www.elkasuspension.com\/fr\/#website"},"primaryImageOfPage":{"@id":"https:\/\/www.elkasuspension.com\/fr\/produit\/kit-de-conversion-t-motion-arriere-pour-ski-doo-summit-sp-850-e-tec-154165-2017-a-2018\/#primaryimage"},"image":{"@id":"https:\/\/www.elkasuspension.com\/fr\/produit\/kit-de-conversion-t-motion-arriere-pour-ski-doo-summit-sp-850-e-tec-154165-2017-a-2018\/#primaryimage"},"thumbnailUrl":"https:\/\/www.elkasuspension.com\/wp-content\/uploads\/2025\/01\/web_snow_coiloverconversionkit_main-11.jpg","datePublished":"2025-01-08T21:10:52+00:00","dateModified":"2025-01-08T21:10:55+00:00","breadcrumb":{"@id":"https:\/\/www.elkasuspension.com\/fr\/produit\/kit-de-conversion-t-motion-arriere-pour-ski-doo-summit-sp-850-e-tec-154165-2017-a-2018\/#breadcrumb"},"inLanguage":"fr-FR","potentialAction":[{"@type":"ReadAction","target":["https:\/\/www.elkasuspension.com\/fr\/produit\/kit-de-conversion-t-motion-arriere-pour-ski-doo-summit-sp-850-e-tec-154165-2017-a-2018\/"]}]},{"@type":"ImageObject","inLanguage":"fr-FR","@id":"https:\/\/www.elkasuspension.com\/fr\/produit\/kit-de-conversion-t-motion-arriere-pour-ski-doo-summit-sp-850-e-tec-154165-2017-a-2018\/#primaryimage","url":"https:\/\/www.elkasuspension.com\/wp-content\/uploads\/2025\/01\/web_snow_coiloverconversionkit_main-11.jpg","contentUrl":"https:\/\/www.elkasuspension.com\/wp-content\/uploads\/2025\/01\/web_snow_coiloverconversionkit_main-11.jpg","width":1200,"height":1200},{"@type":"BreadcrumbList","@id":"https:\/\/www.elkasuspension.com\/fr\/produit\/kit-de-conversion-t-motion-arriere-pour-ski-doo-summit-sp-850-e-tec-154165-2017-a-2018\/#breadcrumb","itemListElement":[{"@type":"ListItem","position":1,"name":"Home","item":"https:\/\/www.elkasuspension.com\/fr\/"},{"@type":"ListItem","position":2,"name":"Boutique","item":"https:\/\/www.elkasuspension.com\/fr\/boutique\/"},{"@type":"ListItem","position":3,"name":"KIT DE CONVERSION T-MOTION ARRI\u00c8RE pour SKI-DOO SUMMIT SP 850 E-TEC (154,165), 2017 \u00e0 2018"}]},{"@type":"WebSite","@id":"https:\/\/www.elkasuspension.com\/fr\/#website","url":"https:\/\/www.elkasuspension.com\/fr\/","name":"Elka Suspension Inc","description":"High Performance Aftermarket Shock Absorbers","publisher":{"@id":"https:\/\/www.elkasuspension.com\/fr\/#organization"},"potentialAction":[{"@type":"SearchAction","target":{"@type":"EntryPoint","urlTemplate":"https:\/\/www.elkasuspension.com\/fr\/?s={search_term_string}"},"query-input":{"@type":"PropertyValueSpecification","valueRequired":true,"valueName":"search_term_string"}}],"inLanguage":"fr-FR"},{"@type":"Organization","@id":"https:\/\/www.elkasuspension.com\/fr\/#organization","name":"Elka Suspension Inc.","url":"https:\/\/www.elkasuspension.com\/fr\/","logo":{"@type":"ImageObject","inLanguage":"fr-FR","@id":"https:\/\/www.elkasuspension.com\/fr\/#\/schema\/logo\/image\/","url":"https:\/\/www.elkasuspension.com\/wp-content\/uploads\/2021\/02\/ELKA-LOGO-2018_450x99.jpg","contentUrl":"https:\/\/www.elkasuspension.com\/wp-content\/uploads\/2021\/02\/ELKA-LOGO-2018_450x99.jpg","width":450,"height":99,"caption":"Elka Suspension Inc."},"image":{"@id":"https:\/\/www.elkasuspension.com\/fr\/#\/schema\/logo\/image\/"},"sameAs":["https:\/\/www.facebook.com\/ElkaSuspension","https:\/\/x.com\/ElkaSuspension","https:\/\/www.instagram.com\/elkasuspension\/","https:\/\/www.youtube.com\/user\/ElkaSuspensionTV"]}]},"product_brand":"MOTONEIGE","product_price_amount":"375.00","product_price_currency":"USD","og_availability":"instock","product_availability":"instock","product_retailer_item_id":"51853","product_condition":"new"},"acf":[],"_links":{"self":[{"href":"https:\/\/www.elkasuspension.com\/fr\/wp-json\/wp\/v2\/product\/7966504650","targetHints":{"allow":["GET"]}}],"collection":[{"href":"https:\/\/www.elkasuspension.com\/fr\/wp-json\/wp\/v2\/product"}],"about":[{"href":"https:\/\/www.elkasuspension.com\/fr\/wp-json\/wp\/v2\/types\/product"}],"replies":[{"embeddable":true,"href":"https:\/\/www.elkasuspension.com\/fr\/wp-json\/wp\/v2\/comments?post=7966504650"}],"wp:featuredmedia":[{"embeddable":true,"href":"https:\/\/www.elkasuspension.com\/fr\/wp-json\/wp\/v2\/media\/7966504645"}],"wp:attachment":[{"href":"https:\/\/www.elkasuspension.com\/fr\/wp-json\/wp\/v2\/media?parent=7966504650"}],"wp:term":[{"taxonomy":"product_brand","embeddable":true,"href":"https:\/\/www.elkasuspension.com\/fr\/wp-json\/wp\/v2\/product_brand?post=7966504650"},{"taxonomy":"product_cat","embeddable":true,"href":"https:\/\/www.elkasuspension.com\/fr\/wp-json\/wp\/v2\/product_cat?post=7966504650"},{"taxonomy":"product_tag","embeddable":true,"href":"https:\/\/www.elkasuspension.com\/fr\/wp-json\/wp\/v2\/product_tag?post=7966504650"}],"curies":[{"name":"wp","href":"https:\/\/api.w.org\/{rel}","templated":true}]}}