{"id":7966518487,"date":"2025-03-27T17:01:29","date_gmt":"2025-03-27T21:01:29","guid":{"rendered":"https:\/\/www.elkasuspension.com\/?post_type=product&#038;p=7966518487"},"modified":"2025-03-27T17:01:38","modified_gmt":"2025-03-27T21:01:38","slug":"amortisseur-arriere-stage-5-pour-can-am-ds250-2006-a-2025","status":"publish","type":"product","link":"https:\/\/www.elkasuspension.com\/fr\/produit\/amortisseur-arriere-stage-5-pour-can-am-ds250-2006-a-2025\/","title":{"rendered":"AMORTISSEUR ARRI\u00c8RE STAGE 5 pour CAN-AM DS250, 2006 \u00e0 2025"},"content":{"rendered":"<p>Les amortisseurs Stage 5 sont notre mod\u00e8le haut-de-gamme qui allie notre technologie &#8220;High-Flow&#8221;, un design ultra-l\u00e9ger et des composantes internes \u00e0 basse friction. Ils sont le choix id\u00e9al pour les coureurs ou les enthousiastes \u00e0 la recherche du maximum de performance et du contr\u00f4le total de tous les param\u00e8tres de leur suspension, sans aucun compromis.<\/p>\n<p>Ajustements:<\/p>\n<p>&#8211; Compression haute-v\u00e9locit\u00e9<br \/>\n&#8211; Compression basse-v\u00e9locit\u00e9<br \/>\n&#8211; D\u00e9tente (rebond)<br \/>\n&#8211; Pr\u00e9charge des ressort<\/p>\n","protected":false},"excerpt":{"rendered":"<p>Les amortisseurs Stage 5 sont notre mod\u00e8le haut-de-gamme qui allie notre technologie &#8220;High-Flow&#8221;, un design ultra-l\u00e9ger et des composantes internes \u00e0 basse friction. Ils sont le choix id\u00e9al pour les coureurs ou les enthousiastes \u00e0 la recherche du maximum de performance et du contr\u00f4le total de tous les param\u00e8tres de leur suspension, sans aucun compromis.<\/p>\n<p>Ajustements:<\/p>\n<p>&#8211; Compression haute-v\u00e9locit\u00e9<br \/>\n&#8211; Compression basse-v\u00e9locit\u00e9<br \/>\n&#8211; D\u00e9tente (rebond)<br \/>\n&#8211; Pr\u00e9charge des ressort<\/p>\n","protected":false},"featured_media":7966518621,"comment_status":"closed","ping_status":"closed","template":"","meta":{"_acf_changed":false},"product_brand":[],"product_cat":[42610,61358,41327],"product_tag":[44925,36369,36376,44106],"class_list":{"0":"post-7966518487","1":"product","2":"type-product","3":"status-publish","4":"has-post-thumbnail","6":"product_cat-vtt-can-am","7":"product_cat-fr-ds250_2006_a_2025","8":"product_cat-vtt-sport-et-course","9":"product_tag-can-am-fr","10":"product_tag-sport-performance-fr","11":"product_tag-stage-5-fr","12":"product_tag-vtt-sport-course","13":"pa_position-arriere-fr","14":"pa_primary-intended-use-sport-performance-fr","15":"pa_product-model-stage-5-fr-2","16":"pa_reservoir-configuration-avec-reservoir-fr","17":"pa_shock-type-avec-ressort-fr","18":"pa_unit-of-sale-sold-as-unite-fr","19":"pa_vehicle-make-can-am","20":"pa_vehicle-model-year-ds250-2006-a-2025","22":"first","23":"instock","24":"taxable","25":"shipping-taxable","26":"purchasable","27":"product-type-simple"},"yoast_head":"<!-- This site is optimized with the Yoast SEO Premium plugin v27.4 (Yoast SEO v27.4) - https:\/\/yoast.com\/product\/yoast-seo-premium-wordpress\/ -->\n<title>AMORTISSEUR ARRI\u00c8RE STAGE 5 pour CAN-AM DS250, 2006 \u00e0 2025 &#187; Elka Suspension Inc<\/title>\n<meta name=\"robots\" content=\"index, follow, max-snippet:-1, max-image-preview:large, max-video-preview:-1\" \/>\n<link rel=\"canonical\" href=\"https:\/\/www.elkasuspension.com\/fr\/produit\/amortisseur-arriere-stage-5-pour-can-am-ds250-2006-a-2025\/\" \/>\n<meta property=\"og:locale\" content=\"fr_FR\" \/>\n<meta property=\"og:type\" content=\"article\" \/>\n<meta property=\"og:title\" content=\"AMORTISSEUR ARRI\u00c8RE STAGE 5 pour CAN-AM DS250, 2006 \u00e0 2025\" \/>\n<meta property=\"og:description\" content=\"Les amortisseurs Stage 5 sont notre mod\u00e8le haut-de-gamme qui allie notre technologie &quot;High-Flow&quot;, un design ultra-l\u00e9ger et des composantes internes \u00e0 basse friction. Ils sont le choix id\u00e9al pour les coureurs ou les enthousiastes \u00e0 la recherche du maximum de performance et du contr\u00f4le total de tous les param\u00e8tres de leur suspension, sans aucun compromis. Ajustements: - Compression haute-v\u00e9locit\u00e9 - Compression basse-v\u00e9locit\u00e9 - D\u00e9tente (rebond) - Pr\u00e9charge des ressort\" \/>\n<meta property=\"og:url\" content=\"https:\/\/www.elkasuspension.com\/fr\/produit\/amortisseur-arriere-stage-5-pour-can-am-ds250-2006-a-2025\/\" \/>\n<meta property=\"og:site_name\" content=\"Elka Suspension Inc\" \/>\n<meta property=\"article:publisher\" content=\"https:\/\/www.facebook.com\/ElkaSuspension\" \/>\n<meta property=\"article:modified_time\" content=\"2025-03-27T21:01:38+00:00\" \/>\n<meta property=\"og:image\" content=\"https:\/\/www.elkasuspension.com\/wp-content\/uploads\/2025\/03\/web_atv-36-stage5_main-1.jpg\" \/>\n\t<meta property=\"og:image:width\" content=\"1200\" \/>\n\t<meta property=\"og:image:height\" content=\"1200\" \/>\n\t<meta property=\"og:image:type\" content=\"image\/jpeg\" \/>\n<meta name=\"twitter:card\" content=\"summary_large_image\" \/>\n<meta name=\"twitter:site\" content=\"@ElkaSuspension\" \/>\n<meta name=\"twitter:label1\" content=\"Price\" \/>\n\t<meta name=\"twitter:data1\" content=\"&#036;1,150.00\" \/>\n\t<meta name=\"twitter:label2\" content=\"Availability\" \/>\n\t<meta name=\"twitter:data2\" content=\"In stock\" \/>\n<script type=\"application\/ld+json\" class=\"yoast-schema-graph\">{\"@context\":\"https:\\\/\\\/schema.org\",\"@graph\":[{\"@type\":\"WebPage\",\"@id\":\"https:\\\/\\\/www.elkasuspension.com\\\/fr\\\/produit\\\/amortisseur-arriere-stage-5-pour-can-am-ds250-2006-a-2025\\\/\",\"url\":\"https:\\\/\\\/www.elkasuspension.com\\\/fr\\\/produit\\\/amortisseur-arriere-stage-5-pour-can-am-ds250-2006-a-2025\\\/\",\"name\":\"AMORTISSEUR ARRI\u00c8RE STAGE 5 pour CAN-AM DS250, 2006 \u00e0 2025 &#187; Elka Suspension Inc\",\"isPartOf\":{\"@id\":\"https:\\\/\\\/www.elkasuspension.com\\\/fr\\\/#website\"},\"primaryImageOfPage\":{\"@id\":\"https:\\\/\\\/www.elkasuspension.com\\\/fr\\\/produit\\\/amortisseur-arriere-stage-5-pour-can-am-ds250-2006-a-2025\\\/#primaryimage\"},\"image\":{\"@id\":\"https:\\\/\\\/www.elkasuspension.com\\\/fr\\\/produit\\\/amortisseur-arriere-stage-5-pour-can-am-ds250-2006-a-2025\\\/#primaryimage\"},\"thumbnailUrl\":\"https:\\\/\\\/www.elkasuspension.com\\\/wp-content\\\/uploads\\\/2025\\\/03\\\/web_atv-36-stage5_main-1.jpg\",\"datePublished\":\"2025-03-27T21:01:29+00:00\",\"dateModified\":\"2025-03-27T21:01:38+00:00\",\"breadcrumb\":{\"@id\":\"https:\\\/\\\/www.elkasuspension.com\\\/fr\\\/produit\\\/amortisseur-arriere-stage-5-pour-can-am-ds250-2006-a-2025\\\/#breadcrumb\"},\"inLanguage\":\"fr-FR\",\"potentialAction\":[{\"@type\":\"ReadAction\",\"target\":[\"https:\\\/\\\/www.elkasuspension.com\\\/fr\\\/produit\\\/amortisseur-arriere-stage-5-pour-can-am-ds250-2006-a-2025\\\/\"]}]},{\"@type\":\"ImageObject\",\"inLanguage\":\"fr-FR\",\"@id\":\"https:\\\/\\\/www.elkasuspension.com\\\/fr\\\/produit\\\/amortisseur-arriere-stage-5-pour-can-am-ds250-2006-a-2025\\\/#primaryimage\",\"url\":\"https:\\\/\\\/www.elkasuspension.com\\\/wp-content\\\/uploads\\\/2025\\\/03\\\/web_atv-36-stage5_main-1.jpg\",\"contentUrl\":\"https:\\\/\\\/www.elkasuspension.com\\\/wp-content\\\/uploads\\\/2025\\\/03\\\/web_atv-36-stage5_main-1.jpg\",\"width\":1200,\"height\":1200},{\"@type\":\"BreadcrumbList\",\"@id\":\"https:\\\/\\\/www.elkasuspension.com\\\/fr\\\/produit\\\/amortisseur-arriere-stage-5-pour-can-am-ds250-2006-a-2025\\\/#breadcrumb\",\"itemListElement\":[{\"@type\":\"ListItem\",\"position\":1,\"name\":\"Home\",\"item\":\"https:\\\/\\\/www.elkasuspension.com\\\/fr\\\/\"},{\"@type\":\"ListItem\",\"position\":2,\"name\":\"Boutique\",\"item\":\"https:\\\/\\\/www.elkasuspension.com\\\/fr\\\/boutique\\\/\"},{\"@type\":\"ListItem\",\"position\":3,\"name\":\"AMORTISSEUR ARRI\u00c8RE STAGE 5 pour CAN-AM DS250, 2006 \u00e0 2025\"}]},{\"@type\":\"WebSite\",\"@id\":\"https:\\\/\\\/www.elkasuspension.com\\\/fr\\\/#website\",\"url\":\"https:\\\/\\\/www.elkasuspension.com\\\/fr\\\/\",\"name\":\"Elka Suspension Inc\",\"description\":\"High Performance Aftermarket Shock Absorbers\",\"publisher\":{\"@id\":\"https:\\\/\\\/www.elkasuspension.com\\\/fr\\\/#organization\"},\"potentialAction\":[{\"@type\":\"SearchAction\",\"target\":{\"@type\":\"EntryPoint\",\"urlTemplate\":\"https:\\\/\\\/www.elkasuspension.com\\\/fr\\\/?s={search_term_string}\"},\"query-input\":{\"@type\":\"PropertyValueSpecification\",\"valueRequired\":true,\"valueName\":\"search_term_string\"}}],\"inLanguage\":\"fr-FR\"},{\"@type\":\"Organization\",\"@id\":\"https:\\\/\\\/www.elkasuspension.com\\\/fr\\\/#organization\",\"name\":\"Elka Suspension Inc.\",\"url\":\"https:\\\/\\\/www.elkasuspension.com\\\/fr\\\/\",\"logo\":{\"@type\":\"ImageObject\",\"inLanguage\":\"fr-FR\",\"@id\":\"https:\\\/\\\/www.elkasuspension.com\\\/fr\\\/#\\\/schema\\\/logo\\\/image\\\/\",\"url\":\"https:\\\/\\\/www.elkasuspension.com\\\/wp-content\\\/uploads\\\/2021\\\/02\\\/ELKA-LOGO-2018_450x99.jpg\",\"contentUrl\":\"https:\\\/\\\/www.elkasuspension.com\\\/wp-content\\\/uploads\\\/2021\\\/02\\\/ELKA-LOGO-2018_450x99.jpg\",\"width\":450,\"height\":99,\"caption\":\"Elka Suspension Inc.\"},\"image\":{\"@id\":\"https:\\\/\\\/www.elkasuspension.com\\\/fr\\\/#\\\/schema\\\/logo\\\/image\\\/\"},\"sameAs\":[\"https:\\\/\\\/www.facebook.com\\\/ElkaSuspension\",\"https:\\\/\\\/x.com\\\/ElkaSuspension\",\"https:\\\/\\\/www.instagram.com\\\/elkasuspension\\\/\",\"https:\\\/\\\/www.youtube.com\\\/user\\\/ElkaSuspensionTV\"]}]}<\/script>\n<meta property=\"product:brand\" content=\"CAN-AM\" \/>\n<meta property=\"product:price:amount\" content=\"1150.00\" \/>\n<meta property=\"product:price:currency\" content=\"USD\" \/>\n<meta property=\"og:availability\" content=\"instock\" \/>\n<meta property=\"product:availability\" content=\"instock\" \/>\n<meta property=\"product:retailer_item_id\" content=\"11685\" \/>\n<meta property=\"product:condition\" content=\"new\" \/>\n<!-- \/ Yoast SEO Premium plugin. -->","yoast_head_json":{"title":"AMORTISSEUR ARRI\u00c8RE STAGE 5 pour CAN-AM DS250, 2006 \u00e0 2025 &#187; Elka Suspension Inc","robots":{"index":"index","follow":"follow","max-snippet":"max-snippet:-1","max-image-preview":"max-image-preview:large","max-video-preview":"max-video-preview:-1"},"canonical":"https:\/\/www.elkasuspension.com\/fr\/produit\/amortisseur-arriere-stage-5-pour-can-am-ds250-2006-a-2025\/","og_locale":"fr_FR","og_type":"article","og_title":"AMORTISSEUR ARRI\u00c8RE STAGE 5 pour CAN-AM DS250, 2006 \u00e0 2025","og_description":"Les amortisseurs Stage 5 sont notre mod\u00e8le haut-de-gamme qui allie notre technologie \"High-Flow\", un design ultra-l\u00e9ger et des composantes internes \u00e0 basse friction. Ils sont le choix id\u00e9al pour les coureurs ou les enthousiastes \u00e0 la recherche du maximum de performance et du contr\u00f4le total de tous les param\u00e8tres de leur suspension, sans aucun compromis. Ajustements: - Compression haute-v\u00e9locit\u00e9 - Compression basse-v\u00e9locit\u00e9 - D\u00e9tente (rebond) - Pr\u00e9charge des ressort","og_url":"https:\/\/www.elkasuspension.com\/fr\/produit\/amortisseur-arriere-stage-5-pour-can-am-ds250-2006-a-2025\/","og_site_name":"Elka Suspension Inc","article_publisher":"https:\/\/www.facebook.com\/ElkaSuspension","article_modified_time":"2025-03-27T21:01:38+00:00","og_image":[{"width":1200,"height":1200,"url":"https:\/\/www.elkasuspension.com\/wp-content\/uploads\/2025\/03\/web_atv-36-stage5_main-1.jpg","type":"image\/jpeg"}],"twitter_card":"summary_large_image","twitter_site":"@ElkaSuspension","twitter_misc":{"Price":"&#36;1,150.00","Availability":"In stock"},"schema":{"@context":"https:\/\/schema.org","@graph":[{"@type":"WebPage","@id":"https:\/\/www.elkasuspension.com\/fr\/produit\/amortisseur-arriere-stage-5-pour-can-am-ds250-2006-a-2025\/","url":"https:\/\/www.elkasuspension.com\/fr\/produit\/amortisseur-arriere-stage-5-pour-can-am-ds250-2006-a-2025\/","name":"AMORTISSEUR ARRI\u00c8RE STAGE 5 pour CAN-AM DS250, 2006 \u00e0 2025 &#187; Elka Suspension Inc","isPartOf":{"@id":"https:\/\/www.elkasuspension.com\/fr\/#website"},"primaryImageOfPage":{"@id":"https:\/\/www.elkasuspension.com\/fr\/produit\/amortisseur-arriere-stage-5-pour-can-am-ds250-2006-a-2025\/#primaryimage"},"image":{"@id":"https:\/\/www.elkasuspension.com\/fr\/produit\/amortisseur-arriere-stage-5-pour-can-am-ds250-2006-a-2025\/#primaryimage"},"thumbnailUrl":"https:\/\/www.elkasuspension.com\/wp-content\/uploads\/2025\/03\/web_atv-36-stage5_main-1.jpg","datePublished":"2025-03-27T21:01:29+00:00","dateModified":"2025-03-27T21:01:38+00:00","breadcrumb":{"@id":"https:\/\/www.elkasuspension.com\/fr\/produit\/amortisseur-arriere-stage-5-pour-can-am-ds250-2006-a-2025\/#breadcrumb"},"inLanguage":"fr-FR","potentialAction":[{"@type":"ReadAction","target":["https:\/\/www.elkasuspension.com\/fr\/produit\/amortisseur-arriere-stage-5-pour-can-am-ds250-2006-a-2025\/"]}]},{"@type":"ImageObject","inLanguage":"fr-FR","@id":"https:\/\/www.elkasuspension.com\/fr\/produit\/amortisseur-arriere-stage-5-pour-can-am-ds250-2006-a-2025\/#primaryimage","url":"https:\/\/www.elkasuspension.com\/wp-content\/uploads\/2025\/03\/web_atv-36-stage5_main-1.jpg","contentUrl":"https:\/\/www.elkasuspension.com\/wp-content\/uploads\/2025\/03\/web_atv-36-stage5_main-1.jpg","width":1200,"height":1200},{"@type":"BreadcrumbList","@id":"https:\/\/www.elkasuspension.com\/fr\/produit\/amortisseur-arriere-stage-5-pour-can-am-ds250-2006-a-2025\/#breadcrumb","itemListElement":[{"@type":"ListItem","position":1,"name":"Home","item":"https:\/\/www.elkasuspension.com\/fr\/"},{"@type":"ListItem","position":2,"name":"Boutique","item":"https:\/\/www.elkasuspension.com\/fr\/boutique\/"},{"@type":"ListItem","position":3,"name":"AMORTISSEUR ARRI\u00c8RE STAGE 5 pour CAN-AM DS250, 2006 \u00e0 2025"}]},{"@type":"WebSite","@id":"https:\/\/www.elkasuspension.com\/fr\/#website","url":"https:\/\/www.elkasuspension.com\/fr\/","name":"Elka Suspension Inc","description":"High Performance Aftermarket Shock Absorbers","publisher":{"@id":"https:\/\/www.elkasuspension.com\/fr\/#organization"},"potentialAction":[{"@type":"SearchAction","target":{"@type":"EntryPoint","urlTemplate":"https:\/\/www.elkasuspension.com\/fr\/?s={search_term_string}"},"query-input":{"@type":"PropertyValueSpecification","valueRequired":true,"valueName":"search_term_string"}}],"inLanguage":"fr-FR"},{"@type":"Organization","@id":"https:\/\/www.elkasuspension.com\/fr\/#organization","name":"Elka Suspension Inc.","url":"https:\/\/www.elkasuspension.com\/fr\/","logo":{"@type":"ImageObject","inLanguage":"fr-FR","@id":"https:\/\/www.elkasuspension.com\/fr\/#\/schema\/logo\/image\/","url":"https:\/\/www.elkasuspension.com\/wp-content\/uploads\/2021\/02\/ELKA-LOGO-2018_450x99.jpg","contentUrl":"https:\/\/www.elkasuspension.com\/wp-content\/uploads\/2021\/02\/ELKA-LOGO-2018_450x99.jpg","width":450,"height":99,"caption":"Elka Suspension Inc."},"image":{"@id":"https:\/\/www.elkasuspension.com\/fr\/#\/schema\/logo\/image\/"},"sameAs":["https:\/\/www.facebook.com\/ElkaSuspension","https:\/\/x.com\/ElkaSuspension","https:\/\/www.instagram.com\/elkasuspension\/","https:\/\/www.youtube.com\/user\/ElkaSuspensionTV"]}]},"product_brand":"CAN-AM","product_price_amount":"1150.00","product_price_currency":"USD","og_availability":"instock","product_availability":"instock","product_retailer_item_id":"11685","product_condition":"new"},"acf":[],"_links":{"self":[{"href":"https:\/\/www.elkasuspension.com\/fr\/wp-json\/wp\/v2\/product\/7966518487","targetHints":{"allow":["GET"]}}],"collection":[{"href":"https:\/\/www.elkasuspension.com\/fr\/wp-json\/wp\/v2\/product"}],"about":[{"href":"https:\/\/www.elkasuspension.com\/fr\/wp-json\/wp\/v2\/types\/product"}],"replies":[{"embeddable":true,"href":"https:\/\/www.elkasuspension.com\/fr\/wp-json\/wp\/v2\/comments?post=7966518487"}],"wp:featuredmedia":[{"embeddable":true,"href":"https:\/\/www.elkasuspension.com\/fr\/wp-json\/wp\/v2\/media\/7966518621"}],"wp:attachment":[{"href":"https:\/\/www.elkasuspension.com\/fr\/wp-json\/wp\/v2\/media?parent=7966518487"}],"wp:term":[{"taxonomy":"product_brand","embeddable":true,"href":"https:\/\/www.elkasuspension.com\/fr\/wp-json\/wp\/v2\/product_brand?post=7966518487"},{"taxonomy":"product_cat","embeddable":true,"href":"https:\/\/www.elkasuspension.com\/fr\/wp-json\/wp\/v2\/product_cat?post=7966518487"},{"taxonomy":"product_tag","embeddable":true,"href":"https:\/\/www.elkasuspension.com\/fr\/wp-json\/wp\/v2\/product_tag?post=7966518487"}],"curies":[{"name":"wp","href":"https:\/\/api.w.org\/{rel}","templated":true}]}}