{"id":7966523219,"date":"2025-05-12T10:35:37","date_gmt":"2025-05-12T14:35:37","guid":{"rendered":"https:\/\/www.elkasuspension.com\/product\/butee-hydraulique-de-type-top-mount-longue\/"},"modified":"2025-07-08T13:59:02","modified_gmt":"2025-07-08T17:59:02","slug":"butee-hydraulique-de-type-top-mount-longue","status":"publish","type":"product","link":"https:\/\/www.elkasuspension.com\/fr\/produit\/butee-hydraulique-de-type-top-mount-longue\/","title":{"rendered":"But\u00e9e Hydraulique de type &#8216;Top Mount&#8217; &#8211; Longue"},"content":{"rendered":"<h2>But\u00e9e Hydraulique de type &#8216;Top Mount&#8217; &#8211; Longue<\/h2>\n<p>Les but\u00e9es Hydrauliques de fin de course Elka ont \u00e9t\u00e9 cr\u00e9e afin d&#8217;apporter une absorbtion suppl\u00e9mentaire lorsque la conduite et le terrain d\u00e9passe la capacit\u00e9 des amortisseurs, pour emp\u00eacher le v\u00e9hicule de cogner. Comme tous nos produits, nos but\u00e9es hydrauliques sont construites de mat\u00e9riaux de haute-qualit\u00e9 afin d&#8217;assurer une performance m\u00e9canique optimale. Nos but\u00e9es sont cr\u00e9es pour \u00eatre compatible avec plusieurs \u00e9querres existante ainsi que nos propres \u00e9querres de montage. Ce produit est id\u00e9al pour l&#8217;overlanding, la course ainsi que le hors-route intense.  <\/p>\n","protected":false},"excerpt":{"rendered":"<p>But\u00e9e Hydraulique de fin de course de type &#8216;Top Mount&#8217; &#8211; Longue. Disponible avec un diam\u00e8tre de 2 pouces ainsi qu&#8217;une course de 2, 3 ou 4 pouces. L&#8217;equerre de montage est vendue s\u00e9par\u00e9ment pour 56.25$  <\/p>\n","protected":false},"featured_media":7966523186,"comment_status":"closed","ping_status":"closed","template":"","meta":{"_acf_changed":false},"product_brand":[],"product_cat":[59679],"product_tag":[],"class_list":{"0":"post-7966523219","1":"product","2":"type-product","3":"status-publish","4":"has-post-thumbnail","6":"product_cat-butee_hydraulique","8":"first","9":"instock","10":"taxable","11":"shipping-taxable","12":"purchasable","13":"product-type-simple"},"yoast_head":"<!-- This site is optimized with the Yoast SEO Premium plugin v27.2 (Yoast SEO v27.2) - https:\/\/yoast.com\/product\/yoast-seo-premium-wordpress\/ -->\n<title>But\u00e9e Hydraulique de type &#039;Top Mount&#039; - Longue &#187; Elka Suspension Inc<\/title>\n<meta name=\"robots\" content=\"index, follow, max-snippet:-1, max-image-preview:large, max-video-preview:-1\" \/>\n<link rel=\"canonical\" href=\"https:\/\/www.elkasuspension.com\/fr\/produit\/butee-hydraulique-de-type-top-mount-longue\/\" \/>\n<meta property=\"og:locale\" content=\"fr_FR\" \/>\n<meta property=\"og:type\" content=\"article\" \/>\n<meta property=\"og:title\" content=\"But\u00e9e Hydraulique de type &#039;Top Mount&#039; - Longue\" \/>\n<meta property=\"og:description\" content=\"But\u00e9e Hydraulique de fin de course de type &#039;Top Mount&#039; - Longue. Disponible avec un diam\u00e8tre de 2 pouces ainsi qu&#039;une course de 2, 3 ou 4 pouces. L&#039;equerre de montage est vendue s\u00e9par\u00e9ment pour 56.25$\" \/>\n<meta property=\"og:url\" content=\"https:\/\/www.elkasuspension.com\/fr\/produit\/butee-hydraulique-de-type-top-mount-longue\/\" \/>\n<meta property=\"og:site_name\" content=\"Elka Suspension Inc\" \/>\n<meta property=\"article:publisher\" content=\"https:\/\/www.facebook.com\/ElkaSuspension\" \/>\n<meta property=\"article:modified_time\" content=\"2025-07-08T17:59:02+00:00\" \/>\n<meta property=\"og:image\" content=\"https:\/\/www.elkasuspension.com\/wp-content\/uploads\/2025\/05\/ELKA6807-scaled.png\" \/>\n\t<meta property=\"og:image:width\" content=\"801\" \/>\n\t<meta property=\"og:image:height\" content=\"1201\" \/>\n\t<meta property=\"og:image:type\" content=\"image\/png\" \/>\n<meta name=\"twitter:card\" content=\"summary_large_image\" \/>\n<meta name=\"twitter:site\" content=\"@ElkaSuspension\" \/>\n<meta name=\"twitter:label1\" content=\"Price\" \/>\n\t<meta name=\"twitter:data1\" content=\"&#036;254.99\" \/>\n\t<meta name=\"twitter:label2\" content=\"Availability\" \/>\n\t<meta name=\"twitter:data2\" content=\"In stock\" \/>\n<script type=\"application\/ld+json\" class=\"yoast-schema-graph\">{\"@context\":\"https:\/\/schema.org\",\"@graph\":[{\"@type\":\"WebPage\",\"@id\":\"https:\/\/www.elkasuspension.com\/fr\/produit\/butee-hydraulique-de-type-top-mount-longue\/\",\"url\":\"https:\/\/www.elkasuspension.com\/fr\/produit\/butee-hydraulique-de-type-top-mount-longue\/\",\"name\":\"But\u00e9e Hydraulique de type 'Top Mount' - Longue &#187; Elka Suspension Inc\",\"isPartOf\":{\"@id\":\"https:\/\/www.elkasuspension.com\/fr\/#website\"},\"primaryImageOfPage\":{\"@id\":\"https:\/\/www.elkasuspension.com\/fr\/produit\/butee-hydraulique-de-type-top-mount-longue\/#primaryimage\"},\"image\":{\"@id\":\"https:\/\/www.elkasuspension.com\/fr\/produit\/butee-hydraulique-de-type-top-mount-longue\/#primaryimage\"},\"thumbnailUrl\":\"https:\/\/www.elkasuspension.com\/wp-content\/uploads\/2025\/05\/ELKA6807-scaled.png\",\"datePublished\":\"2025-05-12T14:35:37+00:00\",\"dateModified\":\"2025-07-08T17:59:02+00:00\",\"breadcrumb\":{\"@id\":\"https:\/\/www.elkasuspension.com\/fr\/produit\/butee-hydraulique-de-type-top-mount-longue\/#breadcrumb\"},\"inLanguage\":\"fr-FR\",\"potentialAction\":[{\"@type\":\"ReadAction\",\"target\":[\"https:\/\/www.elkasuspension.com\/fr\/produit\/butee-hydraulique-de-type-top-mount-longue\/\"]}]},{\"@type\":\"ImageObject\",\"inLanguage\":\"fr-FR\",\"@id\":\"https:\/\/www.elkasuspension.com\/fr\/produit\/butee-hydraulique-de-type-top-mount-longue\/#primaryimage\",\"url\":\"https:\/\/www.elkasuspension.com\/wp-content\/uploads\/2025\/05\/ELKA6807-scaled.png\",\"contentUrl\":\"https:\/\/www.elkasuspension.com\/wp-content\/uploads\/2025\/05\/ELKA6807-scaled.png\",\"width\":801,\"height\":1201},{\"@type\":\"BreadcrumbList\",\"@id\":\"https:\/\/www.elkasuspension.com\/fr\/produit\/butee-hydraulique-de-type-top-mount-longue\/#breadcrumb\",\"itemListElement\":[{\"@type\":\"ListItem\",\"position\":1,\"name\":\"Home\",\"item\":\"https:\/\/www.elkasuspension.com\/fr\/\"},{\"@type\":\"ListItem\",\"position\":2,\"name\":\"Boutique\",\"item\":\"https:\/\/www.elkasuspension.com\/fr\/boutique\/\"},{\"@type\":\"ListItem\",\"position\":3,\"name\":\"But\u00e9e Hydraulique de type &#8216;Top Mount&#8217; &#8211; Longue\"}]},{\"@type\":\"WebSite\",\"@id\":\"https:\/\/www.elkasuspension.com\/fr\/#website\",\"url\":\"https:\/\/www.elkasuspension.com\/fr\/\",\"name\":\"Elka Suspension Inc\",\"description\":\"High Performance Aftermarket Shock Absorbers\",\"publisher\":{\"@id\":\"https:\/\/www.elkasuspension.com\/fr\/#organization\"},\"potentialAction\":[{\"@type\":\"SearchAction\",\"target\":{\"@type\":\"EntryPoint\",\"urlTemplate\":\"https:\/\/www.elkasuspension.com\/fr\/?s={search_term_string}\"},\"query-input\":{\"@type\":\"PropertyValueSpecification\",\"valueRequired\":true,\"valueName\":\"search_term_string\"}}],\"inLanguage\":\"fr-FR\"},{\"@type\":\"Organization\",\"@id\":\"https:\/\/www.elkasuspension.com\/fr\/#organization\",\"name\":\"Elka Suspension Inc.\",\"url\":\"https:\/\/www.elkasuspension.com\/fr\/\",\"logo\":{\"@type\":\"ImageObject\",\"inLanguage\":\"fr-FR\",\"@id\":\"https:\/\/www.elkasuspension.com\/fr\/#\/schema\/logo\/image\/\",\"url\":\"https:\/\/www.elkasuspension.com\/wp-content\/uploads\/2021\/02\/ELKA-LOGO-2018_450x99.jpg\",\"contentUrl\":\"https:\/\/www.elkasuspension.com\/wp-content\/uploads\/2021\/02\/ELKA-LOGO-2018_450x99.jpg\",\"width\":450,\"height\":99,\"caption\":\"Elka Suspension Inc.\"},\"image\":{\"@id\":\"https:\/\/www.elkasuspension.com\/fr\/#\/schema\/logo\/image\/\"},\"sameAs\":[\"https:\/\/www.facebook.com\/ElkaSuspension\",\"https:\/\/x.com\/ElkaSuspension\",\"https:\/\/www.instagram.com\/elkasuspension\/\",\"https:\/\/www.youtube.com\/user\/ElkaSuspensionTV\"]}]}<\/script>\n<meta property=\"product:brand\" content=\"But\u00e9e Hydraulique\" \/>\n<meta property=\"product:price:amount\" content=\"254.99\" \/>\n<meta property=\"product:price:currency\" content=\"USD\" \/>\n<meta property=\"og:availability\" content=\"instock\" \/>\n<meta property=\"product:availability\" content=\"instock\" \/>\n<meta property=\"product:condition\" content=\"new\" \/>\n<!-- \/ Yoast SEO Premium plugin. -->","yoast_head_json":{"title":"But\u00e9e Hydraulique de type 'Top Mount' - Longue &#187; Elka Suspension Inc","robots":{"index":"index","follow":"follow","max-snippet":"max-snippet:-1","max-image-preview":"max-image-preview:large","max-video-preview":"max-video-preview:-1"},"canonical":"https:\/\/www.elkasuspension.com\/fr\/produit\/butee-hydraulique-de-type-top-mount-longue\/","og_locale":"fr_FR","og_type":"article","og_title":"But\u00e9e Hydraulique de type 'Top Mount' - Longue","og_description":"But\u00e9e Hydraulique de fin de course de type 'Top Mount' - Longue. Disponible avec un diam\u00e8tre de 2 pouces ainsi qu'une course de 2, 3 ou 4 pouces. L'equerre de montage est vendue s\u00e9par\u00e9ment pour 56.25$","og_url":"https:\/\/www.elkasuspension.com\/fr\/produit\/butee-hydraulique-de-type-top-mount-longue\/","og_site_name":"Elka Suspension Inc","article_publisher":"https:\/\/www.facebook.com\/ElkaSuspension","article_modified_time":"2025-07-08T17:59:02+00:00","og_image":[{"width":801,"height":1201,"url":"https:\/\/www.elkasuspension.com\/wp-content\/uploads\/2025\/05\/ELKA6807-scaled.png","type":"image\/png"}],"twitter_card":"summary_large_image","twitter_site":"@ElkaSuspension","twitter_misc":{"Price":"&#36;254.99","Availability":"In stock"},"schema":{"@context":"https:\/\/schema.org","@graph":[{"@type":"WebPage","@id":"https:\/\/www.elkasuspension.com\/fr\/produit\/butee-hydraulique-de-type-top-mount-longue\/","url":"https:\/\/www.elkasuspension.com\/fr\/produit\/butee-hydraulique-de-type-top-mount-longue\/","name":"But\u00e9e Hydraulique de type 'Top Mount' - Longue &#187; Elka Suspension Inc","isPartOf":{"@id":"https:\/\/www.elkasuspension.com\/fr\/#website"},"primaryImageOfPage":{"@id":"https:\/\/www.elkasuspension.com\/fr\/produit\/butee-hydraulique-de-type-top-mount-longue\/#primaryimage"},"image":{"@id":"https:\/\/www.elkasuspension.com\/fr\/produit\/butee-hydraulique-de-type-top-mount-longue\/#primaryimage"},"thumbnailUrl":"https:\/\/www.elkasuspension.com\/wp-content\/uploads\/2025\/05\/ELKA6807-scaled.png","datePublished":"2025-05-12T14:35:37+00:00","dateModified":"2025-07-08T17:59:02+00:00","breadcrumb":{"@id":"https:\/\/www.elkasuspension.com\/fr\/produit\/butee-hydraulique-de-type-top-mount-longue\/#breadcrumb"},"inLanguage":"fr-FR","potentialAction":[{"@type":"ReadAction","target":["https:\/\/www.elkasuspension.com\/fr\/produit\/butee-hydraulique-de-type-top-mount-longue\/"]}]},{"@type":"ImageObject","inLanguage":"fr-FR","@id":"https:\/\/www.elkasuspension.com\/fr\/produit\/butee-hydraulique-de-type-top-mount-longue\/#primaryimage","url":"https:\/\/www.elkasuspension.com\/wp-content\/uploads\/2025\/05\/ELKA6807-scaled.png","contentUrl":"https:\/\/www.elkasuspension.com\/wp-content\/uploads\/2025\/05\/ELKA6807-scaled.png","width":801,"height":1201},{"@type":"BreadcrumbList","@id":"https:\/\/www.elkasuspension.com\/fr\/produit\/butee-hydraulique-de-type-top-mount-longue\/#breadcrumb","itemListElement":[{"@type":"ListItem","position":1,"name":"Home","item":"https:\/\/www.elkasuspension.com\/fr\/"},{"@type":"ListItem","position":2,"name":"Boutique","item":"https:\/\/www.elkasuspension.com\/fr\/boutique\/"},{"@type":"ListItem","position":3,"name":"But\u00e9e Hydraulique de type &#8216;Top Mount&#8217; &#8211; Longue"}]},{"@type":"WebSite","@id":"https:\/\/www.elkasuspension.com\/fr\/#website","url":"https:\/\/www.elkasuspension.com\/fr\/","name":"Elka Suspension Inc","description":"High Performance Aftermarket Shock Absorbers","publisher":{"@id":"https:\/\/www.elkasuspension.com\/fr\/#organization"},"potentialAction":[{"@type":"SearchAction","target":{"@type":"EntryPoint","urlTemplate":"https:\/\/www.elkasuspension.com\/fr\/?s={search_term_string}"},"query-input":{"@type":"PropertyValueSpecification","valueRequired":true,"valueName":"search_term_string"}}],"inLanguage":"fr-FR"},{"@type":"Organization","@id":"https:\/\/www.elkasuspension.com\/fr\/#organization","name":"Elka Suspension Inc.","url":"https:\/\/www.elkasuspension.com\/fr\/","logo":{"@type":"ImageObject","inLanguage":"fr-FR","@id":"https:\/\/www.elkasuspension.com\/fr\/#\/schema\/logo\/image\/","url":"https:\/\/www.elkasuspension.com\/wp-content\/uploads\/2021\/02\/ELKA-LOGO-2018_450x99.jpg","contentUrl":"https:\/\/www.elkasuspension.com\/wp-content\/uploads\/2021\/02\/ELKA-LOGO-2018_450x99.jpg","width":450,"height":99,"caption":"Elka Suspension Inc."},"image":{"@id":"https:\/\/www.elkasuspension.com\/fr\/#\/schema\/logo\/image\/"},"sameAs":["https:\/\/www.facebook.com\/ElkaSuspension","https:\/\/x.com\/ElkaSuspension","https:\/\/www.instagram.com\/elkasuspension\/","https:\/\/www.youtube.com\/user\/ElkaSuspensionTV"]}]},"product_brand":"But\u00e9e Hydraulique","product_price_amount":"254.99","product_price_currency":"USD","og_availability":"instock","product_availability":"instock","product_condition":"new"},"acf":[],"_links":{"self":[{"href":"https:\/\/www.elkasuspension.com\/fr\/wp-json\/wp\/v2\/product\/7966523219","targetHints":{"allow":["GET"]}}],"collection":[{"href":"https:\/\/www.elkasuspension.com\/fr\/wp-json\/wp\/v2\/product"}],"about":[{"href":"https:\/\/www.elkasuspension.com\/fr\/wp-json\/wp\/v2\/types\/product"}],"replies":[{"embeddable":true,"href":"https:\/\/www.elkasuspension.com\/fr\/wp-json\/wp\/v2\/comments?post=7966523219"}],"wp:featuredmedia":[{"embeddable":true,"href":"https:\/\/www.elkasuspension.com\/fr\/wp-json\/wp\/v2\/media\/7966523186"}],"wp:attachment":[{"href":"https:\/\/www.elkasuspension.com\/fr\/wp-json\/wp\/v2\/media?parent=7966523219"}],"wp:term":[{"taxonomy":"product_brand","embeddable":true,"href":"https:\/\/www.elkasuspension.com\/fr\/wp-json\/wp\/v2\/product_brand?post=7966523219"},{"taxonomy":"product_cat","embeddable":true,"href":"https:\/\/www.elkasuspension.com\/fr\/wp-json\/wp\/v2\/product_cat?post=7966523219"},{"taxonomy":"product_tag","embeddable":true,"href":"https:\/\/www.elkasuspension.com\/fr\/wp-json\/wp\/v2\/product_tag?post=7966523219"}],"curies":[{"name":"wp","href":"https:\/\/api.w.org\/{rel}","templated":true}]}}