{"id":7966576948,"date":"2026-02-09T18:21:24","date_gmt":"2026-02-09T23:21:24","guid":{"rendered":"https:\/\/www.elkasuspension.com\/?post_type=product&#038;p=7966576948"},"modified":"2026-02-09T18:21:32","modified_gmt":"2026-02-09T23:21:32","slug":"amortisseurs-2-5-hors-route-avec-reservoir-piggyback-et-ajustement-haute-basse-velocite-et-de-rebond-course-de-12-2","status":"publish","type":"product","link":"https:\/\/www.elkasuspension.com\/fr\/produit\/amortisseurs-2-5-hors-route-avec-reservoir-piggyback-et-ajustement-haute-basse-velocite-et-de-rebond-course-de-12-2\/","title":{"rendered":"Amortisseurs 2.5&#8243; Hors-Route avec RESERVOIR PIGGYBACK et Ajustement Haute\/Basse V\u00e9locit\u00e9 et de Rebond, Course de 12&#8243;"},"content":{"rendered":"<p>L\u2019amortisseur tout-terrain 2.5 le plus performant d\u2019Elka, con\u00e7u pour les pilotes et constructeurs qui exigent un contr\u00f4le ultime, un confort optimal et une constance sur tous les terrains. \u00c9quip\u00e9 d\u2019un r\u00e9servoir piggyback, il offre une capacit\u00e9 d\u2019huile accrue et une dissipation thermique sup\u00e9rieure, garantissant un amortissement constant et une performance sans perte d\u2019efficacit\u00e9, m\u00eame dans les conditions les plus exigeantes.<\/p>\n<p>Dot\u00e9 de r\u00e9glages ind\u00e9pendants de la compression haute et basse vitesse ainsi que d\u2019un r\u00e9glage de d\u00e9tente, cet amortisseur permet un ajustement pr\u00e9cis pour absorber les bosses franches, les sauts et les sentiers techniques, offrant une qualit\u00e9 de conduite et une traction incomparables.<\/p>\n<p>Construit avec un corps en aluminium durci anodis\u00e9, des tiges renforc\u00e9es et des composants usin\u00e9s avec pr\u00e9cision par CNC, il offre un \u00e9quilibre parfait entre solidit\u00e9, fluidit\u00e9 et fiabilit\u00e9. Enti\u00e8rement r\u00e9parable et r\u00e9visable, cet amortisseur haut de gamme est con\u00e7u pour affronter les d\u00e9fis tout-terrain les plus rudes tout en maintenant une maniabilit\u00e9 constante et pr\u00e9visible.<\/p>\n<p>Que vous affrontiez des sentiers rocheux, des courses rapides en d\u00e9sert ou des terrains techniques, cet amortisseur assure un confort, une traction et une durabilit\u00e9 exceptionnels \u2014 incarnant la performance \u00e9prouv\u00e9e et le savoir-faire derri\u00e8re chaque produit Elka.<\/p>\n","protected":false},"excerpt":{"rendered":"<p>Amortisseur Elka 2.5 Remote Reservoir Off-Road \u2013 Amortisseur Elka enti\u00e8rement r\u00e9glable haute vitesse \/ basse vitesse \/ d\u00e9tente \u2013 l\u2019un de nos meilleurs mod\u00e8les, offrant un r\u00e9glage ind\u00e9pendant de la compression haute et basse vitesse ainsi qu\u2019un r\u00e9glage de la d\u00e9tente pour un contr\u00f4le optimal, une performance fluide et une durabilit\u00e9 in\u00e9gal\u00e9e sur tous les terrains.<\/p>\n","protected":false},"featured_media":7966589996,"comment_status":"closed","ping_status":"closed","template":"","meta":{"_acf_changed":false},"product_brand":[],"product_cat":[63587,63642,63581,63579],"product_tag":[],"class_list":{"0":"post-7966576948","1":"product","2":"type-product","3":"status-publish","4":"has-post-thumbnail","6":"product_cat-2-5-coilover","7":"product_cat-2-5-coilover-piggyback-reservoir-hilow-rebound","8":"product_cat-coilover-shocks","9":"product_cat-off-road-shocks","10":"pa_dual-spring-length-10-14","11":"pa_part-number-63190","12":"pa_reservoir-configuration-piggbyback","13":"pa_shock-type-coilover","14":"pa_single-spring-length-na","15":"pa_sku-63191","16":"pa_travel-62899","17":"pa_unit-of-sale-sold-as-unit","19":"first","20":"instock","21":"taxable","22":"shipping-taxable","23":"purchasable","24":"product-type-simple"},"yoast_head":"<!-- This site is optimized with the Yoast SEO Premium plugin v27.2 (Yoast SEO v27.2) - https:\/\/yoast.com\/product\/yoast-seo-premium-wordpress\/ -->\n<title>Amortisseurs 2.5&quot; Hors-Route avec RESERVOIR PIGGYBACK et Ajustement Haute\/Basse V\u00e9locit\u00e9 et de Rebond, Course de 12&quot; &#187; Elka Suspension Inc<\/title>\n<meta name=\"robots\" content=\"index, follow, max-snippet:-1, max-image-preview:large, max-video-preview:-1\" \/>\n<link rel=\"canonical\" href=\"https:\/\/www.elkasuspension.com\/fr\/produit\/amortisseurs-2-5-hors-route-avec-reservoir-piggyback-et-ajustement-haute-basse-velocite-et-de-rebond-course-de-12-2\/\" \/>\n<meta property=\"og:locale\" content=\"fr_FR\" \/>\n<meta property=\"og:type\" content=\"article\" \/>\n<meta property=\"og:title\" content=\"Amortisseurs 2.5&quot; Hors-Route avec RESERVOIR PIGGYBACK et Ajustement Haute\/Basse V\u00e9locit\u00e9 et de Rebond, Course de 12&quot;\" \/>\n<meta property=\"og:description\" content=\"Amortisseur Elka 2.5 Remote Reservoir Off-Road \u2013 Amortisseur Elka enti\u00e8rement r\u00e9glable haute vitesse \/ basse vitesse \/ d\u00e9tente \u2013 l\u2019un de nos meilleurs mod\u00e8les, offrant un r\u00e9glage ind\u00e9pendant de la compression haute et basse vitesse ainsi qu\u2019un r\u00e9glage de la d\u00e9tente pour un contr\u00f4le optimal, une performance fluide et une durabilit\u00e9 in\u00e9gal\u00e9e sur tous les terrains.\" \/>\n<meta property=\"og:url\" content=\"https:\/\/www.elkasuspension.com\/fr\/produit\/amortisseurs-2-5-hors-route-avec-reservoir-piggyback-et-ajustement-haute-basse-velocite-et-de-rebond-course-de-12-2\/\" \/>\n<meta property=\"og:site_name\" content=\"Elka Suspension Inc\" \/>\n<meta property=\"article:publisher\" content=\"https:\/\/www.facebook.com\/ElkaSuspension\" \/>\n<meta property=\"article:modified_time\" content=\"2026-02-09T23:21:32+00:00\" \/>\n<meta property=\"og:image\" content=\"https:\/\/www.elkasuspension.com\/wp-content\/uploads\/2026\/01\/PB56CRCO-WHITE-1-scaled-1.png\" \/>\n\t<meta property=\"og:image:width\" content=\"1201\" \/>\n\t<meta property=\"og:image:height\" content=\"1201\" \/>\n\t<meta property=\"og:image:type\" content=\"image\/png\" \/>\n<meta name=\"twitter:card\" content=\"summary_large_image\" \/>\n<meta name=\"twitter:site\" content=\"@ElkaSuspension\" \/>\n<meta name=\"twitter:label1\" content=\"Price\" \/>\n\t<meta name=\"twitter:data1\" content=\"&#036;935.28\" \/>\n\t<meta name=\"twitter:label2\" content=\"Availability\" \/>\n\t<meta name=\"twitter:data2\" content=\"In stock\" \/>\n<script type=\"application\/ld+json\" class=\"yoast-schema-graph\">{\"@context\":\"https:\/\/schema.org\",\"@graph\":[{\"@type\":\"WebPage\",\"@id\":\"https:\/\/www.elkasuspension.com\/fr\/produit\/amortisseurs-2-5-hors-route-avec-reservoir-piggyback-et-ajustement-haute-basse-velocite-et-de-rebond-course-de-12-2\/\",\"url\":\"https:\/\/www.elkasuspension.com\/fr\/produit\/amortisseurs-2-5-hors-route-avec-reservoir-piggyback-et-ajustement-haute-basse-velocite-et-de-rebond-course-de-12-2\/\",\"name\":\"Amortisseurs 2.5\\\" Hors-Route avec RESERVOIR PIGGYBACK et Ajustement Haute\/Basse V\u00e9locit\u00e9 et de Rebond, Course de 12\\\" &#187; Elka Suspension Inc\",\"isPartOf\":{\"@id\":\"https:\/\/www.elkasuspension.com\/fr\/#website\"},\"primaryImageOfPage\":{\"@id\":\"https:\/\/www.elkasuspension.com\/fr\/produit\/amortisseurs-2-5-hors-route-avec-reservoir-piggyback-et-ajustement-haute-basse-velocite-et-de-rebond-course-de-12-2\/#primaryimage\"},\"image\":{\"@id\":\"https:\/\/www.elkasuspension.com\/fr\/produit\/amortisseurs-2-5-hors-route-avec-reservoir-piggyback-et-ajustement-haute-basse-velocite-et-de-rebond-course-de-12-2\/#primaryimage\"},\"thumbnailUrl\":\"https:\/\/www.elkasuspension.com\/wp-content\/uploads\/2026\/02\/PB56CRCO-WHITE-1-scaled-4.png\",\"datePublished\":\"2026-02-09T23:21:24+00:00\",\"dateModified\":\"2026-02-09T23:21:32+00:00\",\"breadcrumb\":{\"@id\":\"https:\/\/www.elkasuspension.com\/fr\/produit\/amortisseurs-2-5-hors-route-avec-reservoir-piggyback-et-ajustement-haute-basse-velocite-et-de-rebond-course-de-12-2\/#breadcrumb\"},\"inLanguage\":\"fr-FR\",\"potentialAction\":[{\"@type\":\"ReadAction\",\"target\":[\"https:\/\/www.elkasuspension.com\/fr\/produit\/amortisseurs-2-5-hors-route-avec-reservoir-piggyback-et-ajustement-haute-basse-velocite-et-de-rebond-course-de-12-2\/\"]}]},{\"@type\":\"ImageObject\",\"inLanguage\":\"fr-FR\",\"@id\":\"https:\/\/www.elkasuspension.com\/fr\/produit\/amortisseurs-2-5-hors-route-avec-reservoir-piggyback-et-ajustement-haute-basse-velocite-et-de-rebond-course-de-12-2\/#primaryimage\",\"url\":\"https:\/\/www.elkasuspension.com\/wp-content\/uploads\/2026\/02\/PB56CRCO-WHITE-1-scaled-4.png\",\"contentUrl\":\"https:\/\/www.elkasuspension.com\/wp-content\/uploads\/2026\/02\/PB56CRCO-WHITE-1-scaled-4.png\",\"width\":1201,\"height\":1201},{\"@type\":\"BreadcrumbList\",\"@id\":\"https:\/\/www.elkasuspension.com\/fr\/produit\/amortisseurs-2-5-hors-route-avec-reservoir-piggyback-et-ajustement-haute-basse-velocite-et-de-rebond-course-de-12-2\/#breadcrumb\",\"itemListElement\":[{\"@type\":\"ListItem\",\"position\":1,\"name\":\"Home\",\"item\":\"https:\/\/www.elkasuspension.com\/fr\/\"},{\"@type\":\"ListItem\",\"position\":2,\"name\":\"Boutique\",\"item\":\"https:\/\/www.elkasuspension.com\/fr\/boutique\/\"},{\"@type\":\"ListItem\",\"position\":3,\"name\":\"Amortisseurs 2.5&#8243; Hors-Route avec RESERVOIR PIGGYBACK et Ajustement Haute\/Basse V\u00e9locit\u00e9 et de Rebond, Course de 12&#8243;\"}]},{\"@type\":\"WebSite\",\"@id\":\"https:\/\/www.elkasuspension.com\/fr\/#website\",\"url\":\"https:\/\/www.elkasuspension.com\/fr\/\",\"name\":\"Elka Suspension Inc\",\"description\":\"High Performance Aftermarket Shock Absorbers\",\"publisher\":{\"@id\":\"https:\/\/www.elkasuspension.com\/fr\/#organization\"},\"potentialAction\":[{\"@type\":\"SearchAction\",\"target\":{\"@type\":\"EntryPoint\",\"urlTemplate\":\"https:\/\/www.elkasuspension.com\/fr\/?s={search_term_string}\"},\"query-input\":{\"@type\":\"PropertyValueSpecification\",\"valueRequired\":true,\"valueName\":\"search_term_string\"}}],\"inLanguage\":\"fr-FR\"},{\"@type\":\"Organization\",\"@id\":\"https:\/\/www.elkasuspension.com\/fr\/#organization\",\"name\":\"Elka Suspension Inc.\",\"url\":\"https:\/\/www.elkasuspension.com\/fr\/\",\"logo\":{\"@type\":\"ImageObject\",\"inLanguage\":\"fr-FR\",\"@id\":\"https:\/\/www.elkasuspension.com\/fr\/#\/schema\/logo\/image\/\",\"url\":\"https:\/\/www.elkasuspension.com\/wp-content\/uploads\/2021\/02\/ELKA-LOGO-2018_450x99.jpg\",\"contentUrl\":\"https:\/\/www.elkasuspension.com\/wp-content\/uploads\/2021\/02\/ELKA-LOGO-2018_450x99.jpg\",\"width\":450,\"height\":99,\"caption\":\"Elka Suspension Inc.\"},\"image\":{\"@id\":\"https:\/\/www.elkasuspension.com\/fr\/#\/schema\/logo\/image\/\"},\"sameAs\":[\"https:\/\/www.facebook.com\/ElkaSuspension\",\"https:\/\/x.com\/ElkaSuspension\",\"https:\/\/www.instagram.com\/elkasuspension\/\",\"https:\/\/www.youtube.com\/user\/ElkaSuspensionTV\"]}]}<\/script>\n<meta property=\"product:brand\" content=\"2.5\u2033 COILOVER\" \/>\n<meta property=\"product:price:amount\" content=\"935.28\" \/>\n<meta property=\"product:price:currency\" content=\"USD\" \/>\n<meta property=\"og:availability\" content=\"instock\" \/>\n<meta property=\"product:availability\" content=\"instock\" \/>\n<meta property=\"product:retailer_item_id\" content=\"20122\" \/>\n<meta property=\"product:condition\" content=\"new\" \/>\n<!-- \/ Yoast SEO Premium plugin. -->","yoast_head_json":{"title":"Amortisseurs 2.5\" Hors-Route avec RESERVOIR PIGGYBACK et Ajustement Haute\/Basse V\u00e9locit\u00e9 et de Rebond, Course de 12\" &#187; Elka Suspension Inc","robots":{"index":"index","follow":"follow","max-snippet":"max-snippet:-1","max-image-preview":"max-image-preview:large","max-video-preview":"max-video-preview:-1"},"canonical":"https:\/\/www.elkasuspension.com\/fr\/produit\/amortisseurs-2-5-hors-route-avec-reservoir-piggyback-et-ajustement-haute-basse-velocite-et-de-rebond-course-de-12-2\/","og_locale":"fr_FR","og_type":"article","og_title":"Amortisseurs 2.5\" Hors-Route avec RESERVOIR PIGGYBACK et Ajustement Haute\/Basse V\u00e9locit\u00e9 et de Rebond, Course de 12\"","og_description":"Amortisseur Elka 2.5 Remote Reservoir Off-Road \u2013 Amortisseur Elka enti\u00e8rement r\u00e9glable haute vitesse \/ basse vitesse \/ d\u00e9tente \u2013 l\u2019un de nos meilleurs mod\u00e8les, offrant un r\u00e9glage ind\u00e9pendant de la compression haute et basse vitesse ainsi qu\u2019un r\u00e9glage de la d\u00e9tente pour un contr\u00f4le optimal, une performance fluide et une durabilit\u00e9 in\u00e9gal\u00e9e sur tous les terrains.","og_url":"https:\/\/www.elkasuspension.com\/fr\/produit\/amortisseurs-2-5-hors-route-avec-reservoir-piggyback-et-ajustement-haute-basse-velocite-et-de-rebond-course-de-12-2\/","og_site_name":"Elka Suspension Inc","article_publisher":"https:\/\/www.facebook.com\/ElkaSuspension","article_modified_time":"2026-02-09T23:21:32+00:00","og_image":[{"width":1201,"height":1201,"url":"https:\/\/www.elkasuspension.com\/wp-content\/uploads\/2026\/01\/PB56CRCO-WHITE-1-scaled-1.png","type":"image\/png"}],"twitter_card":"summary_large_image","twitter_site":"@ElkaSuspension","twitter_misc":{"Price":"&#36;935.28","Availability":"In stock"},"schema":{"@context":"https:\/\/schema.org","@graph":[{"@type":"WebPage","@id":"https:\/\/www.elkasuspension.com\/fr\/produit\/amortisseurs-2-5-hors-route-avec-reservoir-piggyback-et-ajustement-haute-basse-velocite-et-de-rebond-course-de-12-2\/","url":"https:\/\/www.elkasuspension.com\/fr\/produit\/amortisseurs-2-5-hors-route-avec-reservoir-piggyback-et-ajustement-haute-basse-velocite-et-de-rebond-course-de-12-2\/","name":"Amortisseurs 2.5\" Hors-Route avec RESERVOIR PIGGYBACK et Ajustement Haute\/Basse V\u00e9locit\u00e9 et de Rebond, Course de 12\" &#187; Elka Suspension Inc","isPartOf":{"@id":"https:\/\/www.elkasuspension.com\/fr\/#website"},"primaryImageOfPage":{"@id":"https:\/\/www.elkasuspension.com\/fr\/produit\/amortisseurs-2-5-hors-route-avec-reservoir-piggyback-et-ajustement-haute-basse-velocite-et-de-rebond-course-de-12-2\/#primaryimage"},"image":{"@id":"https:\/\/www.elkasuspension.com\/fr\/produit\/amortisseurs-2-5-hors-route-avec-reservoir-piggyback-et-ajustement-haute-basse-velocite-et-de-rebond-course-de-12-2\/#primaryimage"},"thumbnailUrl":"https:\/\/www.elkasuspension.com\/wp-content\/uploads\/2026\/02\/PB56CRCO-WHITE-1-scaled-4.png","datePublished":"2026-02-09T23:21:24+00:00","dateModified":"2026-02-09T23:21:32+00:00","breadcrumb":{"@id":"https:\/\/www.elkasuspension.com\/fr\/produit\/amortisseurs-2-5-hors-route-avec-reservoir-piggyback-et-ajustement-haute-basse-velocite-et-de-rebond-course-de-12-2\/#breadcrumb"},"inLanguage":"fr-FR","potentialAction":[{"@type":"ReadAction","target":["https:\/\/www.elkasuspension.com\/fr\/produit\/amortisseurs-2-5-hors-route-avec-reservoir-piggyback-et-ajustement-haute-basse-velocite-et-de-rebond-course-de-12-2\/"]}]},{"@type":"ImageObject","inLanguage":"fr-FR","@id":"https:\/\/www.elkasuspension.com\/fr\/produit\/amortisseurs-2-5-hors-route-avec-reservoir-piggyback-et-ajustement-haute-basse-velocite-et-de-rebond-course-de-12-2\/#primaryimage","url":"https:\/\/www.elkasuspension.com\/wp-content\/uploads\/2026\/02\/PB56CRCO-WHITE-1-scaled-4.png","contentUrl":"https:\/\/www.elkasuspension.com\/wp-content\/uploads\/2026\/02\/PB56CRCO-WHITE-1-scaled-4.png","width":1201,"height":1201},{"@type":"BreadcrumbList","@id":"https:\/\/www.elkasuspension.com\/fr\/produit\/amortisseurs-2-5-hors-route-avec-reservoir-piggyback-et-ajustement-haute-basse-velocite-et-de-rebond-course-de-12-2\/#breadcrumb","itemListElement":[{"@type":"ListItem","position":1,"name":"Home","item":"https:\/\/www.elkasuspension.com\/fr\/"},{"@type":"ListItem","position":2,"name":"Boutique","item":"https:\/\/www.elkasuspension.com\/fr\/boutique\/"},{"@type":"ListItem","position":3,"name":"Amortisseurs 2.5&#8243; Hors-Route avec RESERVOIR PIGGYBACK et Ajustement Haute\/Basse V\u00e9locit\u00e9 et de Rebond, Course de 12&#8243;"}]},{"@type":"WebSite","@id":"https:\/\/www.elkasuspension.com\/fr\/#website","url":"https:\/\/www.elkasuspension.com\/fr\/","name":"Elka Suspension Inc","description":"High Performance Aftermarket Shock Absorbers","publisher":{"@id":"https:\/\/www.elkasuspension.com\/fr\/#organization"},"potentialAction":[{"@type":"SearchAction","target":{"@type":"EntryPoint","urlTemplate":"https:\/\/www.elkasuspension.com\/fr\/?s={search_term_string}"},"query-input":{"@type":"PropertyValueSpecification","valueRequired":true,"valueName":"search_term_string"}}],"inLanguage":"fr-FR"},{"@type":"Organization","@id":"https:\/\/www.elkasuspension.com\/fr\/#organization","name":"Elka Suspension Inc.","url":"https:\/\/www.elkasuspension.com\/fr\/","logo":{"@type":"ImageObject","inLanguage":"fr-FR","@id":"https:\/\/www.elkasuspension.com\/fr\/#\/schema\/logo\/image\/","url":"https:\/\/www.elkasuspension.com\/wp-content\/uploads\/2021\/02\/ELKA-LOGO-2018_450x99.jpg","contentUrl":"https:\/\/www.elkasuspension.com\/wp-content\/uploads\/2021\/02\/ELKA-LOGO-2018_450x99.jpg","width":450,"height":99,"caption":"Elka Suspension Inc."},"image":{"@id":"https:\/\/www.elkasuspension.com\/fr\/#\/schema\/logo\/image\/"},"sameAs":["https:\/\/www.facebook.com\/ElkaSuspension","https:\/\/x.com\/ElkaSuspension","https:\/\/www.instagram.com\/elkasuspension\/","https:\/\/www.youtube.com\/user\/ElkaSuspensionTV"]}]},"product_brand":"2.5\u2033 COILOVER","product_price_amount":"935.28","product_price_currency":"USD","og_availability":"instock","product_availability":"instock","product_retailer_item_id":"20122","product_condition":"new"},"acf":[],"_links":{"self":[{"href":"https:\/\/www.elkasuspension.com\/fr\/wp-json\/wp\/v2\/product\/7966576948","targetHints":{"allow":["GET"]}}],"collection":[{"href":"https:\/\/www.elkasuspension.com\/fr\/wp-json\/wp\/v2\/product"}],"about":[{"href":"https:\/\/www.elkasuspension.com\/fr\/wp-json\/wp\/v2\/types\/product"}],"replies":[{"embeddable":true,"href":"https:\/\/www.elkasuspension.com\/fr\/wp-json\/wp\/v2\/comments?post=7966576948"}],"wp:featuredmedia":[{"embeddable":true,"href":"https:\/\/www.elkasuspension.com\/fr\/wp-json\/wp\/v2\/media\/7966589996"}],"wp:attachment":[{"href":"https:\/\/www.elkasuspension.com\/fr\/wp-json\/wp\/v2\/media?parent=7966576948"}],"wp:term":[{"taxonomy":"product_brand","embeddable":true,"href":"https:\/\/www.elkasuspension.com\/fr\/wp-json\/wp\/v2\/product_brand?post=7966576948"},{"taxonomy":"product_cat","embeddable":true,"href":"https:\/\/www.elkasuspension.com\/fr\/wp-json\/wp\/v2\/product_cat?post=7966576948"},{"taxonomy":"product_tag","embeddable":true,"href":"https:\/\/www.elkasuspension.com\/fr\/wp-json\/wp\/v2\/product_tag?post=7966576948"}],"curies":[{"name":"wp","href":"https:\/\/api.w.org\/{rel}","templated":true}]}}