{"id":7966582141,"date":"2026-02-09T17:52:22","date_gmt":"2026-02-09T22:52:22","guid":{"rendered":"https:\/\/www.elkasuspension.com\/?post_type=product&#038;p=7966582141"},"modified":"2026-02-09T17:52:35","modified_gmt":"2026-02-09T22:52:35","slug":"amortisseurs-2-0-hors-route-avec-reservoir-externe-et-ajustement-haute-basse-velocite-course-de-10","status":"publish","type":"product","link":"https:\/\/www.elkasuspension.com\/fr\/produit\/amortisseurs-2-0-hors-route-avec-reservoir-externe-et-ajustement-haute-basse-velocite-course-de-10\/","title":{"rendered":"Amortisseurs 2.0&#8243; Hors-Route avec RESERVOIR EXTERNE et Ajustement Haute\/Basse V\u00e9locit\u00e9, Course de 10&#8243;"},"content":{"rendered":"<p>L\u2019un des amortisseurs les plus performants d\u2019Elka, con\u00e7u pour les pilotes qui exigent pr\u00e9cision et contr\u00f4le sur tous les terrains. Dot\u00e9 de r\u00e9glages ind\u00e9pendants pour les vitesses haute et basse, cet amortisseur permet d\u2019affiner la compression pour absorber efficacement les chocs brusques, les sauts et les irr\u00e9gularit\u00e9s du sentier, offrant une qualit\u00e9 de conduite et une traction in\u00e9gal\u00e9es.<\/p>\n<p>\u00c9quip\u00e9 d\u2019un r\u00e9servoir externe, il offre une capacit\u00e9 d\u2019huile accrue et une meilleure dissipation de la chaleur, assurant une performance d\u2019amortissement constante m\u00eame dans des conditions extr\u00eames. Le r\u00e9servoir externe contribue \u00e9galement \u00e0 r\u00e9duire la cavitation et la perte d\u2019efficacit\u00e9 lors des longues sorties exigeantes, permettant \u00e0 l\u2019amortisseur de maintenir une performance et une r\u00e9activit\u00e9 optimales.<\/p>\n<p>Construit avec un corps en aluminium anodis\u00e9 dur, des tiges durcies et des composants usin\u00e9s CNC de pr\u00e9cision, il allie durabilit\u00e9 et performance fluide et constante. Enti\u00e8rement reconstruisible et r\u00e9parable, il est con\u00e7u pour r\u00e9sister aux conditions hors route les plus difficiles tout en conservant un contr\u00f4le d\u2019amortissement pr\u00e9cis.<\/p>\n<p>Que ce soit sur des sentiers rocheux, dans le d\u00e9sert \u00e0 haute vitesse ou sur des terrains techniques, cet amortisseur offre un maximum de contr\u00f4le, de confort et de fiabilit\u00e9 \u2014 repr\u00e9sentant le summum de la technologie hors route d\u2019Elka.<\/p>\n","protected":false},"excerpt":{"rendered":"<p>Amortisseur hors route Elka 2.0 \u00e0 r\u00e9servoir externe \u2013 Amortisseur Elka \u00e0 r\u00e9glages haute vitesse \/ basse vitesse<br \/>\nL\u2019un de nos meilleurs mod\u00e8les, offrant des ajustements ind\u00e9pendants de compression haute et basse vitesse pour un contr\u00f4le ultime, une performance fluide et une durabilit\u00e9 in\u00e9gal\u00e9e sur tous les terrains.<\/p>\n","protected":false},"featured_media":7966589193,"comment_status":"closed","ping_status":"closed","template":"","meta":{"_acf_changed":false},"product_brand":[],"product_cat":[63590,63600,63583,63579],"product_tag":[],"class_list":{"0":"post-7966582141","1":"product","2":"type-product","3":"status-publish","4":"has-post-thumbnail","6":"product_cat-2-0-smooth-body","7":"product_cat-2-0-smooth-body-remote-reservoir-hilow","8":"product_cat-smooth-body-shocks","9":"product_cat-off-road-shocks","10":"pa_dual-spring-length-na","11":"pa_max-spring-space-na","12":"pa_part-number-62925","13":"pa_reservoir-configuration-remote-reservoir","14":"pa_shock-type-smooth-body","15":"pa_single-spring-length-na","16":"pa_sku-62926","17":"pa_travel-62894","18":"pa_unit-of-sale-sold-as-unit","20":"first","21":"instock","22":"taxable","23":"shipping-taxable","24":"purchasable","25":"product-type-simple"},"yoast_head":"<!-- This site is optimized with the Yoast SEO Premium plugin v27.2 (Yoast SEO v27.2) - https:\/\/yoast.com\/product\/yoast-seo-premium-wordpress\/ -->\n<title>Amortisseurs 2.0&quot; Hors-Route avec RESERVOIR EXTERNE et Ajustement Haute\/Basse V\u00e9locit\u00e9, Course de 10&quot; &#187; Elka Suspension Inc<\/title>\n<meta name=\"robots\" content=\"index, follow, max-snippet:-1, max-image-preview:large, max-video-preview:-1\" \/>\n<link rel=\"canonical\" href=\"https:\/\/www.elkasuspension.com\/fr\/produit\/amortisseurs-2-0-hors-route-avec-reservoir-externe-et-ajustement-haute-basse-velocite-course-de-10\/\" \/>\n<meta property=\"og:locale\" content=\"fr_FR\" \/>\n<meta property=\"og:type\" content=\"article\" \/>\n<meta property=\"og:title\" content=\"Amortisseurs 2.0&quot; Hors-Route avec RESERVOIR EXTERNE et Ajustement Haute\/Basse V\u00e9locit\u00e9, Course de 10&quot;\" \/>\n<meta property=\"og:description\" content=\"Amortisseur hors route Elka 2.0 \u00e0 r\u00e9servoir externe \u2013 Amortisseur Elka \u00e0 r\u00e9glages haute vitesse \/ basse vitesse L\u2019un de nos meilleurs mod\u00e8les, offrant des ajustements ind\u00e9pendants de compression haute et basse vitesse pour un contr\u00f4le ultime, une performance fluide et une durabilit\u00e9 in\u00e9gal\u00e9e sur tous les terrains.\" \/>\n<meta property=\"og:url\" content=\"https:\/\/www.elkasuspension.com\/fr\/produit\/amortisseurs-2-0-hors-route-avec-reservoir-externe-et-ajustement-haute-basse-velocite-course-de-10\/\" \/>\n<meta property=\"og:site_name\" content=\"Elka Suspension Inc\" \/>\n<meta property=\"article:publisher\" content=\"https:\/\/www.facebook.com\/ElkaSuspension\" \/>\n<meta property=\"article:modified_time\" content=\"2026-02-09T22:52:35+00:00\" \/>\n<meta property=\"og:image\" content=\"https:\/\/www.elkasuspension.com\/wp-content\/uploads\/2026\/02\/RR46CSM-WHITE-scaled-3.png\" \/>\n\t<meta property=\"og:image:width\" content=\"1201\" \/>\n\t<meta property=\"og:image:height\" content=\"1201\" \/>\n\t<meta property=\"og:image:type\" content=\"image\/png\" \/>\n<meta name=\"twitter:card\" content=\"summary_large_image\" \/>\n<meta name=\"twitter:site\" content=\"@ElkaSuspension\" \/>\n<meta name=\"twitter:label1\" content=\"Price\" \/>\n\t<meta name=\"twitter:data1\" content=\"&#036;539.28\" \/>\n\t<meta name=\"twitter:label2\" content=\"Availability\" \/>\n\t<meta name=\"twitter:data2\" content=\"In stock\" \/>\n<script type=\"application\/ld+json\" class=\"yoast-schema-graph\">{\"@context\":\"https:\/\/schema.org\",\"@graph\":[{\"@type\":\"WebPage\",\"@id\":\"https:\/\/www.elkasuspension.com\/fr\/produit\/amortisseurs-2-0-hors-route-avec-reservoir-externe-et-ajustement-haute-basse-velocite-course-de-10\/\",\"url\":\"https:\/\/www.elkasuspension.com\/fr\/produit\/amortisseurs-2-0-hors-route-avec-reservoir-externe-et-ajustement-haute-basse-velocite-course-de-10\/\",\"name\":\"Amortisseurs 2.0\\\" Hors-Route avec RESERVOIR EXTERNE et Ajustement Haute\/Basse V\u00e9locit\u00e9, Course de 10\\\" &#187; Elka Suspension Inc\",\"isPartOf\":{\"@id\":\"https:\/\/www.elkasuspension.com\/fr\/#website\"},\"primaryImageOfPage\":{\"@id\":\"https:\/\/www.elkasuspension.com\/fr\/produit\/amortisseurs-2-0-hors-route-avec-reservoir-externe-et-ajustement-haute-basse-velocite-course-de-10\/#primaryimage\"},\"image\":{\"@id\":\"https:\/\/www.elkasuspension.com\/fr\/produit\/amortisseurs-2-0-hors-route-avec-reservoir-externe-et-ajustement-haute-basse-velocite-course-de-10\/#primaryimage\"},\"thumbnailUrl\":\"https:\/\/www.elkasuspension.com\/wp-content\/uploads\/2026\/02\/RR46CSM-WHITE-scaled-3.png\",\"datePublished\":\"2026-02-09T22:52:22+00:00\",\"dateModified\":\"2026-02-09T22:52:35+00:00\",\"breadcrumb\":{\"@id\":\"https:\/\/www.elkasuspension.com\/fr\/produit\/amortisseurs-2-0-hors-route-avec-reservoir-externe-et-ajustement-haute-basse-velocite-course-de-10\/#breadcrumb\"},\"inLanguage\":\"fr-FR\",\"potentialAction\":[{\"@type\":\"ReadAction\",\"target\":[\"https:\/\/www.elkasuspension.com\/fr\/produit\/amortisseurs-2-0-hors-route-avec-reservoir-externe-et-ajustement-haute-basse-velocite-course-de-10\/\"]}]},{\"@type\":\"ImageObject\",\"inLanguage\":\"fr-FR\",\"@id\":\"https:\/\/www.elkasuspension.com\/fr\/produit\/amortisseurs-2-0-hors-route-avec-reservoir-externe-et-ajustement-haute-basse-velocite-course-de-10\/#primaryimage\",\"url\":\"https:\/\/www.elkasuspension.com\/wp-content\/uploads\/2026\/02\/RR46CSM-WHITE-scaled-3.png\",\"contentUrl\":\"https:\/\/www.elkasuspension.com\/wp-content\/uploads\/2026\/02\/RR46CSM-WHITE-scaled-3.png\",\"width\":1201,\"height\":1201},{\"@type\":\"BreadcrumbList\",\"@id\":\"https:\/\/www.elkasuspension.com\/fr\/produit\/amortisseurs-2-0-hors-route-avec-reservoir-externe-et-ajustement-haute-basse-velocite-course-de-10\/#breadcrumb\",\"itemListElement\":[{\"@type\":\"ListItem\",\"position\":1,\"name\":\"Home\",\"item\":\"https:\/\/www.elkasuspension.com\/fr\/\"},{\"@type\":\"ListItem\",\"position\":2,\"name\":\"Boutique\",\"item\":\"https:\/\/www.elkasuspension.com\/fr\/boutique\/\"},{\"@type\":\"ListItem\",\"position\":3,\"name\":\"Amortisseurs 2.0&#8243; Hors-Route avec RESERVOIR EXTERNE et Ajustement Haute\/Basse V\u00e9locit\u00e9, Course de 10&#8243;\"}]},{\"@type\":\"WebSite\",\"@id\":\"https:\/\/www.elkasuspension.com\/fr\/#website\",\"url\":\"https:\/\/www.elkasuspension.com\/fr\/\",\"name\":\"Elka Suspension Inc\",\"description\":\"High Performance Aftermarket Shock Absorbers\",\"publisher\":{\"@id\":\"https:\/\/www.elkasuspension.com\/fr\/#organization\"},\"potentialAction\":[{\"@type\":\"SearchAction\",\"target\":{\"@type\":\"EntryPoint\",\"urlTemplate\":\"https:\/\/www.elkasuspension.com\/fr\/?s={search_term_string}\"},\"query-input\":{\"@type\":\"PropertyValueSpecification\",\"valueRequired\":true,\"valueName\":\"search_term_string\"}}],\"inLanguage\":\"fr-FR\"},{\"@type\":\"Organization\",\"@id\":\"https:\/\/www.elkasuspension.com\/fr\/#organization\",\"name\":\"Elka Suspension Inc.\",\"url\":\"https:\/\/www.elkasuspension.com\/fr\/\",\"logo\":{\"@type\":\"ImageObject\",\"inLanguage\":\"fr-FR\",\"@id\":\"https:\/\/www.elkasuspension.com\/fr\/#\/schema\/logo\/image\/\",\"url\":\"https:\/\/www.elkasuspension.com\/wp-content\/uploads\/2021\/02\/ELKA-LOGO-2018_450x99.jpg\",\"contentUrl\":\"https:\/\/www.elkasuspension.com\/wp-content\/uploads\/2021\/02\/ELKA-LOGO-2018_450x99.jpg\",\"width\":450,\"height\":99,\"caption\":\"Elka Suspension Inc.\"},\"image\":{\"@id\":\"https:\/\/www.elkasuspension.com\/fr\/#\/schema\/logo\/image\/\"},\"sameAs\":[\"https:\/\/www.facebook.com\/ElkaSuspension\",\"https:\/\/x.com\/ElkaSuspension\",\"https:\/\/www.instagram.com\/elkasuspension\/\",\"https:\/\/www.youtube.com\/user\/ElkaSuspensionTV\"]}]}<\/script>\n<meta property=\"product:brand\" content=\"2.0\u2033 SMOOTH BODY\" \/>\n<meta property=\"product:price:amount\" content=\"539.28\" \/>\n<meta property=\"product:price:currency\" content=\"USD\" \/>\n<meta property=\"og:availability\" content=\"instock\" \/>\n<meta property=\"product:availability\" content=\"instock\" \/>\n<meta property=\"product:retailer_item_id\" content=\"20015\" \/>\n<meta property=\"product:condition\" content=\"new\" \/>\n<!-- \/ Yoast SEO Premium plugin. -->","yoast_head_json":{"title":"Amortisseurs 2.0\" Hors-Route avec RESERVOIR EXTERNE et Ajustement Haute\/Basse V\u00e9locit\u00e9, Course de 10\" &#187; Elka Suspension Inc","robots":{"index":"index","follow":"follow","max-snippet":"max-snippet:-1","max-image-preview":"max-image-preview:large","max-video-preview":"max-video-preview:-1"},"canonical":"https:\/\/www.elkasuspension.com\/fr\/produit\/amortisseurs-2-0-hors-route-avec-reservoir-externe-et-ajustement-haute-basse-velocite-course-de-10\/","og_locale":"fr_FR","og_type":"article","og_title":"Amortisseurs 2.0\" Hors-Route avec RESERVOIR EXTERNE et Ajustement Haute\/Basse V\u00e9locit\u00e9, Course de 10\"","og_description":"Amortisseur hors route Elka 2.0 \u00e0 r\u00e9servoir externe \u2013 Amortisseur Elka \u00e0 r\u00e9glages haute vitesse \/ basse vitesse L\u2019un de nos meilleurs mod\u00e8les, offrant des ajustements ind\u00e9pendants de compression haute et basse vitesse pour un contr\u00f4le ultime, une performance fluide et une durabilit\u00e9 in\u00e9gal\u00e9e sur tous les terrains.","og_url":"https:\/\/www.elkasuspension.com\/fr\/produit\/amortisseurs-2-0-hors-route-avec-reservoir-externe-et-ajustement-haute-basse-velocite-course-de-10\/","og_site_name":"Elka Suspension Inc","article_publisher":"https:\/\/www.facebook.com\/ElkaSuspension","article_modified_time":"2026-02-09T22:52:35+00:00","og_image":[{"width":1201,"height":1201,"url":"https:\/\/www.elkasuspension.com\/wp-content\/uploads\/2026\/02\/RR46CSM-WHITE-scaled-3.png","type":"image\/png"}],"twitter_card":"summary_large_image","twitter_site":"@ElkaSuspension","twitter_misc":{"Price":"&#36;539.28","Availability":"In stock"},"schema":{"@context":"https:\/\/schema.org","@graph":[{"@type":"WebPage","@id":"https:\/\/www.elkasuspension.com\/fr\/produit\/amortisseurs-2-0-hors-route-avec-reservoir-externe-et-ajustement-haute-basse-velocite-course-de-10\/","url":"https:\/\/www.elkasuspension.com\/fr\/produit\/amortisseurs-2-0-hors-route-avec-reservoir-externe-et-ajustement-haute-basse-velocite-course-de-10\/","name":"Amortisseurs 2.0\" Hors-Route avec RESERVOIR EXTERNE et Ajustement Haute\/Basse V\u00e9locit\u00e9, Course de 10\" &#187; Elka Suspension Inc","isPartOf":{"@id":"https:\/\/www.elkasuspension.com\/fr\/#website"},"primaryImageOfPage":{"@id":"https:\/\/www.elkasuspension.com\/fr\/produit\/amortisseurs-2-0-hors-route-avec-reservoir-externe-et-ajustement-haute-basse-velocite-course-de-10\/#primaryimage"},"image":{"@id":"https:\/\/www.elkasuspension.com\/fr\/produit\/amortisseurs-2-0-hors-route-avec-reservoir-externe-et-ajustement-haute-basse-velocite-course-de-10\/#primaryimage"},"thumbnailUrl":"https:\/\/www.elkasuspension.com\/wp-content\/uploads\/2026\/02\/RR46CSM-WHITE-scaled-3.png","datePublished":"2026-02-09T22:52:22+00:00","dateModified":"2026-02-09T22:52:35+00:00","breadcrumb":{"@id":"https:\/\/www.elkasuspension.com\/fr\/produit\/amortisseurs-2-0-hors-route-avec-reservoir-externe-et-ajustement-haute-basse-velocite-course-de-10\/#breadcrumb"},"inLanguage":"fr-FR","potentialAction":[{"@type":"ReadAction","target":["https:\/\/www.elkasuspension.com\/fr\/produit\/amortisseurs-2-0-hors-route-avec-reservoir-externe-et-ajustement-haute-basse-velocite-course-de-10\/"]}]},{"@type":"ImageObject","inLanguage":"fr-FR","@id":"https:\/\/www.elkasuspension.com\/fr\/produit\/amortisseurs-2-0-hors-route-avec-reservoir-externe-et-ajustement-haute-basse-velocite-course-de-10\/#primaryimage","url":"https:\/\/www.elkasuspension.com\/wp-content\/uploads\/2026\/02\/RR46CSM-WHITE-scaled-3.png","contentUrl":"https:\/\/www.elkasuspension.com\/wp-content\/uploads\/2026\/02\/RR46CSM-WHITE-scaled-3.png","width":1201,"height":1201},{"@type":"BreadcrumbList","@id":"https:\/\/www.elkasuspension.com\/fr\/produit\/amortisseurs-2-0-hors-route-avec-reservoir-externe-et-ajustement-haute-basse-velocite-course-de-10\/#breadcrumb","itemListElement":[{"@type":"ListItem","position":1,"name":"Home","item":"https:\/\/www.elkasuspension.com\/fr\/"},{"@type":"ListItem","position":2,"name":"Boutique","item":"https:\/\/www.elkasuspension.com\/fr\/boutique\/"},{"@type":"ListItem","position":3,"name":"Amortisseurs 2.0&#8243; Hors-Route avec RESERVOIR EXTERNE et Ajustement Haute\/Basse V\u00e9locit\u00e9, Course de 10&#8243;"}]},{"@type":"WebSite","@id":"https:\/\/www.elkasuspension.com\/fr\/#website","url":"https:\/\/www.elkasuspension.com\/fr\/","name":"Elka Suspension Inc","description":"High Performance Aftermarket Shock Absorbers","publisher":{"@id":"https:\/\/www.elkasuspension.com\/fr\/#organization"},"potentialAction":[{"@type":"SearchAction","target":{"@type":"EntryPoint","urlTemplate":"https:\/\/www.elkasuspension.com\/fr\/?s={search_term_string}"},"query-input":{"@type":"PropertyValueSpecification","valueRequired":true,"valueName":"search_term_string"}}],"inLanguage":"fr-FR"},{"@type":"Organization","@id":"https:\/\/www.elkasuspension.com\/fr\/#organization","name":"Elka Suspension Inc.","url":"https:\/\/www.elkasuspension.com\/fr\/","logo":{"@type":"ImageObject","inLanguage":"fr-FR","@id":"https:\/\/www.elkasuspension.com\/fr\/#\/schema\/logo\/image\/","url":"https:\/\/www.elkasuspension.com\/wp-content\/uploads\/2021\/02\/ELKA-LOGO-2018_450x99.jpg","contentUrl":"https:\/\/www.elkasuspension.com\/wp-content\/uploads\/2021\/02\/ELKA-LOGO-2018_450x99.jpg","width":450,"height":99,"caption":"Elka Suspension Inc."},"image":{"@id":"https:\/\/www.elkasuspension.com\/fr\/#\/schema\/logo\/image\/"},"sameAs":["https:\/\/www.facebook.com\/ElkaSuspension","https:\/\/x.com\/ElkaSuspension","https:\/\/www.instagram.com\/elkasuspension\/","https:\/\/www.youtube.com\/user\/ElkaSuspensionTV"]}]},"product_brand":"2.0\u2033 SMOOTH BODY","product_price_amount":"539.28","product_price_currency":"USD","og_availability":"instock","product_availability":"instock","product_retailer_item_id":"20015","product_condition":"new"},"acf":[],"_links":{"self":[{"href":"https:\/\/www.elkasuspension.com\/fr\/wp-json\/wp\/v2\/product\/7966582141","targetHints":{"allow":["GET"]}}],"collection":[{"href":"https:\/\/www.elkasuspension.com\/fr\/wp-json\/wp\/v2\/product"}],"about":[{"href":"https:\/\/www.elkasuspension.com\/fr\/wp-json\/wp\/v2\/types\/product"}],"replies":[{"embeddable":true,"href":"https:\/\/www.elkasuspension.com\/fr\/wp-json\/wp\/v2\/comments?post=7966582141"}],"wp:featuredmedia":[{"embeddable":true,"href":"https:\/\/www.elkasuspension.com\/fr\/wp-json\/wp\/v2\/media\/7966589193"}],"wp:attachment":[{"href":"https:\/\/www.elkasuspension.com\/fr\/wp-json\/wp\/v2\/media?parent=7966582141"}],"wp:term":[{"taxonomy":"product_brand","embeddable":true,"href":"https:\/\/www.elkasuspension.com\/fr\/wp-json\/wp\/v2\/product_brand?post=7966582141"},{"taxonomy":"product_cat","embeddable":true,"href":"https:\/\/www.elkasuspension.com\/fr\/wp-json\/wp\/v2\/product_cat?post=7966582141"},{"taxonomy":"product_tag","embeddable":true,"href":"https:\/\/www.elkasuspension.com\/fr\/wp-json\/wp\/v2\/product_tag?post=7966582141"}],"curies":[{"name":"wp","href":"https:\/\/api.w.org\/{rel}","templated":true}]}}