{"id":7966582429,"date":"2026-02-09T18:00:50","date_gmt":"2026-02-09T23:00:50","guid":{"rendered":"https:\/\/www.elkasuspension.com\/?post_type=product&#038;p=7966582429"},"modified":"2026-02-09T18:01:02","modified_gmt":"2026-02-09T23:01:02","slug":"amortisseurs-2-0-hors-route-avec-reservoir-externe-et-ajustement-haute-basse-velocite-et-de-rebond-course-de-8-2","status":"publish","type":"product","link":"https:\/\/www.elkasuspension.com\/fr\/produit\/amortisseurs-2-0-hors-route-avec-reservoir-externe-et-ajustement-haute-basse-velocite-et-de-rebond-course-de-8-2\/","title":{"rendered":"Amortisseurs 2.0&#8243; Hors-Route avec RESERVOIR EXTERNE et Ajustement Haute\/Basse V\u00e9locit\u00e9 et de Rebond, Course de 8&#8243;"},"content":{"rendered":"<p>L\u2019amortisseur hors route 2.0 le plus performant d\u2019Elka, con\u00e7u pour les pilotes qui exigent un contr\u00f4le ultime, un confort sup\u00e9rieur et une constance irr\u00e9prochable sur tous les terrains. Dot\u00e9 d\u2019un r\u00e9servoir externe, il offre une capacit\u00e9 d\u2019huile accrue et une dissipation de chaleur exceptionnelle, assurant un amortissement constant et sans perte d\u2019efficacit\u00e9, m\u00eame dans les conditions les plus exigeantes.<\/p>\n<p>Avec ses ajusteurs ind\u00e9pendants de compression haute vitesse et basse vitesse, ainsi qu\u2019un ajusteur de rebond, cet amortisseur permet un r\u00e9glage pr\u00e9cis pour absorber les chocs brusques, les sauts et les irr\u00e9gularit\u00e9s du sentier, offrant une qualit\u00e9 de conduite et une traction in\u00e9gal\u00e9es.<\/p>\n<p>Construit avec un corps en aluminium anodis\u00e9 dur, des tiges durcies et des composants usin\u00e9s CNC de pr\u00e9cision, il offre l\u2019\u00e9quilibre parfait entre robustesse, fluidit\u00e9 et fiabilit\u00e9. Enti\u00e8rement reconstruisible et r\u00e9parable, cet amortisseur haut de gamme est con\u00e7u pour affronter les d\u00e9fis hors route les plus difficiles tout en maintenant un comportement constant et pr\u00e9visible.<\/p>\n<p>Que vous affrontiez des sentiers rocheux, des sections d\u00e9sertiques \u00e0 haute vitesse ou des terrains techniques, cet amortisseur offre un confort, une traction et une durabilit\u00e9 exceptionnels \u2014 incarnant la performance \u00e9prouv\u00e9e et le savoir-faire derri\u00e8re chaque produit Elka.<\/p>\n","protected":false},"excerpt":{"rendered":"<p>Amortisseur hors route Elka 2.0 \u00e0 r\u00e9servoir externe \u2013 Amortisseur Elka enti\u00e8rement r\u00e9glable haute vitesse \/ basse vitesse \/ rebond<br \/>\nL\u2019un de nos meilleurs mod\u00e8les, offrant des r\u00e9glages ind\u00e9pendants de compression haute et basse vitesse ainsi qu\u2019un r\u00e9glage du rebond pour un contr\u00f4le ultime, une performance fluide et une durabilit\u00e9 in\u00e9gal\u00e9e sur tous les terrains.<\/p>\n","protected":false},"featured_media":7966589434,"comment_status":"closed","ping_status":"closed","template":"","meta":{"_acf_changed":false},"product_brand":[],"product_cat":[63586,63582,63630,63580],"product_tag":[],"class_list":{"0":"post-7966582429","1":"product","2":"type-product","3":"status-publish","4":"has-post-thumbnail","6":"product_cat-fr-2-0-coilover","7":"product_cat-amortisseurs-coilover","8":"product_cat-amortisseurs-coilover-2-0-reservoir-externe-hilow-rebound","9":"product_cat-amortisseurs-hors-route","10":"pa_dual-spring-length-8-10","11":"pa_max-spring-space-63895","12":"pa_part-number-63920","13":"pa_reservoir-configuration-avec-reservoir-attache","14":"pa_shock-type-avec-ressort-fr","15":"pa_single-spring-length-62890","16":"pa_sku-63921","17":"pa_travel-62889","18":"pa_unit-of-sale-sold-as-unite-fr","20":"first","21":"instock","22":"taxable","23":"shipping-taxable","24":"purchasable","25":"product-type-simple"},"yoast_head":"<!-- This site is optimized with the Yoast SEO Premium plugin v27.2 (Yoast SEO v27.2) - https:\/\/yoast.com\/product\/yoast-seo-premium-wordpress\/ -->\n<title>Amortisseurs 2.0&quot; Hors-Route avec RESERVOIR EXTERNE et Ajustement Haute\/Basse V\u00e9locit\u00e9 et de Rebond, Course de 8&quot; &#187; Elka Suspension Inc<\/title>\n<meta name=\"robots\" content=\"index, follow, max-snippet:-1, max-image-preview:large, max-video-preview:-1\" \/>\n<link rel=\"canonical\" href=\"https:\/\/www.elkasuspension.com\/fr\/produit\/amortisseurs-2-0-hors-route-avec-reservoir-externe-et-ajustement-haute-basse-velocite-et-de-rebond-course-de-8-2\/\" \/>\n<meta property=\"og:locale\" content=\"fr_FR\" \/>\n<meta property=\"og:type\" content=\"article\" \/>\n<meta property=\"og:title\" content=\"Amortisseurs 2.0&quot; Hors-Route avec RESERVOIR EXTERNE et Ajustement Haute\/Basse V\u00e9locit\u00e9 et de Rebond, Course de 8&quot;\" \/>\n<meta property=\"og:description\" content=\"Amortisseur hors route Elka 2.0 \u00e0 r\u00e9servoir externe \u2013 Amortisseur Elka enti\u00e8rement r\u00e9glable haute vitesse \/ basse vitesse \/ rebond L\u2019un de nos meilleurs mod\u00e8les, offrant des r\u00e9glages ind\u00e9pendants de compression haute et basse vitesse ainsi qu\u2019un r\u00e9glage du rebond pour un contr\u00f4le ultime, une performance fluide et une durabilit\u00e9 in\u00e9gal\u00e9e sur tous les terrains.\" \/>\n<meta property=\"og:url\" content=\"https:\/\/www.elkasuspension.com\/fr\/produit\/amortisseurs-2-0-hors-route-avec-reservoir-externe-et-ajustement-haute-basse-velocite-et-de-rebond-course-de-8-2\/\" \/>\n<meta property=\"og:site_name\" content=\"Elka Suspension Inc\" \/>\n<meta property=\"article:publisher\" content=\"https:\/\/www.facebook.com\/ElkaSuspension\" \/>\n<meta property=\"article:modified_time\" content=\"2026-02-09T23:01:02+00:00\" \/>\n<meta property=\"og:image\" content=\"https:\/\/www.elkasuspension.com\/wp-content\/uploads\/2026\/02\/RR46CRCO-WHITE-scaled-2.png\" \/>\n\t<meta property=\"og:image:width\" content=\"1201\" \/>\n\t<meta property=\"og:image:height\" content=\"1201\" \/>\n\t<meta property=\"og:image:type\" content=\"image\/png\" \/>\n<meta name=\"twitter:card\" content=\"summary_large_image\" \/>\n<meta name=\"twitter:site\" content=\"@ElkaSuspension\" \/>\n<meta name=\"twitter:label1\" content=\"Price\" \/>\n\t<meta name=\"twitter:data1\" content=\"&#036;740.88\" \/>\n\t<meta name=\"twitter:label2\" content=\"Availability\" \/>\n\t<meta name=\"twitter:data2\" content=\"In stock\" \/>\n<script type=\"application\/ld+json\" class=\"yoast-schema-graph\">{\"@context\":\"https:\/\/schema.org\",\"@graph\":[{\"@type\":\"WebPage\",\"@id\":\"https:\/\/www.elkasuspension.com\/fr\/produit\/amortisseurs-2-0-hors-route-avec-reservoir-externe-et-ajustement-haute-basse-velocite-et-de-rebond-course-de-8-2\/\",\"url\":\"https:\/\/www.elkasuspension.com\/fr\/produit\/amortisseurs-2-0-hors-route-avec-reservoir-externe-et-ajustement-haute-basse-velocite-et-de-rebond-course-de-8-2\/\",\"name\":\"Amortisseurs 2.0\\\" Hors-Route avec RESERVOIR EXTERNE et Ajustement Haute\/Basse V\u00e9locit\u00e9 et de Rebond, Course de 8\\\" &#187; Elka Suspension Inc\",\"isPartOf\":{\"@id\":\"https:\/\/www.elkasuspension.com\/fr\/#website\"},\"primaryImageOfPage\":{\"@id\":\"https:\/\/www.elkasuspension.com\/fr\/produit\/amortisseurs-2-0-hors-route-avec-reservoir-externe-et-ajustement-haute-basse-velocite-et-de-rebond-course-de-8-2\/#primaryimage\"},\"image\":{\"@id\":\"https:\/\/www.elkasuspension.com\/fr\/produit\/amortisseurs-2-0-hors-route-avec-reservoir-externe-et-ajustement-haute-basse-velocite-et-de-rebond-course-de-8-2\/#primaryimage\"},\"thumbnailUrl\":\"https:\/\/www.elkasuspension.com\/wp-content\/uploads\/2026\/02\/RR46CRCO-WHITE-scaled-2.png\",\"datePublished\":\"2026-02-09T23:00:50+00:00\",\"dateModified\":\"2026-02-09T23:01:02+00:00\",\"breadcrumb\":{\"@id\":\"https:\/\/www.elkasuspension.com\/fr\/produit\/amortisseurs-2-0-hors-route-avec-reservoir-externe-et-ajustement-haute-basse-velocite-et-de-rebond-course-de-8-2\/#breadcrumb\"},\"inLanguage\":\"fr-FR\",\"potentialAction\":[{\"@type\":\"ReadAction\",\"target\":[\"https:\/\/www.elkasuspension.com\/fr\/produit\/amortisseurs-2-0-hors-route-avec-reservoir-externe-et-ajustement-haute-basse-velocite-et-de-rebond-course-de-8-2\/\"]}]},{\"@type\":\"ImageObject\",\"inLanguage\":\"fr-FR\",\"@id\":\"https:\/\/www.elkasuspension.com\/fr\/produit\/amortisseurs-2-0-hors-route-avec-reservoir-externe-et-ajustement-haute-basse-velocite-et-de-rebond-course-de-8-2\/#primaryimage\",\"url\":\"https:\/\/www.elkasuspension.com\/wp-content\/uploads\/2026\/02\/RR46CRCO-WHITE-scaled-2.png\",\"contentUrl\":\"https:\/\/www.elkasuspension.com\/wp-content\/uploads\/2026\/02\/RR46CRCO-WHITE-scaled-2.png\",\"width\":1201,\"height\":1201},{\"@type\":\"BreadcrumbList\",\"@id\":\"https:\/\/www.elkasuspension.com\/fr\/produit\/amortisseurs-2-0-hors-route-avec-reservoir-externe-et-ajustement-haute-basse-velocite-et-de-rebond-course-de-8-2\/#breadcrumb\",\"itemListElement\":[{\"@type\":\"ListItem\",\"position\":1,\"name\":\"Home\",\"item\":\"https:\/\/www.elkasuspension.com\/fr\/\"},{\"@type\":\"ListItem\",\"position\":2,\"name\":\"Boutique\",\"item\":\"https:\/\/www.elkasuspension.com\/fr\/boutique\/\"},{\"@type\":\"ListItem\",\"position\":3,\"name\":\"Amortisseurs 2.0&#8243; Hors-Route avec RESERVOIR EXTERNE et Ajustement Haute\/Basse V\u00e9locit\u00e9 et de Rebond, Course de 8&#8243;\"}]},{\"@type\":\"WebSite\",\"@id\":\"https:\/\/www.elkasuspension.com\/fr\/#website\",\"url\":\"https:\/\/www.elkasuspension.com\/fr\/\",\"name\":\"Elka Suspension Inc\",\"description\":\"High Performance Aftermarket Shock Absorbers\",\"publisher\":{\"@id\":\"https:\/\/www.elkasuspension.com\/fr\/#organization\"},\"potentialAction\":[{\"@type\":\"SearchAction\",\"target\":{\"@type\":\"EntryPoint\",\"urlTemplate\":\"https:\/\/www.elkasuspension.com\/fr\/?s={search_term_string}\"},\"query-input\":{\"@type\":\"PropertyValueSpecification\",\"valueRequired\":true,\"valueName\":\"search_term_string\"}}],\"inLanguage\":\"fr-FR\"},{\"@type\":\"Organization\",\"@id\":\"https:\/\/www.elkasuspension.com\/fr\/#organization\",\"name\":\"Elka Suspension Inc.\",\"url\":\"https:\/\/www.elkasuspension.com\/fr\/\",\"logo\":{\"@type\":\"ImageObject\",\"inLanguage\":\"fr-FR\",\"@id\":\"https:\/\/www.elkasuspension.com\/fr\/#\/schema\/logo\/image\/\",\"url\":\"https:\/\/www.elkasuspension.com\/wp-content\/uploads\/2021\/02\/ELKA-LOGO-2018_450x99.jpg\",\"contentUrl\":\"https:\/\/www.elkasuspension.com\/wp-content\/uploads\/2021\/02\/ELKA-LOGO-2018_450x99.jpg\",\"width\":450,\"height\":99,\"caption\":\"Elka Suspension Inc.\"},\"image\":{\"@id\":\"https:\/\/www.elkasuspension.com\/fr\/#\/schema\/logo\/image\/\"},\"sameAs\":[\"https:\/\/www.facebook.com\/ElkaSuspension\",\"https:\/\/x.com\/ElkaSuspension\",\"https:\/\/www.instagram.com\/elkasuspension\/\",\"https:\/\/www.youtube.com\/user\/ElkaSuspensionTV\"]}]}<\/script>\n<meta property=\"product:brand\" content=\"2.0\u2033 COILOVER\" \/>\n<meta property=\"product:price:amount\" content=\"740.88\" \/>\n<meta property=\"product:price:currency\" content=\"USD\" \/>\n<meta property=\"og:availability\" content=\"instock\" \/>\n<meta property=\"product:availability\" content=\"instock\" \/>\n<meta property=\"product:retailer_item_id\" content=\"20044\" \/>\n<meta property=\"product:condition\" content=\"new\" \/>\n<!-- \/ Yoast SEO Premium plugin. -->","yoast_head_json":{"title":"Amortisseurs 2.0\" Hors-Route avec RESERVOIR EXTERNE et Ajustement Haute\/Basse V\u00e9locit\u00e9 et de Rebond, Course de 8\" &#187; Elka Suspension Inc","robots":{"index":"index","follow":"follow","max-snippet":"max-snippet:-1","max-image-preview":"max-image-preview:large","max-video-preview":"max-video-preview:-1"},"canonical":"https:\/\/www.elkasuspension.com\/fr\/produit\/amortisseurs-2-0-hors-route-avec-reservoir-externe-et-ajustement-haute-basse-velocite-et-de-rebond-course-de-8-2\/","og_locale":"fr_FR","og_type":"article","og_title":"Amortisseurs 2.0\" Hors-Route avec RESERVOIR EXTERNE et Ajustement Haute\/Basse V\u00e9locit\u00e9 et de Rebond, Course de 8\"","og_description":"Amortisseur hors route Elka 2.0 \u00e0 r\u00e9servoir externe \u2013 Amortisseur Elka enti\u00e8rement r\u00e9glable haute vitesse \/ basse vitesse \/ rebond L\u2019un de nos meilleurs mod\u00e8les, offrant des r\u00e9glages ind\u00e9pendants de compression haute et basse vitesse ainsi qu\u2019un r\u00e9glage du rebond pour un contr\u00f4le ultime, une performance fluide et une durabilit\u00e9 in\u00e9gal\u00e9e sur tous les terrains.","og_url":"https:\/\/www.elkasuspension.com\/fr\/produit\/amortisseurs-2-0-hors-route-avec-reservoir-externe-et-ajustement-haute-basse-velocite-et-de-rebond-course-de-8-2\/","og_site_name":"Elka Suspension Inc","article_publisher":"https:\/\/www.facebook.com\/ElkaSuspension","article_modified_time":"2026-02-09T23:01:02+00:00","og_image":[{"width":1201,"height":1201,"url":"https:\/\/www.elkasuspension.com\/wp-content\/uploads\/2026\/02\/RR46CRCO-WHITE-scaled-2.png","type":"image\/png"}],"twitter_card":"summary_large_image","twitter_site":"@ElkaSuspension","twitter_misc":{"Price":"&#36;740.88","Availability":"In stock"},"schema":{"@context":"https:\/\/schema.org","@graph":[{"@type":"WebPage","@id":"https:\/\/www.elkasuspension.com\/fr\/produit\/amortisseurs-2-0-hors-route-avec-reservoir-externe-et-ajustement-haute-basse-velocite-et-de-rebond-course-de-8-2\/","url":"https:\/\/www.elkasuspension.com\/fr\/produit\/amortisseurs-2-0-hors-route-avec-reservoir-externe-et-ajustement-haute-basse-velocite-et-de-rebond-course-de-8-2\/","name":"Amortisseurs 2.0\" Hors-Route avec RESERVOIR EXTERNE et Ajustement Haute\/Basse V\u00e9locit\u00e9 et de Rebond, Course de 8\" &#187; Elka Suspension Inc","isPartOf":{"@id":"https:\/\/www.elkasuspension.com\/fr\/#website"},"primaryImageOfPage":{"@id":"https:\/\/www.elkasuspension.com\/fr\/produit\/amortisseurs-2-0-hors-route-avec-reservoir-externe-et-ajustement-haute-basse-velocite-et-de-rebond-course-de-8-2\/#primaryimage"},"image":{"@id":"https:\/\/www.elkasuspension.com\/fr\/produit\/amortisseurs-2-0-hors-route-avec-reservoir-externe-et-ajustement-haute-basse-velocite-et-de-rebond-course-de-8-2\/#primaryimage"},"thumbnailUrl":"https:\/\/www.elkasuspension.com\/wp-content\/uploads\/2026\/02\/RR46CRCO-WHITE-scaled-2.png","datePublished":"2026-02-09T23:00:50+00:00","dateModified":"2026-02-09T23:01:02+00:00","breadcrumb":{"@id":"https:\/\/www.elkasuspension.com\/fr\/produit\/amortisseurs-2-0-hors-route-avec-reservoir-externe-et-ajustement-haute-basse-velocite-et-de-rebond-course-de-8-2\/#breadcrumb"},"inLanguage":"fr-FR","potentialAction":[{"@type":"ReadAction","target":["https:\/\/www.elkasuspension.com\/fr\/produit\/amortisseurs-2-0-hors-route-avec-reservoir-externe-et-ajustement-haute-basse-velocite-et-de-rebond-course-de-8-2\/"]}]},{"@type":"ImageObject","inLanguage":"fr-FR","@id":"https:\/\/www.elkasuspension.com\/fr\/produit\/amortisseurs-2-0-hors-route-avec-reservoir-externe-et-ajustement-haute-basse-velocite-et-de-rebond-course-de-8-2\/#primaryimage","url":"https:\/\/www.elkasuspension.com\/wp-content\/uploads\/2026\/02\/RR46CRCO-WHITE-scaled-2.png","contentUrl":"https:\/\/www.elkasuspension.com\/wp-content\/uploads\/2026\/02\/RR46CRCO-WHITE-scaled-2.png","width":1201,"height":1201},{"@type":"BreadcrumbList","@id":"https:\/\/www.elkasuspension.com\/fr\/produit\/amortisseurs-2-0-hors-route-avec-reservoir-externe-et-ajustement-haute-basse-velocite-et-de-rebond-course-de-8-2\/#breadcrumb","itemListElement":[{"@type":"ListItem","position":1,"name":"Home","item":"https:\/\/www.elkasuspension.com\/fr\/"},{"@type":"ListItem","position":2,"name":"Boutique","item":"https:\/\/www.elkasuspension.com\/fr\/boutique\/"},{"@type":"ListItem","position":3,"name":"Amortisseurs 2.0&#8243; Hors-Route avec RESERVOIR EXTERNE et Ajustement Haute\/Basse V\u00e9locit\u00e9 et de Rebond, Course de 8&#8243;"}]},{"@type":"WebSite","@id":"https:\/\/www.elkasuspension.com\/fr\/#website","url":"https:\/\/www.elkasuspension.com\/fr\/","name":"Elka Suspension Inc","description":"High Performance Aftermarket Shock Absorbers","publisher":{"@id":"https:\/\/www.elkasuspension.com\/fr\/#organization"},"potentialAction":[{"@type":"SearchAction","target":{"@type":"EntryPoint","urlTemplate":"https:\/\/www.elkasuspension.com\/fr\/?s={search_term_string}"},"query-input":{"@type":"PropertyValueSpecification","valueRequired":true,"valueName":"search_term_string"}}],"inLanguage":"fr-FR"},{"@type":"Organization","@id":"https:\/\/www.elkasuspension.com\/fr\/#organization","name":"Elka Suspension Inc.","url":"https:\/\/www.elkasuspension.com\/fr\/","logo":{"@type":"ImageObject","inLanguage":"fr-FR","@id":"https:\/\/www.elkasuspension.com\/fr\/#\/schema\/logo\/image\/","url":"https:\/\/www.elkasuspension.com\/wp-content\/uploads\/2021\/02\/ELKA-LOGO-2018_450x99.jpg","contentUrl":"https:\/\/www.elkasuspension.com\/wp-content\/uploads\/2021\/02\/ELKA-LOGO-2018_450x99.jpg","width":450,"height":99,"caption":"Elka Suspension Inc."},"image":{"@id":"https:\/\/www.elkasuspension.com\/fr\/#\/schema\/logo\/image\/"},"sameAs":["https:\/\/www.facebook.com\/ElkaSuspension","https:\/\/x.com\/ElkaSuspension","https:\/\/www.instagram.com\/elkasuspension\/","https:\/\/www.youtube.com\/user\/ElkaSuspensionTV"]}]},"product_brand":"2.0\u2033 COILOVER","product_price_amount":"740.88","product_price_currency":"USD","og_availability":"instock","product_availability":"instock","product_retailer_item_id":"20044","product_condition":"new"},"acf":[],"_links":{"self":[{"href":"https:\/\/www.elkasuspension.com\/fr\/wp-json\/wp\/v2\/product\/7966582429","targetHints":{"allow":["GET"]}}],"collection":[{"href":"https:\/\/www.elkasuspension.com\/fr\/wp-json\/wp\/v2\/product"}],"about":[{"href":"https:\/\/www.elkasuspension.com\/fr\/wp-json\/wp\/v2\/types\/product"}],"replies":[{"embeddable":true,"href":"https:\/\/www.elkasuspension.com\/fr\/wp-json\/wp\/v2\/comments?post=7966582429"}],"wp:featuredmedia":[{"embeddable":true,"href":"https:\/\/www.elkasuspension.com\/fr\/wp-json\/wp\/v2\/media\/7966589434"}],"wp:attachment":[{"href":"https:\/\/www.elkasuspension.com\/fr\/wp-json\/wp\/v2\/media?parent=7966582429"}],"wp:term":[{"taxonomy":"product_brand","embeddable":true,"href":"https:\/\/www.elkasuspension.com\/fr\/wp-json\/wp\/v2\/product_brand?post=7966582429"},{"taxonomy":"product_cat","embeddable":true,"href":"https:\/\/www.elkasuspension.com\/fr\/wp-json\/wp\/v2\/product_cat?post=7966582429"},{"taxonomy":"product_tag","embeddable":true,"href":"https:\/\/www.elkasuspension.com\/fr\/wp-json\/wp\/v2\/product_tag?post=7966582429"}],"curies":[{"name":"wp","href":"https:\/\/api.w.org\/{rel}","templated":true}]}}